{"id":6589,"date":"2023-01-15T04:11:45","date_gmt":"2023-01-15T03:11:45","guid":{"rendered":"https:\/\/wellness4you.cz\/sk\/?post_type=product&#038;p=6589"},"modified":"2026-02-24T22:59:01","modified_gmt":"2026-02-24T21:59:01","slug":"alkotox","status":"publish","type":"product","link":"https:\/\/wellness4you.cz\/sk\/alkotox\/","title":{"rendered":"Alkotox"},"content":{"rendered":"<h2>Trp\u00edte vy alebo niekto z va\u0161ich zn\u00e1mych alkoholizmom?<\/h2>\n<p>Ak \u00e1no, m\u00e1me pre v\u00e1s ide\u00e1lne rie\u0161enie. Alkotox je nov\u00e1 revolu\u010dn\u00e1 lie\u010dba, ktor\u00e1 bola \u0161peci\u00e1lne navrhnut\u00e1 na jednoduch\u00fa a \u00fa\u010dinn\u00fa pomoc t\u00fdm, ktor\u00ed bojuj\u00fa s alkoholizmom. S liekom Alkotox m\u00f4\u017eete n\u00e1js\u0165 \u00fa\u013eavu a zotavenie zo stresu, ktor\u00fd v\u00e1m sp\u00f4sobuje boj so zneu\u017e\u00edvan\u00edm alkoholu a jeho vy\u010derp\u00e1vaj\u00facimi \u00fa\u010dinkami na v\u00e1\u0161 \u017eivot.<\/p>\n<p>Alkotox sa l\u00ed\u0161i od be\u017en\u00fdch rie\u0161en\u00ed, preto\u017ee sa nesna\u017e\u00ed jednoducho obmedzi\u0165 v\u00e1\u0161 pr\u00edstup k alkoholu alebo v\u00e1s zbavi\u0165 d\u00e1vky potrebnej na zmiernenie pr\u00edznakov. Namiesto toho t\u00e1to nov\u00e1 \u00fa\u010dinn\u00e1 mo\u017enos\u0165 vyu\u017e\u00edva jedine\u010dn\u00fa kombin\u00e1ciu pr\u00edrodn\u00fdch zlo\u017eiek na lie\u010dbu z\u00e1kladnej pr\u00ed\u010diny z\u00e1vislosti bez ne\u017eiaducich ved\u013eaj\u0161\u00edch \u00fa\u010dinkov. A \u010do je najlep\u0161ie, bolo klinicky dok\u00e1zan\u00e9, \u017ee v\u00fdrazne zni\u017euje t\u00fa\u017ebu a abstinen\u010dn\u00e9 pr\u00edznaky a z\u00e1rove\u0148 pom\u00e1ha bezpe\u010dne a \u00fa\u010dinne obnovi\u0165 triezvos\u0165.<\/p>\n<p>\u010co odli\u0161uje Alkotox od in\u00fdch rie\u0161en\u00ed? Pon\u00faka \u00faplne pr\u00edrodn\u00fa starostlivos\u0165 \u0161peci\u00e1lne prisp\u00f4soben\u00fa va\u0161im potreb\u00e1m. Navy\u0161e prech\u00e1dza pr\u00edsnymi procesmi kontroly kvality, ktor\u00e9 zabezpe\u010duj\u00fa splnenie najvy\u0161\u0161ieho \u0161tandardu bezpe\u010dnosti. Pri v\u00fdbere rie\u0161enia lie\u010dby alkoholizmu sa teda uistite, \u017ee ste si vybrali len to najlep\u0161ie-Alkotox!<\/p>\n<p>S Alkotoxom po va\u0161om boku u\u017e nikto nemus\u00ed trpie\u0165 boles\u0165ou a frustr\u00e1ciou zo zvl\u00e1dania z\u00e1vislosti od alkoholu.<\/p>\n<h2>Darujte sebe alebo niekomu bl\u00edzkemu triezvos\u0165 e\u0161te dnes s Alkotox!<\/h2>\n<p>Rozl\u00fa\u010dte sa s bojom s alkoholizmom, preto\u017ee Alkotox je tu! Tento revolu\u010dn\u00fd produkt je tu, aby v\u00e1m priniesol trval\u00e9, komplexn\u00e9 rie\u0161enie, ktor\u00e9 potrebujete na prevzatie kontroly nad svoj\u00edm \u017eivotom. Funguje na z\u00e1klade svojich siln\u00fdch \u010disto pr\u00edrodn\u00fdch zlo\u017eiek, blokuje neurotransmitery, ktor\u00e9 v\u00e1s n\u00fatia pi\u0165, \u010do vedie k v\u00fdrazn\u00e9mu zn\u00ed\u017eeniu chuti na alkohol v priebehu nieko\u013ek\u00fdch dn\u00ed.<\/p>\n","protected":false},"excerpt":{"rendered":"<p>Alkotox &#8211; darujte sebe alebo niekomu bl\u00edzkemu triezvos\u0165 e\u0161te dnes! K\u00fapi\u0165 Alkotox v Slovenskej Republike za v\u00fdhodn\u00fa cenu. Hodnotenie. Kde k\u00fapi\u0165. Cena. Doru\u010denie na celom Slovensku: Nitra, \u017dilina, Pre\u0161ov, Ko\u0161ice, Bratislava, Zvolen, Prievidza, Poprad, Martin, Tren\u010d\u00edn, Trnava, Bansk\u00e1 Bystrica, Bardejov, Humenn\u00e9 a Levice. Indik\u00e1cie pre pou\u017eitie, Kontraindik\u00e1cie, Ako si tovar vzia\u0165. K\u00fapte si Alkotox online.<\/p>\n","protected":false},"featured_media":6759,"comment_status":"open","ping_status":"closed","template":"","meta":{"site-sidebar-layout":"default","site-content-layout":"default","ast-site-content-layout":"default","site-content-style":"default","site-sidebar-style":"default","ast-global-header-display":"","ast-banner-title-visibility":"","ast-main-header-display":"","ast-hfb-above-header-display":"","ast-hfb-below-header-display":"","ast-hfb-mobile-header-display":"","site-post-title":"","ast-breadcrumbs-content":"","ast-featured-img":"","footer-sml-layout":"","ast-disable-related-posts":"","theme-transparent-header-meta":"default","adv-header-id-meta":"","stick-header-meta":"","header-above-stick-meta":"","header-main-stick-meta":"","header-below-stick-meta":"","astra-migrate-meta-layouts":"set","ast-page-background-enabled":"default","ast-page-background-meta":{"desktop":{"background-color":"","background-image":"","background-repeat":"repeat","background-position":"center center","background-size":"auto","background-attachment":"scroll","background-type":"","background-media":"","overlay-type":"","overlay-color":"","overlay-opacity":"","overlay-gradient":""},"tablet":{"background-color":"","background-image":"","background-repeat":"repeat","background-position":"center center","background-size":"auto","background-attachment":"scroll","background-type":"","background-media":"","overlay-type":"","overlay-color":"","overlay-opacity":"","overlay-gradient":""},"mobile":{"background-color":"","background-image":"","background-repeat":"repeat","background-position":"center center","background-size":"auto","background-attachment":"scroll","background-type":"","background-media":"","overlay-type":"","overlay-color":"","overlay-opacity":"","overlay-gradient":""}},"ast-content-background-meta":{"desktop":{"background-color":"var(--ast-global-color-5)","background-image":"","background-repeat":"repeat","background-position":"center center","background-size":"auto","background-attachment":"scroll","background-type":"","background-media":"","overlay-type":"","overlay-color":"","overlay-opacity":"","overlay-gradient":""},"tablet":{"background-color":"var(--ast-global-color-5)","background-image":"","background-repeat":"repeat","background-position":"center center","background-size":"auto","background-attachment":"scroll","background-type":"","background-media":"","overlay-type":"","overlay-color":"","overlay-opacity":"","overlay-gradient":""},"mobile":{"background-color":"var(--ast-global-color-5)","background-image":"","background-repeat":"repeat","background-position":"center center","background-size":"auto","background-attachment":"scroll","background-type":"","background-media":"","overlay-type":"","overlay-color":"","overlay-opacity":"","overlay-gradient":""}}},"product_brand":[],"product_cat":[41],"product_tag":[],"class_list":{"0":"post-6589","1":"product","2":"type-product","3":"status-publish","4":"has-post-thumbnail","6":"product_cat-produkty-pre-zdravie","7":"desktop-align-left","8":"tablet-align-left","9":"mobile-align-left","11":"first","12":"instock","13":"sale","14":"taxable","15":"shipping-taxable","16":"purchasable","17":"product-type-simple"},"_links":{"self":[{"href":"https:\/\/wellness4you.cz\/sk\/wp-json\/wp\/v2\/product\/6589","targetHints":{"allow":["GET"]}}],"collection":[{"href":"https:\/\/wellness4you.cz\/sk\/wp-json\/wp\/v2\/product"}],"about":[{"href":"https:\/\/wellness4you.cz\/sk\/wp-json\/wp\/v2\/types\/product"}],"replies":[{"embeddable":true,"href":"https:\/\/wellness4you.cz\/sk\/wp-json\/wp\/v2\/comments?post=6589"}],"wp:featuredmedia":[{"embeddable":true,"href":"https:\/\/wellness4you.cz\/sk\/wp-json\/wp\/v2\/media\/6759"}],"wp:attachment":[{"href":"https:\/\/wellness4you.cz\/sk\/wp-json\/wp\/v2\/media?parent=6589"}],"wp:term":[{"taxonomy":"product_brand","embeddable":true,"href":"https:\/\/wellness4you.cz\/sk\/wp-json\/wp\/v2\/product_brand?post=6589"},{"taxonomy":"product_cat","embeddable":true,"href":"https:\/\/wellness4you.cz\/sk\/wp-json\/wp\/v2\/product_cat?post=6589"},{"taxonomy":"product_tag","embeddable":true,"href":"https:\/\/wellness4you.cz\/sk\/wp-json\/wp\/v2\/product_tag?post=6589"}],"curies":[{"name":"wp","href":"https:\/\/api.w.org\/{rel}","templated":true}]}}