{"id":6588,"date":"2023-01-15T04:11:45","date_gmt":"2023-01-15T03:11:45","guid":{"rendered":"https:\/\/wellness4you.cz\/sk\/?post_type=product&#038;p=6588"},"modified":"2026-01-08T22:52:33","modified_gmt":"2026-01-08T21:52:33","slug":"alfazone","status":"publish","type":"product","link":"https:\/\/wellness4you.cz\/sk\/alfazone\/","title":{"rendered":"Alfazone"},"content":{"rendered":"<h2>Z\u00edskajte sp\u00e4\u0165 kontrolu nad svoj\u00edm \u017eivotom s Alfazone!<\/h2>\n<p>Tento doplnok stravy so silnou zmesou pr\u00edrodn\u00fdch zlo\u017eiek je k\u013e\u00fa\u010dom k odomknutiu vy\u0161\u0161ej \u00farovne potencie a sily. C\u00ed\u0165te sa svie\u017ei a pln\u00fd energie so zv\u00fd\u0161en\u00fdm libidom, zv\u00fd\u0161enou citlivos\u0165ou penisu a posilnen\u00fdm pohlavn\u00fdm syst\u00e9mom. U\u017e\u00edvajte si \u017eivot bez bolesti a z\u00e1palov &#8211; Alfazone v\u00e1m pom\u00f4\u017ee vr\u00e1ti\u0165 sa na spr\u00e1vnu cestu a sta\u0165 sa nezastavite\u013en\u00fdm! Za\u010dnite svoju cestu k mu\u017eskej dokonalosti e\u0161te dnes a urobte ka\u017ed\u00fa situ\u00e1ciu svojou. Pripravte sa na nov\u00fa etapu \u017eivota, v ktorej budete ma\u0165 navrch. Je \u010das prevzia\u0165 kontrolu s Alfazonom!<\/p>\n<p>Sn\u00edvate o doplnku, ktor\u00fd v\u00e1m pom\u00f4\u017ee dosiahnu\u0165 optim\u00e1lne zdravie? U\u017e nemus\u00edte h\u013eada\u0165 \u010falej: Alfazone je tu, aby splnil v\u0161etky va\u0161e sny! V\u010faka \u0161peci\u00e1lnym technol\u00f3gi\u00e1m spracovania s\u00fa v\u0161etky suroviny v na\u0161om v\u00fdrobku zachovan\u00e9 &#8211; \u010do zaru\u010duje v\u0161etky ich prospe\u0161n\u00e9 vlastnosti. To znamen\u00e1, \u017ee s Alfazone sa m\u00f4\u017eete v\u017edy spo\u013eahn\u00fa\u0165 na to, \u010do u\u017e\u00edvate, a uisti\u0165 sa, \u017ee ka\u017ed\u00e1 zlo\u017eka obsahuje vitam\u00edny aj miner\u00e1ly pre celkovo zdrav\u00fd \u017eivot.<\/p>\n<p>Nech sa Alfazone stane s\u00fa\u010das\u0165ou va\u0161ej dobrodru\u017enej cesty! V\u00fd\u017eivov\u00fd doplnok, ktor\u00fd v\u00e1m pom\u00f4\u017ee dosiahnu\u0165 lep\u0161\u00ed pr\u00edlev energie a lep\u0161iu koncentr\u00e1ciu. \u010ci u\u017e sa chcete posun\u00fa\u0165 na vy\u0161\u0161iu \u00farove\u0148 alebo prida\u0165 viac energie do svojich dn\u00ed, na\u0161a pokro\u010dil\u00e1 recept\u00fara v\u00e1m bude siln\u00fdm spojencom! Tak pre\u010do \u010daka\u0165? Rozl\u00fa\u010dte sa s pocitom slabosti a ospalosti &#8211; objavte \u00faplne nov\u00fd sp\u00f4sob \u017eivota s Alfazonom u\u017e teraz!<\/p>\n<h2>Dod\u00e1va mu\u017eom potrebn\u00fd impulz, aby boli \u010do najlep\u0161\u00ed.<\/h2>\n<p>Na\u0161a patentovan\u00e1 zmes pr\u00edrodn\u00fdch zlo\u017eiek je navrhnut\u00e1 tak, aby zvy\u0161ovala libido, zvy\u0161ovala citlivos\u0165 penisu a posil\u0148ovala celkov\u00e9 sexu\u00e1lne fungovanie tela &#8211; to v\u0161etko bez drsn\u00fdch umel\u00fdch zlo\u017eiek alebo ved\u013eaj\u0161\u00edch \u00fa\u010dinkov.<\/p>\n<p>Alfazone nielen\u017ee pom\u00e1ha mu\u017eom z\u00edska\u0165 sp\u00e4\u0165 ich sebavedomie, ale aj spr\u00edjem\u0148uje sex! Za\u017eite zv\u00fd\u0161en\u00e9 pocity, preto\u017ee zlep\u0161en\u00e1 citlivos\u0165 penisu v\u00e1m poskytne viac pote\u0161enia ako kedyko\u013evek predt\u00fdm. So zv\u00fd\u0161en\u00fdm libidom, lep\u0161\u00edm sexu\u00e1lnym v\u00fdkonom a v\u00e4\u010d\u0161ou v\u00fddr\u017eou m\u00f4\u017eete ka\u017ed\u00fd z\u00e1\u017eitok urobi\u0165 v\u00fdnimo\u010dn\u00fdm.<\/p>\n<p>Alfazone je vyroben\u00fd z bylinnej zmesi pr\u00edrodn\u00fdch v\u00fd\u0165a\u017ekov, ktor\u00e9 spolo\u010dne p\u00f4sobia tak, aby v\u00e1m poskytli maxim\u00e1lne v\u00fdsledky a z\u00e1rove\u0148 vynechali skeletov\u00e9 ved\u013eaj\u0161ie \u00fa\u010dinky. Doprajte svojim zmyslom obnoven\u00fd pocit energie a sily, ktor\u00fd v\u00e1m vydr\u017e\u00ed dlho do noci! Vychutnajte si op\u00e4\u0165 sex a zistite, pre\u010do je Alfazone najlep\u0161ou vo\u013ebou pre mu\u017esk\u00e9 vylep\u0161enie e\u0161te dnes.<\/p>\n","protected":false},"excerpt":{"rendered":"<p>Alfazone je najlep\u0161ou vo\u013ebou pre mu\u017esk\u00e9 vylep\u0161enie e\u0161te dnes. K\u00fapi\u0165 Alfazone v Slovenskej Republike za v\u00fdhodn\u00fa cenu. Kde k\u00fapi\u0165. Cena. Hodnotenie. Doru\u010denie na celom Slovensku: \u017dilina, Pre\u0161ov, Ko\u0161ice, Bratislava, Zvolen, Prievidza, Poprad, Martin, Tren\u010d\u00edn, Trnava, Bansk\u00e1 Bystrica, Nitra, Humenn\u00e9, Levice a Kom\u00e1rno. Kontraindik\u00e1cie, Ako si tovar vzia\u0165, Indik\u00e1cie pre pou\u017eitie. K\u00fapte si Alfazone online.<\/p>\n","protected":false},"featured_media":6757,"comment_status":"open","ping_status":"closed","template":"","meta":{"site-sidebar-layout":"default","site-content-layout":"default","ast-site-content-layout":"default","site-content-style":"default","site-sidebar-style":"default","ast-global-header-display":"","ast-banner-title-visibility":"","ast-main-header-display":"","ast-hfb-above-header-display":"","ast-hfb-below-header-display":"","ast-hfb-mobile-header-display":"","site-post-title":"","ast-breadcrumbs-content":"","ast-featured-img":"","footer-sml-layout":"","ast-disable-related-posts":"","theme-transparent-header-meta":"default","adv-header-id-meta":"","stick-header-meta":"","header-above-stick-meta":"","header-main-stick-meta":"","header-below-stick-meta":"","astra-migrate-meta-layouts":"set","ast-page-background-enabled":"default","ast-page-background-meta":{"desktop":{"background-color":"","background-image":"","background-repeat":"repeat","background-position":"center center","background-size":"auto","background-attachment":"scroll","background-type":"","background-media":"","overlay-type":"","overlay-color":"","overlay-opacity":"","overlay-gradient":""},"tablet":{"background-color":"","background-image":"","background-repeat":"repeat","background-position":"center center","background-size":"auto","background-attachment":"scroll","background-type":"","background-media":"","overlay-type":"","overlay-color":"","overlay-opacity":"","overlay-gradient":""},"mobile":{"background-color":"","background-image":"","background-repeat":"repeat","background-position":"center center","background-size":"auto","background-attachment":"scroll","background-type":"","background-media":"","overlay-type":"","overlay-color":"","overlay-opacity":"","overlay-gradient":""}},"ast-content-background-meta":{"desktop":{"background-color":"var(--ast-global-color-5)","background-image":"","background-repeat":"repeat","background-position":"center center","background-size":"auto","background-attachment":"scroll","background-type":"","background-media":"","overlay-type":"","overlay-color":"","overlay-opacity":"","overlay-gradient":""},"tablet":{"background-color":"var(--ast-global-color-5)","background-image":"","background-repeat":"repeat","background-position":"center center","background-size":"auto","background-attachment":"scroll","background-type":"","background-media":"","overlay-type":"","overlay-color":"","overlay-opacity":"","overlay-gradient":""},"mobile":{"background-color":"var(--ast-global-color-5)","background-image":"","background-repeat":"repeat","background-position":"center center","background-size":"auto","background-attachment":"scroll","background-type":"","background-media":"","overlay-type":"","overlay-color":"","overlay-opacity":"","overlay-gradient":""}}},"product_brand":[],"product_cat":[40],"product_tag":[],"class_list":{"0":"post-6588","1":"product","2":"type-product","3":"status-publish","4":"has-post-thumbnail","6":"product_cat-produkty-pre-muzov","7":"desktop-align-left","8":"tablet-align-left","9":"mobile-align-left","11":"first","12":"instock","13":"sale","14":"taxable","15":"shipping-taxable","16":"purchasable","17":"product-type-simple"},"_links":{"self":[{"href":"https:\/\/wellness4you.cz\/sk\/wp-json\/wp\/v2\/product\/6588","targetHints":{"allow":["GET"]}}],"collection":[{"href":"https:\/\/wellness4you.cz\/sk\/wp-json\/wp\/v2\/product"}],"about":[{"href":"https:\/\/wellness4you.cz\/sk\/wp-json\/wp\/v2\/types\/product"}],"replies":[{"embeddable":true,"href":"https:\/\/wellness4you.cz\/sk\/wp-json\/wp\/v2\/comments?post=6588"}],"wp:featuredmedia":[{"embeddable":true,"href":"https:\/\/wellness4you.cz\/sk\/wp-json\/wp\/v2\/media\/6757"}],"wp:attachment":[{"href":"https:\/\/wellness4you.cz\/sk\/wp-json\/wp\/v2\/media?parent=6588"}],"wp:term":[{"taxonomy":"product_brand","embeddable":true,"href":"https:\/\/wellness4you.cz\/sk\/wp-json\/wp\/v2\/product_brand?post=6588"},{"taxonomy":"product_cat","embeddable":true,"href":"https:\/\/wellness4you.cz\/sk\/wp-json\/wp\/v2\/product_cat?post=6588"},{"taxonomy":"product_tag","embeddable":true,"href":"https:\/\/wellness4you.cz\/sk\/wp-json\/wp\/v2\/product_tag?post=6588"}],"curies":[{"name":"wp","href":"https:\/\/api.w.org\/{rel}","templated":true}]}}