{"id":6587,"date":"2023-01-15T04:11:44","date_gmt":"2023-01-15T03:11:44","guid":{"rendered":"https:\/\/wellness4you.cz\/sk\/?post_type=product&#038;p=6587"},"modified":"2026-01-08T22:52:35","modified_gmt":"2026-01-08T21:52:35","slug":"wonder-patch","status":"publish","type":"product","link":"https:\/\/wellness4you.cz\/sk\/wonder-patch\/","title":{"rendered":"Wonder Patch"},"content":{"rendered":"<h2>V snahe o ide\u00e1lnu postavu a zdrav\u00fd \u017eivotn\u00fd \u0161t\u00fdl sa niektor\u00ed \u013eudia uchy\u013euj\u00fa k r\u00f4znym druhom di\u00e9t a cvi\u010denia, no bohu\u017eia\u013e nie v\u017edy to sta\u010d\u00ed.<\/h2>\n<p>Pre t\u00fdch, ktor\u00ed h\u013eadaj\u00fa efekt\u00edvnej\u0161ie rie\u0161enia, sa na trhu objavili nov\u00e9 produkty s\u013eubuj\u00face r\u00fdchlej\u0161ie a vidite\u013enej\u0161ie v\u00fdsledky. Jedn\u00fdm z tak\u00fdchto produktov s\u00fa plastry odchudzuj\u00face Wonder Patch.<\/p>\n<p>Tento inovat\u00edvny produkt je navrhnut\u00fd tak, aby pomohol redukova\u0165 telesn\u00fd tuk a zlep\u0161i\u0165 krvn\u00fd obeh. Je to jednoduch\u00fd a pohodln\u00fd sp\u00f4sob, ako dosiahnu\u0165 chudnutie a zlep\u0161i\u0165 zdravie bez n\u00e1mahy a zbyto\u010dn\u00e9ho stresu.<\/p>\n<h2>Ako funguj\u00fa Wonder Patch?<\/h2>\n<p>Wonder Patch s\u00fa navrhnut\u00e9 na pou\u017eitie na r\u00f4znych \u010dastiach tela, ako s\u00fa brucho, stehn\u00e1, boky a ramen\u00e1. Tento produkt je vyroben\u00fd z pr\u00edrodn\u00fdch zlo\u017eiek, ktor\u00e9 pom\u00e1haj\u00fa zni\u017eova\u0165 hladinu telesn\u00e9ho tuku. Plaster obsahuje kofe\u00edn, riasy a r\u00f4zne bylinky, ktor\u00e9 sa vstreb\u00e1vaj\u00fa do poko\u017eky a pom\u00e1haj\u00fa zni\u017eova\u0165 hmotnos\u0165. Kofe\u00edn stimuluje krvn\u00fd obeh a metabolizmus, zatia\u013e \u010do riasy a bylinky pom\u00e1haj\u00fa odstra\u0148ova\u0165 prebyto\u010dn\u00fa vodu z tela.<\/p>\n<p>V\u010faka svojmu jedine\u010dn\u00e9mu dizajnu s\u00fa Wonder Patch pohodln\u00e9 a \u013eahko pou\u017eite\u013en\u00e9. Sta\u010d\u00ed ich jednoducho prilepi\u0165 na probl\u00e9mov\u00e9 oblasti tela, necha\u0165 p\u00f4sobi\u0165 po dobu 4 a\u017e 8 hod\u00edn a potom ich odstr\u00e1ni\u0165. Plaster sa ned\u00e1 vidie\u0165 pod oble\u010den\u00edm a nebr\u00e1ni v pohybe, tak\u017ee m\u00f4\u017eete be\u017ea\u0165, cvi\u010di\u0165 alebo vykon\u00e1va\u0165 ak\u00e9ko\u013evek in\u00e9 aktivity bez ak\u00fdchko\u013evek obmedzen\u00ed.<\/p>\n<h2>V\u00fdhody pou\u017eitia.<\/h2>\n<p>Pou\u017e\u00edvanie Wonder Patch prin\u00e1\u0161a mno\u017estvo v\u00fdhod. Po prv\u00e9, s\u00fa to pr\u00edrodn\u00e9 zlo\u017eky, tak\u017ee nemus\u00edte sa ob\u00e1va\u0165 ne\u017eiaducich ved\u013eaj\u0161\u00edch \u00fa\u010dinkov. Po druh\u00e9, je to bezbolestn\u00fd sp\u00f4sob, ako schudn\u00fa\u0165 a zlep\u0161i\u0165 zdravie. Nemus\u00edte sa vy\u010derp\u00e1va\u0165 \u0165a\u017ek\u00fdmi cvi\u010deniami ani drastick\u00fdmi di\u00e9tami, aby ste videli v\u00fdsledky.<\/p>\n","protected":false},"excerpt":{"rendered":"<p>Wonder Patch je navrhnut\u00fd tak, aby pomohol redukova\u0165 telesn\u00fd tuk. K\u00fapi\u0165 Wonder Patch v Slovenskej Republike za v\u00fdhodn\u00fa cenu. Cena. Hodnotenie. Kde k\u00fapi\u0165. Doru\u010denie na celom Slovensku: Pre\u0161ov, Ko\u0161ice, Bratislava, Zvolen, Prievidza, Poprad, Martin, Tren\u010d\u00edn, Trnava, Bansk\u00e1 Bystrica, Nitra, \u017dilina, Levice, Kom\u00e1rno a Spi\u0161sk\u00e1 Nov\u00e1 Ves. Ako si tovar vzia\u0165, Indik\u00e1cie pre pou\u017eitie, Kontraindik\u00e1cie. K\u00fapte si Wonder Patch online.<\/p>\n","protected":false},"featured_media":6754,"comment_status":"open","ping_status":"closed","template":"","meta":{"site-sidebar-layout":"default","site-content-layout":"default","ast-site-content-layout":"default","site-content-style":"default","site-sidebar-style":"default","ast-global-header-display":"","ast-banner-title-visibility":"","ast-main-header-display":"","ast-hfb-above-header-display":"","ast-hfb-below-header-display":"","ast-hfb-mobile-header-display":"","site-post-title":"","ast-breadcrumbs-content":"","ast-featured-img":"","footer-sml-layout":"","ast-disable-related-posts":"","theme-transparent-header-meta":"default","adv-header-id-meta":"","stick-header-meta":"","header-above-stick-meta":"","header-main-stick-meta":"","header-below-stick-meta":"","astra-migrate-meta-layouts":"default","ast-page-background-enabled":"default","ast-page-background-meta":{"desktop":{"background-color":"","background-image":"","background-repeat":"repeat","background-position":"center center","background-size":"auto","background-attachment":"scroll","background-type":"","background-media":"","overlay-type":"","overlay-color":"","overlay-opacity":"","overlay-gradient":""},"tablet":{"background-color":"","background-image":"","background-repeat":"repeat","background-position":"center center","background-size":"auto","background-attachment":"scroll","background-type":"","background-media":"","overlay-type":"","overlay-color":"","overlay-opacity":"","overlay-gradient":""},"mobile":{"background-color":"","background-image":"","background-repeat":"repeat","background-position":"center center","background-size":"auto","background-attachment":"scroll","background-type":"","background-media":"","overlay-type":"","overlay-color":"","overlay-opacity":"","overlay-gradient":""}},"ast-content-background-meta":{"desktop":{"background-color":"var(--ast-global-color-5)","background-image":"","background-repeat":"repeat","background-position":"center center","background-size":"auto","background-attachment":"scroll","background-type":"","background-media":"","overlay-type":"","overlay-color":"","overlay-opacity":"","overlay-gradient":""},"tablet":{"background-color":"var(--ast-global-color-5)","background-image":"","background-repeat":"repeat","background-position":"center center","background-size":"auto","background-attachment":"scroll","background-type":"","background-media":"","overlay-type":"","overlay-color":"","overlay-opacity":"","overlay-gradient":""},"mobile":{"background-color":"var(--ast-global-color-5)","background-image":"","background-repeat":"repeat","background-position":"center center","background-size":"auto","background-attachment":"scroll","background-type":"","background-media":"","overlay-type":"","overlay-color":"","overlay-opacity":"","overlay-gradient":""}}},"product_brand":[],"product_cat":[39],"product_tag":[],"class_list":{"0":"post-6587","1":"product","2":"type-product","3":"status-publish","4":"has-post-thumbnail","6":"product_cat-na-chudnutie","7":"desktop-align-left","8":"tablet-align-left","9":"mobile-align-left","11":"first","12":"instock","13":"taxable","14":"shipping-taxable","15":"purchasable","16":"product-type-simple"},"_links":{"self":[{"href":"https:\/\/wellness4you.cz\/sk\/wp-json\/wp\/v2\/product\/6587","targetHints":{"allow":["GET"]}}],"collection":[{"href":"https:\/\/wellness4you.cz\/sk\/wp-json\/wp\/v2\/product"}],"about":[{"href":"https:\/\/wellness4you.cz\/sk\/wp-json\/wp\/v2\/types\/product"}],"replies":[{"embeddable":true,"href":"https:\/\/wellness4you.cz\/sk\/wp-json\/wp\/v2\/comments?post=6587"}],"wp:featuredmedia":[{"embeddable":true,"href":"https:\/\/wellness4you.cz\/sk\/wp-json\/wp\/v2\/media\/6754"}],"wp:attachment":[{"href":"https:\/\/wellness4you.cz\/sk\/wp-json\/wp\/v2\/media?parent=6587"}],"wp:term":[{"taxonomy":"product_brand","embeddable":true,"href":"https:\/\/wellness4you.cz\/sk\/wp-json\/wp\/v2\/product_brand?post=6587"},{"taxonomy":"product_cat","embeddable":true,"href":"https:\/\/wellness4you.cz\/sk\/wp-json\/wp\/v2\/product_cat?post=6587"},{"taxonomy":"product_tag","embeddable":true,"href":"https:\/\/wellness4you.cz\/sk\/wp-json\/wp\/v2\/product_tag?post=6587"}],"curies":[{"name":"wp","href":"https:\/\/api.w.org\/{rel}","templated":true}]}}