{"id":6586,"date":"2023-01-15T04:11:44","date_gmt":"2023-01-15T03:11:44","guid":{"rendered":"https:\/\/wellness4you.cz\/sk\/?post_type=product&#038;p=6586"},"modified":"2026-01-08T22:52:35","modified_gmt":"2026-01-08T21:52:35","slug":"mosquito-watch","status":"publish","type":"product","link":"https:\/\/wellness4you.cz\/sk\/mosquito-watch\/","title":{"rendered":"Mosquito Watch"},"content":{"rendered":"<h2>Mosquito Watch je n\u00e1ramkov\u00e9 hodinky, ktor\u00e9 sl\u00fa\u017eia ako repelent proti kom\u00e1rom.<\/h2>\n<p>Mosquito Watch na trhu predstavuje jednoduch\u00e9 a \u00fa\u010dinn\u00e9 rie\u0161enie ochrany pred nebezpe\u010dn\u00fdmi kom\u00e1rmi, ktor\u00e9 m\u00f4\u017eu by\u0165 prenoscami mnoh\u00fdch chor\u00f4b, ako napr\u00edklad hor\u00fa\u010dka z\u00e1padn\u00e9ho N\u00edlu, denga hor\u00fa\u010dka, chikungunya alebo zika v\u00edrus. Hodinky s\u00fa vyroben\u00e9 z hypoalerg\u00e9nneho materi\u00e1lu, ktor\u00fd je bezpe\u010dn\u00fd pre ka\u017ed\u00e9ho. N\u00e1ramok obsahuje prirodzen\u00e9 repelenty, ktor\u00e9 s\u00fa \u00fa\u010dinn\u00e9 proti kom\u00e1rom a in\u00fdm hmyzom. Tieto pr\u00edrodn\u00e9 repelenty s\u00fa zalo\u017een\u00e9 na olejoch z citr\u00f3novej tr\u00e1vy, eukalyptu, m\u00e1ty piepornej a levandule. Tieto pr\u00edrodn\u00e9 zlo\u017eky s\u00fa bezpe\u010dn\u00e9 a ne\u0161kodn\u00e9 pre \u013eudsk\u00e9 telo, ale pre hmyz s\u00fa neprijate\u013en\u00e9 a \u00fa\u010dinne ich odpudzuj\u00fa.<\/p>\n<h2>N\u00e1ramkov\u00e9 hodinky s\u00fa pohodln\u00e9 a lahko sa nosia na ruke.<\/h2>\n<p>S\u00fa \u0161t\u00fdlov\u00e9 a trendy a s\u00fa vhodn\u00e9 pre ka\u017ed\u00e9ho, kto chce chr\u00e1ni\u0165 seba a svoju rodinu pred nebezpe\u010dn\u00fdmi kom\u00e1rmi. Okrem toho, \u017ee Mosquito Watch ochr\u00e1ni V\u00e1s a Va\u0161ich bl\u00edzkych, je tie\u017e \u0161etrn\u00fd k pr\u00edrode, preto\u017ee neobsahuje \u017eiadne toxick\u00e9 l\u00e1tky, ktor\u00e9 by mohli ohrozi\u0165 \u017eivotn\u00e9 prostredie.<\/p>\n<p>Hodinky s\u00fa vhodn\u00e9 pre \u013eud\u00ed, ktor\u00ed \u017eij\u00fa v oblastiach s vysok\u00fdm v\u00fdskytom kom\u00e1rov a in\u00fdch hmyzov. S\u00fa ide\u00e1lne na pou\u017eitie pri r\u00f4znych outdoorov\u00fdch aktivit\u00e1ch, ako s\u00fa turistika, kempovanie, rybolov, z\u00e1hradn\u00edctvo alebo in\u00e9 outdoorov\u00e9 aktivity.<\/p>\n<p>Mosquito Watch je v\u00fdhodn\u00e1 vo\u013eba pre ka\u017ed\u00e9ho, kto chce chr\u00e1ni\u0165 svoje zdravie pred nebezpe\u010dn\u00fdmi kom\u00e1rmi a in\u00fdmi hmyzmi, ale z\u00e1rove\u0148 chce by\u0165 \u0161t\u00fdlov\u00fd a trendy. N\u00e1ramkov\u00e9 hodinky Mosquito Watch s\u00fa jednoduch\u00e9 na pou\u017eitie a \u00fa\u010dinn\u00e9 vo svojej ochrannej funkci\u00ed. Invest\u00edcia do tohto produktu m\u00f4\u017ee pom\u00f4c\u0165 chr\u00e1ni\u0165 zdravie a zlep\u0161i\u0165 kvalitu \u017eivota.<\/p>\n","protected":false},"excerpt":{"rendered":"<p>Mosquito Watch je n\u00e1ramkov\u00e9 hodinky, ktor\u00e9 sl\u00fa\u017eia ako repelent proti kom\u00e1rom. K\u00fapi\u0165 Mosquito Watch v Slovenskej Republike za v\u00fdhodn\u00fa cenu. Hodnotenie. Kde k\u00fapi\u0165. Cena. Doru\u010denie na celom Slovensku: Ko\u0161ice, Bratislava, Zvolen, Prievidza, Poprad, Martin, Tren\u010d\u00edn, Trnava, Bansk\u00e1 Bystrica, Nitra, \u017dilina, Pre\u0161ov, Kom\u00e1rno, Spi\u0161sk\u00e1 Nov\u00e1 Ves a Michalovce. Kontraindik\u00e1cie, Ako si tovar vzia\u0165, Indik\u00e1cie pre pou\u017eitie. K\u00fapte si Mosquito Watch online.<\/p>\n","protected":false},"featured_media":6752,"comment_status":"open","ping_status":"closed","template":"","meta":{"site-sidebar-layout":"default","site-content-layout":"default","ast-site-content-layout":"default","site-content-style":"default","site-sidebar-style":"default","ast-global-header-display":"","ast-banner-title-visibility":"","ast-main-header-display":"","ast-hfb-above-header-display":"","ast-hfb-below-header-display":"","ast-hfb-mobile-header-display":"","site-post-title":"","ast-breadcrumbs-content":"","ast-featured-img":"","footer-sml-layout":"","ast-disable-related-posts":"","theme-transparent-header-meta":"default","adv-header-id-meta":"","stick-header-meta":"","header-above-stick-meta":"","header-main-stick-meta":"","header-below-stick-meta":"","astra-migrate-meta-layouts":"default","ast-page-background-enabled":"default","ast-page-background-meta":{"desktop":{"background-color":"","background-image":"","background-repeat":"repeat","background-position":"center center","background-size":"auto","background-attachment":"scroll","background-type":"","background-media":"","overlay-type":"","overlay-color":"","overlay-opacity":"","overlay-gradient":""},"tablet":{"background-color":"","background-image":"","background-repeat":"repeat","background-position":"center center","background-size":"auto","background-attachment":"scroll","background-type":"","background-media":"","overlay-type":"","overlay-color":"","overlay-opacity":"","overlay-gradient":""},"mobile":{"background-color":"","background-image":"","background-repeat":"repeat","background-position":"center center","background-size":"auto","background-attachment":"scroll","background-type":"","background-media":"","overlay-type":"","overlay-color":"","overlay-opacity":"","overlay-gradient":""}},"ast-content-background-meta":{"desktop":{"background-color":"var(--ast-global-color-5)","background-image":"","background-repeat":"repeat","background-position":"center center","background-size":"auto","background-attachment":"scroll","background-type":"","background-media":"","overlay-type":"","overlay-color":"","overlay-opacity":"","overlay-gradient":""},"tablet":{"background-color":"var(--ast-global-color-5)","background-image":"","background-repeat":"repeat","background-position":"center center","background-size":"auto","background-attachment":"scroll","background-type":"","background-media":"","overlay-type":"","overlay-color":"","overlay-opacity":"","overlay-gradient":""},"mobile":{"background-color":"var(--ast-global-color-5)","background-image":"","background-repeat":"repeat","background-position":"center center","background-size":"auto","background-attachment":"scroll","background-type":"","background-media":"","overlay-type":"","overlay-color":"","overlay-opacity":"","overlay-gradient":""}}},"product_brand":[],"product_cat":[21],"product_tag":[],"class_list":{"0":"post-6586","1":"product","2":"type-product","3":"status-publish","4":"has-post-thumbnail","6":"product_cat-ziadna-kategoria","7":"desktop-align-left","8":"tablet-align-left","9":"mobile-align-left","11":"first","12":"instock","13":"sale","14":"taxable","15":"shipping-taxable","16":"purchasable","17":"product-type-simple"},"_links":{"self":[{"href":"https:\/\/wellness4you.cz\/sk\/wp-json\/wp\/v2\/product\/6586","targetHints":{"allow":["GET"]}}],"collection":[{"href":"https:\/\/wellness4you.cz\/sk\/wp-json\/wp\/v2\/product"}],"about":[{"href":"https:\/\/wellness4you.cz\/sk\/wp-json\/wp\/v2\/types\/product"}],"replies":[{"embeddable":true,"href":"https:\/\/wellness4you.cz\/sk\/wp-json\/wp\/v2\/comments?post=6586"}],"wp:featuredmedia":[{"embeddable":true,"href":"https:\/\/wellness4you.cz\/sk\/wp-json\/wp\/v2\/media\/6752"}],"wp:attachment":[{"href":"https:\/\/wellness4you.cz\/sk\/wp-json\/wp\/v2\/media?parent=6586"}],"wp:term":[{"taxonomy":"product_brand","embeddable":true,"href":"https:\/\/wellness4you.cz\/sk\/wp-json\/wp\/v2\/product_brand?post=6586"},{"taxonomy":"product_cat","embeddable":true,"href":"https:\/\/wellness4you.cz\/sk\/wp-json\/wp\/v2\/product_cat?post=6586"},{"taxonomy":"product_tag","embeddable":true,"href":"https:\/\/wellness4you.cz\/sk\/wp-json\/wp\/v2\/product_tag?post=6586"}],"curies":[{"name":"wp","href":"https:\/\/api.w.org\/{rel}","templated":true}]}}