{"id":6585,"date":"2023-01-15T04:11:44","date_gmt":"2023-01-15T03:11:44","guid":{"rendered":"https:\/\/wellness4you.cz\/sk\/?post_type=product&#038;p=6585"},"modified":"2026-01-08T22:52:35","modified_gmt":"2026-01-08T21:52:35","slug":"maral-gel","status":"publish","type":"product","link":"https:\/\/wellness4you.cz\/sk\/maral-gel\/","title":{"rendered":"Maral Gel"},"content":{"rendered":"<h2>Maral Gel &#8211; pre v\u00e4\u010d\u0161\u00ed penis a dlh\u0161iu erekciu.<\/h2>\n<p>Ak h\u013ead\u00e1te sp\u00f4sob, ako zlep\u0161i\u0165 svoje sexu\u00e1lne sk\u00fasenosti, Maral Gel m\u00f4\u017ee by\u0165 rie\u0161en\u00edm, ktor\u00e9 ste h\u013eadali. Tento \u00fa\u010dinn\u00fd \u017eel na b\u00e1ze extraktu z korzenia marala je navrhnut\u00fd tak, aby pomohol mu\u017eom dosiahnu\u0165 v\u00e4\u010d\u0161\u00ed penis a dlh\u0161iu erekciu, \u010d\u00edm v\u00e1m umo\u017en\u00ed z\u00edska\u0165 viac pote\u0161enia z va\u0161ich sexu\u00e1lnych aktiv\u00edt.<\/p>\n<h2>Pre\u010do pou\u017e\u00edva\u0165?<\/h2>\n<ul>\n<li>Zv\u00e4\u010d\u0161enie penisu: obsahuje \u00fa\u010dinn\u00e9 zlo\u017eky, ktor\u00e9 pom\u00e1haj\u00fa zv\u00e4\u010d\u0161i\u0165 penis a zlep\u0161i\u0165 jeho tvar a d\u013a\u017eku. V\u00fdsledky s\u00fa vidite\u013en\u00e9 u\u017e po nieko\u013ek\u00fdch t\u00fd\u017ed\u0148och pravideln\u00e9ho pou\u017e\u00edvania.<\/li>\n<li>Dlh\u0161ia erekcia: obsahuje pr\u00edrodn\u00e9 zlo\u017eky, ktor\u00e9 pom\u00e1haj\u00fa zlep\u0161i\u0165 prietok krvi do penisu, \u010do zase vedie k dlh\u0161ej a silnej\u0161ej erekcii.<\/li>\n<li>Vylep\u0161enie sexu\u00e1lneho \u017eivota: Pou\u017eitie MaralGel v\u00e1m m\u00f4\u017ee pom\u00f4c\u0165 dosiahnu\u0165 intenz\u00edvnej\u0161ie orgazmy a zlep\u0161i\u0165 celkov\u00fa kvalitu v\u00e1\u0161ho sexu\u00e1lneho \u017eivota.<\/li>\n<\/ul>\n<h2>Ako pou\u017e\u00edva\u0165?<\/h2>\n<ul>\n<li>Naneste mal\u00e9 mno\u017estvo Maral Gel na penis a jemne mas\u00edrujte poko\u017eku.<\/li>\n<li>Pou\u017e\u00edvajte pravidelne raz denne pred sexu\u00e1lnou aktivitou.<\/li>\n<li>Na dosiahnutie maxim\u00e1lneho \u00fa\u010dinku odpor\u00fa\u010dame pou\u017e\u00edva\u0165 MaralGel po dobu najmenej 4 t\u00fd\u017ed\u0148ov.<\/li>\n<\/ul>\n<p>Je Maral Gel bezpe\u010dn\u00fd? MaralGel je vyroben\u00fd z pr\u00edrodn\u00fdch zlo\u017eiek a neobsahuje \u017eiadne \u0161kodliv\u00e9 chemik\u00e1lie. Je bezpe\u010dn\u00fd na pou\u017eitie a nevyvol\u00e1va \u017eiadne ne\u017eiaduce \u00fa\u010dinky. Av\u0161ak, ak m\u00e1te nejak\u00e9 zdravotn\u00e9 probl\u00e9my alebo u\u017e\u00edvate nejak\u00e9 lieky, odpor\u00fa\u010dame sa poradi\u0165 s lek\u00e1rom pred pou\u017eit\u00edm MaralGel.<\/p>\n<p>Z\u00e1ver Ak h\u013ead\u00e1te sp\u00f4sob, ako zlep\u0161i\u0165 v\u00e1\u0161 sexu\u00e1lny \u017eivot, Maral Gel m\u00f4\u017ee by\u0165 pr\u00e1ve to, \u010do potrebujete. S jeho pr\u00edrodn\u00fdmi zlo\u017ekami a \u00fa\u010dinnos\u0165ou, MaralGel v\u00e1m pom\u00f4\u017ee z\u00edska\u0165 v\u00e4\u010d\u0161\u00ed penis a dlh\u0161iu erekciu, \u010d\u00edm v\u00e1m umo\u017en\u00ed dosiahnu\u0165 v\u00e4\u010d\u0161ie pote\u0161enie z v\u00e1\u0161ho sexu\u00e1lneho \u017eivota.<\/p>\n","protected":false},"excerpt":{"rendered":"<p>Maral Gel &#8211; pre v\u00e4\u010d\u0161\u00ed penis a dlh\u0161iu erekciu. K\u00fapi\u0165 Maral gel v Slovenskej Republike za v\u00fdhodn\u00fa cenu. Kde k\u00fapi\u0165. Cena. Hodnotenie. Doru\u010denie na celom Slovensku: Bratislava, Zvolen, Prievidza, Poprad, Martin, Tren\u010d\u00edn, Trnava, Bansk\u00e1 Bystrica, Nitra, \u017dilina, Pre\u0161ov, Ko\u0161ice, Spi\u0161sk\u00e1 Nov\u00e1 Ves, Michalovce a Nov\u00e9 Z\u00e1mky. Ako si tovar vzia\u0165, Indik\u00e1cie pre pou\u017eitie, Kontraindik\u00e1cie. K\u00fapte si Maral gel online.<\/p>\n","protected":false},"featured_media":6750,"comment_status":"open","ping_status":"closed","template":"","meta":{"site-sidebar-layout":"default","site-content-layout":"default","ast-site-content-layout":"default","site-content-style":"default","site-sidebar-style":"default","ast-global-header-display":"","ast-banner-title-visibility":"","ast-main-header-display":"","ast-hfb-above-header-display":"","ast-hfb-below-header-display":"","ast-hfb-mobile-header-display":"","site-post-title":"","ast-breadcrumbs-content":"","ast-featured-img":"","footer-sml-layout":"","ast-disable-related-posts":"","theme-transparent-header-meta":"default","adv-header-id-meta":"","stick-header-meta":"","header-above-stick-meta":"","header-main-stick-meta":"","header-below-stick-meta":"","astra-migrate-meta-layouts":"default","ast-page-background-enabled":"default","ast-page-background-meta":{"desktop":{"background-color":"","background-image":"","background-repeat":"repeat","background-position":"center center","background-size":"auto","background-attachment":"scroll","background-type":"","background-media":"","overlay-type":"","overlay-color":"","overlay-opacity":"","overlay-gradient":""},"tablet":{"background-color":"","background-image":"","background-repeat":"repeat","background-position":"center center","background-size":"auto","background-attachment":"scroll","background-type":"","background-media":"","overlay-type":"","overlay-color":"","overlay-opacity":"","overlay-gradient":""},"mobile":{"background-color":"","background-image":"","background-repeat":"repeat","background-position":"center center","background-size":"auto","background-attachment":"scroll","background-type":"","background-media":"","overlay-type":"","overlay-color":"","overlay-opacity":"","overlay-gradient":""}},"ast-content-background-meta":{"desktop":{"background-color":"var(--ast-global-color-5)","background-image":"","background-repeat":"repeat","background-position":"center center","background-size":"auto","background-attachment":"scroll","background-type":"","background-media":"","overlay-type":"","overlay-color":"","overlay-opacity":"","overlay-gradient":""},"tablet":{"background-color":"var(--ast-global-color-5)","background-image":"","background-repeat":"repeat","background-position":"center center","background-size":"auto","background-attachment":"scroll","background-type":"","background-media":"","overlay-type":"","overlay-color":"","overlay-opacity":"","overlay-gradient":""},"mobile":{"background-color":"var(--ast-global-color-5)","background-image":"","background-repeat":"repeat","background-position":"center center","background-size":"auto","background-attachment":"scroll","background-type":"","background-media":"","overlay-type":"","overlay-color":"","overlay-opacity":"","overlay-gradient":""}}},"product_brand":[],"product_cat":[40],"product_tag":[],"class_list":{"0":"post-6585","1":"product","2":"type-product","3":"status-publish","4":"has-post-thumbnail","6":"product_cat-produkty-pre-muzov","7":"desktop-align-left","8":"tablet-align-left","9":"mobile-align-left","11":"first","12":"instock","13":"taxable","14":"shipping-taxable","15":"purchasable","16":"product-type-simple"},"_links":{"self":[{"href":"https:\/\/wellness4you.cz\/sk\/wp-json\/wp\/v2\/product\/6585","targetHints":{"allow":["GET"]}}],"collection":[{"href":"https:\/\/wellness4you.cz\/sk\/wp-json\/wp\/v2\/product"}],"about":[{"href":"https:\/\/wellness4you.cz\/sk\/wp-json\/wp\/v2\/types\/product"}],"replies":[{"embeddable":true,"href":"https:\/\/wellness4you.cz\/sk\/wp-json\/wp\/v2\/comments?post=6585"}],"wp:featuredmedia":[{"embeddable":true,"href":"https:\/\/wellness4you.cz\/sk\/wp-json\/wp\/v2\/media\/6750"}],"wp:attachment":[{"href":"https:\/\/wellness4you.cz\/sk\/wp-json\/wp\/v2\/media?parent=6585"}],"wp:term":[{"taxonomy":"product_brand","embeddable":true,"href":"https:\/\/wellness4you.cz\/sk\/wp-json\/wp\/v2\/product_brand?post=6585"},{"taxonomy":"product_cat","embeddable":true,"href":"https:\/\/wellness4you.cz\/sk\/wp-json\/wp\/v2\/product_cat?post=6585"},{"taxonomy":"product_tag","embeddable":true,"href":"https:\/\/wellness4you.cz\/sk\/wp-json\/wp\/v2\/product_tag?post=6585"}],"curies":[{"name":"wp","href":"https:\/\/api.w.org\/{rel}","templated":true}]}}