{"id":6584,"date":"2023-01-15T04:11:43","date_gmt":"2023-01-15T03:11:43","guid":{"rendered":"https:\/\/wellness4you.cz\/sk\/?post_type=product&#038;p=6584"},"modified":"2026-01-08T22:52:35","modified_gmt":"2026-01-08T21:52:35","slug":"jinx-candle","status":"publish","type":"product","link":"https:\/\/wellness4you.cz\/sk\/jinx-candle\/","title":{"rendered":"Jinx Candle"},"content":{"rendered":"<h2>Ak h\u013ead\u00e1te zdroj pozit\u00edvnej energie, ktor\u00fd by v\u00e1m pomohol dosiahnu\u0165 finan\u010dn\u00fa prosperitu a \u00faspech, mali by ste si pozrie\u0165 na\u0161u nov\u00fa Jinx Candle.<\/h2>\n<p>T\u00e1to k\u00fazeln\u00e1 svie\u010dka je vyroben\u00e1 z prvotriednych materi\u00e1lov, aby poskytla va\u0161im zmyslom nev\u0161edn\u00e9 z\u00e1\u017eitky. U\u017e samotn\u00fd poh\u013ead na jej dokonal\u00e9 detaily v\u00e1s ok\u00fazli a pril\u00e1ka va\u0161u pozornos\u0165. Ke\u010f ju zap\u00e1lite, uvo\u013en\u00ed sa jej \u00fa\u017easn\u00e1 v\u00f4\u0148a, ktor\u00e1 v\u00e1m pom\u00f4\u017ee relaxova\u0165 a zbavi\u0165 sa stresu.\u00a0No to nie je v\u0161etko. Jinx Candle nie je len be\u017en\u00e1 svie\u010dka, ale skuto\u010dn\u00fd n\u00e1stroj pre privolanie prosperity do v\u00e1\u0161ho \u017eivota. S jej pomocou m\u00f4\u017eete posilni\u0165 svoju v\u00f4\u013eu a energiu, aby ste dosiahli svoje ciele. V\u010faka jej tajomn\u00e9mu zlo\u017eeniu sa do v\u00e1\u0161ho domova dostane kladn\u00e1 energia, ktor\u00e1 pom\u00e1ha pritiahnu\u0165 do v\u00e1\u0161ho \u017eivota \u0161\u0165astie, zdravie a bohatstvo.<\/p>\n<h2>Ale ako to funguje?<\/h2>\n<p>Tento produkt je zalo\u017een\u00fd na starobylej trad\u00edcii, ktor\u00e1 vyu\u017e\u00edva silu svie\u010dok na privolanie kladnej energie do n\u00e1\u0161ho \u017eivota. Jinx Candle obsahuje pr\u00edrodn\u00e9 zlo\u017eky, ktor\u00e9 s\u00fa zn\u00e1me svojimi magick\u00fdmi vlastnos\u0165ami. Ke\u010f ju zap\u00e1lite, uvo\u013en\u00ed sa do v\u00e1\u0161ho domova kladn\u00e1 energia, ktor\u00e1 m\u00e1 schopnos\u0165 transformova\u0165 va\u0161e sny na realitu.<\/p>\n<p>Navy\u0161e, Jinx Candle je ve\u013emi \u013eahko pou\u017eite\u013en\u00e1 a m\u00f4\u017ee by\u0165 vyu\u017eit\u00e1 na r\u00f4zne sp\u00f4soby. M\u00f4\u017eete ju zap\u00e1li\u0165 po\u010das medit\u00e1cie, alebo ju pou\u017ei\u0165 ako s\u00fa\u010das\u0165 va\u0161ej ritu\u00e1lnej praxe. T\u00e1to svie\u010dka je tie\u017e dokonal\u00fdm dar\u010dekom pre va\u0161ich bl\u00edzkych, ktor\u00ed t\u00fa\u017eia po kladnej energii v ich \u017eivote.<\/p>\n<p>Ak h\u013ead\u00e1te sp\u00f4sob, ako zv\u00fd\u0161i\u0165 svoju prosperitu a zlep\u0161i\u0165 kvalitu svojho \u017eivota, Jinx Candle je tou spr\u00e1vnou vo\u013ebou pre v\u00e1s. Je to n\u00e1stroj pre privolanie prosperity a \u00faspechu do v\u00e1\u0161ho \u017eivota, ktor\u00fd m\u00f4\u017eete ma\u0165 kedyko\u013evek po ruke. Nechajte sa ok\u00fazli\u0165 jej magick\u00fdmi vlastnos\u0165ami a u\u017eite si pr\u00ednosy, ktor\u00e9 v\u00e1m m\u00f4\u017ee poskytn\u00fa\u0165.<\/p>\n","protected":false},"excerpt":{"rendered":"<p>Jinx Candle &#8211; skuto\u010dn\u00fd n\u00e1stroj pre privolanie prosperity do v\u00e1\u0161ho \u017eivota. K\u00fapi\u0165 Jinx Candle v Slovenskej Republike za v\u00fdhodn\u00fa cenu. Cena. Hodnotenie. Kde k\u00fapi\u0165. Doru\u010denie na celom Slovensku: Zvolen, Prievidza, Poprad, Martin, Tren\u010d\u00edn, Trnava, Bansk\u00e1 Bystrica, Nitra, \u017dilina, Pre\u0161ov, Ko\u0161ice, Bratislava, Michalovce, Nov\u00e9 Z\u00e1mky a Pova\u017esk\u00e1 Bystrica. Indik\u00e1cie pre pou\u017eitie, Kontraindik\u00e1cie, Ako si tovar vzia\u0165. K\u00fapte si Jinx Candle online.<\/p>\n","protected":false},"featured_media":6748,"comment_status":"open","ping_status":"closed","template":"","meta":{"site-sidebar-layout":"default","site-content-layout":"default","ast-site-content-layout":"default","site-content-style":"default","site-sidebar-style":"default","ast-global-header-display":"","ast-banner-title-visibility":"","ast-main-header-display":"","ast-hfb-above-header-display":"","ast-hfb-below-header-display":"","ast-hfb-mobile-header-display":"","site-post-title":"","ast-breadcrumbs-content":"","ast-featured-img":"","footer-sml-layout":"","ast-disable-related-posts":"","theme-transparent-header-meta":"default","adv-header-id-meta":"","stick-header-meta":"","header-above-stick-meta":"","header-main-stick-meta":"","header-below-stick-meta":"","astra-migrate-meta-layouts":"set","ast-page-background-enabled":"default","ast-page-background-meta":{"desktop":{"background-color":"","background-image":"","background-repeat":"repeat","background-position":"center center","background-size":"auto","background-attachment":"scroll","background-type":"","background-media":"","overlay-type":"","overlay-color":"","overlay-opacity":"","overlay-gradient":""},"tablet":{"background-color":"","background-image":"","background-repeat":"repeat","background-position":"center center","background-size":"auto","background-attachment":"scroll","background-type":"","background-media":"","overlay-type":"","overlay-color":"","overlay-opacity":"","overlay-gradient":""},"mobile":{"background-color":"","background-image":"","background-repeat":"repeat","background-position":"center center","background-size":"auto","background-attachment":"scroll","background-type":"","background-media":"","overlay-type":"","overlay-color":"","overlay-opacity":"","overlay-gradient":""}},"ast-content-background-meta":{"desktop":{"background-color":"var(--ast-global-color-5)","background-image":"","background-repeat":"repeat","background-position":"center center","background-size":"auto","background-attachment":"scroll","background-type":"","background-media":"","overlay-type":"","overlay-color":"","overlay-opacity":"","overlay-gradient":""},"tablet":{"background-color":"var(--ast-global-color-5)","background-image":"","background-repeat":"repeat","background-position":"center center","background-size":"auto","background-attachment":"scroll","background-type":"","background-media":"","overlay-type":"","overlay-color":"","overlay-opacity":"","overlay-gradient":""},"mobile":{"background-color":"var(--ast-global-color-5)","background-image":"","background-repeat":"repeat","background-position":"center center","background-size":"auto","background-attachment":"scroll","background-type":"","background-media":"","overlay-type":"","overlay-color":"","overlay-opacity":"","overlay-gradient":""}}},"product_brand":[],"product_cat":[21],"product_tag":[],"class_list":{"0":"post-6584","1":"product","2":"type-product","3":"status-publish","4":"has-post-thumbnail","6":"product_cat-ziadna-kategoria","7":"desktop-align-left","8":"tablet-align-left","9":"mobile-align-left","11":"first","12":"instock","13":"sale","14":"taxable","15":"shipping-taxable","16":"purchasable","17":"product-type-simple"},"_links":{"self":[{"href":"https:\/\/wellness4you.cz\/sk\/wp-json\/wp\/v2\/product\/6584","targetHints":{"allow":["GET"]}}],"collection":[{"href":"https:\/\/wellness4you.cz\/sk\/wp-json\/wp\/v2\/product"}],"about":[{"href":"https:\/\/wellness4you.cz\/sk\/wp-json\/wp\/v2\/types\/product"}],"replies":[{"embeddable":true,"href":"https:\/\/wellness4you.cz\/sk\/wp-json\/wp\/v2\/comments?post=6584"}],"wp:featuredmedia":[{"embeddable":true,"href":"https:\/\/wellness4you.cz\/sk\/wp-json\/wp\/v2\/media\/6748"}],"wp:attachment":[{"href":"https:\/\/wellness4you.cz\/sk\/wp-json\/wp\/v2\/media?parent=6584"}],"wp:term":[{"taxonomy":"product_brand","embeddable":true,"href":"https:\/\/wellness4you.cz\/sk\/wp-json\/wp\/v2\/product_brand?post=6584"},{"taxonomy":"product_cat","embeddable":true,"href":"https:\/\/wellness4you.cz\/sk\/wp-json\/wp\/v2\/product_cat?post=6584"},{"taxonomy":"product_tag","embeddable":true,"href":"https:\/\/wellness4you.cz\/sk\/wp-json\/wp\/v2\/product_tag?post=6584"}],"curies":[{"name":"wp","href":"https:\/\/api.w.org\/{rel}","templated":true}]}}