{"id":6583,"date":"2023-01-15T04:11:42","date_gmt":"2023-01-15T03:11:42","guid":{"rendered":"https:\/\/wellness4you.cz\/sk\/?post_type=product&#038;p=6583"},"modified":"2026-01-08T22:52:35","modified_gmt":"2026-01-08T21:52:35","slug":"idealfit","status":"publish","type":"product","link":"https:\/\/wellness4you.cz\/sk\/idealfit\/","title":{"rendered":"IdealFit"},"content":{"rendered":"<h2>Je ve\u013ea d\u00f4vodov, pre\u010do IdealFit je jedn\u00fdm z najlep\u0161\u00edch produktov na trhu, ktor\u00e9 pom\u00e1haj\u00fa pri chudnut\u00ed.<\/h2>\n<p>Na prvom mieste, je to \u00faplne prirodzen\u00fd produkt, ktor\u00fd sa vyr\u00e1ba z kvalitn\u00fdch a overen\u00fdch pr\u00edrodn\u00fdch zlo\u017eiek. Tento produkt obsahuje len zlo\u017eky, ktor\u00e9 s\u00fa nevyhnutn\u00e9 pre zdrav\u00fd a \u00faspe\u0161n\u00fd proces chudnutia, bez ak\u00fdchko\u013evek ved\u013eaj\u0161\u00edch \u00fa\u010dinkov.\u00a0Okrem toho, IdealFit je ve\u013emi jednoduch\u00fd na pou\u017eitie. Sta\u010d\u00ed prida\u0165 p\u00e1r kvapiek do poh\u00e1ra vody alebo in\u00e9ho n\u00e1poja a vypi\u0165 ho. Tento produkt dok\u00e1\u017ee zv\u00fd\u0161i\u0165 metabolizmus, zn\u00ed\u017ei\u0165 chu\u0165 do jedla a udr\u017eiava\u0165 hladinu cukru v krvi na spr\u00e1vnej \u00farovni, \u010do pom\u00e1ha v\u00fdrazne pri redukcii telesnej hmotnosti.<\/p>\n<p>Pre\u010do by ste si mali zvoli\u0165 pr\u00e1ve IdealFit? Preto\u017ee je to produkt, ktor\u00fd funguje a pom\u00e1ha dosiahnu\u0165 \u017eelan\u00e9 v\u00fdsledky v oblasti chudnutia. Jeho zlo\u017eenie je prisp\u00f4soben\u00e9 tak, aby bolo najefekt\u00edvnej\u0161ie pri chudnut\u00ed, \u010do ho rob\u00ed jedn\u00fdm z najlep\u0161\u00edch produktov na trhu.<\/p>\n<p>Krok za krokom, IdealFit pom\u00e1ha redukova\u0165 telesn\u00fa hmotnos\u0165. Jeho \u00fa\u010dinnos\u0165 je zalo\u017een\u00e1 na pr\u00edrodn\u00fdch zlo\u017ek\u00e1ch, ktor\u00e9 pom\u00e1haj\u00fa zvy\u0161ova\u0165 spa\u013eovanie tukov a redukova\u0165 chu\u0165 do jedla. Navy\u0161e, tento produkt pom\u00e1ha zlep\u0161i\u0165 tr\u00e1venie a zv\u00fd\u0161i\u0165 energetick\u00fa \u00farove\u0148.<\/p>\n<h2>To v\u0161etko s cie\u013eom dosiahnu\u0165 r\u00fdchlej\u0161\u00ed a efekt\u00edvnej\u0161\u00ed proces chudnutia.<\/h2>\n<p>IdealFit je v\u00fdsledkom mnoh\u00fdch rokov v\u00fdskumu a v\u00fdvoja, ktor\u00fd zah\u0155\u0148al vysk\u00fa\u0161anie a testovanie r\u00f4znych pr\u00edrodn\u00fdch zlo\u017eiek, aby sa zabezpe\u010dilo, \u017ee tento produkt je \u00fa\u010dinn\u00fd a bezpe\u010dn\u00fd pre pou\u017eitie. V\u00fdroba IdealFit je v s\u00falade s najvy\u0161\u0161\u00edmi \u0161tandardami kvality, \u010do znamen\u00e1, \u017ee m\u00f4\u017eete ma\u0165 istotu, \u017ee tento produkt bude fungova\u0165 tak, ako m\u00e1.<\/p>\n<p>Zvo\u013ete si IdealFit, ak h\u013ead\u00e1te jednoduch\u00fd a \u00fa\u010dinn\u00fd sp\u00f4sob, ako schudn\u00fa\u0165. Tento produkt v\u00e1m pom\u00f4\u017ee dosiahnu\u0165 v\u00e1\u0161 cie\u013e a budete sa c\u00edti\u0165 skvele a pln\u00ed energie.<\/p>\n","protected":false},"excerpt":{"rendered":"<p>IdealFit &#8211; \u00fa\u010dinn\u00fd sp\u00f4sob, ako schudn\u00fa\u0165. K\u00fapi\u0165 IdealFit v Slovenskej Republike za v\u00fdhodn\u00fa cenu. Hodnotenie. Kde k\u00fapi\u0165 IdealFit. Cena. Doru\u010denie na celom Slovensku: Prievidza, Poprad, Martin, Tren\u010d\u00edn, Trnava, Bansk\u00e1 Bystrica, Nitra, \u017dilina, Pre\u0161ov, Ko\u0161ice, Bratislava, Zvolen, Nov\u00e9 Z\u00e1mky, Pova\u017esk\u00e1 Bystrica a Malacky. Kontraindik\u00e1cie, Ako si tovar vzia\u0165, Indik\u00e1cie pre pou\u017eitie. K\u00fapte si Ideal Fit online.<\/p>\n","protected":false},"featured_media":6745,"comment_status":"open","ping_status":"closed","template":"","meta":{"site-sidebar-layout":"default","site-content-layout":"default","ast-site-content-layout":"default","site-content-style":"default","site-sidebar-style":"default","ast-global-header-display":"","ast-banner-title-visibility":"","ast-main-header-display":"","ast-hfb-above-header-display":"","ast-hfb-below-header-display":"","ast-hfb-mobile-header-display":"","site-post-title":"","ast-breadcrumbs-content":"","ast-featured-img":"","footer-sml-layout":"","ast-disable-related-posts":"","theme-transparent-header-meta":"default","adv-header-id-meta":"","stick-header-meta":"","header-above-stick-meta":"","header-main-stick-meta":"","header-below-stick-meta":"","astra-migrate-meta-layouts":"set","ast-page-background-enabled":"default","ast-page-background-meta":{"desktop":{"background-color":"","background-image":"","background-repeat":"repeat","background-position":"center center","background-size":"auto","background-attachment":"scroll","background-type":"","background-media":"","overlay-type":"","overlay-color":"","overlay-opacity":"","overlay-gradient":""},"tablet":{"background-color":"","background-image":"","background-repeat":"repeat","background-position":"center center","background-size":"auto","background-attachment":"scroll","background-type":"","background-media":"","overlay-type":"","overlay-color":"","overlay-opacity":"","overlay-gradient":""},"mobile":{"background-color":"","background-image":"","background-repeat":"repeat","background-position":"center center","background-size":"auto","background-attachment":"scroll","background-type":"","background-media":"","overlay-type":"","overlay-color":"","overlay-opacity":"","overlay-gradient":""}},"ast-content-background-meta":{"desktop":{"background-color":"var(--ast-global-color-5)","background-image":"","background-repeat":"repeat","background-position":"center center","background-size":"auto","background-attachment":"scroll","background-type":"","background-media":"","overlay-type":"","overlay-color":"","overlay-opacity":"","overlay-gradient":""},"tablet":{"background-color":"var(--ast-global-color-5)","background-image":"","background-repeat":"repeat","background-position":"center center","background-size":"auto","background-attachment":"scroll","background-type":"","background-media":"","overlay-type":"","overlay-color":"","overlay-opacity":"","overlay-gradient":""},"mobile":{"background-color":"var(--ast-global-color-5)","background-image":"","background-repeat":"repeat","background-position":"center center","background-size":"auto","background-attachment":"scroll","background-type":"","background-media":"","overlay-type":"","overlay-color":"","overlay-opacity":"","overlay-gradient":""}}},"product_brand":[],"product_cat":[39],"product_tag":[],"class_list":{"0":"post-6583","1":"product","2":"type-product","3":"status-publish","4":"has-post-thumbnail","6":"product_cat-na-chudnutie","7":"desktop-align-left","8":"tablet-align-left","9":"mobile-align-left","11":"first","12":"instock","13":"sale","14":"taxable","15":"shipping-taxable","16":"purchasable","17":"product-type-simple"},"_links":{"self":[{"href":"https:\/\/wellness4you.cz\/sk\/wp-json\/wp\/v2\/product\/6583","targetHints":{"allow":["GET"]}}],"collection":[{"href":"https:\/\/wellness4you.cz\/sk\/wp-json\/wp\/v2\/product"}],"about":[{"href":"https:\/\/wellness4you.cz\/sk\/wp-json\/wp\/v2\/types\/product"}],"replies":[{"embeddable":true,"href":"https:\/\/wellness4you.cz\/sk\/wp-json\/wp\/v2\/comments?post=6583"}],"wp:featuredmedia":[{"embeddable":true,"href":"https:\/\/wellness4you.cz\/sk\/wp-json\/wp\/v2\/media\/6745"}],"wp:attachment":[{"href":"https:\/\/wellness4you.cz\/sk\/wp-json\/wp\/v2\/media?parent=6583"}],"wp:term":[{"taxonomy":"product_brand","embeddable":true,"href":"https:\/\/wellness4you.cz\/sk\/wp-json\/wp\/v2\/product_brand?post=6583"},{"taxonomy":"product_cat","embeddable":true,"href":"https:\/\/wellness4you.cz\/sk\/wp-json\/wp\/v2\/product_cat?post=6583"},{"taxonomy":"product_tag","embeddable":true,"href":"https:\/\/wellness4you.cz\/sk\/wp-json\/wp\/v2\/product_tag?post=6583"}],"curies":[{"name":"wp","href":"https:\/\/api.w.org\/{rel}","templated":true}]}}