{"id":6582,"date":"2023-01-15T04:11:42","date_gmt":"2023-01-15T03:11:42","guid":{"rendered":"https:\/\/wellness4you.cz\/sk\/?post_type=product&#038;p=6582"},"modified":"2026-01-08T22:52:35","modified_gmt":"2026-01-08T21:52:35","slug":"cardiotens-plus","status":"publish","type":"product","link":"https:\/\/wellness4you.cz\/sk\/cardiotens-plus\/","title":{"rendered":"Cardiotens Plus"},"content":{"rendered":"<h2>Cardiotens Plus je kapsula na podporu zdravia srdca a krvn\u00e9ho obehu, ktor\u00e1 m\u00f4\u017ee pom\u00f4c\u0165 zmierni\u0165 pr\u00edznaky spojen\u00e9 s vysok\u00fdm krvn\u00fdm tlakom po\u010das teplej\u0161\u00edch mesiacov.<\/h2>\n<p>V\u00fdrobca tvrd\u00ed, \u017ee t\u00e1to kapsula m\u00f4\u017ee zmierni\u0165 za\u0165a\u017eenie respira\u010dn\u00e9ho syst\u00e9mu a dokonca pom\u00f4c\u0165 zlep\u0161i\u0165 prietok krvi do mozgu.\u00a0\u010co je Cardiotens Plus? Cardiotens Plus je pr\u00edrodn\u00fd doplnok stravy ur\u010den\u00fd pre \u013eud\u00ed, ktor\u00ed sa sna\u017eia zlep\u0161i\u0165 svoje zdravie a dobre fungovanie srdca a cievneho syst\u00e9mu. Kapsuly obsahuj\u00fa kombin\u00e1ciu v\u00fd\u0165a\u017ekov z byl\u00edn a rastl\u00edn, ktor\u00e9 maj\u00fa pozit\u00edvny vplyv na krvn\u00fd tlak a krvn\u00fd obeh.<\/p>\n<p>Ako funguje Cardiotens Plus? Cardiotens Plus obsahuje rastlinn\u00e9 extrakty, ktor\u00e9 m\u00f4\u017eu pom\u00f4c\u0165 uvo\u013eni\u0165 steny krvn\u00fdch ciev a zlep\u0161i\u0165 prietok krvi. To m\u00f4\u017ee pom\u00f4c\u0165 zmierni\u0165 pr\u00edznaky vysok\u00e9ho krvn\u00e9ho tlaku, ako je napr\u00edklad boles\u0165 hlavy, z\u00e1vraty a \u00fanava. Okrem toho obsahuje Cardiotens Plus antioxidanty, ktor\u00e9 m\u00f4\u017eu pom\u00f4c\u0165 bojova\u0165 proti vo\u013en\u00fdm radik\u00e1lom a zlep\u0161i\u0165 celkov\u00e9 zdravie.<\/p>\n<h2>Kl\u00fa\u010dov\u00e9 zlo\u017eky:<\/h2>\n<ul>\n<li>Extrakt z \u010dakanky &#8211; m\u00f4\u017ee pom\u00f4c\u0165 zmierni\u0165 pr\u00edznaky spojen\u00e9 s vysok\u00fdm krvn\u00fdm tlakom a zlep\u0161i\u0165 tr\u00e1venie<\/li>\n<li>Extrakt z olivov\u00fdch l\u00edstkov &#8211; m\u00f4\u017ee pom\u00f4c\u0165 uvo\u013eni\u0165 steny krvn\u00fdch ciev a zlep\u0161i\u0165 prietok krvi<\/li>\n<li>Extrakt z \u010dierneho r\u00edbezle &#8211; m\u00f4\u017ee pom\u00f4c\u0165 zni\u017eova\u0165 krvn\u00fd tlak a zlep\u0161i\u0165 prietok krvi<\/li>\n<li>Extrakt z tymianu &#8211; m\u00f4\u017ee pom\u00f4c\u0165 zlep\u0161i\u0165 krvn\u00fd obeh a zni\u017eova\u0165 krvn\u00fd tlak<\/li>\n<li>Extrakt z ginkgo biloba &#8211; m\u00f4\u017ee pom\u00f4c\u0165 zlep\u0161i\u0165 prietok krvi do mozgu a zlep\u0161i\u0165 kognit\u00edvne funkcie<\/li>\n<\/ul>\n<h2>V\u00fdhody pou\u017e\u00edvania:<\/h2>\n<ul>\n<li>Pom\u00e1ha zmierni\u0165 pr\u00edznaky spojen\u00e9 s vysok\u00fdm krvn\u00fdm tlakom<\/li>\n<li>Zlep\u0161uje prietok krvi a zni\u017euje riziko vzniku srdcov\u00fdch ochoren\u00ed<\/li>\n<li>M\u00f4\u017ee pom\u00f4c\u0165 zlep\u0161i\u0165 kognit\u00edvne funkcie a celkov\u00e9 zdravie<\/li>\n<\/ul>\n","protected":false},"excerpt":{"rendered":"<p>Cardiotens Plus je kapsula na podporu zdravia srdca a krvn\u00e9ho obehu. K\u00fapi\u0165 Cardiotens Plus v Slovenskej Republike za v\u00fdhodn\u00fa cenu. Kde k\u00fapi\u0165. Cena. Hodnotenie. Doru\u010denie na celom Slovensku: Poprad, Martin, Tren\u010d\u00edn, Trnava, Bansk\u00e1 Bystrica, Nitra, \u017dilina, Pre\u0161ov, Ko\u0161ice, Bratislava, Zvolen, Prievidza, Pova\u017esk\u00e1 Bystrica, Malacky a Nov\u00e9 Mesto nad V\u00e1hom. Ako si tovar vzia\u0165, Indik\u00e1cie pre pou\u017eitie, Kontraindik\u00e1cie. K\u00fapte si Cardiotens Plus online.<\/p>\n","protected":false},"featured_media":6742,"comment_status":"open","ping_status":"closed","template":"","meta":{"site-sidebar-layout":"default","site-content-layout":"default","ast-site-content-layout":"default","site-content-style":"default","site-sidebar-style":"default","ast-global-header-display":"","ast-banner-title-visibility":"","ast-main-header-display":"","ast-hfb-above-header-display":"","ast-hfb-below-header-display":"","ast-hfb-mobile-header-display":"","site-post-title":"","ast-breadcrumbs-content":"","ast-featured-img":"","footer-sml-layout":"","ast-disable-related-posts":"","theme-transparent-header-meta":"default","adv-header-id-meta":"","stick-header-meta":"","header-above-stick-meta":"","header-main-stick-meta":"","header-below-stick-meta":"","astra-migrate-meta-layouts":"default","ast-page-background-enabled":"default","ast-page-background-meta":{"desktop":{"background-color":"","background-image":"","background-repeat":"repeat","background-position":"center center","background-size":"auto","background-attachment":"scroll","background-type":"","background-media":"","overlay-type":"","overlay-color":"","overlay-opacity":"","overlay-gradient":""},"tablet":{"background-color":"","background-image":"","background-repeat":"repeat","background-position":"center center","background-size":"auto","background-attachment":"scroll","background-type":"","background-media":"","overlay-type":"","overlay-color":"","overlay-opacity":"","overlay-gradient":""},"mobile":{"background-color":"","background-image":"","background-repeat":"repeat","background-position":"center center","background-size":"auto","background-attachment":"scroll","background-type":"","background-media":"","overlay-type":"","overlay-color":"","overlay-opacity":"","overlay-gradient":""}},"ast-content-background-meta":{"desktop":{"background-color":"var(--ast-global-color-5)","background-image":"","background-repeat":"repeat","background-position":"center center","background-size":"auto","background-attachment":"scroll","background-type":"","background-media":"","overlay-type":"","overlay-color":"","overlay-opacity":"","overlay-gradient":""},"tablet":{"background-color":"var(--ast-global-color-5)","background-image":"","background-repeat":"repeat","background-position":"center center","background-size":"auto","background-attachment":"scroll","background-type":"","background-media":"","overlay-type":"","overlay-color":"","overlay-opacity":"","overlay-gradient":""},"mobile":{"background-color":"var(--ast-global-color-5)","background-image":"","background-repeat":"repeat","background-position":"center center","background-size":"auto","background-attachment":"scroll","background-type":"","background-media":"","overlay-type":"","overlay-color":"","overlay-opacity":"","overlay-gradient":""}}},"product_brand":[],"product_cat":[41],"product_tag":[],"class_list":{"0":"post-6582","1":"product","2":"type-product","3":"status-publish","4":"has-post-thumbnail","6":"product_cat-produkty-pre-zdravie","7":"desktop-align-left","8":"tablet-align-left","9":"mobile-align-left","11":"first","12":"instock","13":"sale","14":"taxable","15":"shipping-taxable","16":"purchasable","17":"product-type-simple"},"_links":{"self":[{"href":"https:\/\/wellness4you.cz\/sk\/wp-json\/wp\/v2\/product\/6582","targetHints":{"allow":["GET"]}}],"collection":[{"href":"https:\/\/wellness4you.cz\/sk\/wp-json\/wp\/v2\/product"}],"about":[{"href":"https:\/\/wellness4you.cz\/sk\/wp-json\/wp\/v2\/types\/product"}],"replies":[{"embeddable":true,"href":"https:\/\/wellness4you.cz\/sk\/wp-json\/wp\/v2\/comments?post=6582"}],"wp:featuredmedia":[{"embeddable":true,"href":"https:\/\/wellness4you.cz\/sk\/wp-json\/wp\/v2\/media\/6742"}],"wp:attachment":[{"href":"https:\/\/wellness4you.cz\/sk\/wp-json\/wp\/v2\/media?parent=6582"}],"wp:term":[{"taxonomy":"product_brand","embeddable":true,"href":"https:\/\/wellness4you.cz\/sk\/wp-json\/wp\/v2\/product_brand?post=6582"},{"taxonomy":"product_cat","embeddable":true,"href":"https:\/\/wellness4you.cz\/sk\/wp-json\/wp\/v2\/product_cat?post=6582"},{"taxonomy":"product_tag","embeddable":true,"href":"https:\/\/wellness4you.cz\/sk\/wp-json\/wp\/v2\/product_tag?post=6582"}],"curies":[{"name":"wp","href":"https:\/\/api.w.org\/{rel}","templated":true}]}}