{"id":6581,"date":"2023-01-15T04:11:42","date_gmt":"2023-01-15T03:11:42","guid":{"rendered":"https:\/\/wellness4you.cz\/sk\/?post_type=product&#038;p=6581"},"modified":"2026-01-08T22:52:35","modified_gmt":"2026-01-08T21:52:35","slug":"cardialica","status":"publish","type":"product","link":"https:\/\/wellness4you.cz\/sk\/cardialica\/","title":{"rendered":"Cardialica"},"content":{"rendered":"<h2>C\u00edtite sa nieust\u00e1le unaven\u00ed, vy\u010derpan\u00ed a bez energie?<\/h2>\n<p>M\u00e1te vysok\u00fd krvn\u00fd tlak a neviete, ako s t\u00fdm bojova\u0165? Ak \u00e1no, m\u00e1me pre v\u00e1s rie\u0161enie. Predstavujeme v\u00e1m nov\u00fd a siln\u00fd pr\u00edrodn\u00fd produkt s n\u00e1zvom Cardialica, ktor\u00fd v\u00e1m pom\u00f4\u017ee v boji s rizikom z\u00e1va\u017en\u00fdch srdcov\u00fdch ochoren\u00ed.<\/p>\n<p>Cardialica je jedine\u010dn\u00fd pr\u00edrodn\u00fd produkt, ktor\u00fd obsahuje vysoko \u00fa\u010dinn\u00e9 bio-krople, ktor\u00e9 pom\u00e1haj\u00fa zlep\u0161ova\u0165 zdravie srdca a ciev. S t\u00fdmto produktom u\u017e nemus\u00edte tr\u00e1vi\u0165 hodiny v lek\u00e1r\u0148ach a na prehliadk\u00e1ch u lek\u00e1rov. Cardialica v\u00e1m pom\u00f4\u017ee udr\u017ea\u0165 spr\u00e1vne krvn\u00e9 tlaky a zabr\u00e1ni\u0165 srdcov\u00fdm chorob\u00e1m.<\/p>\n<p>V skladbe tohto \u00fa\u010dinn\u00e9ho pr\u00edrodn\u00e9ho produktu sa nach\u00e1dzaj\u00fa najlep\u0161ie pr\u00edrodn\u00e9 zlo\u017eky ako extrakt z listov hlohu, cesnak, z\u00e1zvor, zelen\u00fd \u010daj a mnoho \u010fal\u0161\u00edch. Tieto zlo\u017eky boli starostlivo vybran\u00e9 a zoskupen\u00e9 do jedn\u00e9ho produktu, ktor\u00fd zlep\u0161uje krvn\u00fd obeh a pom\u00e1ha srdcu pracova\u0165 efekt\u00edvnej\u0161ie.<\/p>\n<h2>Kedyko\u013evek sa c\u00edtite unaven\u00ed alebo bez energie, m\u00f4\u017eete sa spo\u013eahn\u00fa\u0165 na Cardialica.<\/h2>\n<p>Tento produkt v\u00e1m dod\u00e1 silu a energiu, ktor\u00fa potrebujete pre ka\u017edodenn\u00e9 aktivity. M\u00f4\u017eete sa c\u00edti\u0165 bezpe\u010dne a komfortne, preto\u017ee Cardialica je vytvoren\u00e1 z pr\u00edrodn\u00fdch zlo\u017eiek bez ak\u00fdchko\u013evek ved\u013eaj\u0161\u00edch \u00fa\u010dinkov.<\/p>\n<p>Navy\u0161e, tento \u00fa\u010dinn\u00fd pr\u00edrodn\u00fd produkt pom\u00e1ha zlep\u0161ova\u0165 zdravie va\u0161ej poko\u017eky, ktor\u00e1 je k\u013e\u00fa\u010dov\u00e1 pre v\u00e1\u0161 celkov\u00fd vzh\u013ead. Pravideln\u00e9 u\u017e\u00edvanie Cardialicy zlep\u0161uje krvn\u00fd obeh, \u010do znamen\u00e1 lep\u0161iu v\u00fd\u017eivu ko\u017ee a lep\u0161\u00ed vzh\u013ead. Ak chcete by\u0165 zdrav\u00ed a vyzera\u0165 dobre, Cardialica je pre v\u00e1s tou spr\u00e1vnou vo\u013ebou.<\/p>\n<p>Nenechajte sa unavova\u0165 a vy\u010derp\u00e1va\u0165 ka\u017edodenn\u00fdmi \u00falohami. U\u017eite si \u017eivot pln\u00fdm dychom a s d\u00f4verou v Cardialicu. Tento pr\u00edrodn\u00fd produkt v\u00e1m pom\u00f4\u017ee udr\u017ea\u0165 si zdravie a vitalitu, ktor\u00e9 potrebujete na dosiahnutie svojich cie\u013eov.<\/p>\n","protected":false},"excerpt":{"rendered":"<p>Cardialica v\u00e1m pom\u00f4\u017ee v boji s rizikom z\u00e1va\u017en\u00fdch srdcov\u00fdch ochoren\u00ed. K\u00fapi\u0165 Cardialica v Slovenskej Republike za v\u00fdhodn\u00fa cenu. Cena. Hodnotenie. Kde k\u00fapi\u0165. Doru\u010denie na celom Slovensku: Martin, Tren\u010d\u00edn, Trnava, Bansk\u00e1 Bystrica, Nitra, \u017dilina, Pre\u0161ov, Ko\u0161ice, Bratislava, Zvolen, Prievidza, Poprad, Malacky, Nov\u00e9 Mesto nad V\u00e1hom a Senica. Indik\u00e1cie pre pou\u017eitie, Kontraindik\u00e1cie, Ako si tovar vzia\u0165. K\u00fapte si Cardialica online.<\/p>\n","protected":false},"featured_media":6740,"comment_status":"open","ping_status":"closed","template":"","meta":{"site-sidebar-layout":"default","site-content-layout":"default","ast-site-content-layout":"default","site-content-style":"default","site-sidebar-style":"default","ast-global-header-display":"","ast-banner-title-visibility":"","ast-main-header-display":"","ast-hfb-above-header-display":"","ast-hfb-below-header-display":"","ast-hfb-mobile-header-display":"","site-post-title":"","ast-breadcrumbs-content":"","ast-featured-img":"","footer-sml-layout":"","ast-disable-related-posts":"","theme-transparent-header-meta":"default","adv-header-id-meta":"","stick-header-meta":"","header-above-stick-meta":"","header-main-stick-meta":"","header-below-stick-meta":"","astra-migrate-meta-layouts":"default","ast-page-background-enabled":"default","ast-page-background-meta":{"desktop":{"background-color":"","background-image":"","background-repeat":"repeat","background-position":"center center","background-size":"auto","background-attachment":"scroll","background-type":"","background-media":"","overlay-type":"","overlay-color":"","overlay-opacity":"","overlay-gradient":""},"tablet":{"background-color":"","background-image":"","background-repeat":"repeat","background-position":"center center","background-size":"auto","background-attachment":"scroll","background-type":"","background-media":"","overlay-type":"","overlay-color":"","overlay-opacity":"","overlay-gradient":""},"mobile":{"background-color":"","background-image":"","background-repeat":"repeat","background-position":"center center","background-size":"auto","background-attachment":"scroll","background-type":"","background-media":"","overlay-type":"","overlay-color":"","overlay-opacity":"","overlay-gradient":""}},"ast-content-background-meta":{"desktop":{"background-color":"var(--ast-global-color-5)","background-image":"","background-repeat":"repeat","background-position":"center center","background-size":"auto","background-attachment":"scroll","background-type":"","background-media":"","overlay-type":"","overlay-color":"","overlay-opacity":"","overlay-gradient":""},"tablet":{"background-color":"var(--ast-global-color-5)","background-image":"","background-repeat":"repeat","background-position":"center center","background-size":"auto","background-attachment":"scroll","background-type":"","background-media":"","overlay-type":"","overlay-color":"","overlay-opacity":"","overlay-gradient":""},"mobile":{"background-color":"var(--ast-global-color-5)","background-image":"","background-repeat":"repeat","background-position":"center center","background-size":"auto","background-attachment":"scroll","background-type":"","background-media":"","overlay-type":"","overlay-color":"","overlay-opacity":"","overlay-gradient":""}}},"product_brand":[],"product_cat":[41],"product_tag":[],"class_list":{"0":"post-6581","1":"product","2":"type-product","3":"status-publish","4":"has-post-thumbnail","6":"product_cat-produkty-pre-zdravie","7":"desktop-align-left","8":"tablet-align-left","9":"mobile-align-left","11":"first","12":"instock","13":"taxable","14":"shipping-taxable","15":"purchasable","16":"product-type-simple"},"_links":{"self":[{"href":"https:\/\/wellness4you.cz\/sk\/wp-json\/wp\/v2\/product\/6581","targetHints":{"allow":["GET"]}}],"collection":[{"href":"https:\/\/wellness4you.cz\/sk\/wp-json\/wp\/v2\/product"}],"about":[{"href":"https:\/\/wellness4you.cz\/sk\/wp-json\/wp\/v2\/types\/product"}],"replies":[{"embeddable":true,"href":"https:\/\/wellness4you.cz\/sk\/wp-json\/wp\/v2\/comments?post=6581"}],"wp:featuredmedia":[{"embeddable":true,"href":"https:\/\/wellness4you.cz\/sk\/wp-json\/wp\/v2\/media\/6740"}],"wp:attachment":[{"href":"https:\/\/wellness4you.cz\/sk\/wp-json\/wp\/v2\/media?parent=6581"}],"wp:term":[{"taxonomy":"product_brand","embeddable":true,"href":"https:\/\/wellness4you.cz\/sk\/wp-json\/wp\/v2\/product_brand?post=6581"},{"taxonomy":"product_cat","embeddable":true,"href":"https:\/\/wellness4you.cz\/sk\/wp-json\/wp\/v2\/product_cat?post=6581"},{"taxonomy":"product_tag","embeddable":true,"href":"https:\/\/wellness4you.cz\/sk\/wp-json\/wp\/v2\/product_tag?post=6581"}],"curies":[{"name":"wp","href":"https:\/\/api.w.org\/{rel}","templated":true}]}}