{"id":6580,"date":"2023-01-15T04:11:41","date_gmt":"2023-01-15T03:11:41","guid":{"rendered":"https:\/\/wellness4you.cz\/sk\/?post_type=product&#038;p=6580"},"modified":"2026-01-08T22:52:33","modified_gmt":"2026-01-08T21:52:33","slug":"xtrazex","status":"publish","type":"product","link":"https:\/\/wellness4you.cz\/sk\/xtrazex\/","title":{"rendered":"Xtrazex"},"content":{"rendered":"<h2>H\u013ead\u00e1te sp\u00f4sob, ako si spestri\u0165 \u017eivot v sp\u00e1lni?<\/h2>\n<p>XtraZex je ide\u00e1lnou vo\u013ebou pre mu\u017eov, ktor\u00ed chc\u00fa dosiahnu\u0165 vrchol svojej v\u00fdkonnosti a zv\u00fd\u0161i\u0165 svoje sexu\u00e1lne uspokojenie! N\u00e1\u0161 pr\u00edrodn\u00fd bylinn\u00fd doplnok bol vytvoren\u00fd zo \u0161peci\u00e1lnych zlo\u017eiek na zv\u00fd\u0161enie mu\u017eskej potencie a v\u00fddr\u017ee. Poc\u00ed\u0165te pr\u00edval energie, preto\u017ee posil\u0148uje va\u0161e \u017eivotn\u00e9 sily a pom\u00e1ha v\u00e1m dosiahnu\u0165 nov\u00e9 v\u00fd\u0161ky v\u00e1\u0161ne ako nikdy predt\u00fdm.<\/p>\n<p>U\u017e v\u00e1s nebav\u00ed c\u00edti\u0165 sa pr\u00edli\u0161 unaven\u00fd na v\u00fdkon? Nebojte sa! Xtrazex pom\u00e1ha v\u00e1\u0161mu telu n\u00e1js\u0165 rovnov\u00e1hu a u\u017e\u00edva\u0165 si z\u00e1videniahodn\u00e9 mno\u017estvo energie &#8211; to mus\u00ed ma\u0165 ka\u017ed\u00fd mu\u017e. Akoby to nesta\u010dilo, n\u00e1\u0161 produkt je tie\u017e navrhnut\u00fd tak, aby prirodzene podporoval va\u0161e libido s cie\u013eom pozdvihn\u00fa\u0165 pote\u0161enie a spokojnos\u0165 po\u010das va\u0161ich int\u00edmnych chv\u00ed\u013e. S Xtrazexom si m\u00f4\u017eete by\u0165 ist\u00ed, \u017ee to, \u010do sa deje za zatvoren\u00fdmi dverami, zanech\u00e1 spokojn\u00fdch oboch partnerov.<\/p>\n<p>Ne\u010dakajte u\u017e ani min\u00fatu! Zaobstarajte si Xtrazex e\u0161te dnes a vysk\u00fa\u0161ajte, pre\u010do tis\u00edce \u010fal\u0161\u00edch mu\u017eov tvrdia, \u017ee je to to najlep\u0161ie, \u010do sa kedy v sp\u00e1lni stalo. Vysk\u00fa\u0161ajte ho teraz a urobte z ka\u017edej noci nezabudnute\u013en\u00e9 dobrodru\u017estvo s na\u0161\u00edm spo\u013eahliv\u00fdm doplnkom vytvoren\u00fdm \u0161peci\u00e1lne na mieru mu\u017esk\u00fdm zdravotn\u00fdm potreb\u00e1m.<\/p>\n<h2>C\u00edtite sa na dne a mimo? Predstavujeme v\u00e1m XtraZex.<\/h2>\n<p>Rie\u0161enie va\u0161ich energetick\u00fdch potrieb na jednom mieste! Na\u0161a \u00fa\u010dinn\u00e1 zmes pr\u00edrodn\u00fdch zlo\u017eiek pom\u00e1ha na\u0161tartova\u0165 ka\u017ed\u00fd de\u0148 a umo\u017e\u0148uje \u013eah\u0161ie ako kedyko\u013evek predt\u00fdm zvl\u00e1dnu\u0165 ak\u00fako\u013evek \u00falohu. Kombin\u00e1ciou energizuj\u00facich byl\u00edn, ako je extrakt z Rhodiola Rosea a kore\u0148 Kirin, so starostlivo vybran\u00fdmi vitam\u00ednmi v\u00e1m XtraZex ur\u010dite dod\u00e1 potrebn\u00fa d\u00e1vku energie. N\u00e1\u0161 v\u00fdrobok nielen\u017ee poskytuje energetick\u00fa vzpruhu, ale pom\u00e1ha aj podporova\u0165 zdrav\u00fa n\u00e1ladu a zni\u017eova\u0165 \u00fanavu. Tak\u017ee \u010di u\u017e ide o v\u00fdnimo\u010dn\u00fd tr\u00e9ning alebo d\u00f4le\u017eit\u00e9 stretnutie po\u010das obeda, XtraZex m\u00e1 pre v\u00e1s v\u0161etko! Nedovo\u013ete, aby v\u00e1m \u00fanava st\u00e1la v ceste; vyberte si XtraZex e\u0161te dnes pre dokonal\u00e9 povzbudenie!<\/p>\n<p>H\u013ead\u00e1te nie\u010do navy\u0161e, \u010do by v\u00e1\u0161 ve\u010der ozvl\u00e1\u0161tnilo? XtraZex je dokonal\u00fdm rie\u0161en\u00edm. N\u00e1\u0161 pr\u00edrodn\u00fd bylinn\u00fd doplnok pom\u00e1ha zvy\u0161ova\u0165 mu\u017esk\u00fa potenciu a v\u00fddr\u017e a z\u00e1rove\u0148 prirodzene zlep\u0161uje v\u00fdkonnos\u0165 va\u0161ej sp\u00e1lne! XtraZex je ako tekut\u00e1 Viagra &#8211; takmer magick\u00fd! \u010ci u\u017e chcete, aby romantika trvala dlh\u0161ie, alebo si chcete u\u017ei\u0165 v\u00fdnimo\u010dn\u00fa noc so svojou partnerkou, u\u017e\u00edvanie Xtrazexu vopred zlep\u0161\u00ed v\u00e1\u0161 \u017eivot v sp\u00e1lni. A ak by to nesta\u010dilo &#8211; je 100 % pr\u00edrodn\u00fd a bezpe\u010dn\u00fd na pou\u017e\u00edvanie. Tak\u017ee u\u017e nestr\u00e1cajte \u010das &#8211; doprajte si povzbudenie s XtraZex e\u0161te dnes!<\/p>\n","protected":false},"excerpt":{"rendered":"<p>XtraZex rie\u0161enie va\u0161ich energetick\u00fdch potrieb na jednom mieste! K\u00fapi\u0165 Xtrazex v Slovenskej Republike za v\u00fdhodn\u00fa cenu. Hodnotenie. Kde k\u00fapi\u0165. Cena. Doru\u010denie na celom Slovensku: Tren\u010d\u00edn, Trnava, Bansk\u00e1 Bystrica, Nitra, \u017dilina, Pre\u0161ov, Ko\u0161ice, Bratislava, Zvolen, Prievidza, Poprad, Martin, Nov\u00e9 Mesto nad V\u00e1hom, Senica a Brezno. Ako si tovar vzia\u0165, Indik\u00e1cie pre pou\u017eitie, Kontraindik\u00e1cie. K\u00fapte si Xtrazex online.<\/p>\n","protected":false},"featured_media":6738,"comment_status":"open","ping_status":"closed","template":"","meta":{"site-sidebar-layout":"default","site-content-layout":"default","ast-site-content-layout":"default","site-content-style":"default","site-sidebar-style":"default","ast-global-header-display":"","ast-banner-title-visibility":"","ast-main-header-display":"","ast-hfb-above-header-display":"","ast-hfb-below-header-display":"","ast-hfb-mobile-header-display":"","site-post-title":"","ast-breadcrumbs-content":"","ast-featured-img":"","footer-sml-layout":"","ast-disable-related-posts":"","theme-transparent-header-meta":"default","adv-header-id-meta":"","stick-header-meta":"","header-above-stick-meta":"","header-main-stick-meta":"","header-below-stick-meta":"","astra-migrate-meta-layouts":"default","ast-page-background-enabled":"default","ast-page-background-meta":{"desktop":{"background-color":"","background-image":"","background-repeat":"repeat","background-position":"center center","background-size":"auto","background-attachment":"scroll","background-type":"","background-media":"","overlay-type":"","overlay-color":"","overlay-opacity":"","overlay-gradient":""},"tablet":{"background-color":"","background-image":"","background-repeat":"repeat","background-position":"center center","background-size":"auto","background-attachment":"scroll","background-type":"","background-media":"","overlay-type":"","overlay-color":"","overlay-opacity":"","overlay-gradient":""},"mobile":{"background-color":"","background-image":"","background-repeat":"repeat","background-position":"center center","background-size":"auto","background-attachment":"scroll","background-type":"","background-media":"","overlay-type":"","overlay-color":"","overlay-opacity":"","overlay-gradient":""}},"ast-content-background-meta":{"desktop":{"background-color":"var(--ast-global-color-5)","background-image":"","background-repeat":"repeat","background-position":"center center","background-size":"auto","background-attachment":"scroll","background-type":"","background-media":"","overlay-type":"","overlay-color":"","overlay-opacity":"","overlay-gradient":""},"tablet":{"background-color":"var(--ast-global-color-5)","background-image":"","background-repeat":"repeat","background-position":"center center","background-size":"auto","background-attachment":"scroll","background-type":"","background-media":"","overlay-type":"","overlay-color":"","overlay-opacity":"","overlay-gradient":""},"mobile":{"background-color":"var(--ast-global-color-5)","background-image":"","background-repeat":"repeat","background-position":"center center","background-size":"auto","background-attachment":"scroll","background-type":"","background-media":"","overlay-type":"","overlay-color":"","overlay-opacity":"","overlay-gradient":""}}},"product_brand":[],"product_cat":[40],"product_tag":[],"class_list":{"0":"post-6580","1":"product","2":"type-product","3":"status-publish","4":"has-post-thumbnail","6":"product_cat-produkty-pre-muzov","7":"desktop-align-left","8":"tablet-align-left","9":"mobile-align-left","11":"first","12":"instock","13":"sale","14":"taxable","15":"shipping-taxable","16":"purchasable","17":"product-type-simple"},"_links":{"self":[{"href":"https:\/\/wellness4you.cz\/sk\/wp-json\/wp\/v2\/product\/6580","targetHints":{"allow":["GET"]}}],"collection":[{"href":"https:\/\/wellness4you.cz\/sk\/wp-json\/wp\/v2\/product"}],"about":[{"href":"https:\/\/wellness4you.cz\/sk\/wp-json\/wp\/v2\/types\/product"}],"replies":[{"embeddable":true,"href":"https:\/\/wellness4you.cz\/sk\/wp-json\/wp\/v2\/comments?post=6580"}],"wp:featuredmedia":[{"embeddable":true,"href":"https:\/\/wellness4you.cz\/sk\/wp-json\/wp\/v2\/media\/6738"}],"wp:attachment":[{"href":"https:\/\/wellness4you.cz\/sk\/wp-json\/wp\/v2\/media?parent=6580"}],"wp:term":[{"taxonomy":"product_brand","embeddable":true,"href":"https:\/\/wellness4you.cz\/sk\/wp-json\/wp\/v2\/product_brand?post=6580"},{"taxonomy":"product_cat","embeddable":true,"href":"https:\/\/wellness4you.cz\/sk\/wp-json\/wp\/v2\/product_cat?post=6580"},{"taxonomy":"product_tag","embeddable":true,"href":"https:\/\/wellness4you.cz\/sk\/wp-json\/wp\/v2\/product_tag?post=6580"}],"curies":[{"name":"wp","href":"https:\/\/api.w.org\/{rel}","templated":true}]}}