{"id":6579,"date":"2023-01-15T04:11:41","date_gmt":"2023-01-15T03:11:41","guid":{"rendered":"https:\/\/wellness4you.cz\/sk\/?post_type=product&#038;p=6579"},"modified":"2026-01-08T22:52:33","modified_gmt":"2026-01-08T21:52:33","slug":"veniselle","status":"publish","type":"product","link":"https:\/\/wellness4you.cz\/sk\/veniselle\/","title":{"rendered":"Veniselle"},"content":{"rendered":"<h2>Trp\u00edte nepr\u00edjemn\u00fdmi k\u0155\u010dov\u00fdmi \u017eilami?<\/h2>\n<p>U\u017e by ste nemali. S Veniselle, kr\u00e9mom \u010d\u00edslo jeden na k\u0155\u010dov\u00e9 \u017eily, m\u00f4\u017eete z\u00edska\u0165 sp\u00e4\u0165 svoje sebavedomie a zn\u00ed\u017ei\u0165 vidite\u013enos\u0165 nepr\u00edjemn\u00fdch \u017e\u00edl. Kr\u00e9m obsahuje pr\u00edrodn\u00e9 zlo\u017eky, ktor\u00e9 upokojuj\u00fa poko\u017eku a pom\u00e1haj\u00fa v\u00e1m vyzera\u0165 \u010do najlep\u0161ie. P\u00f4sob\u00ed r\u00fdchlo a \u00fa\u010dinne, pom\u00e1ha redukova\u0165 nepr\u00edjemn\u00e9 pav\u00fa\u010die \u017eily a zlep\u0161uje krvn\u00fd obeh. Navy\u0161e je dostato\u010dne jemn\u00fd na ka\u017edodenn\u00e9 pou\u017e\u00edvanie bez ne\u017eiaducich ved\u013eaj\u0161\u00edch \u00fa\u010dinkov. Nedovo\u013ete, aby v\u00e1s k\u0155\u010dov\u00e9 \u017eily spoma\u013eovali &#8211; vysk\u00fa\u0161ajte Veniselle e\u0161te dnes a uk\u00e1\u017ete svoje nohy s hrdos\u0165ou!<\/p>\n<p>Veniselle je dokonal\u00fdm rie\u0161en\u00edm pre t\u00fdch, ktor\u00ed trpia nevzh\u013eadn\u00fdm vzh\u013eadom a boles\u0165ami k\u0155\u010dov\u00fdch \u017e\u00edl. N\u00e1\u0161 kr\u00e9m sa preuk\u00e1zate\u013ene postar\u00e1 o va\u0161e k\u0155\u010dov\u00e9 \u017eily, tak\u017ee sa m\u00f4\u017eete op\u00e4\u0165 c\u00edti\u0165 pohodlne a z\u00e1rove\u0148 dobre vyzera\u0165. Na\u0161e r\u00fdchlo p\u00f4sobiace zlo\u017eenie obsahuje pr\u00edrodn\u00e9 zlo\u017eky, ako je vil\u00edn a extrakt z paga\u0161tanu konsk\u00e9ho, ktor\u00e9 spolo\u010dne p\u00f4sobia na zmen\u0161enie ve\u013ekosti roz\u0161\u00edren\u00fdch \u017e\u00edl a pom\u00e1haj\u00fa zlep\u0161i\u0165 krvn\u00fd obeh. Chladiv\u00fd g\u00e9l prenik\u00e1 hlboko pod poko\u017eku, r\u00fdchlo p\u00f4sob\u00ed na \u010distenie a hydrat\u00e1ciu oblasti pre dlhodob\u00fa \u00fa\u013eavu. \u00da\u010dinn\u00e9 zlo\u017eky Veniselle poskytuj\u00fa aj protiz\u00e1palov\u00fa \u00fa\u013eavu, ktor\u00e1 zni\u017euje svrbenie, p\u00e1lenie a opuchy spojen\u00e9 s k\u0155\u010dov\u00fdmi \u017eilami. Sme hrd\u00ed na to, \u017ee m\u00f4\u017eeme pon\u00faknu\u0165 v\u00fdrobok, ktor\u00fd je dostato\u010dne jemn\u00fd pre v\u0161etky typy poko\u017eky, ale z\u00e1rove\u0148 dostato\u010dne \u00fa\u010dinn\u00fd na to, aby zmenil v\u00e1\u0161 \u017eivot! Za\u017eite vidite\u013en\u00e9 v\u00fdsledky v priebehu nieko\u013ek\u00fdch t\u00fd\u017ed\u0148ov &#8211; vyberte si Veniselle e\u0161te dnes!<\/p>\n<h2>Ste unaven\u00ed z tr\u00e1penia a nepr\u00edjemn\u00fdch pocitov spojen\u00fdch s k\u0155\u010dov\u00fdmi \u017eilami? S Veniselle u\u017e nemusia by\u0165 probl\u00e9mom!<\/h2>\n<p>Veniselle je kr\u00e9m \u010d\u00edslo jeden na lie\u010dbu nevzh\u013eadn\u00fdch k\u0155\u010dov\u00fdch \u017e\u00edl. V\u010faka n\u00e1\u0161mu revolu\u010dn\u00e9mu zlo\u017eeniu m\u00f4\u017eu va\u0161e \u017eily vyzera\u0165 lep\u0161ie ako kedyko\u013evek predt\u00fdm &#8211; r\u00fdchlej\u0161ie, ako ste si kedy mysleli, \u017ee je to mo\u017en\u00e9!<\/p>\n<p>Veniselle sa \u013eahko nan\u00e1\u0161a a pon\u00faka r\u00fdchle v\u00fdsledky. U\u017e po 3 d\u0148och pou\u017e\u00edvania mnoh\u00ed pou\u017e\u00edvatelia uv\u00e1dzaj\u00fa, \u017ee ich nohy s\u00fa \u013eah\u0161ie a pln\u0161ie energie. Navy\u0161e pri \u010fal\u0161om pou\u017e\u00edvan\u00ed m\u00f4\u017eete o\u010dak\u00e1va\u0165 zlep\u0161enie krvn\u00e9ho obehu, jasnej\u0161\u00ed t\u00f3n poko\u017eky a menej pr\u00edznakov bolesti a tlaku. K\u0155\u010dov\u00e9 \u017eily nemaj\u00fa s Veniselle \u0161ancu!<\/p>\n<p>Dali sme si tie\u017e z\u00e1le\u017ea\u0165 na tom, aby ka\u017ed\u00e1 d\u00e1vka Veniselle bola \u00faplne pr\u00edrodn\u00e1 a bezpe\u010dn\u00e1. Mnoh\u00e9 in\u00e9 o\u0161etrenia sa spoliehaj\u00fa na drsn\u00e9 chemik\u00e1lie alebo drah\u00e9 postupy, ktor\u00e9 s\u00fa pre poko\u017eku n\u00e1ro\u010dn\u00e9. Preto sme do n\u00e1\u0161ho zlo\u017eenia zahrnuli len pr\u00edrodn\u00e9 zlo\u017eky, aby ste vedeli, \u017ee je bezpe\u010dn\u00e9 pou\u017e\u00edva\u0165 ho ka\u017ed\u00fd de\u0148! Navy\u0161e sa n\u00e1\u0161 kr\u00e9m r\u00fdchlo vstreb\u00e1va do poko\u017eky, tak\u017ee nie je potrebn\u00e1 \u017eiadna neporiadna aplik\u00e1cia.<\/p>\n<p>Vysk\u00fa\u0161ajte Veniselle e\u0161te dnes a vysk\u00fa\u0161ajte rozdiel na vlastnej ko\u017ei! Va\u0161e k\u0155\u010dov\u00e9 \u017eily bud\u00fa v okamihu minulos\u0165ou. Pripravte sa na to, \u017ee sa budete m\u00f4c\u0165 pochv\u00e1li\u0165 svojimi n\u00e1dhern\u00fdmi nohami, ktor\u00e9 premen\u00edte z matn\u00fdch a odfarben\u00fdch na hladk\u00e9 a \u017eiariv\u00e9 &#8211; bez n\u00e1mahy!<\/p>\n","protected":false},"excerpt":{"rendered":"<p>Veniselle je kr\u00e9m \u010d\u00edslo jeden na lie\u010dbu nevzh\u013eadn\u00fdch k\u0155\u010dov\u00fdch \u017e\u00edl. K\u00fapi\u0165 Veniselle v Slovenskej Republike za v\u00fdhodn\u00fa cenu. Kde k\u00fapi\u0165. Cena. Hodnotenie. Doru\u010denie na celom Slovensku: Trnava, Bansk\u00e1 Bystrica, Nitra, \u017dilina, Pre\u0161ov, Ko\u0161ice, Bratislava, Zvolen, Prievidza, Poprad, Martin, Tren\u010d\u00edn, Senica, Brezno a Senec. Indik\u00e1cie pre pou\u017eitie, Kontraindik\u00e1cie, Ako si tovar vzia\u0165. K\u00fapte si Veniselle online.<\/p>\n","protected":false},"featured_media":6736,"comment_status":"open","ping_status":"closed","template":"","meta":{"site-sidebar-layout":"default","site-content-layout":"default","ast-site-content-layout":"default","site-content-style":"default","site-sidebar-style":"default","ast-global-header-display":"","ast-banner-title-visibility":"","ast-main-header-display":"","ast-hfb-above-header-display":"","ast-hfb-below-header-display":"","ast-hfb-mobile-header-display":"","site-post-title":"","ast-breadcrumbs-content":"","ast-featured-img":"","footer-sml-layout":"","ast-disable-related-posts":"","theme-transparent-header-meta":"default","adv-header-id-meta":"","stick-header-meta":"","header-above-stick-meta":"","header-main-stick-meta":"","header-below-stick-meta":"","astra-migrate-meta-layouts":"default","ast-page-background-enabled":"default","ast-page-background-meta":{"desktop":{"background-color":"","background-image":"","background-repeat":"repeat","background-position":"center center","background-size":"auto","background-attachment":"scroll","background-type":"","background-media":"","overlay-type":"","overlay-color":"","overlay-opacity":"","overlay-gradient":""},"tablet":{"background-color":"","background-image":"","background-repeat":"repeat","background-position":"center center","background-size":"auto","background-attachment":"scroll","background-type":"","background-media":"","overlay-type":"","overlay-color":"","overlay-opacity":"","overlay-gradient":""},"mobile":{"background-color":"","background-image":"","background-repeat":"repeat","background-position":"center center","background-size":"auto","background-attachment":"scroll","background-type":"","background-media":"","overlay-type":"","overlay-color":"","overlay-opacity":"","overlay-gradient":""}},"ast-content-background-meta":{"desktop":{"background-color":"var(--ast-global-color-5)","background-image":"","background-repeat":"repeat","background-position":"center center","background-size":"auto","background-attachment":"scroll","background-type":"","background-media":"","overlay-type":"","overlay-color":"","overlay-opacity":"","overlay-gradient":""},"tablet":{"background-color":"var(--ast-global-color-5)","background-image":"","background-repeat":"repeat","background-position":"center center","background-size":"auto","background-attachment":"scroll","background-type":"","background-media":"","overlay-type":"","overlay-color":"","overlay-opacity":"","overlay-gradient":""},"mobile":{"background-color":"var(--ast-global-color-5)","background-image":"","background-repeat":"repeat","background-position":"center center","background-size":"auto","background-attachment":"scroll","background-type":"","background-media":"","overlay-type":"","overlay-color":"","overlay-opacity":"","overlay-gradient":""}}},"product_brand":[],"product_cat":[41],"product_tag":[],"class_list":{"0":"post-6579","1":"product","2":"type-product","3":"status-publish","4":"has-post-thumbnail","6":"product_cat-produkty-pre-zdravie","7":"desktop-align-left","8":"tablet-align-left","9":"mobile-align-left","11":"first","12":"instock","13":"sale","14":"taxable","15":"shipping-taxable","16":"purchasable","17":"product-type-simple"},"_links":{"self":[{"href":"https:\/\/wellness4you.cz\/sk\/wp-json\/wp\/v2\/product\/6579","targetHints":{"allow":["GET"]}}],"collection":[{"href":"https:\/\/wellness4you.cz\/sk\/wp-json\/wp\/v2\/product"}],"about":[{"href":"https:\/\/wellness4you.cz\/sk\/wp-json\/wp\/v2\/types\/product"}],"replies":[{"embeddable":true,"href":"https:\/\/wellness4you.cz\/sk\/wp-json\/wp\/v2\/comments?post=6579"}],"wp:featuredmedia":[{"embeddable":true,"href":"https:\/\/wellness4you.cz\/sk\/wp-json\/wp\/v2\/media\/6736"}],"wp:attachment":[{"href":"https:\/\/wellness4you.cz\/sk\/wp-json\/wp\/v2\/media?parent=6579"}],"wp:term":[{"taxonomy":"product_brand","embeddable":true,"href":"https:\/\/wellness4you.cz\/sk\/wp-json\/wp\/v2\/product_brand?post=6579"},{"taxonomy":"product_cat","embeddable":true,"href":"https:\/\/wellness4you.cz\/sk\/wp-json\/wp\/v2\/product_cat?post=6579"},{"taxonomy":"product_tag","embeddable":true,"href":"https:\/\/wellness4you.cz\/sk\/wp-json\/wp\/v2\/product_tag?post=6579"}],"curies":[{"name":"wp","href":"https:\/\/api.w.org\/{rel}","templated":true}]}}