{"id":6578,"date":"2023-01-15T04:11:41","date_gmt":"2023-01-15T03:11:41","guid":{"rendered":"https:\/\/wellness4you.cz\/sk\/?post_type=product&#038;p=6578"},"modified":"2026-01-08T22:52:33","modified_gmt":"2026-01-08T21:52:33","slug":"valgus-2-in-1","status":"publish","type":"product","link":"https:\/\/wellness4you.cz\/sk\/valgus-2-in-1\/","title":{"rendered":"Valgus 2 in 1"},"content":{"rendered":"<h2>Vitajte na Valgus 2 in 1, revolu\u010dnom fix\u00e1tore, ktor\u00fd odstra\u0148uje hallux valgus a podobn\u00e9 stavy.<\/h2>\n<p>Tieto dva fix\u00e1tory s\u00fa nepostr\u00e1date\u013en\u00e9 pre t\u00fdch, ktor\u00ed potrebuj\u00fa spo\u013eahliv\u00fa \u00fa\u013eavu od nepohodlia a deform\u00e1cie skeletu sp\u00f4sobenej t\u00fdmito \u0165a\u017ekos\u0165ami. Vysk\u00fa\u0161ajte ich vo dne v noci &#8211; na Valgus 2 in 1 sa m\u00f4\u017eete spo\u013eahn\u00fa\u0165 a spo\u013eahlivo dosiahnu\u0165 r\u00fdchle a v\u00fdrazn\u00e9 v\u00fdsledky!<\/p>\n<p>N\u00e1\u0161 jedine\u010dn\u00fd dizajn vynik\u00e1 medzi ostatn\u00fdmi v\u00fdrobkami na trhu, v\u010faka \u010domu poskytuje nezamenite\u013en\u00e9 pohodlie a podporu v\u010faka prisp\u00f4sobeniu na mieru. Doba nosenia je kr\u00e1tka, ale vysoko \u00fa\u010dinn\u00e1.<\/p>\n<p>Na\u0161e zariadenie je \u013eahk\u00e9, ale dostato\u010dne robustn\u00e9, aby vydr\u017ealo ka\u017edodenn\u00e9 nosenie a z\u00e1rove\u0148 poskytovalo mimoriadne pohodlie &#8211; to v\u0161etko za bezkonkuren\u010dn\u00fa cenu. Nakupujte teraz a zistite, pre\u010do si z\u00e1kazn\u00edci na celom svete ob\u013e\u00fabili Valgus 2 in 1 hne\u010f po jeho debute! Z\u00edskajte sp\u00e4\u0165 svoju sebad\u00f4veru a posu\u0148te sa vpred ako nikdy predt\u00fdm s t\u00fdmto nov\u00fdm revolu\u010dn\u00fdm vyn\u00e1lezom e\u0161te dnes!<\/p>\n<p>Rie\u0161enie na odstr\u00e1nenie hallux valgus!<\/p>\n<h2>Ak trp\u00edte boles\u0165ou a frustr\u00e1ciou z nadmerne prona\u010dn\u00e9ho palca, u\u017e neh\u013eadajte \u010falej.<\/h2>\n<p>Pon\u00faka \u00fa\u010dinn\u00e9 rie\u0161enie &#8211; nie je potrebn\u00e1 oper\u00e1cia, tabletky ani extern\u00e9 pom\u00f4cky. V\u0161etko, \u010do potrebujete, je tento jednoduch\u00fd v\u00fdrobok, aby ste z\u00edskali rovn\u00fd a zdrav\u00fd palec, na ktor\u00fd sa m\u00f4\u017eete v\u017edy spo\u013eahn\u00fa\u0165!<\/p>\n<p>N\u00e1\u0161 starostlivo navrhnut\u00fd v\u00fdrobok obsahuje dve odli\u0161n\u00e9 zlo\u017eky, aby ste mohli z lie\u010dby vy\u0165a\u017ei\u0165 maximum. Prvou \u010das\u0165ou je mal\u00e1 korek\u010dn\u00e1 dlaha, ktor\u00e1 sa tesne prisp\u00f4sob\u00ed v\u00e1\u0161mu palcu na nohe. Je tenk\u00e1 a \u013eahk\u00e1, ale z\u00e1rove\u0148 neuverite\u013ene v\u00fdkonn\u00e1, postupne s\u0165ahuje v\u00e1\u0161 palec na nohe a z\u00e1rove\u0148 poskytuje pohodln\u00fa podporu po cel\u00fd de\u0148. Druhou \u010das\u0165ou je nastavite\u013en\u00fd p\u00e1sik na chodidlo, ktor\u00fd sa natiahne cez va\u0161u klenbu a pom\u00e1ha udr\u017eiava\u0165 vyv\u00e1\u017een\u00fa polohu chodidla. T\u00e1to jedine\u010dn\u00e1 kombin\u00e1cia odpru\u017eenia a jemnej korekcie preuk\u00e1zate\u013ene zni\u017euje boles\u0165 a zlep\u0161uje pohyblivos\u0165.<\/p>\n<p>V\u010faka bezpe\u010dnej kon\u0161trukcii a elegantn\u00e9mu vzh\u013eadu je Valgus 2 in 1 ide\u00e1lny na ka\u017edodenn\u00e9 pou\u017e\u00edvanie. \u010ci u\u017e ste v pr\u00e1ci alebo sa venujete fyzickej aktivite, poskytne v\u00e1m spo\u013eahliv\u00fa ochranu, tak\u017ee sa m\u00f4\u017eete vr\u00e1ti\u0165 k \u017eivotu bez ob\u00e1v o svoje prsty! Spokojn\u00ed z\u00e1kazn\u00edci ho ozna\u010dili za z\u00e1zra\u010dn\u00e9 rie\u0161enie hallux valgus, preto si nenechajte ujs\u0165 t\u00fato neuverite\u013en\u00fa pr\u00edle\u017eitos\u0165 prevzia\u0165 kontrolu nad svoj\u00edm zdrav\u00edm e\u0161te dnes &#8211; vysk\u00fa\u0161ajte Valgus 2 in 1 e\u0161te dnes!<\/p>\n","protected":false},"excerpt":{"rendered":"<p>Valgus 2 in 1 odstra\u0148uje hallux valgus a podobn\u00e9 stavy. K\u00fapi\u0165 Valgus 2 in 1 v Slovenskej Republike za v\u00fdhodn\u00fa cenu. Cena. Hodnotenie. Kde k\u00fapi\u0165. Doru\u010denie na celom Slovensku: Bansk\u00e1 Bystrica, Nitra, \u017dilina, Pre\u0161ov, Ko\u0161ice, Bratislava, Zvolen, Prievidza, Poprad, Martin, Tren\u010d\u00edn, Trnava, Brezno, Senec a Hlohovec. Kontraindik\u00e1cie, Ako si tovar vzia\u0165, Indik\u00e1cie pre pou\u017eitie. K\u00fapte si Valgus 2 in 1 online.<\/p>\n","protected":false},"featured_media":6734,"comment_status":"open","ping_status":"closed","template":"","meta":{"site-sidebar-layout":"default","site-content-layout":"default","ast-site-content-layout":"default","site-content-style":"default","site-sidebar-style":"default","ast-global-header-display":"","ast-banner-title-visibility":"","ast-main-header-display":"","ast-hfb-above-header-display":"","ast-hfb-below-header-display":"","ast-hfb-mobile-header-display":"","site-post-title":"","ast-breadcrumbs-content":"","ast-featured-img":"","footer-sml-layout":"","ast-disable-related-posts":"","theme-transparent-header-meta":"default","adv-header-id-meta":"","stick-header-meta":"","header-above-stick-meta":"","header-main-stick-meta":"","header-below-stick-meta":"","astra-migrate-meta-layouts":"default","ast-page-background-enabled":"default","ast-page-background-meta":{"desktop":{"background-color":"","background-image":"","background-repeat":"repeat","background-position":"center center","background-size":"auto","background-attachment":"scroll","background-type":"","background-media":"","overlay-type":"","overlay-color":"","overlay-opacity":"","overlay-gradient":""},"tablet":{"background-color":"","background-image":"","background-repeat":"repeat","background-position":"center center","background-size":"auto","background-attachment":"scroll","background-type":"","background-media":"","overlay-type":"","overlay-color":"","overlay-opacity":"","overlay-gradient":""},"mobile":{"background-color":"","background-image":"","background-repeat":"repeat","background-position":"center center","background-size":"auto","background-attachment":"scroll","background-type":"","background-media":"","overlay-type":"","overlay-color":"","overlay-opacity":"","overlay-gradient":""}},"ast-content-background-meta":{"desktop":{"background-color":"var(--ast-global-color-5)","background-image":"","background-repeat":"repeat","background-position":"center center","background-size":"auto","background-attachment":"scroll","background-type":"","background-media":"","overlay-type":"","overlay-color":"","overlay-opacity":"","overlay-gradient":""},"tablet":{"background-color":"var(--ast-global-color-5)","background-image":"","background-repeat":"repeat","background-position":"center center","background-size":"auto","background-attachment":"scroll","background-type":"","background-media":"","overlay-type":"","overlay-color":"","overlay-opacity":"","overlay-gradient":""},"mobile":{"background-color":"var(--ast-global-color-5)","background-image":"","background-repeat":"repeat","background-position":"center center","background-size":"auto","background-attachment":"scroll","background-type":"","background-media":"","overlay-type":"","overlay-color":"","overlay-opacity":"","overlay-gradient":""}}},"product_brand":[],"product_cat":[41],"product_tag":[],"class_list":{"0":"post-6578","1":"product","2":"type-product","3":"status-publish","4":"has-post-thumbnail","6":"product_cat-produkty-pre-zdravie","7":"desktop-align-left","8":"tablet-align-left","9":"mobile-align-left","11":"first","12":"instock","13":"sale","14":"taxable","15":"shipping-taxable","16":"purchasable","17":"product-type-simple"},"_links":{"self":[{"href":"https:\/\/wellness4you.cz\/sk\/wp-json\/wp\/v2\/product\/6578","targetHints":{"allow":["GET"]}}],"collection":[{"href":"https:\/\/wellness4you.cz\/sk\/wp-json\/wp\/v2\/product"}],"about":[{"href":"https:\/\/wellness4you.cz\/sk\/wp-json\/wp\/v2\/types\/product"}],"replies":[{"embeddable":true,"href":"https:\/\/wellness4you.cz\/sk\/wp-json\/wp\/v2\/comments?post=6578"}],"wp:featuredmedia":[{"embeddable":true,"href":"https:\/\/wellness4you.cz\/sk\/wp-json\/wp\/v2\/media\/6734"}],"wp:attachment":[{"href":"https:\/\/wellness4you.cz\/sk\/wp-json\/wp\/v2\/media?parent=6578"}],"wp:term":[{"taxonomy":"product_brand","embeddable":true,"href":"https:\/\/wellness4you.cz\/sk\/wp-json\/wp\/v2\/product_brand?post=6578"},{"taxonomy":"product_cat","embeddable":true,"href":"https:\/\/wellness4you.cz\/sk\/wp-json\/wp\/v2\/product_cat?post=6578"},{"taxonomy":"product_tag","embeddable":true,"href":"https:\/\/wellness4you.cz\/sk\/wp-json\/wp\/v2\/product_tag?post=6578"}],"curies":[{"name":"wp","href":"https:\/\/api.w.org\/{rel}","templated":true}]}}