{"id":6577,"date":"2023-01-15T04:11:40","date_gmt":"2023-01-15T03:11:40","guid":{"rendered":"https:\/\/wellness4you.cz\/sk\/?post_type=product&#038;p=6577"},"modified":"2026-01-08T22:52:33","modified_gmt":"2026-01-08T21:52:33","slug":"toxic-off","status":"publish","type":"product","link":"https:\/\/wellness4you.cz\/sk\/toxic-off\/","title":{"rendered":"Toxic OFF"},"content":{"rendered":"<h2>Ste unaven\u00ed z pocitu, \u017ee zdravie v\u00e1\u0161ho tela ide dole vodou?<\/h2>\n<p>H\u013ead\u00e1te sp\u00f4sob, ako obnovi\u0165 svoje org\u00e1ny bez nepr\u00edjemn\u00fdch ved\u013eaj\u0161\u00edch \u00fa\u010dinkov? M\u00e1te \u0161\u0165astie! Toxic OFF, starostlivo vytvoren\u00fd z pr\u00edrodn\u00fdch zlo\u017eiek, v\u00e1m pom\u00f4\u017ee detoxikova\u0165 va\u0161e org\u00e1ny a vr\u00e1ti\u0165 ich do p\u00f4vodn\u00e9ho stavu.<\/p>\n<p>\u00da\u010dinn\u00e9 zlo\u017eky s\u00fa klinicky testovan\u00e9 a preuk\u00e1zate\u013ene obnovuj\u00fa funk\u010dnos\u0165 va\u0161ej pe\u010dene a obli\u010diek. Navy\u0161e, preto\u017ee je bezpe\u010dn\u00fd pre \u013eud\u00ed zo v\u0161etk\u00fdch spolo\u010densk\u00fdch vrstiev, nemus\u00edte sa ob\u00e1va\u0165, \u017ee by ste za\u017eili nejak\u00e9 nepredv\u00eddan\u00e9 reakcie. T\u00fdm, \u017ee zostanete bez tox\u00ednov s Toxic Off, budete si m\u00f4c\u0165 u\u017e\u00edva\u0165 aj zlep\u0161en\u00e9 metabolick\u00e9 procesy a plynulej\u0161ie tr\u00e1venie. Okrem toho sa zvy\u0161uje produkcia interfer\u00f3nu, ktor\u00fd pom\u00e1ha budova\u0165 odolnos\u0165 imunitn\u00e9ho syst\u00e9mu a udr\u017euje va\u0161e telo v lep\u0161om stave ako kedyko\u013evek predt\u00fdm!<\/p>\n<p>U\u017e sa nebudete musie\u0165 zmieri\u0165 s pocitom vy\u010derpanosti &#8211; tu nie s\u00fa potrebn\u00e9 zd\u013ahav\u00e9 re\u017eimy ani pochybn\u00e9 produkty. Sta\u010d\u00ed p\u00e1r kvapiek denne, aby ste sa v okamihu c\u00edtili revitalizovan\u00ed a zdrav\u0161\u00ed! Tak na \u010do e\u0161te \u010dak\u00e1te? Vyu\u017eite dlhodob\u00e9 zdravotn\u00e9 v\u00fdhody, ktor\u00e9 Toxic OFF poskytuje u\u017e teraz!<\/p>\n<h2>Predstavujeme Toxic OFF &#8211; rie\u0161enie na odstr\u00e1nenie nahromaden\u00fdch toxick\u00fdch l\u00e1tok vo va\u0161om tele.<\/h2>\n<p>V dne\u0161nom svete sme neust\u00e1le vystaven\u00ed tox\u00ednom a \u0161kodliv\u00fdm l\u00e1tkam, ktor\u00e9 m\u00f4\u017eu sp\u00f4sobi\u0165, \u017ee sa budeme c\u00edti\u0165 pod psa. Teraz v\u0161ak u\u017e nemus\u00edte trpie\u0165 v tichosti!<\/p>\n<p>S Toxic OFF m\u00f4\u017eete kone\u010dne ochr\u00e1ni\u0165 svoje telo pred \u00fa\u010dinkami toxick\u00e9ho pre\u0165a\u017eenia bez toho, aby ste museli obetova\u0165 kvalitu alebo bezpe\u010dnos\u0165. Na\u0161a pokro\u010dil\u00e1 recept\u00fara je \u0161peci\u00e1lne navrhnut\u00e1 tak, aby pom\u00e1hala prirodzene bojova\u0165 proti ne\u017eiaducemu hromadeniu tox\u00ednov a poskytla cel\u00e9mu v\u00e1\u0161mu telu v\u0161estrann\u00fa podporu zdravia.<\/p>\n<p>Toxic OFF sa \u013eahko u\u017e\u00edva a pon\u00faka mnoho v\u00fdhod &#8211; vr\u00e1tane lep\u0161ieho tr\u00e1venia, silnej\u0161ej imunity, udr\u017eate\u013enej hladiny energie po\u010das cel\u00e9ho d\u0148a. Navy\u0161e obsahuje len pr\u00edrodn\u00e9 zlo\u017eky bez umel\u00fdch plnidiel a konzerva\u010dn\u00fdch l\u00e1tok. Ak sa teda chcete uisti\u0165, \u017ee ne\u017eiaduce nahromaden\u00e9 tox\u00edny stratia vplyv na va\u0161u pohodu, nepotrebujete \u017eiadne r\u00fdchle rie\u0161enia ani drsn\u00e9 chemik\u00e1lie!<\/p>\n<p>Prevezmite zodpovednos\u0165 za svoje zdravie e\u0161te dnes s Toxic OFF a u\u017e nikdy sa neob\u00e1vajte vystavenia tox\u00ednom z prostredia! S t\u00fdmto \u00fa\u010dinn\u00fdm v\u00fd\u017eivov\u00fdm doplnkom po svojom boku m\u00f4\u017eete kone\u010dne prevzia\u0165 sp\u00e4\u0165 kontrolu nad svoj\u00edm \u017eivotom a za\u010da\u0165 \u017ei\u0165 \u0161\u0165astnej\u0161ie a zdrav\u0161ie dni!<\/p>\n","protected":false},"excerpt":{"rendered":"<p>Toxic OFF &#8211; rie\u0161enie na odstr\u00e1nenie nahromaden\u00fdch toxick\u00fdch l\u00e1tok vo va\u0161om tele. K\u00fapi\u0165 Toxic OFF v Slovenskej Republike za v\u00fdhodn\u00fa cenu. Hodnotenie. Kde k\u00fapi\u0165. Cena. Doru\u010denie na celom Slovensku: Nitra, \u017dilina, Pre\u0161ov, Ko\u0161ice, Bratislava, Zvolen, Prievidza, Poprad, Martin, Tren\u010d\u00edn, Trnava, Bansk\u00e1 Bystrica, Senec, Hlohovec a \u0160a\u013ea. Ako si tovar vzia\u0165, Indik\u00e1cie pre pou\u017eitie, Kontraindik\u00e1cie. K\u00fapte si Toxic OFF online.<\/p>\n","protected":false},"featured_media":6732,"comment_status":"open","ping_status":"closed","template":"","meta":{"site-sidebar-layout":"default","site-content-layout":"default","ast-site-content-layout":"default","site-content-style":"default","site-sidebar-style":"default","ast-global-header-display":"","ast-banner-title-visibility":"","ast-main-header-display":"","ast-hfb-above-header-display":"","ast-hfb-below-header-display":"","ast-hfb-mobile-header-display":"","site-post-title":"","ast-breadcrumbs-content":"","ast-featured-img":"","footer-sml-layout":"","ast-disable-related-posts":"","theme-transparent-header-meta":"default","adv-header-id-meta":"","stick-header-meta":"","header-above-stick-meta":"","header-main-stick-meta":"","header-below-stick-meta":"","astra-migrate-meta-layouts":"default","ast-page-background-enabled":"default","ast-page-background-meta":{"desktop":{"background-color":"","background-image":"","background-repeat":"repeat","background-position":"center center","background-size":"auto","background-attachment":"scroll","background-type":"","background-media":"","overlay-type":"","overlay-color":"","overlay-opacity":"","overlay-gradient":""},"tablet":{"background-color":"","background-image":"","background-repeat":"repeat","background-position":"center center","background-size":"auto","background-attachment":"scroll","background-type":"","background-media":"","overlay-type":"","overlay-color":"","overlay-opacity":"","overlay-gradient":""},"mobile":{"background-color":"","background-image":"","background-repeat":"repeat","background-position":"center center","background-size":"auto","background-attachment":"scroll","background-type":"","background-media":"","overlay-type":"","overlay-color":"","overlay-opacity":"","overlay-gradient":""}},"ast-content-background-meta":{"desktop":{"background-color":"var(--ast-global-color-5)","background-image":"","background-repeat":"repeat","background-position":"center center","background-size":"auto","background-attachment":"scroll","background-type":"","background-media":"","overlay-type":"","overlay-color":"","overlay-opacity":"","overlay-gradient":""},"tablet":{"background-color":"var(--ast-global-color-5)","background-image":"","background-repeat":"repeat","background-position":"center center","background-size":"auto","background-attachment":"scroll","background-type":"","background-media":"","overlay-type":"","overlay-color":"","overlay-opacity":"","overlay-gradient":""},"mobile":{"background-color":"var(--ast-global-color-5)","background-image":"","background-repeat":"repeat","background-position":"center center","background-size":"auto","background-attachment":"scroll","background-type":"","background-media":"","overlay-type":"","overlay-color":"","overlay-opacity":"","overlay-gradient":""}}},"product_brand":[],"product_cat":[41],"product_tag":[],"class_list":{"0":"post-6577","1":"product","2":"type-product","3":"status-publish","4":"has-post-thumbnail","6":"product_cat-produkty-pre-zdravie","7":"desktop-align-left","8":"tablet-align-left","9":"mobile-align-left","11":"first","12":"instock","13":"sale","14":"taxable","15":"shipping-taxable","16":"purchasable","17":"product-type-simple"},"_links":{"self":[{"href":"https:\/\/wellness4you.cz\/sk\/wp-json\/wp\/v2\/product\/6577","targetHints":{"allow":["GET"]}}],"collection":[{"href":"https:\/\/wellness4you.cz\/sk\/wp-json\/wp\/v2\/product"}],"about":[{"href":"https:\/\/wellness4you.cz\/sk\/wp-json\/wp\/v2\/types\/product"}],"replies":[{"embeddable":true,"href":"https:\/\/wellness4you.cz\/sk\/wp-json\/wp\/v2\/comments?post=6577"}],"wp:featuredmedia":[{"embeddable":true,"href":"https:\/\/wellness4you.cz\/sk\/wp-json\/wp\/v2\/media\/6732"}],"wp:attachment":[{"href":"https:\/\/wellness4you.cz\/sk\/wp-json\/wp\/v2\/media?parent=6577"}],"wp:term":[{"taxonomy":"product_brand","embeddable":true,"href":"https:\/\/wellness4you.cz\/sk\/wp-json\/wp\/v2\/product_brand?post=6577"},{"taxonomy":"product_cat","embeddable":true,"href":"https:\/\/wellness4you.cz\/sk\/wp-json\/wp\/v2\/product_cat?post=6577"},{"taxonomy":"product_tag","embeddable":true,"href":"https:\/\/wellness4you.cz\/sk\/wp-json\/wp\/v2\/product_tag?post=6577"}],"curies":[{"name":"wp","href":"https:\/\/api.w.org\/{rel}","templated":true}]}}