{"id":6575,"date":"2023-01-15T04:11:40","date_gmt":"2023-01-15T03:11:40","guid":{"rendered":"https:\/\/wellness4you.cz\/sk\/?post_type=product&#038;p=6575"},"modified":"2026-01-08T22:52:33","modified_gmt":"2026-01-08T21:52:33","slug":"rhinofix","status":"publish","type":"product","link":"https:\/\/wellness4you.cz\/sk\/rhinofix\/","title":{"rendered":"Rhinofix"},"content":{"rendered":"<h2>Inovat\u00edvny v\u00fdrobok, ktor\u00fd v\u00e1m zmen\u00ed \u017eivot.<\/h2>\n<p>RhinoFix je zariadenie, ktor\u00e9 m\u00e1 sl\u00fa\u017ei\u0165 na prirodzen\u00e9 z\u00fa\u017eenie \u0161pi\u010dky a str\u00e1n nosa. A pre\u010do pr\u00e1ve RhinoFix? Umo\u017e\u0148uje v\u00e1m vyhn\u00fa\u0165 sa n\u00e1kladnej a riskantnej oper\u00e1cii nosa.<\/p>\n<p>To je meno, ktor\u00e9 zaru\u010dene o\u010dar\u00ed v\u0161etk\u00fdch, ktor\u00ed sn\u00edvaj\u00fa o dokonalom nose. Jeho v\u00fdrobca tvrd\u00ed, \u017ee je to alternat\u00edva k plastick\u00fdm oper\u00e1ci\u00e1m a kozmetick\u00fdm z\u00e1krokom.<\/p>\n<p>Ako toto \u010darovn\u00e9 zariadenie funguje? Je to jednoduch\u0161ie, ako si mysl\u00edte. Je vyroben\u00fd z m\u00e4kk\u00e9ho a pru\u017en\u00e9ho materi\u00e1lu, ktor\u00fd sa prisp\u00f4sob\u00ed tvaru v\u00e1\u0161ho nosa. Po nasaden\u00ed na nos a pravidelnom pou\u017e\u00edvan\u00ed, RhinoFix zvy\u0161uje nap\u00e4tie a t\u00fdm postupne upravuje tvar nosa.<\/p>\n<h2>RhinoFix je alternat\u00edvou k chirurgick\u00fdm z\u00e1krokom.<\/h2>\n<p>T\u00fdm p\u00e1dom si m\u00f4\u017eete by\u0165 ist\u00ed, \u017ee u\u0161etr\u00edte tis\u00edce eur, ktor\u00e9 by ste inak minuli na oper\u00e1ciu. Okrem toho nebudete musie\u0165 \u010deli\u0165 bolesti, ktor\u00e1 je spojen\u00e1 s chirurgick\u00fdm z\u00e1krokom. Nezabudnite, \u017ee RhinoFix je \u00faplne neinvaz\u00edvne rie\u0161enie!<\/p>\n<p>Pou\u017e\u00edvanie RhinoFixu nie je len o tom, ako vyzera\u0165 lep\u0161ie. Je to aj o sebavedom\u00ed a pocite spokojnosti s vlastn\u00fdm vzh\u013eadom. A veru, pre\u010do by sme si nemali dopria\u0165 zmenu, ktor\u00e1 n\u00e1s urob\u00ed \u0161\u0165astnej\u0161\u00edmi? RhinoFix je pre v\u00e1s, pre m\u0148a, pre ka\u017ed\u00e9ho, kto chce \u017eiari\u0165 kr\u00e1sou a sebavedom\u00edm.<\/p>\n<p>Preto nev\u00e1hajte a za\u010dnite p\u00edsa\u0165 svoj pr\u00edbeh s RhinoFixom! Ke\u010f ho budete pou\u017e\u00edva\u0165, budete sa c\u00edti\u0165 ako v sedmom nebi, preto\u017ee uvid\u00edte, ako sa v\u00e1\u0161 nos postupne men\u00ed. A nezabudnite, v\u017edy je lep\u0161ie vybra\u0165 prirodzen\u00fd sp\u00f4sob, ako sa c\u00edti\u0165 kr\u00e1sne a sebavedome.<\/p>\n","protected":false},"excerpt":{"rendered":"<p>RhinoFix je zariadenie, ktor\u00e9 m\u00e1 sl\u00fa\u017ei\u0165 na prirodzen\u00e9 z\u00fa\u017eenie \u0161pi\u010dky a str\u00e1n nosa. K\u00fapi\u0165 Rhinofix v Slovenskej Republike za v\u00fdhodn\u00fa cenu. Cena. Hodnotenie. Kde k\u00fapi\u0165. Doru\u010denie na celom Slovensku: Pre\u0161ov, Ko\u0161ice, Bratislava, Zvolen, Prievidza, Poprad, Martin, Tren\u010d\u00edn, Trnava, Bansk\u00e1 Bystrica, Nitra, \u017dilina, \u0160a\u013ea, Vranov nad Top\u013eou a Partiz\u00e1nske. Kontraindik\u00e1cie, Ako si tovar vzia\u0165, Indik\u00e1cie pre pou\u017eitie. K\u00fapte si Rhinofix online.<\/p>\n","protected":false},"featured_media":6728,"comment_status":"open","ping_status":"closed","template":"","meta":{"site-sidebar-layout":"default","site-content-layout":"default","ast-site-content-layout":"default","site-content-style":"default","site-sidebar-style":"default","ast-global-header-display":"","ast-banner-title-visibility":"","ast-main-header-display":"","ast-hfb-above-header-display":"","ast-hfb-below-header-display":"","ast-hfb-mobile-header-display":"","site-post-title":"","ast-breadcrumbs-content":"","ast-featured-img":"","footer-sml-layout":"","ast-disable-related-posts":"","theme-transparent-header-meta":"default","adv-header-id-meta":"","stick-header-meta":"","header-above-stick-meta":"","header-main-stick-meta":"","header-below-stick-meta":"","astra-migrate-meta-layouts":"set","ast-page-background-enabled":"default","ast-page-background-meta":{"desktop":{"background-color":"","background-image":"","background-repeat":"repeat","background-position":"center center","background-size":"auto","background-attachment":"scroll","background-type":"","background-media":"","overlay-type":"","overlay-color":"","overlay-opacity":"","overlay-gradient":""},"tablet":{"background-color":"","background-image":"","background-repeat":"repeat","background-position":"center center","background-size":"auto","background-attachment":"scroll","background-type":"","background-media":"","overlay-type":"","overlay-color":"","overlay-opacity":"","overlay-gradient":""},"mobile":{"background-color":"","background-image":"","background-repeat":"repeat","background-position":"center center","background-size":"auto","background-attachment":"scroll","background-type":"","background-media":"","overlay-type":"","overlay-color":"","overlay-opacity":"","overlay-gradient":""}},"ast-content-background-meta":{"desktop":{"background-color":"var(--ast-global-color-5)","background-image":"","background-repeat":"repeat","background-position":"center center","background-size":"auto","background-attachment":"scroll","background-type":"","background-media":"","overlay-type":"","overlay-color":"","overlay-opacity":"","overlay-gradient":""},"tablet":{"background-color":"var(--ast-global-color-5)","background-image":"","background-repeat":"repeat","background-position":"center center","background-size":"auto","background-attachment":"scroll","background-type":"","background-media":"","overlay-type":"","overlay-color":"","overlay-opacity":"","overlay-gradient":""},"mobile":{"background-color":"var(--ast-global-color-5)","background-image":"","background-repeat":"repeat","background-position":"center center","background-size":"auto","background-attachment":"scroll","background-type":"","background-media":"","overlay-type":"","overlay-color":"","overlay-opacity":"","overlay-gradient":""}}},"product_brand":[],"product_cat":[41],"product_tag":[],"class_list":{"0":"post-6575","1":"product","2":"type-product","3":"status-publish","4":"has-post-thumbnail","6":"product_cat-produkty-pre-zdravie","7":"desktop-align-left","8":"tablet-align-left","9":"mobile-align-left","11":"first","12":"instock","13":"sale","14":"taxable","15":"shipping-taxable","16":"purchasable","17":"product-type-simple"},"_links":{"self":[{"href":"https:\/\/wellness4you.cz\/sk\/wp-json\/wp\/v2\/product\/6575","targetHints":{"allow":["GET"]}}],"collection":[{"href":"https:\/\/wellness4you.cz\/sk\/wp-json\/wp\/v2\/product"}],"about":[{"href":"https:\/\/wellness4you.cz\/sk\/wp-json\/wp\/v2\/types\/product"}],"replies":[{"embeddable":true,"href":"https:\/\/wellness4you.cz\/sk\/wp-json\/wp\/v2\/comments?post=6575"}],"wp:featuredmedia":[{"embeddable":true,"href":"https:\/\/wellness4you.cz\/sk\/wp-json\/wp\/v2\/media\/6728"}],"wp:attachment":[{"href":"https:\/\/wellness4you.cz\/sk\/wp-json\/wp\/v2\/media?parent=6575"}],"wp:term":[{"taxonomy":"product_brand","embeddable":true,"href":"https:\/\/wellness4you.cz\/sk\/wp-json\/wp\/v2\/product_brand?post=6575"},{"taxonomy":"product_cat","embeddable":true,"href":"https:\/\/wellness4you.cz\/sk\/wp-json\/wp\/v2\/product_cat?post=6575"},{"taxonomy":"product_tag","embeddable":true,"href":"https:\/\/wellness4you.cz\/sk\/wp-json\/wp\/v2\/product_tag?post=6575"}],"curies":[{"name":"wp","href":"https:\/\/api.w.org\/{rel}","templated":true}]}}