{"id":6574,"date":"2023-01-15T04:11:39","date_gmt":"2023-01-15T03:11:39","guid":{"rendered":"https:\/\/wellness4you.cz\/sk\/?post_type=product&#038;p=6574"},"modified":"2026-01-08T22:52:33","modified_gmt":"2026-01-08T21:52:33","slug":"rhino-correct","status":"publish","type":"product","link":"https:\/\/wellness4you.cz\/sk\/rhino-correct\/","title":{"rendered":"Rhino-Correct"},"content":{"rendered":"<h2>Predstavujeme Rhino-correct!<\/h2>\n<p>Korek\u010dn\u00fd produkt, ktor\u00fd v\u00e1m pom\u00f4\u017ee dosiahnu\u0165 symetrickej\u0161\u00ed a estetickej\u0161\u00ed nos. Rozl\u00fa\u010dte sa s kriv\u00fdmi, nerovn\u00fdmi nosmi a komplikovan\u00fdmi a n\u00e1kladn\u00fdmi oper\u00e1ciami. Teraz m\u00f4\u017eete jednoducho, bezbolestne a hlavne okam\u017eite korigova\u0165 v\u0161etky nepriazniv\u00e9 atrib\u00faty svojho nosa pomocou jedin\u00e9ho zariadenia.<\/p>\n<p>Klip Rhinocorrect je \u00faplne ne\u0161kodn\u00fd a nechirurgick\u00fd syst\u00e9m, ktor\u00fd je rokmi overen\u00fd a pon\u00faka vidite\u013ene lep\u0161ie v\u00fdsledky v priebehu nieko\u013ek\u00fdch min\u00fat. Sta\u010d\u00ed umiestni\u0165 klip na obe strany nosa a potom ho nieko\u013eko t\u00fd\u017ed\u0148ov jemne stl\u00e1\u010da\u0165 k sebe po\u017eadovan\u00fdm pevn\u00fdm tlakom, aby ste z\u00edskali po\u017eadovan\u00fd tvar bez ak\u00fdchko\u013evek invaz\u00edvnych met\u00f3d alebo nepohodlia. \u00da\u010dinky s\u00fa prekvapivo p\u00f4sobiv\u00e9 &#8211; poskytuj\u00fa symetriu a \u0161trukt\u00faru na vytvorenie rovnej\u0161ieho a vyv\u00e1\u017eenej\u0161ieho vzh\u013eadu, ktor\u00fd v kone\u010dnom d\u00f4sledku zv\u00fdrazn\u00ed va\u0161e \u010drty!<\/p>\n<h2>Tak pre\u010do \u010daka\u0165?<\/h2>\n<p>S Rhino-correct u\u017e nemus\u00edte zn\u00e1\u0161a\u0165 dlh\u00e9 \u010dakanie v ordin\u00e1cii dermatol\u00f3ga ani za\u010da\u0165 \u0161etri\u0165 peniaze na n\u00e1kladn\u00e9 lek\u00e1rske z\u00e1kroky; tento pohodln\u00fd produkt je v s\u00fa\u010dasnosti dostupn\u00fd za prijate\u013en\u00fa cenu. Za\u010dnite \u017ei\u0165 svoju vysn\u00edvan\u00fa verziu seba sam\u00e9ho hne\u010f s klipom na korekciu nosa, ktor\u00fd nezruinuje banku ani nepo\u0161kod\u00ed va\u0161u poko\u017eku. Vieme, \u017ee s v\u00fdsledkami budete spokojn\u00ed, preto u\u017e ne\u010dakajte! Zaobstarajte si Rhino-correct e\u0161te dnes!<\/p>\n<p>Za\u017eite v\u00fdrazne vylep\u0161en\u00e9 \u010drty, ako je rovnej\u0161\u00ed most\u00edk, zdokonalen\u00e1 \u0161pi\u010dka a v\u00fdraznej\u0161ie kont\u00fary. N\u00e1\u0161 v\u00fdrobok tie\u017e pom\u00e1ha korigova\u0165 nerovn\u00fd most\u00edk alebo in\u00e9 deform\u00e1cie, ktor\u00e9 m\u00f4\u017eu ubera\u0165 na celkovej kr\u00e1se tv\u00e1re. V\u0161etko je to o sebavedom\u00ed!<\/p>\n<p>Rhino-correct sa tak \u013eahko a pohodlne pou\u017e\u00edva; je dostato\u010dne mal\u00fd, aby sa zmestil do vrecka. V\u010faka mal\u00e9mu, ale v\u00fdkonn\u00e9mu silik\u00f3nov\u00e9mu v\u00fdlisku je n\u00e1\u0161 v\u00fdrobok jemn\u00fd a pohodln\u00fd, pri\u010dom zabezpe\u010duje dobr\u00e9 uchopenie pri korekcii nosa. Je vyroben\u00fd z kvalitn\u00fdch materi\u00e1lov, v\u010faka \u010domu je vysoko odoln\u00fd a m\u00e1 dlh\u00fa \u017eivotnos\u0165. S na\u0161\u00edm v\u00fdrobkom nebola \u00faprava nikdy jednoduch\u0161ia; sta\u010d\u00ed ho pou\u017e\u00edva\u0165 raz denne po dobu 15 min\u00fat a posuniete sa na ceste k dosiahnutiu dokonal\u00e9ho tvaru, po ktorom t\u00fa\u017eite!<\/p>\n<p>Pre\u010do si teda vybra\u0165 Rhino-Correct? Z\u00edskate v\u00fdnimo\u010dn\u00e9 v\u00fdsledky bez toho, aby ste museli str\u00e1vi\u0165 hodiny v ordin\u00e1cii lek\u00e1ra alebo podst\u00fapi\u0165 chirurgick\u00fd z\u00e1krok &#8211; a navy\u0161e pri tom u\u0161etr\u00edte peniaze.<\/p>\n","protected":false},"excerpt":{"rendered":"<p>Rhino-correct korek\u010dn\u00fd produkt, ktor\u00fd v\u00e1m pom\u00f4\u017ee dosiahnu\u0165 symetrickej\u0161\u00ed a estetickej\u0161\u00ed nos. K\u00fapi\u0165 Rhino-correct v Slovenskej Republike za v\u00fdhodn\u00fa cenu. Hodnotenie. Kde k\u00fapi\u0165. Cena. Doru\u010denie na celom Slovensku: Ko\u0161ice, Bratislava, Zvolen, Prievidza, Poprad, Martin, Tren\u010d\u00edn, Trnava, Bansk\u00e1 Bystrica, Nitra, \u017dilina, Pre\u0161ov, Vranov nad Top\u013eou, Partiz\u00e1nske a Rimavsk\u00e1 Sobota. Indik\u00e1cie pre pou\u017eitie, Kontraindik\u00e1cie, Ako si tovar vzia\u0165. K\u00fapte si Rhino-correct online.<\/p>\n","protected":false},"featured_media":6726,"comment_status":"open","ping_status":"closed","template":"","meta":{"site-sidebar-layout":"default","site-content-layout":"default","ast-site-content-layout":"default","site-content-style":"default","site-sidebar-style":"default","ast-global-header-display":"","ast-banner-title-visibility":"","ast-main-header-display":"","ast-hfb-above-header-display":"","ast-hfb-below-header-display":"","ast-hfb-mobile-header-display":"","site-post-title":"","ast-breadcrumbs-content":"","ast-featured-img":"","footer-sml-layout":"","ast-disable-related-posts":"","theme-transparent-header-meta":"default","adv-header-id-meta":"","stick-header-meta":"","header-above-stick-meta":"","header-main-stick-meta":"","header-below-stick-meta":"","astra-migrate-meta-layouts":"set","ast-page-background-enabled":"default","ast-page-background-meta":{"desktop":{"background-color":"","background-image":"","background-repeat":"repeat","background-position":"center center","background-size":"auto","background-attachment":"scroll","background-type":"","background-media":"","overlay-type":"","overlay-color":"","overlay-opacity":"","overlay-gradient":""},"tablet":{"background-color":"","background-image":"","background-repeat":"repeat","background-position":"center center","background-size":"auto","background-attachment":"scroll","background-type":"","background-media":"","overlay-type":"","overlay-color":"","overlay-opacity":"","overlay-gradient":""},"mobile":{"background-color":"","background-image":"","background-repeat":"repeat","background-position":"center center","background-size":"auto","background-attachment":"scroll","background-type":"","background-media":"","overlay-type":"","overlay-color":"","overlay-opacity":"","overlay-gradient":""}},"ast-content-background-meta":{"desktop":{"background-color":"var(--ast-global-color-5)","background-image":"","background-repeat":"repeat","background-position":"center center","background-size":"auto","background-attachment":"scroll","background-type":"","background-media":"","overlay-type":"","overlay-color":"","overlay-opacity":"","overlay-gradient":""},"tablet":{"background-color":"var(--ast-global-color-5)","background-image":"","background-repeat":"repeat","background-position":"center center","background-size":"auto","background-attachment":"scroll","background-type":"","background-media":"","overlay-type":"","overlay-color":"","overlay-opacity":"","overlay-gradient":""},"mobile":{"background-color":"var(--ast-global-color-5)","background-image":"","background-repeat":"repeat","background-position":"center center","background-size":"auto","background-attachment":"scroll","background-type":"","background-media":"","overlay-type":"","overlay-color":"","overlay-opacity":"","overlay-gradient":""}}},"product_brand":[],"product_cat":[41],"product_tag":[],"class_list":{"0":"post-6574","1":"product","2":"type-product","3":"status-publish","4":"has-post-thumbnail","6":"product_cat-produkty-pre-zdravie","7":"desktop-align-left","8":"tablet-align-left","9":"mobile-align-left","11":"first","12":"instock","13":"sale","14":"taxable","15":"shipping-taxable","16":"purchasable","17":"product-type-simple"},"_links":{"self":[{"href":"https:\/\/wellness4you.cz\/sk\/wp-json\/wp\/v2\/product\/6574","targetHints":{"allow":["GET"]}}],"collection":[{"href":"https:\/\/wellness4you.cz\/sk\/wp-json\/wp\/v2\/product"}],"about":[{"href":"https:\/\/wellness4you.cz\/sk\/wp-json\/wp\/v2\/types\/product"}],"replies":[{"embeddable":true,"href":"https:\/\/wellness4you.cz\/sk\/wp-json\/wp\/v2\/comments?post=6574"}],"wp:featuredmedia":[{"embeddable":true,"href":"https:\/\/wellness4you.cz\/sk\/wp-json\/wp\/v2\/media\/6726"}],"wp:attachment":[{"href":"https:\/\/wellness4you.cz\/sk\/wp-json\/wp\/v2\/media?parent=6574"}],"wp:term":[{"taxonomy":"product_brand","embeddable":true,"href":"https:\/\/wellness4you.cz\/sk\/wp-json\/wp\/v2\/product_brand?post=6574"},{"taxonomy":"product_cat","embeddable":true,"href":"https:\/\/wellness4you.cz\/sk\/wp-json\/wp\/v2\/product_cat?post=6574"},{"taxonomy":"product_tag","embeddable":true,"href":"https:\/\/wellness4you.cz\/sk\/wp-json\/wp\/v2\/product_tag?post=6574"}],"curies":[{"name":"wp","href":"https:\/\/api.w.org\/{rel}","templated":true}]}}