{"id":6573,"date":"2023-01-15T04:11:38","date_gmt":"2023-01-15T03:11:38","guid":{"rendered":"https:\/\/wellness4you.cz\/sk\/?post_type=product&#038;p=6573"},"modified":"2026-05-16T21:11:28","modified_gmt":"2026-05-16T19:11:28","slug":"rhino-gold-gel","status":"publish","type":"product","link":"https:\/\/wellness4you.cz\/sk\/rhino-gold-gel\/","title":{"rendered":"Rhino Gold Gel"},"content":{"rendered":"<h2>Ste pripraven\u00ed zmeni\u0165 svoj sexu\u00e1lny \u017eivot?<\/h2>\n<p>S g\u00e9lom Rhino Gold Gel u\u017e nemus\u00edte str\u00e1ca\u0165 \u010das pri sexe, ktor\u00fd v\u00e1s aj v\u00e1\u0161ho partnera \u00faplne uspokoj\u00ed. S t\u00fdmto revolu\u010dn\u00fdm g\u00e9lom m\u00f4\u017eu pou\u017e\u00edvatelia za\u017ei\u0165 pln\u0161iu, dlh\u0161ie trvaj\u00facu a tvrd\u0161iu erekciu ako kedyko\u013evek predt\u00fdm!<\/p>\n<p>Tento u\u017e\u00edvate\u013esky pr\u00edvetiv\u00fd lok\u00e1lny g\u00e9l p\u00f4sob\u00ed r\u00fdchlo a \u00fa\u010dinne, sta\u010d\u00ed mal\u00e9 mno\u017estvo aplikova\u0165 priamo na oblas\u0165 genit\u00e1li\u00ed. Okrem toho, \u017ee u v\u00e4\u010d\u0161iny mu\u017eov vyvol\u00e1va erekciu takmer okam\u017eite (do 10 min\u00fat), zvy\u0161uje aj citlivos\u0165 pre v\u00e4\u010d\u0161ie pote\u0161enie po\u010das sexu! Nielen\u017ee p\u00f4sob\u00ed r\u00fdchlo, ale jeho \u00fa\u010dinky pretrv\u00e1vaj\u00fa nieko\u013eko dn\u00ed pri nepretr\u017eitom pou\u017e\u00edvan\u00ed.<\/p>\n<p>Na rozdiel od in\u00fdch produktov na zv\u00fd\u0161enie erekcie na trhu je Rhino Gold Gel 100 % bezpe\u010dn\u00fd. V\u0161etky jeho zlo\u017eky s\u00fa pr\u00edrodn\u00e9 a s\u00fa navrhnut\u00e9 tak, aby uvo\u013enili svaly a tepny tam dole s cie\u013eom maximalizova\u0165 prietok krvi bez rizika ved\u013eaj\u0161\u00edch \u00fa\u010dinkov alebo liekov\u00fdch interakci\u00ed. Takto m\u00f4\u017eete s istotou dosiahnu\u0165 v\u00fdsledky tvrdej ako skala!<\/p>\n<p>Za\u017eite nesporne silnej\u0161iu erekciu pomocou g\u00e9lu Rhino Gold e\u0161te dnes! Ne\u010dakajte u\u017e ani sekundu &#8211; za\u010dnite si u\u017e\u00edva\u0165 svoj sexu\u00e1lny \u017eivot ako nikdy predt\u00fdm.<\/p>\n<h2>H\u013ead\u00e1te nie\u010do, \u010do by v\u00e1m pomohlo zlep\u0161i\u0165 va\u0161u hru v sp\u00e1lni? Neh\u013eadajte ni\u010d in\u00e9 ako g\u00e9l Rhino Gold Gel!<\/h2>\n<p>G\u00e9l Rhino Gold Gel, vyvinut\u00fd zo \u0161peci\u00e1lnej zmesi pr\u00edrodn\u00fdch zlo\u017eiek, v\u00e1m zaka\u017ed\u00fdm zaru\u010d\u00ed silnej\u0161iu, pln\u0161iu a v\u00fdkonnej\u0161iu erekciu. Prevezmite sp\u00e4\u0165 kontrolu nad svoj\u00edm v\u00fdkonom &#8211; s g\u00e9lom Rhino Gold Gel dosiahnete v\u00fdsledky, na ktor\u00e9 budete hrd\u00ed!<\/p>\n<p>Tento jedine\u010dn\u00fd a \u00faplne pr\u00edrodn\u00fd pr\u00edpravok na posilnenie mu\u017eskej sily sa \u013eahko pou\u017e\u00edva a je bezpe\u010dn\u00fd na ka\u017edodenn\u00e9 pou\u017e\u00edvanie. Jedin\u00e9, \u010do mus\u00edte urobi\u0165, je nanies\u0165 g\u00e9l lok\u00e1lne na penis kr\u00fa\u017eiv\u00fdmi pohybmi, vmas\u00edrova\u0165 ho a sledova\u0165, ako sa va\u0161a erekcia men\u00ed na silnej\u0161iu aj intenz\u00edvnej\u0161iu. Nie ste spokojn\u00ed s podpriemernou sexu\u00e1lnou v\u00fdkonnos\u0165ou? G\u00e9l Rhino Gold je navrhnut\u00fd tak, aby poskytoval priekopn\u00edcke rie\u0161enie pre ka\u017ed\u00e9ho, kto h\u013ead\u00e1 okam\u017eit\u00e9 aj dlhodob\u00e9 v\u00fdsledky!<\/p>\n<p>Spestrite si ka\u017ed\u00fd z\u00e1\u017eitok v sp\u00e1lni &#8211; pou\u017eitie g\u00e9lu Rhino Gold Gel len raz m\u00f4\u017ee znamena\u0165 ve\u013ek\u00fd rozdiel, ktor\u00fd zabezpe\u010d\u00ed, \u017ee sa budete c\u00edti\u0165 silnej\u0161\u00ed a pod\u00e1te lep\u0161\u00ed v\u00fdkon. Pre\u010do sa v\u0161ak uspokoji\u0165 s jednou nocou, ke\u010f m\u00f4\u017eete za\u017ei\u0165 exploz\u00edvne \u00fa\u010dinky pri opakovanom pou\u017e\u00edvan\u00ed? Pri pravidelnom pou\u017e\u00edvan\u00ed m\u00f4\u017ee tento \u00fa\u017easn\u00fd g\u00e9l pom\u00f4c\u0165 zn\u00ed\u017ei\u0165 impotenciu a z\u00e1rove\u0148 sa postara\u0165 o to, aby sa va\u0161e telo c\u00edtilo pripraven\u00e9 kedyko\u013evek to budete potrebova\u0165. Dosiahnite dnes ve\u010der \u00faplne nov\u00e9 v\u00fd\u0161ky rozko\u0161e s magickou silou g\u00e9lu Rhino Gold!<\/p>\n","protected":false},"excerpt":{"rendered":"<p>Rhino Gold Gel za\u017eite nesporne silnej\u0161iu erekciu pomocou g\u00e9lu e\u0161te dnes! K\u00fapi\u0165 Rhino Gold Gel v Slovenskej Republike za v\u00fdhodn\u00fa cenu. Kde k\u00fapi\u0165. Cena. Hodnotenie. Doru\u010denie na celom Slovensku: Bratislava, Zvolen, Prievidza, Poprad, Martin, Tren\u010d\u00edn, Trnava, Bansk\u00e1 Bystrica, Nitra, \u017dilina, Pre\u0161ov, Ko\u0161ice, Partiz\u00e1nske, Rimavsk\u00e1 Sobota a Dubnica nad V\u00e1hom. Kontraindik\u00e1cie, Ako si tovar vzia\u0165, Indik\u00e1cie pre pou\u017eitie. K\u00fapte si Rhino Gold Gel online.<\/p>\n","protected":false},"featured_media":6724,"comment_status":"open","ping_status":"closed","template":"","meta":{"site-sidebar-layout":"default","site-content-layout":"default","ast-site-content-layout":"default","site-content-style":"default","site-sidebar-style":"default","ast-global-header-display":"","ast-banner-title-visibility":"","ast-main-header-display":"","ast-hfb-above-header-display":"","ast-hfb-below-header-display":"","ast-hfb-mobile-header-display":"","site-post-title":"","ast-breadcrumbs-content":"","ast-featured-img":"","footer-sml-layout":"","ast-disable-related-posts":"","theme-transparent-header-meta":"default","adv-header-id-meta":"","stick-header-meta":"","header-above-stick-meta":"","header-main-stick-meta":"","header-below-stick-meta":"","astra-migrate-meta-layouts":"default","ast-page-background-enabled":"default","ast-page-background-meta":{"desktop":{"background-color":"","background-image":"","background-repeat":"repeat","background-position":"center center","background-size":"auto","background-attachment":"scroll","background-type":"","background-media":"","overlay-type":"","overlay-color":"","overlay-opacity":"","overlay-gradient":""},"tablet":{"background-color":"","background-image":"","background-repeat":"repeat","background-position":"center center","background-size":"auto","background-attachment":"scroll","background-type":"","background-media":"","overlay-type":"","overlay-color":"","overlay-opacity":"","overlay-gradient":""},"mobile":{"background-color":"","background-image":"","background-repeat":"repeat","background-position":"center center","background-size":"auto","background-attachment":"scroll","background-type":"","background-media":"","overlay-type":"","overlay-color":"","overlay-opacity":"","overlay-gradient":""}},"ast-content-background-meta":{"desktop":{"background-color":"var(--ast-global-color-5)","background-image":"","background-repeat":"repeat","background-position":"center center","background-size":"auto","background-attachment":"scroll","background-type":"","background-media":"","overlay-type":"","overlay-color":"","overlay-opacity":"","overlay-gradient":""},"tablet":{"background-color":"var(--ast-global-color-5)","background-image":"","background-repeat":"repeat","background-position":"center center","background-size":"auto","background-attachment":"scroll","background-type":"","background-media":"","overlay-type":"","overlay-color":"","overlay-opacity":"","overlay-gradient":""},"mobile":{"background-color":"var(--ast-global-color-5)","background-image":"","background-repeat":"repeat","background-position":"center center","background-size":"auto","background-attachment":"scroll","background-type":"","background-media":"","overlay-type":"","overlay-color":"","overlay-opacity":"","overlay-gradient":""}}},"product_brand":[],"product_cat":[40],"product_tag":[],"class_list":{"0":"post-6573","1":"product","2":"type-product","3":"status-publish","4":"has-post-thumbnail","6":"product_cat-produkty-pre-muzov","7":"desktop-align-left","8":"tablet-align-left","9":"mobile-align-left","11":"first","12":"outofstock","13":"sale","14":"taxable","15":"shipping-taxable","16":"purchasable","17":"product-type-simple"},"_links":{"self":[{"href":"https:\/\/wellness4you.cz\/sk\/wp-json\/wp\/v2\/product\/6573","targetHints":{"allow":["GET"]}}],"collection":[{"href":"https:\/\/wellness4you.cz\/sk\/wp-json\/wp\/v2\/product"}],"about":[{"href":"https:\/\/wellness4you.cz\/sk\/wp-json\/wp\/v2\/types\/product"}],"replies":[{"embeddable":true,"href":"https:\/\/wellness4you.cz\/sk\/wp-json\/wp\/v2\/comments?post=6573"}],"wp:featuredmedia":[{"embeddable":true,"href":"https:\/\/wellness4you.cz\/sk\/wp-json\/wp\/v2\/media\/6724"}],"wp:attachment":[{"href":"https:\/\/wellness4you.cz\/sk\/wp-json\/wp\/v2\/media?parent=6573"}],"wp:term":[{"taxonomy":"product_brand","embeddable":true,"href":"https:\/\/wellness4you.cz\/sk\/wp-json\/wp\/v2\/product_brand?post=6573"},{"taxonomy":"product_cat","embeddable":true,"href":"https:\/\/wellness4you.cz\/sk\/wp-json\/wp\/v2\/product_cat?post=6573"},{"taxonomy":"product_tag","embeddable":true,"href":"https:\/\/wellness4you.cz\/sk\/wp-json\/wp\/v2\/product_tag?post=6573"}],"curies":[{"name":"wp","href":"https:\/\/api.w.org\/{rel}","templated":true}]}}