{"id":6572,"date":"2023-01-15T04:11:38","date_gmt":"2023-01-15T03:11:38","guid":{"rendered":"https:\/\/wellness4you.cz\/sk\/?post_type=product&#038;p=6572"},"modified":"2026-01-08T22:52:33","modified_gmt":"2026-01-08T21:52:33","slug":"rechiol","status":"publish","type":"product","link":"https:\/\/wellness4you.cz\/sk\/rechiol\/","title":{"rendered":"Rechiol"},"content":{"rendered":"<h2>Predstavujeme Rechiol &#8211; kone\u010dn\u00fa odpove\u010f na v\u0161etky va\u0161e potreby proti starnutiu!<\/h2>\n<p>Jedine\u010dn\u00e1 zmes pr\u00edrodn\u00fdch a rastlinn\u00fdch zlo\u017eiek Rechiol poskytuje komplexn\u00e9 omladenie pleti t\u00fdm, \u017ee sa zameriava na jemn\u00e9 linky, vr\u00e1sky, ochabnut\u00fa ple\u0165, stareck\u00e9 \u0161kvrny, tmav\u00e9 kruhy a stratu pru\u017enosti.<\/p>\n<p>Ob\u00e1vate sa vystavenia svojej pleti slne\u010dn\u00e9mu \u017eiareniu? U\u017e sa nemus\u00edte ob\u00e1va\u0165, preto\u017ee Rechiol funguje tak, \u017ee poskytuje dodato\u010dn\u00fa vrstvu ochrany pred UV \u017eiaren\u00edm. Pri pravidelnom pou\u017e\u00edvan\u00ed tohto \u00fa\u017easn\u00e9ho kr\u00e9mu uvid\u00edte a poc\u00edtite vidite\u013en\u00e9 zlep\u0161enie svojej pleti u\u017e za nieko\u013eko t\u00fd\u017ed\u0148ov! V\u010faka sile Rechiolu u\u017e nemus\u00edte \u010daka\u0165 na v\u00fdsledky; za\u017eite \u017eiariv\u00fa a mlad\u0161ie vyzeraj\u00facu ple\u0165 e\u0161te dnes!<\/p>\n<h2>Kr\u00e9m proti vr\u00e1skam, ktor\u00fd prin\u00e1\u0161a najnov\u0161\u00ed technologick\u00fd prielom v boji proti zn\u00e1mkam starnutia.<\/h2>\n<p>Je pln\u00fd \u00fa\u010dinn\u00fdch pr\u00edrodn\u00fdch zlo\u017eiek, o ktor\u00fdch je zn\u00e1me, \u017ee pom\u00e1haj\u00fa redukova\u0165 vr\u00e1sky a celkovo zlep\u0161uj\u00fa vzh\u013ead a pocit va\u0161ej pleti. V\u010faka svojmu pokro\u010dil\u00e9mu zlo\u017eeniu v\u00e1m Rechiol m\u00f4\u017ee v okamihu zabezpe\u010di\u0165 hlad\u0161iu, pevnej\u0161iu a \u017eiarivej\u0161iu ple\u0165.<\/p>\n<p>Tento vynikaj\u00faci hydrata\u010dn\u00fd kr\u00e9m m\u00e1 \u0161peci\u00e1lne zlo\u017eenie s kolag\u00e9nov\u00fdmi posil\u0148ova\u010dmi a bojovn\u00edkmi proti vo\u013en\u00fdm radik\u00e1lom. Pom\u00e1haj\u00fa obnovova\u0165 po\u0161koden\u00e9 bunky a z\u00e1rove\u0148 redukuj\u00fa jemn\u00e9 vr\u00e1sky a obnovuj\u00fa pru\u017enos\u0165. R\u00fdchlo sa vstreb\u00e1vaj\u00face zlo\u017eenie obsahuje vitam\u00edny E a A a rastlinn\u00e9 v\u00fd\u0165a\u017eky ako Aloe Vera, bambuck\u00e9 maslo a olej zo semienok uhorky. Pom\u00e1haj\u00fa vy\u017eivova\u0165 poko\u017eku a dosiahnu\u0165 jej rovnomern\u00fd t\u00f3n bez pocitu mastnoty alebo za\u0165a\u017eenia pleti.<\/p>\n<p>Pravideln\u00fdm pou\u017e\u00edvan\u00edm Rechiolu m\u00e1te pr\u00eds\u013eub kr\u00e1sne hladkej a zdravej poko\u017eky v ka\u017edom veku. Na rozdiel od be\u017en\u00fdch lok\u00e1lnych rie\u0161en\u00ed, ktor\u00e9 len maskuj\u00fa vzh\u013ead vr\u00e1sok, tento revolu\u010dn\u00fd pr\u00edpravok proti vr\u00e1skam pom\u00e1ha bojova\u0165 proti v\u0161etk\u00fdm zn\u00e1mkam starnutia pri ka\u017edej aplik\u00e1cii t\u00fdm, \u017ee stimuluje regener\u00e1ciu buniek a obnovuje \u017eivotne d\u00f4le\u017eit\u00e9 \u017eiviny straten\u00e9 v d\u00f4sledku straty vlhkosti alebo p\u00f4sobenia stresov\u00fdch faktorov prostredia. Tento pr\u00edpravok proti vr\u00e1skam pom\u00e1ha bojova\u0165 proti v\u0161etk\u00fdm zn\u00e1mkam starnutia pri ka\u017edej aplik\u00e1cii t\u00fdm.<\/p>\n<p>Za\u010dnite op\u00e4\u0165 vyzera\u0165 mlado &#8211; vysk\u00fa\u0161ajte Rechiol e\u0161te dnes! Pri pravidelnom pou\u017e\u00edvan\u00ed si u\u017e po nieko\u013ek\u00fdch t\u00fd\u017ed\u0148och v\u0161imnete dramatick\u00fd rozdiel, preto\u017ee vylep\u0161en\u00e1 ple\u0165 odhal\u00ed hlad\u0161iu \u0161trukt\u00faru a pozoruhodn\u00fa redukciu liniek a vr\u00e1sok. Za\u017eite mladistv\u00fa kr\u00e1su bez obetovania komfortu alebo pohodlia!<\/p>\n","protected":false},"excerpt":{"rendered":"<p>Rechiol kr\u00e9m proti vr\u00e1skam, ktor\u00fd prin\u00e1\u0161a najnov\u0161\u00ed technologick\u00fd prielom v boji proti zn\u00e1mkam starnutia. K\u00fapi\u0165 Rechiol v Slovenskej Republike za v\u00fdhodn\u00fa cenu. Cena. Hodnotenie. Kde k\u00fapi\u0165. Doru\u010denie na celom Slovensku: Zvolen, Prievidza, Poprad, Martin, Tren\u010d\u00edn, Trnava, Bansk\u00e1 Bystrica, Nitra, \u017dilina, Pre\u0161ov, Ko\u0161ice, Bratislava, Rimavsk\u00e1 Sobota, Dubnica nad V\u00e1hom a \u010cadca. Ako si tovar vzia\u0165, Indik\u00e1cie pre pou\u017eitie, Kontraindik\u00e1cie. K\u00fapte si Rechiol online.<\/p>\n","protected":false},"featured_media":6722,"comment_status":"open","ping_status":"closed","template":"","meta":{"site-sidebar-layout":"default","site-content-layout":"default","ast-site-content-layout":"default","site-content-style":"default","site-sidebar-style":"default","ast-global-header-display":"","ast-banner-title-visibility":"","ast-main-header-display":"","ast-hfb-above-header-display":"","ast-hfb-below-header-display":"","ast-hfb-mobile-header-display":"","site-post-title":"","ast-breadcrumbs-content":"","ast-featured-img":"","footer-sml-layout":"","ast-disable-related-posts":"","theme-transparent-header-meta":"default","adv-header-id-meta":"","stick-header-meta":"","header-above-stick-meta":"","header-main-stick-meta":"","header-below-stick-meta":"","astra-migrate-meta-layouts":"default","ast-page-background-enabled":"default","ast-page-background-meta":{"desktop":{"background-color":"","background-image":"","background-repeat":"repeat","background-position":"center center","background-size":"auto","background-attachment":"scroll","background-type":"","background-media":"","overlay-type":"","overlay-color":"","overlay-opacity":"","overlay-gradient":""},"tablet":{"background-color":"","background-image":"","background-repeat":"repeat","background-position":"center center","background-size":"auto","background-attachment":"scroll","background-type":"","background-media":"","overlay-type":"","overlay-color":"","overlay-opacity":"","overlay-gradient":""},"mobile":{"background-color":"","background-image":"","background-repeat":"repeat","background-position":"center center","background-size":"auto","background-attachment":"scroll","background-type":"","background-media":"","overlay-type":"","overlay-color":"","overlay-opacity":"","overlay-gradient":""}},"ast-content-background-meta":{"desktop":{"background-color":"var(--ast-global-color-5)","background-image":"","background-repeat":"repeat","background-position":"center center","background-size":"auto","background-attachment":"scroll","background-type":"","background-media":"","overlay-type":"","overlay-color":"","overlay-opacity":"","overlay-gradient":""},"tablet":{"background-color":"var(--ast-global-color-5)","background-image":"","background-repeat":"repeat","background-position":"center center","background-size":"auto","background-attachment":"scroll","background-type":"","background-media":"","overlay-type":"","overlay-color":"","overlay-opacity":"","overlay-gradient":""},"mobile":{"background-color":"var(--ast-global-color-5)","background-image":"","background-repeat":"repeat","background-position":"center center","background-size":"auto","background-attachment":"scroll","background-type":"","background-media":"","overlay-type":"","overlay-color":"","overlay-opacity":"","overlay-gradient":""}}},"product_brand":[],"product_cat":[42],"product_tag":[],"class_list":{"0":"post-6572","1":"product","2":"type-product","3":"status-publish","4":"has-post-thumbnail","6":"product_cat-produkty-proti-starnutiu","7":"desktop-align-left","8":"tablet-align-left","9":"mobile-align-left","11":"first","12":"instock","13":"taxable","14":"shipping-taxable","15":"purchasable","16":"product-type-simple"},"_links":{"self":[{"href":"https:\/\/wellness4you.cz\/sk\/wp-json\/wp\/v2\/product\/6572","targetHints":{"allow":["GET"]}}],"collection":[{"href":"https:\/\/wellness4you.cz\/sk\/wp-json\/wp\/v2\/product"}],"about":[{"href":"https:\/\/wellness4you.cz\/sk\/wp-json\/wp\/v2\/types\/product"}],"replies":[{"embeddable":true,"href":"https:\/\/wellness4you.cz\/sk\/wp-json\/wp\/v2\/comments?post=6572"}],"wp:featuredmedia":[{"embeddable":true,"href":"https:\/\/wellness4you.cz\/sk\/wp-json\/wp\/v2\/media\/6722"}],"wp:attachment":[{"href":"https:\/\/wellness4you.cz\/sk\/wp-json\/wp\/v2\/media?parent=6572"}],"wp:term":[{"taxonomy":"product_brand","embeddable":true,"href":"https:\/\/wellness4you.cz\/sk\/wp-json\/wp\/v2\/product_brand?post=6572"},{"taxonomy":"product_cat","embeddable":true,"href":"https:\/\/wellness4you.cz\/sk\/wp-json\/wp\/v2\/product_cat?post=6572"},{"taxonomy":"product_tag","embeddable":true,"href":"https:\/\/wellness4you.cz\/sk\/wp-json\/wp\/v2\/product_tag?post=6572"}],"curies":[{"name":"wp","href":"https:\/\/api.w.org\/{rel}","templated":true}]}}