{"id":6571,"date":"2023-01-15T04:11:37","date_gmt":"2023-01-15T03:11:37","guid":{"rendered":"https:\/\/wellness4you.cz\/sk\/?post_type=product&#038;p=6571"},"modified":"2026-01-08T22:52:33","modified_gmt":"2026-01-08T21:52:33","slug":"psorilax","status":"publish","type":"product","link":"https:\/\/wellness4you.cz\/sk\/psorilax\/","title":{"rendered":"Psorilax"},"content":{"rendered":"<h2>Psorilax je tu, aby zmenil v\u00e1\u0161 \u017eivot!<\/h2>\n<p>Psori\u00e1za m\u00f4\u017ee by\u0165 neuverite\u013ene nepr\u00edjemn\u00e1, bolestiv\u00e1 a tr\u00e1pna &#8211; ale nemus\u00ed by\u0165. Psorilax v\u00e1m pom\u00f4\u017ee ignorova\u0165 zvy\u0161ok sveta a z\u00edska\u0165 sp\u00e4\u0165 svoj vn\u00fatorn\u00fd pokoj. N\u00e1\u0161 z\u00e1zra\u010dn\u00fd kr\u00e9m p\u00f4sob\u00ed tak, \u017ee radik\u00e1lne zmier\u0148uje pr\u00edznaky psori\u00e1zy, ako je suchos\u0165, svrbenie, p\u00e1lenie, pichanie a za\u010dervenanie, tak\u017ee si m\u00f4\u017eete op\u00e4\u0165 u\u017e\u00edva\u0165 v\u0161etko, \u010do \u017eivot pon\u00faka!<\/p>\n<p>Je vyroben\u00fd len z \u010disto pr\u00edrodn\u00fdch zlo\u017eiek pre jemn\u00e9, ale skuto\u010dne \u00fa\u010dinn\u00e9 rie\u0161enie. U\u017e po jednej aplik\u00e1cii sa za\u010dnete c\u00edti\u0165 lep\u0161ie ako kedyko\u013evek predt\u00fdm &#8211; pohodlnej\u0161ie vo vlastnej ko\u017ei a budete sa m\u00f4c\u0165 vo\u013ene pohybova\u0165 \u017eivotom bez ob\u00e1v z nepr\u00edjemnost\u00ed. \u00da\u013eava od psori\u00e1zy u\u017e nem\u00f4\u017ee by\u0165 jednoduch\u0161ia!<\/p>\n<h2>Bud\u00facnos\u0165 vyzer\u00e1 svetlej\u0161ie s Psorilaxom na va\u0161ej strane!<\/h2>\n<p>Z\u00edskajte sp\u00e4\u0165 moc nad svoj\u00edm \u017eivotom a dajte si \u0161ancu dosiahnu\u0165 v\u0161etko, \u010do je pre v\u00e1s pripraven\u00e9. Presta\u0148te dovoli\u0165, aby psori\u00e1za kontrolovala, ako \u017eijete &#8211; namiesto toho nechajte Psorilax prevzia\u0165 kontrolu. Zasl\u00fa\u017eite si to.<\/p>\n<p>Je dokonal\u00fdm rie\u0161en\u00edm na odstr\u00e1nenie psori\u00e1zy a jej nepr\u00edjemn\u00fdch pr\u00edznakov. Na rozdiel od in\u00fdch lok\u00e1lnych pr\u00edpravkov Psorilax presahuje jednoduch\u00fa \u00fa\u013eavu a vytv\u00e1ra trval\u00fa obranu proti psori\u00e1ze na bunkovej \u00farovni. Zlo\u017eenie Psorilax so starostlivo vybran\u00fdmi rastlinn\u00fdmi v\u00fd\u0165a\u017ekami poskytne okam\u017eit\u00fa \u00fa\u013eavu a z\u00e1rove\u0148 uzamkne vlhkos\u0165 a podpor\u00ed regener\u00e1ciu buniek, \u010d\u00edm pom\u00f4\u017ee va\u0161ej poko\u017eke vytvori\u0165 si vlastn\u00fa prirodzen\u00fa bari\u00e9ru proti z\u00e1palu a nepr\u00edjemn\u00fdm pocitom. S Psorilaxom si m\u00f4\u017eete zabezpe\u010di\u0165 zdrav\u00fa poko\u017eku, ktor\u00e1 sa bude c\u00edti\u0165 pr\u00edjemne po cel\u00fd de\u0148! D\u00f4verujte tomuto revolu\u010dn\u00e9mu pr\u00edpravku, ktor\u00fd v\u00e1m poskytne potrebn\u00fa ochranu teraz &#8211; aj v bud\u00facnosti.<\/p>\n<p>U\u017e neh\u013eadajte \u00fa\u013eavu od psori\u00e1zy &#8211; Psorilax je tu! Tento kr\u00e9m, ktor\u00fd v\u00e1m zmen\u00ed \u017eivot, m\u00e1 silu zmeni\u0165 va\u0161e tr\u00e1penie a vr\u00e1ti\u0165 v\u00e1m \u017eivot. Nemus\u00edte sa ob\u00e1va\u0165 rizika ved\u013eaj\u0161\u00edch \u00fa\u010dinkov invaz\u00edvnej lie\u010dby alebo siln\u00fdch liekov, preto\u017ee Psorilax je \u0161etrn\u00fd k va\u0161ej poko\u017eke a obsahuje pr\u00edrodn\u00e9 zlo\u017eky, ktor\u00e9 upokojuj\u00fa, vy\u017eivuj\u00fa a zlep\u0161uj\u00fa zdravie postihnut\u00fdch oblast\u00ed. Psorilax d\u00e1va osob\u00e1m trpiacim psori\u00e1zou \u0161ancu by\u0165 op\u00e4\u0165 slobodn\u00ed &#8211; je to pr\u00edrodn\u00fd liek, ktor\u00fd dok\u00e1\u017ee lie\u010di\u0165 a chr\u00e1ni\u0165 pred ak\u00fdmko\u013evek vzplanut\u00edm v bud\u00facnosti. Dajte si t\u00fato jedine\u010dn\u00fa pr\u00edle\u017eitos\u0165 a za\u017eite e\u0161te dnes to, \u010do u\u017e mnoh\u00ed objavili: Psorilax dok\u00e1\u017ee z\u00e1zraky!<\/p>\n","protected":false},"excerpt":{"rendered":"<p>Psorilax je dokonal\u00fdm rie\u0161en\u00edm na odstr\u00e1nenie psori\u00e1zy a jej nepr\u00edjemn\u00fdch pr\u00edznakov. K\u00fapi\u0165 Psorilax v Slovenskej Republike za v\u00fdhodn\u00fa cenu. Hodnotenie. Kde k\u00fapi\u0165. Cena. Doru\u010denie na celom Slovensku: Prievidza, Poprad, Martin, Tren\u010d\u00edn, Trnava, Bansk\u00e1 Bystrica, Nitra, \u017dilina, Pre\u0161ov, Ko\u0161ice, Bratislava, Zvolen, Dubnica nad V\u00e1hom, \u010cadca a Dunajsk\u00e1 Streda. Indik\u00e1cie pre pou\u017eitie, Kontraindik\u00e1cie, Ako si tovar vzia\u0165. K\u00fapte si Psorilax online.<\/p>\n","protected":false},"featured_media":6720,"comment_status":"open","ping_status":"closed","template":"","meta":{"site-sidebar-layout":"default","site-content-layout":"default","ast-site-content-layout":"default","site-content-style":"default","site-sidebar-style":"default","ast-global-header-display":"","ast-banner-title-visibility":"","ast-main-header-display":"","ast-hfb-above-header-display":"","ast-hfb-below-header-display":"","ast-hfb-mobile-header-display":"","site-post-title":"","ast-breadcrumbs-content":"","ast-featured-img":"","footer-sml-layout":"","ast-disable-related-posts":"","theme-transparent-header-meta":"default","adv-header-id-meta":"","stick-header-meta":"","header-above-stick-meta":"","header-main-stick-meta":"","header-below-stick-meta":"","astra-migrate-meta-layouts":"default","ast-page-background-enabled":"default","ast-page-background-meta":{"desktop":{"background-color":"","background-image":"","background-repeat":"repeat","background-position":"center center","background-size":"auto","background-attachment":"scroll","background-type":"","background-media":"","overlay-type":"","overlay-color":"","overlay-opacity":"","overlay-gradient":""},"tablet":{"background-color":"","background-image":"","background-repeat":"repeat","background-position":"center center","background-size":"auto","background-attachment":"scroll","background-type":"","background-media":"","overlay-type":"","overlay-color":"","overlay-opacity":"","overlay-gradient":""},"mobile":{"background-color":"","background-image":"","background-repeat":"repeat","background-position":"center center","background-size":"auto","background-attachment":"scroll","background-type":"","background-media":"","overlay-type":"","overlay-color":"","overlay-opacity":"","overlay-gradient":""}},"ast-content-background-meta":{"desktop":{"background-color":"var(--ast-global-color-5)","background-image":"","background-repeat":"repeat","background-position":"center center","background-size":"auto","background-attachment":"scroll","background-type":"","background-media":"","overlay-type":"","overlay-color":"","overlay-opacity":"","overlay-gradient":""},"tablet":{"background-color":"var(--ast-global-color-5)","background-image":"","background-repeat":"repeat","background-position":"center center","background-size":"auto","background-attachment":"scroll","background-type":"","background-media":"","overlay-type":"","overlay-color":"","overlay-opacity":"","overlay-gradient":""},"mobile":{"background-color":"var(--ast-global-color-5)","background-image":"","background-repeat":"repeat","background-position":"center center","background-size":"auto","background-attachment":"scroll","background-type":"","background-media":"","overlay-type":"","overlay-color":"","overlay-opacity":"","overlay-gradient":""}}},"product_brand":[],"product_cat":[41],"product_tag":[],"class_list":{"0":"post-6571","1":"product","2":"type-product","3":"status-publish","4":"has-post-thumbnail","6":"product_cat-produkty-pre-zdravie","7":"desktop-align-left","8":"tablet-align-left","9":"mobile-align-left","11":"first","12":"instock","13":"taxable","14":"shipping-taxable","15":"purchasable","16":"product-type-simple"},"_links":{"self":[{"href":"https:\/\/wellness4you.cz\/sk\/wp-json\/wp\/v2\/product\/6571","targetHints":{"allow":["GET"]}}],"collection":[{"href":"https:\/\/wellness4you.cz\/sk\/wp-json\/wp\/v2\/product"}],"about":[{"href":"https:\/\/wellness4you.cz\/sk\/wp-json\/wp\/v2\/types\/product"}],"replies":[{"embeddable":true,"href":"https:\/\/wellness4you.cz\/sk\/wp-json\/wp\/v2\/comments?post=6571"}],"wp:featuredmedia":[{"embeddable":true,"href":"https:\/\/wellness4you.cz\/sk\/wp-json\/wp\/v2\/media\/6720"}],"wp:attachment":[{"href":"https:\/\/wellness4you.cz\/sk\/wp-json\/wp\/v2\/media?parent=6571"}],"wp:term":[{"taxonomy":"product_brand","embeddable":true,"href":"https:\/\/wellness4you.cz\/sk\/wp-json\/wp\/v2\/product_brand?post=6571"},{"taxonomy":"product_cat","embeddable":true,"href":"https:\/\/wellness4you.cz\/sk\/wp-json\/wp\/v2\/product_cat?post=6571"},{"taxonomy":"product_tag","embeddable":true,"href":"https:\/\/wellness4you.cz\/sk\/wp-json\/wp\/v2\/product_tag?post=6571"}],"curies":[{"name":"wp","href":"https:\/\/api.w.org\/{rel}","templated":true}]}}