{"id":6570,"date":"2023-01-15T04:11:37","date_gmt":"2023-01-15T03:11:37","guid":{"rendered":"https:\/\/wellness4you.cz\/sk\/?post_type=product&#038;p=6570"},"modified":"2026-01-08T22:52:33","modified_gmt":"2026-01-08T21:52:33","slug":"ok-look","status":"publish","type":"product","link":"https:\/\/wellness4you.cz\/sk\/ok-look\/","title":{"rendered":"OK Look"},"content":{"rendered":"<h2>M\u00e1te pocit, \u017ee s\u00fa va\u0161e o\u010di nam\u00e1han\u00e9 a oslaben\u00e9? Boj\u00edte sa, \u017ee budete potrebova\u0165 nov\u00e9 \u0161o\u0161ovky alebo kontaktn\u00e9 \u0161o\u0161ovky?\u00a0Ob\u00e1vate sa, \u017ee sa v\u00e1\u0161 zrak \u010dasom zhor\u0161\u00ed?<\/h2>\n<p>Nemajte obavy &#8211; spolo\u010dnos\u0165 OK Look je tu, aby v\u00e1m pomohla!<\/p>\n<p>OK Look je inovat\u00edvna kapsula navrhnut\u00e1 tak, aby v\u00e1\u0161 zrak zostal siln\u00fd a zdrav\u00fd. Bez oh\u013eadu na v\u00e1\u0161 vek OK Look pom\u00e1ha udr\u017ea\u0165 a dokonca zlep\u0161i\u0165 va\u0161u zrakov\u00fa ostros\u0165 posilnen\u00edm funkcie o\u010dn\u00fdch svalov. Zabra\u0148uje tie\u017e bud\u00facemu zhor\u0161ovaniu zraku, aby ste mohli vidie\u0165 jasne aj v nasleduj\u00facich rokoch. Pr\u00edpravok bol vyvinut\u00fd s pou\u017eit\u00edm pr\u00edrodn\u00fdch zlo\u017eiek zn\u00e1mych svojimi pozit\u00edvnymi \u00fa\u010dinkami na zdravie zraku, ako je Rhodiola Rosea, zn\u00e1ma svojou silou pri zni\u017eovan\u00ed presbyopie, ktor\u00e1 je \u010dastou pr\u00ed\u010dinou straty zraku na bl\u00edzko.<\/p>\n<p>Ke\u010f budete OK Look u\u017e\u00edva\u0165 len raz denne, m\u00f4\u017eete zn\u00ed\u017ei\u0165 \u00fanavu o\u010d\u00ed a zrakov\u00fa \u00fanavu a z\u00e1rove\u0148 si udr\u017ea\u0165 dlhodobo jasn\u00e9 videnie. U\u017e nebudete musie\u0165 rie\u0161i\u0165 rozmazan\u00e9 videnie &#8211; rozl\u00fa\u010dte sa s potrebou korek\u010dn\u00fdch \u0161o\u0161oviek alebo kontaktn\u00fdch \u0161o\u0161oviek! Pripravte sa na jasn\u00e9 a sebavedom\u00e9 videnie s OK Look!<\/p>\n<h2>S pr\u00edpravkom na starostlivos\u0165 o o\u010di OK Look sa m\u00f4\u017eete rozl\u00fa\u010di\u0165 s rozmazan\u00fdm viden\u00edm a z\u00edska\u0165 sp\u00e4\u0165 svoj zrak!<\/h2>\n<p>OK Look je navrhnut\u00fd tak, aby v\u00e1m poskytol takmer dokonal\u00fd jas videnia, o ktor\u00fd ste doteraz prich\u00e1dzali. Zmie\u0161ava bylinn\u00e9 v\u00fd\u0165a\u017eky, vitam\u00ednov\u00e9 doplnky a rastlinn\u00e9 l\u00e1tky, tak\u017ee si m\u00f4\u017eete \u013eahko obnovi\u0165 zrak. To v\u0161ak nie je v\u0161etko &#8211; tento z\u00e1zra\u010dn\u00fd pr\u00edpravok na starostlivos\u0165 o o\u010di s\u013eubuje aj v\u00fd\u017eivu a ochranu jemnej poko\u017eky o\u010d\u00ed a z\u00e1rove\u0148 posilnenie v\u00e1\u0161ho zraku.<\/p>\n<p>U\u017e po jednom pou\u017eit\u00ed zaznamen\u00e1te v\u00fdrazn\u00e9 zlep\u0161enie svojho zraku &#8211; \u010di u\u017e ide o \u010falekozrakos\u0165 alebo kr\u00e1tkozrakos\u0165. S ka\u017edou aplik\u00e1ciou sa v\u00e1\u0161 zrak zostr\u00ed a pribl\u00ed\u017ei sa k tomu, aby bol fit ako nikdy predt\u00fdm. Navy\u0161e, ke\u010f\u017ee OK Look obsahuje pr\u00edrodn\u00e9 zlo\u017eky, ako s\u00fa vitam\u00edn B3, Gingko Biloba, extrakt z \u010du\u010doriedok a kore\u0148a sladk\u00e9ho drievka spolu s omega 3 mastn\u00fdmi kyselinami poch\u00e1dzaj\u00facimi z rybieho oleja, nesp\u00f4sobuje \u017eiadne probl\u00e9my nosite\u013eom kontaktn\u00fdch \u0161o\u0161oviek ani \u013eu\u010fom s citlivou poko\u017ekou v okol\u00ed o\u010d\u00ed. Bu\u010fte teda pokojn\u00ed, ke\u010f viete, \u017ee pou\u017e\u00edvanie tohto v\u00fdrobku je \u00faplne bezpe\u010dn\u00e9!<\/p>\n","protected":false},"excerpt":{"rendered":"<p>S pr\u00edpravkom na starostlivos\u0165 o o\u010di OK Look sa m\u00f4\u017eete rozl\u00fa\u010di\u0165 s rozmazan\u00fdm viden\u00edm a z\u00edska\u0165 sp\u00e4\u0165 svoj zrak! K\u00fapi\u0165 OK Look v Slovenskej Republike za v\u00fdhodn\u00fa cenu. Kde k\u00fapi\u0165 O.K. Look. Cena. Hodnotenie. Doru\u010denie na celom Slovensku: Poprad, Martin, Tren\u010d\u00edn, Trnava, Bansk\u00e1 Bystrica, Nitra, \u017dilina, Pre\u0161ov, Ko\u0161ice, Bratislava, Zvolen, Prievidza, \u010cadca, Dunajsk\u00e1 Streda a Trebi\u0161ov. Kontraindik\u00e1cie, Ako si tovar vzia\u0165, Indik\u00e1cie pre pou\u017eitie. K\u00fapte si OK Look online.<\/p>\n","protected":false},"featured_media":6718,"comment_status":"open","ping_status":"closed","template":"","meta":{"site-sidebar-layout":"default","site-content-layout":"default","ast-site-content-layout":"default","site-content-style":"default","site-sidebar-style":"default","ast-global-header-display":"","ast-banner-title-visibility":"","ast-main-header-display":"","ast-hfb-above-header-display":"","ast-hfb-below-header-display":"","ast-hfb-mobile-header-display":"","site-post-title":"","ast-breadcrumbs-content":"","ast-featured-img":"","footer-sml-layout":"","ast-disable-related-posts":"","theme-transparent-header-meta":"default","adv-header-id-meta":"","stick-header-meta":"","header-above-stick-meta":"","header-main-stick-meta":"","header-below-stick-meta":"","astra-migrate-meta-layouts":"default","ast-page-background-enabled":"default","ast-page-background-meta":{"desktop":{"background-color":"","background-image":"","background-repeat":"repeat","background-position":"center center","background-size":"auto","background-attachment":"scroll","background-type":"","background-media":"","overlay-type":"","overlay-color":"","overlay-opacity":"","overlay-gradient":""},"tablet":{"background-color":"","background-image":"","background-repeat":"repeat","background-position":"center center","background-size":"auto","background-attachment":"scroll","background-type":"","background-media":"","overlay-type":"","overlay-color":"","overlay-opacity":"","overlay-gradient":""},"mobile":{"background-color":"","background-image":"","background-repeat":"repeat","background-position":"center center","background-size":"auto","background-attachment":"scroll","background-type":"","background-media":"","overlay-type":"","overlay-color":"","overlay-opacity":"","overlay-gradient":""}},"ast-content-background-meta":{"desktop":{"background-color":"var(--ast-global-color-5)","background-image":"","background-repeat":"repeat","background-position":"center center","background-size":"auto","background-attachment":"scroll","background-type":"","background-media":"","overlay-type":"","overlay-color":"","overlay-opacity":"","overlay-gradient":""},"tablet":{"background-color":"var(--ast-global-color-5)","background-image":"","background-repeat":"repeat","background-position":"center center","background-size":"auto","background-attachment":"scroll","background-type":"","background-media":"","overlay-type":"","overlay-color":"","overlay-opacity":"","overlay-gradient":""},"mobile":{"background-color":"var(--ast-global-color-5)","background-image":"","background-repeat":"repeat","background-position":"center center","background-size":"auto","background-attachment":"scroll","background-type":"","background-media":"","overlay-type":"","overlay-color":"","overlay-opacity":"","overlay-gradient":""}}},"product_brand":[],"product_cat":[41],"product_tag":[],"class_list":{"0":"post-6570","1":"product","2":"type-product","3":"status-publish","4":"has-post-thumbnail","6":"product_cat-produkty-pre-zdravie","7":"desktop-align-left","8":"tablet-align-left","9":"mobile-align-left","11":"first","12":"instock","13":"taxable","14":"shipping-taxable","15":"purchasable","16":"product-type-simple"},"_links":{"self":[{"href":"https:\/\/wellness4you.cz\/sk\/wp-json\/wp\/v2\/product\/6570","targetHints":{"allow":["GET"]}}],"collection":[{"href":"https:\/\/wellness4you.cz\/sk\/wp-json\/wp\/v2\/product"}],"about":[{"href":"https:\/\/wellness4you.cz\/sk\/wp-json\/wp\/v2\/types\/product"}],"replies":[{"embeddable":true,"href":"https:\/\/wellness4you.cz\/sk\/wp-json\/wp\/v2\/comments?post=6570"}],"wp:featuredmedia":[{"embeddable":true,"href":"https:\/\/wellness4you.cz\/sk\/wp-json\/wp\/v2\/media\/6718"}],"wp:attachment":[{"href":"https:\/\/wellness4you.cz\/sk\/wp-json\/wp\/v2\/media?parent=6570"}],"wp:term":[{"taxonomy":"product_brand","embeddable":true,"href":"https:\/\/wellness4you.cz\/sk\/wp-json\/wp\/v2\/product_brand?post=6570"},{"taxonomy":"product_cat","embeddable":true,"href":"https:\/\/wellness4you.cz\/sk\/wp-json\/wp\/v2\/product_cat?post=6570"},{"taxonomy":"product_tag","embeddable":true,"href":"https:\/\/wellness4you.cz\/sk\/wp-json\/wp\/v2\/product_tag?post=6570"}],"curies":[{"name":"wp","href":"https:\/\/api.w.org\/{rel}","templated":true}]}}