{"id":6569,"date":"2023-01-15T04:11:37","date_gmt":"2023-01-15T03:11:37","guid":{"rendered":"https:\/\/wellness4you.cz\/sk\/?post_type=product&#038;p=6569"},"modified":"2026-01-08T22:52:33","modified_gmt":"2026-01-08T21:52:33","slug":"motion-mat","status":"publish","type":"product","link":"https:\/\/wellness4you.cz\/sk\/motion-mat\/","title":{"rendered":"Motion Mat"},"content":{"rendered":"<h2>Predstavujeme Motion Mat &#8211; va\u0161u vlastn\u00fa akupunkt\u00farnu mas\u00e1\u017enu podlo\u017eku, ktor\u00fa m\u00f4\u017eete pou\u017e\u00edva\u0165 v pohodl\u00ed domova.<\/h2>\n<p>\u010c\u00ednska akupunkt\u00fara je st\u00e1ro\u010dia star\u00e1 a u\u017e mnoho rokov sa ukazuje ako mimoriadne \u00fa\u010dinn\u00e1. S podlo\u017ekou Motion Mat budete m\u00f4c\u0165 vyu\u017e\u00edva\u0165 v\u0161etky v\u00fdhody tejto tajomnej v\u00fdchodnej vedy a praxe. Predstavte si, \u017ee si kedyko\u013evek po\u010das d\u0148a alebo noci vychutn\u00e1vate osvie\u017euj\u00facu a z\u00e1rove\u0148 upokojuj\u00facu mas\u00e1\u017e, ktor\u00e1 pom\u00e1ha revitalizova\u0165 a obnovi\u0165 rovnov\u00e1hu v\u00e1\u0161ho tela.<\/p>\n<p>Na\u0161a pohybov\u00e1 podlo\u017eka je ide\u00e1lna pre ka\u017ed\u00e9ho, kto sa chce dozvedie\u0165 viac o starobylom umen\u00ed \u010d\u00ednskej akupunkt\u00farnej mas\u00e1\u017ee, ako aj pre ka\u017ed\u00e9ho, kto chce jednoducho za\u017ei\u0165 jej neuverite\u013en\u00e9 v\u00fdhody. Nez\u00e1le\u017e\u00ed na tom, ako ste zanepr\u00e1zdnen\u00ed alebo v akej f\u00e1ze \u017eivota sa pr\u00e1ve nach\u00e1dzate &#8211; na\u0161a podlo\u017eka je ide\u00e1lna pre ak\u00fdko\u013evek \u017eivotn\u00fd \u0161t\u00fdl!<\/p>\n<p>Nielen\u017ee sa \u013eahko a pohodlne pou\u017e\u00edva &#8211; je tie\u017e \u013eahk\u00e1 a prenosn\u00e1, tak\u017ee si ju m\u00f4\u017eete vzia\u0165 so sebou na dovolenku alebo dokonca na slu\u017eobn\u00fa cestu. Celkovo je podlo\u017eka Motion Mat skuto\u010dne magick\u00fdm zariaden\u00edm pre modern\u00fa dobu!<\/p>\n<h2>S touto podlo\u017ekou premen\u00edte svoj obytn\u00fd priestor na osobn\u00e9 k\u00fapele!<\/h2>\n<p>Ste pripraven\u00ed zbavi\u0165 sa stresu? S akupres\u00farnou mas\u00e1\u017enou podlo\u017ekou Motion Mat m\u00f4\u017eete uvo\u013eni\u0165 svoje telo a myse\u013e skuto\u010dne revolu\u010dn\u00fdm sp\u00f4sobom. Okam\u017eite zn\u00ed\u017eite stres a \u00fazkos\u0165, zmiernite bolesti k\u013abov, zlep\u0161ite kvalitu sp\u00e1nku, uvo\u013enite horm\u00f3ny \u0161\u0165astia &#8211; mo\u017enosti s podlo\u017ekou Motion Mat s\u00fa nekone\u010dn\u00e9! V\u010faka jedine\u010dn\u00e9mu dizajnu, ktor\u00fd \u010derp\u00e1 zo st\u00e1ro\u010dn\u00fdch poznatkov tradi\u010dnej akupunkt\u00fary, s\u013eubuje nielen neuverite\u013ene pokojn\u00fd z\u00e1\u017eitok, ale aj dlhodob\u00e9 holistick\u00e9 v\u00fdhody pre celkov\u00fa pohodu. Investujte do seba e\u0161te dnes a odomknite nov\u00fa \u00farove\u0148 zdravia a \u0161\u0165astia v\u010faka sile pohybu z podlo\u017eky Motion Mat!<\/p>\n<p>H\u013ead\u00e1te sp\u00f4sob, ako vzia\u0165 svoje zdravie a wellness do vlastn\u00fdch r\u00fak? Podlo\u017eka Motion Mat je pre v\u00e1s ide\u00e1lnym n\u00e1strojom! V\u010faka \u0161pi\u010dkovej technol\u00f3gii akupunkt\u00farnej mas\u00e1\u017ee v\u00e1m t\u00e1to luxusn\u00e1 m\u00e4kk\u00e1 podlo\u017eka poskytne mas\u00e1\u017eny z\u00e1\u017eitok ako nikdy predt\u00fdm. Je navrhnut\u00e1 tak, aby hnetla nap\u00e4tie, podporovala \u00fapln\u00fa relax\u00e1ciu a zmier\u0148ovala bolesti. M\u00f4\u017eete ju pohodlne pou\u017e\u00edva\u0165 v pohodl\u00ed domova &#8211; nemus\u00edte u\u017e chodi\u0165 do k\u00fape\u013eov alebo k drah\u00e9mu mas\u00e9rovi. Navy\u0161e funkcia tepla poskytuje u\u017eito\u010dn\u00e9 antistresov\u00e9 vlastnosti, ktor\u00e9 v\u00e1m pom\u00f4\u017eu e\u0161te viac sa uvo\u013eni\u0165. V\u010faka \u0161pi\u010dkov\u00e9mu dizajnu v\u00e1m t\u00e1to podlo\u017eka zaka\u017ed\u00fdm poskytne senza\u010dn\u00fa mas\u00e1\u017e. T\u00e1to podlo\u017eka je skvel\u00e1 na v\u0161etky druhy ochoren\u00ed, od h\u013abkovej mas\u00e1\u017ee tkan\u00edv a\u017e po v\u0161esmerov\u00fa valiv\u00fa mas\u00e1\u017e. A \u010do je najlep\u0161ie, je pohodln\u00e1 a um\u00fdvate\u013en\u00e1. Tak na \u010do e\u0161te \u010dak\u00e1te? K\u00fapte si podlo\u017eku Motion Mat e\u0161te dnes a za\u010dnite bra\u0165 svoje zdravie a pohodu do vlastn\u00fdch r\u00fak!<\/p>\n","protected":false},"excerpt":{"rendered":"<p>Predstavujeme Motion Mat &#8211; va\u0161u vlastn\u00fa akupunkt\u00farnu mas\u00e1\u017enu podlo\u017eku. K\u00fapi\u0165 Motion Mat v Slovenskej Republike za v\u00fdhodn\u00fa cenu. Cena. Hodnotenie. Kde k\u00fapi\u0165. Doru\u010denie na celom Slovensku: Martin, Tren\u010d\u00edn, Trnava, Bansk\u00e1 Bystrica, Nitra, \u017dilina, Pre\u0161ov, Ko\u0161ice, Bratislava, Zvolen, Prievidza, Poprad, Dunajsk\u00e1 Streda, Trebi\u0161ov a Topo\u013e\u010dany. Ako si tovar vzia\u0165, Indik\u00e1cie pre pou\u017eitie, Kontraindik\u00e1cie. K\u00fapte si Motion Mat online.<\/p>\n","protected":false},"featured_media":6715,"comment_status":"open","ping_status":"closed","template":"","meta":{"site-sidebar-layout":"default","site-content-layout":"default","ast-site-content-layout":"default","site-content-style":"default","site-sidebar-style":"default","ast-global-header-display":"","ast-banner-title-visibility":"","ast-main-header-display":"","ast-hfb-above-header-display":"","ast-hfb-below-header-display":"","ast-hfb-mobile-header-display":"","site-post-title":"","ast-breadcrumbs-content":"","ast-featured-img":"","footer-sml-layout":"","ast-disable-related-posts":"","theme-transparent-header-meta":"default","adv-header-id-meta":"","stick-header-meta":"","header-above-stick-meta":"","header-main-stick-meta":"","header-below-stick-meta":"","astra-migrate-meta-layouts":"set","ast-page-background-enabled":"default","ast-page-background-meta":{"desktop":{"background-color":"","background-image":"","background-repeat":"repeat","background-position":"center center","background-size":"auto","background-attachment":"scroll","background-type":"","background-media":"","overlay-type":"","overlay-color":"","overlay-opacity":"","overlay-gradient":""},"tablet":{"background-color":"","background-image":"","background-repeat":"repeat","background-position":"center center","background-size":"auto","background-attachment":"scroll","background-type":"","background-media":"","overlay-type":"","overlay-color":"","overlay-opacity":"","overlay-gradient":""},"mobile":{"background-color":"","background-image":"","background-repeat":"repeat","background-position":"center center","background-size":"auto","background-attachment":"scroll","background-type":"","background-media":"","overlay-type":"","overlay-color":"","overlay-opacity":"","overlay-gradient":""}},"ast-content-background-meta":{"desktop":{"background-color":"var(--ast-global-color-5)","background-image":"","background-repeat":"repeat","background-position":"center center","background-size":"auto","background-attachment":"scroll","background-type":"","background-media":"","overlay-type":"","overlay-color":"","overlay-opacity":"","overlay-gradient":""},"tablet":{"background-color":"var(--ast-global-color-5)","background-image":"","background-repeat":"repeat","background-position":"center center","background-size":"auto","background-attachment":"scroll","background-type":"","background-media":"","overlay-type":"","overlay-color":"","overlay-opacity":"","overlay-gradient":""},"mobile":{"background-color":"var(--ast-global-color-5)","background-image":"","background-repeat":"repeat","background-position":"center center","background-size":"auto","background-attachment":"scroll","background-type":"","background-media":"","overlay-type":"","overlay-color":"","overlay-opacity":"","overlay-gradient":""}}},"product_brand":[],"product_cat":[41],"product_tag":[],"class_list":{"0":"post-6569","1":"product","2":"type-product","3":"status-publish","4":"has-post-thumbnail","6":"product_cat-produkty-pre-zdravie","7":"desktop-align-left","8":"tablet-align-left","9":"mobile-align-left","11":"first","12":"instock","13":"sale","14":"taxable","15":"shipping-taxable","16":"purchasable","17":"product-type-simple"},"_links":{"self":[{"href":"https:\/\/wellness4you.cz\/sk\/wp-json\/wp\/v2\/product\/6569","targetHints":{"allow":["GET"]}}],"collection":[{"href":"https:\/\/wellness4you.cz\/sk\/wp-json\/wp\/v2\/product"}],"about":[{"href":"https:\/\/wellness4you.cz\/sk\/wp-json\/wp\/v2\/types\/product"}],"replies":[{"embeddable":true,"href":"https:\/\/wellness4you.cz\/sk\/wp-json\/wp\/v2\/comments?post=6569"}],"wp:featuredmedia":[{"embeddable":true,"href":"https:\/\/wellness4you.cz\/sk\/wp-json\/wp\/v2\/media\/6715"}],"wp:attachment":[{"href":"https:\/\/wellness4you.cz\/sk\/wp-json\/wp\/v2\/media?parent=6569"}],"wp:term":[{"taxonomy":"product_brand","embeddable":true,"href":"https:\/\/wellness4you.cz\/sk\/wp-json\/wp\/v2\/product_brand?post=6569"},{"taxonomy":"product_cat","embeddable":true,"href":"https:\/\/wellness4you.cz\/sk\/wp-json\/wp\/v2\/product_cat?post=6569"},{"taxonomy":"product_tag","embeddable":true,"href":"https:\/\/wellness4you.cz\/sk\/wp-json\/wp\/v2\/product_tag?post=6569"}],"curies":[{"name":"wp","href":"https:\/\/api.w.org\/{rel}","templated":true}]}}