{"id":6568,"date":"2023-01-15T04:11:36","date_gmt":"2023-01-15T03:11:36","guid":{"rendered":"https:\/\/wellness4you.cz\/sk\/?post_type=product&#038;p=6568"},"modified":"2026-01-08T22:52:33","modified_gmt":"2026-01-08T21:52:33","slug":"motion-energy","status":"publish","type":"product","link":"https:\/\/wellness4you.cz\/sk\/motion-energy\/","title":{"rendered":"Motion Energy"},"content":{"rendered":"<h2>Motion Energy je rie\u0161enie na \u00fa\u013eavu od bolesti k\u013abov pre v\u0161etk\u00fdch, ktor\u00ed maj\u00fa probl\u00e9my s chronickou boles\u0165ou alebo bolestivos\u0165ou.<\/h2>\n<p>Nedovo\u013ete, aby v\u00e1m \u00fanava, stres a nepohodlie br\u00e1nili \u017ei\u0165 naplno! S pokro\u010dil\u00fdm zlo\u017een\u00edm na b\u00e1ze g\u00e9lu si m\u00f4\u017eete by\u0165 ist\u00ed, \u017ee sa va\u0161e k\u013aby bud\u00fa v okamihu c\u00edti\u0165 \u010do najlep\u0161ie. Na\u0161a jedine\u010dn\u00e1 zmes vyu\u017e\u00edva prirodzen\u00e9 energetick\u00e9 rezervy v\u00e1\u0161ho tela a pom\u00e1ha o\u017eivi\u0165 po\u0161koden\u00e9 bunky, \u010d\u00edm zabezpe\u010duje r\u00fdchle a vidite\u013en\u00e9 v\u00fdsledky. Navy\u0161e sme n\u00e1\u0161 produkt pripravili tak, aby sa \u013eahko aplikoval &#8211; jednoducho naneste g\u00e9l priamo na postihnut\u00e9 miesta a ponorte sa sp\u00e4\u0165 do \u017eivota bez ob\u00e1v z bolest\u00ed spojen\u00fdch so \u017eivotom. Nedovo\u013ete, aby v\u00e1m boles\u0165 k\u013abov diktovala \u017eivotn\u00fd \u0161t\u00fdl &#8211; vr\u00e1\u0165te sa sp\u00e4\u0165 na cestu s Motion Energy e\u0161te dnes!<\/p>\n<p>Ste akt\u00edvny \u010dlovek, ktor\u00fd trp\u00ed boles\u0165ami k\u013abov? Motion Energy v\u00e1m kryje chrb\u00e1t! N\u00e1\u0161 nov\u00fd revolu\u010dn\u00fd produkt v\u00e1m pom\u00f4\u017ee zmierni\u0165 boles\u0165 v\u0161etk\u00fdch k\u013abov, \u010di u\u017e je sp\u00f4soben\u00e1 ka\u017edodenn\u00fdm opotrebovan\u00edm alebo n\u00e1ro\u010dnou aktivitou. Jedine\u010dn\u00e9 zlo\u017eenie, ktor\u00e9 sa nach\u00e1dza v Motion Energy, umo\u017e\u0148uje jemn\u00fa \u00fa\u013eavu od bolesti, ktor\u00e1 nebr\u00e1ni \u017eiadnemu pohybu.<\/p>\n<h2>Na\u0161a \u0161peci\u00e1lna zmes pr\u00edrodn\u00fdch zlo\u017eiek \u010dasom upokojuje k\u013aby, \u010do umo\u017e\u0148uje dlhodobej\u0161iu \u00fa\u013eavu.<\/h2>\n<p>Navy\u0161e jej zlo\u017eenie pom\u00e1ha udr\u017eiava\u0165 k\u013aby zdrav\u00e9 a siln\u00e9 proti bud\u00facim \u0165a\u017ekostiam. Pri ka\u017edodennom pou\u017e\u00edvan\u00ed sa m\u00f4\u017eete spo\u013eahn\u00fa\u0165, \u017ee zlep\u0161\u00ed va\u0161u pohybov\u00fa funkciu a z\u00e1rove\u0148 zn\u00ed\u017ei z\u00e1pal a stuhnutos\u0165.<\/p>\n<p>Sa r\u00fdchlo st\u00e1va zdrojom pre spotrebite\u013eov doplnkov na podporu zdravia k\u013abov, ktor\u00ed h\u013eadaj\u00fa rie\u0161enie na bolesti tela! Skoncujte so svojimi k\u013abov\u00fdmi \u0165a\u017ekos\u0165ami a nechajte Motion Energy, aby bol odpove\u010fou. Nedovo\u013ete, aby v\u00e1m bolesti br\u00e1nili u\u017e\u00edva\u0165 si \u017eivot, k\u00fapte si e\u0161te dnes!<\/p>\n<p>Poskytuje r\u00fdchlu, prirodzen\u00fa \u00fa\u013eavu od bolesti k\u013abov! Nepr\u00edjemn\u00e1 a sk\u013eu\u010duj\u00faca boles\u0165 k\u013abov m\u00f4\u017ee prekazi\u0165 aj tie najvzru\u0161uj\u00facej\u0161ie dni. Ale nemus\u00ed, ke\u010f je tu Motion Energy. N\u00e1\u0161 \u0161peci\u00e1lne vyvinut\u00fd produkt m\u00e1 silu r\u00fdchlo a \u00fa\u010dinne zmierni\u0165 boles\u0165 k\u013abov, aby ste mohli \u017ei\u0165 bez pocitu, \u017ee ka\u017ed\u00fd krok je \u0165a\u017ek\u00fd boj. V\u010faka pr\u00edrodn\u00fdm zlo\u017ek\u00e1m je vysoko bezpe\u010dn\u00fd a \u013eahko str\u00e1vite\u013en\u00fd, tak\u017ee v\u00e1m zostane len r\u00fdchla \u00fa\u013eava od nepr\u00edjemn\u00fdch bolest\u00ed k\u013abov. Zabudnite na dotierav\u00e9 lek\u00e1rske proced\u00fary &#8211; pohybov\u00e1 energia pon\u00faka rovnak\u00e9 \u00fa\u010dinky upokojuj\u00facim a jemn\u00fdm sp\u00f4sobom! Presta\u0148te dovoli\u0165, aby v\u00e1s bolesti k\u013abov spoma\u013eovali &#8211; z\u00edskajte sp\u00e4\u0165 kontrolu nad svoj\u00edm \u017eivotom s Motion Energy e\u0161te dnes!<\/p>\n","protected":false},"excerpt":{"rendered":"<p>Motion Energy je rie\u0161enie na \u00fa\u013eavu od bolesti k\u013abov pre v\u0161etk\u00fdch.\u00a0K\u00fapi\u0165 Motion Energy v Slovenskej Republike za v\u00fdhodn\u00fa cenu. Hodnotenie. Kde k\u00fapi\u0165. Cena. Doru\u010denie na celom Slovensku: Tren\u010d\u00edn, Trnava, Bansk\u00e1 Bystrica, Nitra, \u017dilina, Pre\u0161ov, Ko\u0161ice, Bratislava, Zvolen, Prievidza, Poprad, Martin, Trebi\u0161ov, Topo\u013e\u010dany a Pezinok. Kontraindik\u00e1cie, Ako si tovar vzia\u0165, Indik\u00e1cie pre pou\u017eitie. K\u00fapte si Motion Energy online.<\/p>\n","protected":false},"featured_media":6713,"comment_status":"open","ping_status":"closed","template":"","meta":{"site-sidebar-layout":"default","site-content-layout":"default","ast-site-content-layout":"default","site-content-style":"default","site-sidebar-style":"default","ast-global-header-display":"","ast-banner-title-visibility":"","ast-main-header-display":"","ast-hfb-above-header-display":"","ast-hfb-below-header-display":"","ast-hfb-mobile-header-display":"","site-post-title":"","ast-breadcrumbs-content":"","ast-featured-img":"","footer-sml-layout":"","ast-disable-related-posts":"","theme-transparent-header-meta":"default","adv-header-id-meta":"","stick-header-meta":"","header-above-stick-meta":"","header-main-stick-meta":"","header-below-stick-meta":"","astra-migrate-meta-layouts":"default","ast-page-background-enabled":"default","ast-page-background-meta":{"desktop":{"background-color":"","background-image":"","background-repeat":"repeat","background-position":"center center","background-size":"auto","background-attachment":"scroll","background-type":"","background-media":"","overlay-type":"","overlay-color":"","overlay-opacity":"","overlay-gradient":""},"tablet":{"background-color":"","background-image":"","background-repeat":"repeat","background-position":"center center","background-size":"auto","background-attachment":"scroll","background-type":"","background-media":"","overlay-type":"","overlay-color":"","overlay-opacity":"","overlay-gradient":""},"mobile":{"background-color":"","background-image":"","background-repeat":"repeat","background-position":"center center","background-size":"auto","background-attachment":"scroll","background-type":"","background-media":"","overlay-type":"","overlay-color":"","overlay-opacity":"","overlay-gradient":""}},"ast-content-background-meta":{"desktop":{"background-color":"var(--ast-global-color-5)","background-image":"","background-repeat":"repeat","background-position":"center center","background-size":"auto","background-attachment":"scroll","background-type":"","background-media":"","overlay-type":"","overlay-color":"","overlay-opacity":"","overlay-gradient":""},"tablet":{"background-color":"var(--ast-global-color-5)","background-image":"","background-repeat":"repeat","background-position":"center center","background-size":"auto","background-attachment":"scroll","background-type":"","background-media":"","overlay-type":"","overlay-color":"","overlay-opacity":"","overlay-gradient":""},"mobile":{"background-color":"var(--ast-global-color-5)","background-image":"","background-repeat":"repeat","background-position":"center center","background-size":"auto","background-attachment":"scroll","background-type":"","background-media":"","overlay-type":"","overlay-color":"","overlay-opacity":"","overlay-gradient":""}}},"product_brand":[],"product_cat":[41],"product_tag":[],"class_list":{"0":"post-6568","1":"product","2":"type-product","3":"status-publish","4":"has-post-thumbnail","6":"product_cat-produkty-pre-zdravie","7":"desktop-align-left","8":"tablet-align-left","9":"mobile-align-left","11":"first","12":"instock","13":"sale","14":"taxable","15":"shipping-taxable","16":"purchasable","17":"product-type-simple"},"_links":{"self":[{"href":"https:\/\/wellness4you.cz\/sk\/wp-json\/wp\/v2\/product\/6568","targetHints":{"allow":["GET"]}}],"collection":[{"href":"https:\/\/wellness4you.cz\/sk\/wp-json\/wp\/v2\/product"}],"about":[{"href":"https:\/\/wellness4you.cz\/sk\/wp-json\/wp\/v2\/types\/product"}],"replies":[{"embeddable":true,"href":"https:\/\/wellness4you.cz\/sk\/wp-json\/wp\/v2\/comments?post=6568"}],"wp:featuredmedia":[{"embeddable":true,"href":"https:\/\/wellness4you.cz\/sk\/wp-json\/wp\/v2\/media\/6713"}],"wp:attachment":[{"href":"https:\/\/wellness4you.cz\/sk\/wp-json\/wp\/v2\/media?parent=6568"}],"wp:term":[{"taxonomy":"product_brand","embeddable":true,"href":"https:\/\/wellness4you.cz\/sk\/wp-json\/wp\/v2\/product_brand?post=6568"},{"taxonomy":"product_cat","embeddable":true,"href":"https:\/\/wellness4you.cz\/sk\/wp-json\/wp\/v2\/product_cat?post=6568"},{"taxonomy":"product_tag","embeddable":true,"href":"https:\/\/wellness4you.cz\/sk\/wp-json\/wp\/v2\/product_tag?post=6568"}],"curies":[{"name":"wp","href":"https:\/\/api.w.org\/{rel}","templated":true}]}}