{"id":6567,"date":"2023-01-15T04:11:36","date_gmt":"2023-01-15T03:11:36","guid":{"rendered":"https:\/\/wellness4you.cz\/sk\/?post_type=product&#038;p=6567"},"modified":"2026-01-08T22:52:33","modified_gmt":"2026-01-08T21:52:33","slug":"mens-defence","status":"publish","type":"product","link":"https:\/\/wellness4you.cz\/sk\/mens-defence\/","title":{"rendered":"Mens Defence"},"content":{"rendered":"<h2>H\u013ead\u00e1te pr\u00edrodn\u00e9 rie\u0161enie na podporu zdravia va\u0161ej prostaty? M\u00e1me pr\u00e1ve to, \u010do h\u013ead\u00e1te &#8211; Mens Defence.<\/h2>\n<p>Tento vysoko \u00fa\u010dinn\u00fd doplnok stravy podporuje prirodzen\u00fa lie\u010dbu prostatit\u00eddy svojimi vedecky podlo\u017een\u00fdmi \u00fa\u010dinn\u00fdmi l\u00e1tkami. Extrakt z indick\u00fdch f\u00edg pom\u00e1ha zni\u017eova\u0165 z\u00e1pal, zatia\u013e \u010do extrakt zo stonky \u0161pargle zni\u017euje pr\u00edznaky bph. \u010eal\u0161ie \u00fa\u010dinn\u00e9 prvky, ako je extrakt z kore\u0148a z\u00e1zvoru, citr\u00e1t zino\u010dnat\u00fd a extrakt z listov aloe vera, spolo\u010dne pom\u00e1haj\u00fa zlep\u0161i\u0165 zdravie mu\u017eskej prostaty.\u00a0Mens Defence je tu pre t\u00fdch, ktor\u00ed chc\u00fa pr\u00edrodn\u00fa alternat\u00edvu boja proti prostatit\u00edde. Vyu\u017eite t\u00fato jedine\u010dn\u00fa zmes d\u00f4le\u017eit\u00fdch vitam\u00ednov, miner\u00e1lov a \u017eiv\u00edn. M\u00f4\u017eete n\u00e1m d\u00f4verova\u0165, preto\u017ee ver\u00edme, \u017ee pou\u017e\u00edvame len najkvalitnej\u0161ie zlo\u017eky, aby sme zabezpe\u010dili \u0161pi\u010dkov\u00fa \u00fa\u010dinnos\u0165!<\/p>\n<h2>Neuspokojte sa, ke\u010f ide o va\u0161e zdravie!<\/h2>\n<p>Vyberte si Mens Defense e\u0161te dnes, aby ste mohli zosta\u0165 v bezpe\u010d\u00ed, siln\u00ed a zdrav\u00ed. V\u010faka n\u00e1\u0161mu pr\u00edrodn\u00e9mu, ale rozmanit\u00e9mu zlo\u017eeniu sa teraz nemus\u00edte stara\u0165 ani tak o ochranu svojej prostaty, ako o prijatie opatren\u00ed na zlep\u0161enie jej stavu raz a nav\u017edy!<\/p>\n<p>Je komplexn\u00fd doplnok stravy, ktor\u00fd podporuje prirodzen\u00fa lie\u010dbu prostatit\u00eddy. Zlo\u017eenie Mens Defence obsahuje najnov\u0161ie \u00fa\u010dinn\u00e9 l\u00e1tky, ktor\u00e9 zlep\u0161uj\u00fa zdravie mu\u017eskej prostaty. Starostlivo vybran\u00e1 kombin\u00e1cia extraktu z indickej figy, extraktu zo stonky \u0161pargle, extraktu z kore\u0148a z\u00e1zvoru, citr\u00e1tu zino\u010dnat\u00e9ho a extraktu z listov aloe vera spolo\u010dne p\u00f4sob\u00ed na pr\u00edznaky spojen\u00e9 so zdravotn\u00fdmi probl\u00e9mami mu\u017eskej prostaty. S pr\u00edpravkom Mens Defence u\u017e mu\u017ei nemusia h\u013eada\u0165 individu\u00e1lne doplnky stravy alebo lie\u010debn\u00e9 postupy. T\u00e1to jedine\u010dn\u00e1 zmes ingredienci\u00ed im poskytne potrebn\u00fa podporu v jedinom v\u00fdrobku. Prevezmite kontrolu nad svoj\u00edm zdrav\u00edm e\u0161te dnes s pr\u00edpravkom Mens Defence a poskytnite si siln\u00fa obranu proti probl\u00e9mom s prostatou! Ne\u010dakajte &#8211; za\u010dnite robi\u0165 proakt\u00edvny krok na podporu svojho zdrav\u00e9ho \u017eivotn\u00e9ho \u0161t\u00fdlu u\u017e teraz a uvid\u00edte skuto\u010dn\u00e9 v\u00fdsledky!<\/p>\n","protected":false},"excerpt":{"rendered":"<p>Mens Defence pr\u00edrodn\u00e9 rie\u0161enie na podporu zdravia va\u0161ej prostaty. K\u00fapi\u0165 Mens Defence v Slovenskej Republike za v\u00fdhodn\u00fa cenu. Kde k\u00fapi\u0165. Cena. Hodnotenie. Doru\u010denie na celom Slovensku: Trnava, Bansk\u00e1 Bystrica, Nitra, \u017dilina, Pre\u0161ov, Ko\u0161ice, Bratislava, Zvolen, Prievidza, Poprad, Martin, Tren\u010d\u00edn, Topo\u013e\u010dany, Pezinok a Lu\u010denec. Ako si tovar vzia\u0165, Indik\u00e1cie pre pou\u017eitie, Kontraindik\u00e1cie. K\u00fapte si Mens Defence online.<\/p>\n","protected":false},"featured_media":6711,"comment_status":"open","ping_status":"closed","template":"","meta":{"site-sidebar-layout":"default","site-content-layout":"default","ast-site-content-layout":"default","site-content-style":"default","site-sidebar-style":"default","ast-global-header-display":"","ast-banner-title-visibility":"","ast-main-header-display":"","ast-hfb-above-header-display":"","ast-hfb-below-header-display":"","ast-hfb-mobile-header-display":"","site-post-title":"","ast-breadcrumbs-content":"","ast-featured-img":"","footer-sml-layout":"","ast-disable-related-posts":"","theme-transparent-header-meta":"default","adv-header-id-meta":"","stick-header-meta":"","header-above-stick-meta":"","header-main-stick-meta":"","header-below-stick-meta":"","astra-migrate-meta-layouts":"default","ast-page-background-enabled":"default","ast-page-background-meta":{"desktop":{"background-color":"","background-image":"","background-repeat":"repeat","background-position":"center center","background-size":"auto","background-attachment":"scroll","background-type":"","background-media":"","overlay-type":"","overlay-color":"","overlay-opacity":"","overlay-gradient":""},"tablet":{"background-color":"","background-image":"","background-repeat":"repeat","background-position":"center center","background-size":"auto","background-attachment":"scroll","background-type":"","background-media":"","overlay-type":"","overlay-color":"","overlay-opacity":"","overlay-gradient":""},"mobile":{"background-color":"","background-image":"","background-repeat":"repeat","background-position":"center center","background-size":"auto","background-attachment":"scroll","background-type":"","background-media":"","overlay-type":"","overlay-color":"","overlay-opacity":"","overlay-gradient":""}},"ast-content-background-meta":{"desktop":{"background-color":"var(--ast-global-color-5)","background-image":"","background-repeat":"repeat","background-position":"center center","background-size":"auto","background-attachment":"scroll","background-type":"","background-media":"","overlay-type":"","overlay-color":"","overlay-opacity":"","overlay-gradient":""},"tablet":{"background-color":"var(--ast-global-color-5)","background-image":"","background-repeat":"repeat","background-position":"center center","background-size":"auto","background-attachment":"scroll","background-type":"","background-media":"","overlay-type":"","overlay-color":"","overlay-opacity":"","overlay-gradient":""},"mobile":{"background-color":"var(--ast-global-color-5)","background-image":"","background-repeat":"repeat","background-position":"center center","background-size":"auto","background-attachment":"scroll","background-type":"","background-media":"","overlay-type":"","overlay-color":"","overlay-opacity":"","overlay-gradient":""}}},"product_brand":[],"product_cat":[40],"product_tag":[],"class_list":{"0":"post-6567","1":"product","2":"type-product","3":"status-publish","4":"has-post-thumbnail","6":"product_cat-produkty-pre-muzov","7":"desktop-align-left","8":"tablet-align-left","9":"mobile-align-left","11":"first","12":"instock","13":"sale","14":"taxable","15":"shipping-taxable","16":"purchasable","17":"product-type-simple"},"_links":{"self":[{"href":"https:\/\/wellness4you.cz\/sk\/wp-json\/wp\/v2\/product\/6567","targetHints":{"allow":["GET"]}}],"collection":[{"href":"https:\/\/wellness4you.cz\/sk\/wp-json\/wp\/v2\/product"}],"about":[{"href":"https:\/\/wellness4you.cz\/sk\/wp-json\/wp\/v2\/types\/product"}],"replies":[{"embeddable":true,"href":"https:\/\/wellness4you.cz\/sk\/wp-json\/wp\/v2\/comments?post=6567"}],"wp:featuredmedia":[{"embeddable":true,"href":"https:\/\/wellness4you.cz\/sk\/wp-json\/wp\/v2\/media\/6711"}],"wp:attachment":[{"href":"https:\/\/wellness4you.cz\/sk\/wp-json\/wp\/v2\/media?parent=6567"}],"wp:term":[{"taxonomy":"product_brand","embeddable":true,"href":"https:\/\/wellness4you.cz\/sk\/wp-json\/wp\/v2\/product_brand?post=6567"},{"taxonomy":"product_cat","embeddable":true,"href":"https:\/\/wellness4you.cz\/sk\/wp-json\/wp\/v2\/product_cat?post=6567"},{"taxonomy":"product_tag","embeddable":true,"href":"https:\/\/wellness4you.cz\/sk\/wp-json\/wp\/v2\/product_tag?post=6567"}],"curies":[{"name":"wp","href":"https:\/\/api.w.org\/{rel}","templated":true}]}}