{"id":6565,"date":"2023-01-15T04:11:35","date_gmt":"2023-01-15T03:11:35","guid":{"rendered":"https:\/\/wellness4you.cz\/sk\/?post_type=product&#038;p=6565"},"modified":"2026-01-08T22:52:33","modified_gmt":"2026-01-08T21:52:33","slug":"keto-guru","status":"publish","type":"product","link":"https:\/\/wellness4you.cz\/sk\/keto-guru\/","title":{"rendered":"Keto Guru"},"content":{"rendered":"<p>Ste pripraven\u00ed odomkn\u00fa\u0165 skuto\u010dn\u00fd potenci\u00e1l keto stravy? \u010ci u\u017e ste v keto \u017eivotnom \u0161t\u00fdle nov\u00e1\u010dik alebo profesion\u00e1l, Keto Guru je tu, aby posunul va\u0161e pl\u00e1novanie a pr\u00edpravu jed\u00e1l na vy\u0161\u0161iu \u00farove\u0148! Tento produkt je \u013eahko pou\u017eite\u013en\u00e1 online aplik\u00e1cia, ktor\u00e1 bola \u0161peci\u00e1lne navrhnut\u00e1 pre fan\u00fa\u0161ikov keto di\u00e9ty. V\u010faka komplexnej datab\u00e1ze receptov, n\u00e1strojom na sledovanie makier, grafom na sledovanie pokroku a funkcii zoznamu potrav\u00edn umo\u017e\u0148uje Keto Guru jednoducho pl\u00e1nova\u0165. A pripravova\u0165 chutn\u00e9 jedl\u00e1 s n\u00edzkym obsahom sacharidov s minim\u00e1lnym \u00fasil\u00edm. Teraz sa u\u017e nemus\u00edte stresova\u0165 jedlom &#8211; s Keto Guru m\u00f4\u017eete zosta\u0165 na spr\u00e1vnej ceste bez ak\u00fdchko\u013evek probl\u00e9mov!<\/p>\n<h2>Pre\u010do pr\u00e1ve Keto Guru?<\/h2>\n<p>Nu\u017e, ak h\u013ead\u00e1te sp\u00f4sob, ako si prisp\u00f4sobi\u0165 pl\u00e1ny jed\u00e1l pre maxim\u00e1lnu v\u00fd\u017eivu a chu\u0165. Ale nem\u00e1te \u010das preh\u013ead\u00e1va\u0165 stovky receptov na internete, potom je Keto Guru pre v\u00e1s ide\u00e1lny. Okrem toho sa neuverite\u013ene \u013eahko pou\u017e\u00edva; od pl\u00e1novania jed\u00e1l na za\u010diatku t\u00fd\u017ed\u0148a a\u017e po n\u00e1kupn\u00e9 zoznamy. A sledovanie porci\u00ed &#8211; v\u0161etko je usporiadan\u00e9 v \u013eahko str\u00e1vite\u013enom form\u00e1te, ktor\u00fd ka\u017ed\u00e9mu umo\u017en\u00ed pripravi\u0165 jedl\u00e1 na \u00farovni re\u0161taur\u00e1cie za okamih! A v\u010faka s\u00faboru u\u017eito\u010dn\u00fdch funkci\u00ed, ako s\u00fa personalizovan\u00e9 kalorick\u00e9 ciele a rozdelenie makro\u017eiv\u00edn. Nebolo dosiahnutie va\u0161ich zdravotn\u00fdch cie\u013eov nikdy jednoduch\u0161ie.<\/p>\n<h2>Dosiahnite svoje ciele chudnutia s \u00fa\u017easn\u00fdmi v\u00fdsledkami pomocou KetoGuru!<\/h2>\n<p>N\u00e1\u0161 pokro\u010dil\u00fd doplnok stravy bol \u0161peci\u00e1lne vyvinut\u00fd na na\u0161tartovanie ketog\u00e9nnej di\u00e9ty, ktor\u00fd v\u00e1m pom\u00f4\u017ee r\u00fdchlo a \u013eahko sa dosta\u0165 do ket\u00f3zy. Obsahuje jedine\u010dn\u00fa zmes vitam\u00ednov a miner\u00e1lov, ktor\u00e9 v\u00e1\u0161mu telu dodaj\u00fa z\u00e1kladn\u00e9 zlo\u017eky, ako je L-glutam\u00edn, drasl\u00edk, hor\u010d\u00edk, B1 a\u017e B12. Tento produkt je skuto\u010dne kompletn\u00fdm rie\u0161en\u00edm pre t\u00fdch, ktor\u00ed chc\u00fa r\u00fdchlo dosiahnu\u0165 v\u00fdsledky bez toho, aby utrpeli na \u00fakor \u017eiv\u00edn alebo pohody.<\/p>\n<p>Namiesto toho, aby ste sa tr\u00e1pili s priebe\u017en\u00fdmi zmenami \u017eivotn\u00e9ho \u0161t\u00fdlu, ktor\u00e9 m\u00f4\u017eu by\u0165 n\u00e1ro\u010dn\u00e9 a frustruj\u00face. Keto Guru v\u00e1m poskytne v\u0161etko, \u010do potrebujete, aby ste mohli za\u010da\u0165 hne\u010f.\u00a0Od jednoduchej konzum\u00e1cie &#8211; len nieko\u013eko tabliet &#8211; a\u017e po to, \u017ee je \u00faplne bez cukru pre dodato\u010dn\u00fa podporu zdravia, v\u00e1m Keto Guru d\u00e1va pevn\u00fa kontrolu nad va\u0161ou vlastnou cestou od za\u010diatku a\u017e do konca. Nech\u00e1va v\u00e1s vybra\u0165 si, ako \u010faleko ste ochotn\u00ed \u00eds\u0165 v snahe o dokonal\u00fa zdravotn\u00fa starostlivos\u0165.<\/p>\n<p>Preto sa nevenujte ketog\u00e9nnemu \u017eivotn\u00e9mu \u0161t\u00fdlu polovi\u010dato &#8211; predbehnite dav a vysk\u00fa\u0161ajte v\u0161etky jeho \u00fa\u017easn\u00e9 v\u00fdhody e\u0161te dnes s Keto Guru. Keto Keto. Kone\u010dn\u00e9 rie\u0161enie \u00faspe\u0161n\u00e9ho chudnutia!<\/p>\n<p>Tak na \u010do e\u0161te \u010dak\u00e1te? Prevezmite kontrolu nad svojimi di\u00e9tnymi pl\u00e1nmi e\u0161te dnes s programom Keto Guru &#8211; sp\u00f4sob\u00ed revol\u00faciu vo va\u0161ej rutine pr\u00edpravy jed\u00e1l. A zanech\u00e1 vo v\u00e1s viac chutn\u00fdch jed\u00e1l ako kedyko\u013evek predt\u00fdm! V\u010faka chutn\u00fdm receptom z \u010derstv\u00fdch surov\u00edn a v\u0161etk\u00fdm t\u00fdmto fantastick\u00fdm funkci\u00e1m neexistuje in\u00e1 vo\u013eba, pokia\u013e ide o premenu t\u00fdchto keto snov na skuto\u010dnos\u0165.<\/p>\n","protected":false},"excerpt":{"rendered":"<p>Dosiahnite svoje ciele chudnutia s \u00fa\u017easn\u00fdmi v\u00fdsledkami pomocou Keto Guru! K\u00fapi\u0165 Keto Guru v Slovenskej Republike za v\u00fdhodn\u00fa cenu. Hodnotenie. Kde k\u00fapi\u0165. Cena. Doru\u010denie na celom Slovensku: Zvolen, Prievidza, Poprad, Martin, Tren\u010d\u00edn, Trnava, Bansk\u00e1 Bystrica, Nitra, \u017dilina, Pre\u0161ov, Ko\u0161ice, Bratislava, Lu\u010denec, Ru\u017eomberok a Pie\u0161\u0165any. Indik\u00e1cie pre pou\u017eitie, Kontraindik\u00e1cie, Ako si tovar vzia\u0165. K\u00fapte si Keto Guru online.<\/p>\n","protected":false},"featured_media":6707,"comment_status":"open","ping_status":"closed","template":"","meta":{"site-sidebar-layout":"default","site-content-layout":"default","ast-site-content-layout":"default","site-content-style":"default","site-sidebar-style":"default","ast-global-header-display":"","ast-banner-title-visibility":"","ast-main-header-display":"","ast-hfb-above-header-display":"","ast-hfb-below-header-display":"","ast-hfb-mobile-header-display":"","site-post-title":"","ast-breadcrumbs-content":"","ast-featured-img":"","footer-sml-layout":"","ast-disable-related-posts":"","theme-transparent-header-meta":"default","adv-header-id-meta":"","stick-header-meta":"","header-above-stick-meta":"","header-main-stick-meta":"","header-below-stick-meta":"","astra-migrate-meta-layouts":"default","ast-page-background-enabled":"default","ast-page-background-meta":{"desktop":{"background-color":"","background-image":"","background-repeat":"repeat","background-position":"center center","background-size":"auto","background-attachment":"scroll","background-type":"","background-media":"","overlay-type":"","overlay-color":"","overlay-opacity":"","overlay-gradient":""},"tablet":{"background-color":"","background-image":"","background-repeat":"repeat","background-position":"center center","background-size":"auto","background-attachment":"scroll","background-type":"","background-media":"","overlay-type":"","overlay-color":"","overlay-opacity":"","overlay-gradient":""},"mobile":{"background-color":"","background-image":"","background-repeat":"repeat","background-position":"center center","background-size":"auto","background-attachment":"scroll","background-type":"","background-media":"","overlay-type":"","overlay-color":"","overlay-opacity":"","overlay-gradient":""}},"ast-content-background-meta":{"desktop":{"background-color":"var(--ast-global-color-5)","background-image":"","background-repeat":"repeat","background-position":"center center","background-size":"auto","background-attachment":"scroll","background-type":"","background-media":"","overlay-type":"","overlay-color":"","overlay-opacity":"","overlay-gradient":""},"tablet":{"background-color":"var(--ast-global-color-5)","background-image":"","background-repeat":"repeat","background-position":"center center","background-size":"auto","background-attachment":"scroll","background-type":"","background-media":"","overlay-type":"","overlay-color":"","overlay-opacity":"","overlay-gradient":""},"mobile":{"background-color":"var(--ast-global-color-5)","background-image":"","background-repeat":"repeat","background-position":"center center","background-size":"auto","background-attachment":"scroll","background-type":"","background-media":"","overlay-type":"","overlay-color":"","overlay-opacity":"","overlay-gradient":""}}},"product_brand":[],"product_cat":[39],"product_tag":[],"class_list":{"0":"post-6565","1":"product","2":"type-product","3":"status-publish","4":"has-post-thumbnail","6":"product_cat-na-chudnutie","7":"desktop-align-left","8":"tablet-align-left","9":"mobile-align-left","11":"first","12":"instock","13":"sale","14":"taxable","15":"shipping-taxable","16":"purchasable","17":"product-type-simple"},"_links":{"self":[{"href":"https:\/\/wellness4you.cz\/sk\/wp-json\/wp\/v2\/product\/6565","targetHints":{"allow":["GET"]}}],"collection":[{"href":"https:\/\/wellness4you.cz\/sk\/wp-json\/wp\/v2\/product"}],"about":[{"href":"https:\/\/wellness4you.cz\/sk\/wp-json\/wp\/v2\/types\/product"}],"replies":[{"embeddable":true,"href":"https:\/\/wellness4you.cz\/sk\/wp-json\/wp\/v2\/comments?post=6565"}],"wp:featuredmedia":[{"embeddable":true,"href":"https:\/\/wellness4you.cz\/sk\/wp-json\/wp\/v2\/media\/6707"}],"wp:attachment":[{"href":"https:\/\/wellness4you.cz\/sk\/wp-json\/wp\/v2\/media?parent=6565"}],"wp:term":[{"taxonomy":"product_brand","embeddable":true,"href":"https:\/\/wellness4you.cz\/sk\/wp-json\/wp\/v2\/product_brand?post=6565"},{"taxonomy":"product_cat","embeddable":true,"href":"https:\/\/wellness4you.cz\/sk\/wp-json\/wp\/v2\/product_cat?post=6565"},{"taxonomy":"product_tag","embeddable":true,"href":"https:\/\/wellness4you.cz\/sk\/wp-json\/wp\/v2\/product_tag?post=6565"}],"curies":[{"name":"wp","href":"https:\/\/api.w.org\/{rel}","templated":true}]}}