{"id":6564,"date":"2023-01-15T04:11:35","date_gmt":"2023-01-15T03:11:35","guid":{"rendered":"https:\/\/wellness4you.cz\/sk\/?post_type=product&#038;p=6564"},"modified":"2026-01-08T22:52:33","modified_gmt":"2026-01-08T21:52:33","slug":"keto-bullet","status":"publish","type":"product","link":"https:\/\/wellness4you.cz\/sk\/keto-bullet\/","title":{"rendered":"Keto Bullet"},"content":{"rendered":"<p>M\u00e1te probl\u00e9my so svoj\u00edm \u00fasil\u00edm o chudnutie? M\u00f4\u017ee to by\u0165 sk\u013eu\u010duj\u00face, ke\u010f sa v\u00e1m v\u0161etka va\u0161a tvrd\u00e1 pr\u00e1ca nevypl\u00e1ca. Ale s Keto Bullet u\u017e nemus\u00edte \u010daka\u0165 na v\u00fdsledky! Na\u0161a \u00faplne pr\u00edrodn\u00e1 zmes k\u00e1vy a kokosov\u00e9ho oleja je tu, aby v\u00e1m poskytla potrebn\u00fa podporu metabolizmu, tak\u017ee m\u00f4\u017eete skuto\u010dne za\u010da\u0165 vidie\u0165, ako dosahujete svoje ciele!<\/p>\n<p>Kokosov\u00fd olej je zn\u00e1my svojimi schopnos\u0165ami potl\u00e1\u010da\u0165 hlad, ako aj ochrann\u00fdmi vlastnos\u0165ami, ktor\u00e9 chr\u00e1nia pred po\u0161koden\u00edm mozgu. Navy\u0161e jeho lahodn\u00e1 chu\u0165 ho skuto\u010dne odli\u0161uje od ostatn\u00fdch doplnkov stravy. A, samozrejme, v\u0161etci milujeme k\u00e1vu &#8211; nielen\u017ee n\u00e1m dod\u00e1va energiu a pocit pohotovosti, ale pom\u00e1ha aj spa\u013eova\u0165 \u010fal\u0161ie kal\u00f3rie. \u010co m\u00f4\u017ee by\u0165 lep\u0161ie?<\/p>\n<p>S k\u00e1vou Keto Bullet m\u00e1 ka\u017ed\u00fd d\u00fa\u0161ok podporu vedy. To znamen\u00e1, \u017ee zatia\u013e \u010do si r\u00e1no alebo popoludn\u00ed vychutn\u00e1vate ka\u017edodenn\u00fa \u0161\u00e1lku lahodnej chuti, va\u0161e telo skuto\u010dne dost\u00e1va pomoc, ktor\u00fa potrebuje na zr\u00fdchlenie metabolizmu a zbavenie sa t\u00fdch otravn\u00fdch k\u00edl navy\u0161e. Pozdravte svoju vysn\u00edvan\u00fa \u0161t\u00edhlu postavu s Keto Bullet e\u0161te dnes!<\/p>\n<p>Predstavujeme v\u00e1m Keto Bullet &#8211; revolu\u010dn\u00fd produkt na zmiernenie bolesti k\u013abov, ktor\u00fd b\u00fara svet zdravotn\u00edctva! Bolo vedecky dok\u00e1zan\u00e9, \u017ee Keto Bullet zni\u017euje z\u00e1pal k\u013abov\u00e9ho tkaniva a prin\u00e1\u0161a \u00fa\u013eavu od va\u0161ich bolest\u00ed.<\/p>\n<p>M\u00e1te pocit, \u017ee va\u0161e koleno st\u00e1le hor\u00ed? Sp\u00f4sobuje v\u00e1m n\u00e1hly pohyb vystre\u013euj\u00facu boles\u0165 v ramene? U\u017e sa nemus\u00edte ob\u00e1va\u0165 &#8211; Keto Bullet je tu, aby v\u00e1m pomohol! V\u010faka pou\u017eitiu protiz\u00e1palov\u00fdch pr\u00edrodn\u00fdch zlo\u017eiek, ako je extrakt z kore\u0148a p\u00fapavy, extrakt z arniky mont\u00e1nnej, extrakt z myrhovej gumy a BioPerine\u00ae, tento \u00fa\u010dinn\u00fd elix\u00edr p\u00f4sob\u00ed na podporu hojenia zap\u00e1len\u00fdch k\u013abov u mu\u017eov aj \u017eien. Navy\u0161e, v\u010faka svojim r\u00fdchlo p\u00f4sobiacim v\u00fdsledkom a lahodnej vanilkovej pr\u00edchuti sa ur\u010dite stane va\u0161\u00edm nov\u00fdm ob\u013e\u00faben\u00fdm doplnkom stravy.<\/p>\n<p>Rozl\u00fa\u010dte sa s d\u0148ami str\u00e1ven\u00fdmi odpo\u010dinkom v posteli &#8211; Keto Bullet v\u00e1s vr\u00e1ti sp\u00e4\u0165 do \u017eivota! T\u00e1to jedine\u010dn\u00e1 zmes \u00fa\u010dinn\u00fdch zlo\u017eiek, ktor\u00e1 v\u00e1m poskytuje podporu k\u013abov, ktor\u00e1 je \u00fa\u010dinn\u00e1, ale z\u00e1rove\u0148 dostato\u010dne mierna na ka\u017edodenn\u00fa konzum\u00e1ciu, pom\u00e1ha zni\u017eova\u0165 opuchy bez nepr\u00edjemn\u00fdch ved\u013eaj\u0161\u00edch \u00fa\u010dinkov, ako s\u00fa bolesti hlavy alebo \u00fanava. Presta\u0148te \u010daka\u0165 na dlhodob\u00e9 rie\u0161enia &#8211; Keto Bullet v\u00e1m m\u00f4\u017ee poskytn\u00fa\u0165 pomoc u\u017e v priebehu nieko\u013ek\u00fdch dn\u00ed u\u017e\u00edvania!<\/p>\n<p>Va\u0161e k\u013aby si zasl\u00fa\u017eia len to najlep\u0161ie &#8211; vyberte si Keto Bulletpre skuto\u010dn\u00e9 v\u00fdsledky e\u0161te dnes! V\u010faka r\u00fdchlemu a bezpe\u010dn\u00e9mu \u00fa\u010dinku, na ktor\u00fd sa m\u00f4\u017eete spo\u013eahn\u00fa\u0165 ka\u017ed\u00fd de\u0148, v\u00e1m tento jedine\u010dn\u00fd v\u00fdrobok pom\u00f4\u017ee zmierni\u0165 ak\u00e9ko\u013evek \u0165a\u017ekosti, aby ste sa mohli vr\u00e1ti\u0165 k tomu, \u010do m\u00e1te radi. Pridajte sa k mili\u00f3nom \u013eud\u00ed na celom svete a dosiahnite trval\u00fd \u00faspech s men\u0161\u00edm po\u010dtom nepr\u00edjemnost\u00ed &#8211; vyzdvihnite si svoj teraz za bezkonkuren\u010dn\u00fa cenu.<\/p>\n","protected":false},"excerpt":{"rendered":"<p>K\u00fapi\u0165 Keto Bullet v Slovenskej Republike za v\u00fdhodn\u00fa cenu. Kde k\u00fapi\u0165. Cena. Hodnotenie. Doru\u010denie na celom Slovensku: Prievidza, Poprad, Martin, Tren\u010d\u00edn, Trnava, Bansk\u00e1 Bystrica, Nitra, \u017dilina, Pre\u0161ov, Ko\u0161ice, Bratislava, Zvolen, Ru\u017eomberok, Pie\u0161\u0165any a Liptovsk\u00fd Mikul\u00e1\u0161. Kontraindik\u00e1cie, Ako si tovar vzia\u0165, Indik\u00e1cie pre pou\u017eitie. K\u00fapte si Keto Bullet online.<\/p>\n","protected":false},"featured_media":6705,"comment_status":"open","ping_status":"closed","template":"","meta":{"site-sidebar-layout":"default","site-content-layout":"default","ast-site-content-layout":"default","site-content-style":"default","site-sidebar-style":"default","ast-global-header-display":"","ast-banner-title-visibility":"","ast-main-header-display":"","ast-hfb-above-header-display":"","ast-hfb-below-header-display":"","ast-hfb-mobile-header-display":"","site-post-title":"","ast-breadcrumbs-content":"","ast-featured-img":"","footer-sml-layout":"","ast-disable-related-posts":"","theme-transparent-header-meta":"default","adv-header-id-meta":"","stick-header-meta":"","header-above-stick-meta":"","header-main-stick-meta":"","header-below-stick-meta":"","astra-migrate-meta-layouts":"default","ast-page-background-enabled":"default","ast-page-background-meta":{"desktop":{"background-color":"","background-image":"","background-repeat":"repeat","background-position":"center center","background-size":"auto","background-attachment":"scroll","background-type":"","background-media":"","overlay-type":"","overlay-color":"","overlay-opacity":"","overlay-gradient":""},"tablet":{"background-color":"","background-image":"","background-repeat":"repeat","background-position":"center center","background-size":"auto","background-attachment":"scroll","background-type":"","background-media":"","overlay-type":"","overlay-color":"","overlay-opacity":"","overlay-gradient":""},"mobile":{"background-color":"","background-image":"","background-repeat":"repeat","background-position":"center center","background-size":"auto","background-attachment":"scroll","background-type":"","background-media":"","overlay-type":"","overlay-color":"","overlay-opacity":"","overlay-gradient":""}},"ast-content-background-meta":{"desktop":{"background-color":"var(--ast-global-color-5)","background-image":"","background-repeat":"repeat","background-position":"center center","background-size":"auto","background-attachment":"scroll","background-type":"","background-media":"","overlay-type":"","overlay-color":"","overlay-opacity":"","overlay-gradient":""},"tablet":{"background-color":"var(--ast-global-color-5)","background-image":"","background-repeat":"repeat","background-position":"center center","background-size":"auto","background-attachment":"scroll","background-type":"","background-media":"","overlay-type":"","overlay-color":"","overlay-opacity":"","overlay-gradient":""},"mobile":{"background-color":"var(--ast-global-color-5)","background-image":"","background-repeat":"repeat","background-position":"center center","background-size":"auto","background-attachment":"scroll","background-type":"","background-media":"","overlay-type":"","overlay-color":"","overlay-opacity":"","overlay-gradient":""}}},"product_brand":[],"product_cat":[39],"product_tag":[],"class_list":{"0":"post-6564","1":"product","2":"type-product","3":"status-publish","4":"has-post-thumbnail","6":"product_cat-na-chudnutie","7":"desktop-align-left","8":"tablet-align-left","9":"mobile-align-left","11":"first","12":"instock","13":"taxable","14":"shipping-taxable","15":"purchasable","16":"product-type-simple"},"_links":{"self":[{"href":"https:\/\/wellness4you.cz\/sk\/wp-json\/wp\/v2\/product\/6564","targetHints":{"allow":["GET"]}}],"collection":[{"href":"https:\/\/wellness4you.cz\/sk\/wp-json\/wp\/v2\/product"}],"about":[{"href":"https:\/\/wellness4you.cz\/sk\/wp-json\/wp\/v2\/types\/product"}],"replies":[{"embeddable":true,"href":"https:\/\/wellness4you.cz\/sk\/wp-json\/wp\/v2\/comments?post=6564"}],"wp:featuredmedia":[{"embeddable":true,"href":"https:\/\/wellness4you.cz\/sk\/wp-json\/wp\/v2\/media\/6705"}],"wp:attachment":[{"href":"https:\/\/wellness4you.cz\/sk\/wp-json\/wp\/v2\/media?parent=6564"}],"wp:term":[{"taxonomy":"product_brand","embeddable":true,"href":"https:\/\/wellness4you.cz\/sk\/wp-json\/wp\/v2\/product_brand?post=6564"},{"taxonomy":"product_cat","embeddable":true,"href":"https:\/\/wellness4you.cz\/sk\/wp-json\/wp\/v2\/product_cat?post=6564"},{"taxonomy":"product_tag","embeddable":true,"href":"https:\/\/wellness4you.cz\/sk\/wp-json\/wp\/v2\/product_tag?post=6564"}],"curies":[{"name":"wp","href":"https:\/\/api.w.org\/{rel}","templated":true}]}}