{"id":6563,"date":"2023-01-15T04:11:34","date_gmt":"2023-01-15T03:11:34","guid":{"rendered":"https:\/\/wellness4you.cz\/sk\/?post_type=product&#038;p=6563"},"modified":"2026-01-08T22:52:33","modified_gmt":"2026-01-08T21:52:33","slug":"goji-cream","status":"publish","type":"product","link":"https:\/\/wellness4you.cz\/sk\/goji-cream\/","title":{"rendered":"Goji Cream"},"content":{"rendered":"<p>H\u013ead\u00e1te sp\u00f4sob, ako z\u00edska\u0165 \u017eiariv\u00fa mladistv\u00fa ple\u0165, po ktorej v\u0161etci t\u00fa\u017eia? U\u017e nemus\u00edte h\u013eada\u0165 \u010falej &#8211; je tu kr\u00e9m Goji! N\u00e1\u0161 pokro\u010dil\u00fd vzorec obsahuje revolu\u010dn\u00fa technol\u00f3giu proti starnutiu s \u00fa\u010dinn\u00fdmi v\u00fdsledkami, ktor\u00e9 s\u00fa vidite\u013en\u00e9 u\u017e za 10 dn\u00ed. Zastavte vr\u00e1sky a \u010fal\u0161ie pr\u00edznaky starnutia v ich stop\u00e1ch s Goji Cream!<\/p>\n<p>N\u00e1\u0161 kr\u00e9m, vytvoren\u00fd zo 100 % pr\u00edrodn\u00fdch zlo\u017eiek a bob\u00fa\u013e goji, poskytuje miner\u00e1ly, vitam\u00edny a biot\u00edn v jednom \u00fa\u010dinnom odvare, ktor\u00fd sa star\u00e1 o ple\u0165. Jeho \u0165a\u017ek\u00e9 molekuly vyh\u013ead\u00e1vaj\u00fa najhlb\u0161ie vrstvy va\u0161ej epidermy a nasadzuj\u00fa n\u00e1\u0161 maxim\u00e1lny v\u00fdkon proti r\u00f4znym nedokonalostiam. Aminokyseliny navy\u0161e zvy\u0161uj\u00fa antioxida\u010dn\u00fd \u00fa\u010dinok na\u0161ich produktov a zabezpe\u010duj\u00fa dlhotrvaj\u00face \u00fa\u010dinky.<\/p>\n<p>Zaho\u010fte laserov\u00e9 o\u0161etrenia a chirurgick\u00e9 z\u00e1kroky &#8211; s kr\u00e9mom Goji m\u00f4\u017eete odomkn\u00fa\u0165 svoju Font\u00e1nu mladosti bez toho, aby ste rozbili banku! Z\u00edskajte hlad\u0161iu, pevnej\u0161iu a mladistvej\u0161iu ple\u0165 e\u0161te dnes s Goji Cream!<\/p>\n<h2>Predstavujeme Goji Cream &#8211; dokonal\u00fd kr\u00e9m proti starnutiu pleti!<\/h2>\n<p>U\u017e stovky rokov sa \u013eudia obracaj\u00fa na bobule goji pre ich po\u010detn\u00e9 zdravotn\u00e9 v\u00fdhody. Teraz m\u00f4\u017eete rovnak\u00fa silu tohto starobyl\u00e9ho ovocia vyu\u017ei\u0165 na redukciu vr\u00e1sok, vyhladenie \u0161trukt\u00fary pleti a obnovenie mladistv\u00e9ho lesku. N\u00e1\u0161 luxusn\u00fd kr\u00e9m v\u00e1m pom\u00f4\u017ee spomali\u0165 pr\u00edznaky starnutia a z\u00e1rove\u0148 poskytne va\u0161ej pleti hydrat\u00e1ciu a ochranu pred po\u0161koden\u00edm vplyvom \u017eivotn\u00e9ho prostredia.<\/p>\n<p>Goji kr\u00e9m je viac ne\u017e len kr\u00e9m proti starnutiu &#8211; je to z\u00e1zrak v n\u00e1dobke. V\u010faka pou\u017eitiu iba 100 % pr\u00edrodn\u00fdch zlo\u017eiek, ako je vitam\u00edn E, s\u00f3jov\u00fd prote\u00edn, kolag\u00e9n a miner\u00e1lne v\u00fd\u0165a\u017eky zo samotn\u00fdch bob\u00fa\u013e goji, na\u0161a \u00fa\u010dinn\u00e1 zmes pom\u00f4\u017ee zn\u00ed\u017ei\u0165 v\u00fdskyt vr\u00e1sok a jemn\u00fdch liniek pre v\u00fdrazne mlad\u0161\u00ed vzh\u013ead pleti. Nielen to, ale tento \u00fa\u017easn\u00fd produkt tie\u017e pom\u00e1ha chr\u00e1ni\u0165 va\u0161u ple\u0165 pred zne\u010dis\u0165uj\u00facimi l\u00e1tkami a ka\u017edodenn\u00fdmi stresov\u00fdmi faktormi, ako je vietor a slne\u010dn\u00e9 \u017eiarenie, v\u010faka siln\u00fdm antioxidantom.<\/p>\n<p>Za\u017eite mlad\u0161ie vyzeraj\u00facu ple\u0165 s kr\u00e9mom Goji! V\u010faka dlhotrvaj\u00facim hydrata\u010dn\u00fdm \u00fa\u010dinkom bude va\u0161a ple\u0165 po ka\u017edom pou\u017eit\u00ed omladen\u00e1 a svie\u017ea. A \u010do je najlep\u0161ie? Na\u0161e revolu\u010dn\u00e9 zlo\u017eenie je bez krutosti, tak\u017ee je vhodn\u00e9 aj pre veg\u00e1nov! Tak pre\u010do \u010daka\u0165? Zaradte kr\u00e9m Goji do svojej ka\u017edodennej starostlivosti o ple\u0165 e\u0161te dnes, aby ste r\u00fdchlo a jednoducho zv\u00fd\u0161ili \u017eiarivos\u0165 a odstr\u00e1nili nepr\u00edjemn\u00e9 zn\u00e1mky starnutia.<\/p>\n","protected":false},"excerpt":{"rendered":"<p>Predstavujeme Goji Cream &#8211; dokonal\u00fd kr\u00e9m proti starnutiu pleti! K\u00fapi\u0165 Goji cream v Slovenskej Republike za v\u00fdhodn\u00fa cenu. Cena. Hodnotenie. Kde k\u00fapi\u0165. Doru\u010denie na celom Slovensku: Poprad, Martin, Tren\u010d\u00edn, Trnava, Bansk\u00e1 Bystrica, Nitra, \u017dilina, Pre\u0161ov, Ko\u0161ice, Bratislava, Zvolen, Prievidza, Pie\u0161\u0165any, Liptovsk\u00fd Mikul\u00e1\u0161 a Bardejov. Ako si tovar vzia\u0165, Indik\u00e1cie pre pou\u017eitie, Kontraindik\u00e1cie. K\u00fapte si Goji cream online.<\/p>\n","protected":false},"featured_media":6702,"comment_status":"open","ping_status":"closed","template":"","meta":{"site-sidebar-layout":"default","site-content-layout":"default","ast-site-content-layout":"default","site-content-style":"default","site-sidebar-style":"default","ast-global-header-display":"","ast-banner-title-visibility":"","ast-main-header-display":"","ast-hfb-above-header-display":"","ast-hfb-below-header-display":"","ast-hfb-mobile-header-display":"","site-post-title":"","ast-breadcrumbs-content":"","ast-featured-img":"","footer-sml-layout":"","ast-disable-related-posts":"","theme-transparent-header-meta":"default","adv-header-id-meta":"","stick-header-meta":"","header-above-stick-meta":"","header-main-stick-meta":"","header-below-stick-meta":"","astra-migrate-meta-layouts":"default","ast-page-background-enabled":"default","ast-page-background-meta":{"desktop":{"background-color":"","background-image":"","background-repeat":"repeat","background-position":"center center","background-size":"auto","background-attachment":"scroll","background-type":"","background-media":"","overlay-type":"","overlay-color":"","overlay-opacity":"","overlay-gradient":""},"tablet":{"background-color":"","background-image":"","background-repeat":"repeat","background-position":"center center","background-size":"auto","background-attachment":"scroll","background-type":"","background-media":"","overlay-type":"","overlay-color":"","overlay-opacity":"","overlay-gradient":""},"mobile":{"background-color":"","background-image":"","background-repeat":"repeat","background-position":"center center","background-size":"auto","background-attachment":"scroll","background-type":"","background-media":"","overlay-type":"","overlay-color":"","overlay-opacity":"","overlay-gradient":""}},"ast-content-background-meta":{"desktop":{"background-color":"var(--ast-global-color-5)","background-image":"","background-repeat":"repeat","background-position":"center center","background-size":"auto","background-attachment":"scroll","background-type":"","background-media":"","overlay-type":"","overlay-color":"","overlay-opacity":"","overlay-gradient":""},"tablet":{"background-color":"var(--ast-global-color-5)","background-image":"","background-repeat":"repeat","background-position":"center center","background-size":"auto","background-attachment":"scroll","background-type":"","background-media":"","overlay-type":"","overlay-color":"","overlay-opacity":"","overlay-gradient":""},"mobile":{"background-color":"var(--ast-global-color-5)","background-image":"","background-repeat":"repeat","background-position":"center center","background-size":"auto","background-attachment":"scroll","background-type":"","background-media":"","overlay-type":"","overlay-color":"","overlay-opacity":"","overlay-gradient":""}}},"product_brand":[],"product_cat":[42],"product_tag":[],"class_list":{"0":"post-6563","1":"product","2":"type-product","3":"status-publish","4":"has-post-thumbnail","6":"product_cat-produkty-proti-starnutiu","7":"desktop-align-left","8":"tablet-align-left","9":"mobile-align-left","11":"first","12":"instock","13":"taxable","14":"shipping-taxable","15":"purchasable","16":"product-type-simple"},"_links":{"self":[{"href":"https:\/\/wellness4you.cz\/sk\/wp-json\/wp\/v2\/product\/6563","targetHints":{"allow":["GET"]}}],"collection":[{"href":"https:\/\/wellness4you.cz\/sk\/wp-json\/wp\/v2\/product"}],"about":[{"href":"https:\/\/wellness4you.cz\/sk\/wp-json\/wp\/v2\/types\/product"}],"replies":[{"embeddable":true,"href":"https:\/\/wellness4you.cz\/sk\/wp-json\/wp\/v2\/comments?post=6563"}],"wp:featuredmedia":[{"embeddable":true,"href":"https:\/\/wellness4you.cz\/sk\/wp-json\/wp\/v2\/media\/6702"}],"wp:attachment":[{"href":"https:\/\/wellness4you.cz\/sk\/wp-json\/wp\/v2\/media?parent=6563"}],"wp:term":[{"taxonomy":"product_brand","embeddable":true,"href":"https:\/\/wellness4you.cz\/sk\/wp-json\/wp\/v2\/product_brand?post=6563"},{"taxonomy":"product_cat","embeddable":true,"href":"https:\/\/wellness4you.cz\/sk\/wp-json\/wp\/v2\/product_cat?post=6563"},{"taxonomy":"product_tag","embeddable":true,"href":"https:\/\/wellness4you.cz\/sk\/wp-json\/wp\/v2\/product_tag?post=6563"}],"curies":[{"name":"wp","href":"https:\/\/api.w.org\/{rel}","templated":true}]}}