{"id":6562,"date":"2023-01-15T04:11:34","date_gmt":"2023-01-15T03:11:34","guid":{"rendered":"https:\/\/wellness4you.cz\/sk\/?post_type=product&#038;p=6562"},"modified":"2026-02-24T22:58:56","modified_gmt":"2026-02-24T21:58:56","slug":"foot-trooper","status":"publish","type":"product","link":"https:\/\/wellness4you.cz\/sk\/foot-trooper\/","title":{"rendered":"Foot Trooper"},"content":{"rendered":"<p>Chcete ma\u0165 m\u00e4kk\u00e9 a zdrav\u00e9 nohy, ktor\u00e9 kr\u00e1sne vo\u0148aj\u00fa? Foot Trooper v\u00e1m kryje chrb\u00e1t! Na\u0161a revolu\u010dn\u00e1 starostlivos\u0165 o nohy je pln\u00e1 pr\u00edrodn\u00fdch \u00fa\u010dinn\u00fdch l\u00e1tok, ktor\u00e9 s\u00fa navrhnut\u00e9 tak, aby va\u0161e nohy boli spokojn\u00e9. \u00da\u010dinn\u00e9 antimykotick\u00e9 a antiseptick\u00e9 l\u00e1tky citrusov\u00e9ho oleja bojuj\u00fa proti infekci\u00e1m, zatia\u013e \u010do ser\u00edn z\u00edskan\u00fd z hodv\u00e1bu o\u0161etruje poko\u017eku t\u00fdm, \u017ee ju hydratuje a zabra\u0148uje nadmern\u00e9mu poteniu. Chladiv\u00fd mentol sterilizuje poko\u017eku a nechty a v\u00fd\u0165a\u017eok z medu pom\u00e1ha hoji\u0165 odreniny a mozole. A aby toho nebolo m\u00e1lo, klotrimazol ni\u010d\u00ed v\u00e4\u010d\u0161inu zn\u00e1mych druhov ples\u0148ov\u00fdch infekci\u00ed. C\u00ed\u0165te sa ako vojak, ktor\u00fd vel\u00ed svojim noh\u00e1m s Foot Trooper &#8211; udr\u017eujte ich zdrav\u00e9 a dobre vyzeraj\u00face po cel\u00fd rok!<\/p>\n<h2>S\u00fa va\u0161e nohy unaven\u00e9 a prepracovan\u00e9? Doprajte im oddych, ktor\u00fd si zasl\u00fa\u017eia, s Foot Trooper!<\/h2>\n<p>Tento pokro\u010dil\u00fd pr\u00edrodn\u00fd pr\u00edpravok na starostlivos\u0165 o nohy je ur\u010den\u00fd na osvie\u017eenie, revitaliz\u00e1ciu a ochranu va\u0161ich n\u00f4h. Zlo\u017eenie s \u00fa\u010dinn\u00fdmi akt\u00edvnymi zlo\u017ekami, ako je citrusov\u00fd olej na ni\u010denie plesn\u00ed, ser\u00edn na o\u0161etrenie poko\u017eky, mentol na zn\u00ed\u017eenie bolesti a svrbenia a v\u00fd\u0165a\u017eok z medu na hojenie odren\u00edn a mozo\u013eov. Tento produkt je ide\u00e1lnym rie\u0161en\u00edm na rie\u0161enie n\u00e1ro\u010dn\u00fdch probl\u00e9mov s chodidlami. Navy\u0161e obsahuje extra d\u00e1vku klotrimazolu, ktor\u00fd zabra\u0148uje \u0161\u00edreniu ples\u0148ov\u00fdch infekci\u00ed. \u010ci u\u017e ste \u0161portovec, ktor\u00fd h\u013ead\u00e1 o\u0161etrenie n\u00f4h pred alebo po tr\u00e9ningu, alebo zanepr\u00e1zdnen\u00fd profesion\u00e1l, ktor\u00e9ho nohy potrebuj\u00fa po dlhom dni v pr\u00e1ci trochu viac starostlivosti &#8211; Foot Trooper dostane va\u0161e nohy sp\u00e4\u0165 do najlep\u0161ej formy r\u00fdchlej\u0161ie ako kedyko\u013evek predt\u00fdm. Preto u\u017e ne\u010dakajte ani min\u00fatu &#8211; vezmite si f\u013ea\u0161ti\u010dku Foot Trooper e\u0161te dnes a venujte svojim noh\u00e1m pozornos\u0165, ktor\u00fa si zasl\u00fa\u017eia!<\/p>\n<p>Poskytnite svojim noh\u00e1m dokonal\u00fa ochranu s Foot Trooper! N\u00e1\u0161 vysokokvalitn\u00fd v\u00fdrobok poskytuje \u00fapln\u00fa ochranu proti plesniam a bakt\u00e9ri\u00e1m &#8211; udr\u017euje va\u0161e nohy zdrav\u00e9 a bez nepr\u00edjemn\u00fdch ochoren\u00ed n\u00f4h.<\/p>\n<p>V spolo\u010dnosti FootTrooper vieme, ak\u00e9 d\u00f4le\u017eit\u00e9 je chr\u00e1ni\u0165 va\u0161e nohy pred infekciami a po\u0161koden\u00edm. Preto sme vytvorili v\u00fdrobok \u0161peci\u00e1lne navrhnut\u00fd tak, aby v\u00e1m poskytol \u00fapln\u00fa ochranu. Na\u0161e \u0161peci\u00e1lne zlo\u017eenie je pln\u00e9 pr\u00edrodn\u00fdch olejov, vitam\u00ednov a miner\u00e1lov, ktor\u00e9 spolo\u010dne chr\u00e1nia va\u0161e nohy pred vonkaj\u0161\u00edmi hrozbami. M\u00e1 pr\u00edjemn\u00fa v\u00f4\u0148u, ktor\u00e1 v\u00e1s neoh\u00fari, a \u013eahk\u00fa konzistenciu, ktor\u00e1 nezanech\u00e1va zvy\u0161ky na poko\u017eke ani na oble\u010den\u00ed.<\/p>\n<p>Neriskujte ples\u0148ov\u00e9 infekcie! S pr\u00edpravkom Foot Trooper m\u00f4\u017eete ma\u0165 istotu, \u017ee va\u0161e nohy s\u00fa plne chr\u00e1nen\u00e9 bez rizika podr\u00e1\u017edenia alebo ved\u013eaj\u0161\u00edch \u00fa\u010dinkov. \u010ci u\u017e tr\u00e1vite \u010das v uzavretej obuvi alebo vonku v pr\u00edrode, na\u0161a ochrana v\u00e1m pom\u00f4\u017ee chr\u00e1ni\u0165 sa pred ak\u00fdmiko\u013evek \u0161kodliv\u00fdmi bakt\u00e9riami alebo hubami. Postarajte sa o seba e\u0161te dnes &#8211; poskytnite svojim noh\u00e1m absol\u00fatne najlep\u0161iu obrann\u00fa ochranu s Foot Trooper!<\/p>\n","protected":false},"excerpt":{"rendered":"<p>Neriskujte ples\u0148ov\u00e9 infekcie! S pr\u00edpravkom Foot Trooper m\u00f4\u017eete ma\u0165 istotu, \u017ee va\u0161e nohy s\u00fa plne chr\u00e1nen\u00e9 bez rizika podr\u00e1\u017edenia alebo ved\u013eaj\u0161\u00edch \u00fa\u010dinkov.\u00a0 K\u00fapi\u0165 Foot Trooper v Slovenskej Republike za v\u00fdhodn\u00fa cenu. Hodnotenie. Kde k\u00fapi\u0165. Cena. Doru\u010denie na celom Slovensku: Martin, Tren\u010d\u00edn, Trnava, Bansk\u00e1 Bystrica, Nitra, \u017dilina, Pre\u0161ov, Ko\u0161ice, Bratislava, Zvolen, Prievidza, Poprad, Liptovsk\u00fd Mikul\u00e1\u0161, Bardejov a Humenn\u00e9. Kontraindik\u00e1cie, Ako si tovar vzia\u0165, Indik\u00e1cie pre pou\u017eitie. K\u00fapte si Foot Trooper online.<\/p>\n","protected":false},"featured_media":6699,"comment_status":"open","ping_status":"closed","template":"","meta":{"site-sidebar-layout":"default","site-content-layout":"default","ast-site-content-layout":"default","site-content-style":"default","site-sidebar-style":"default","ast-global-header-display":"","ast-banner-title-visibility":"","ast-main-header-display":"","ast-hfb-above-header-display":"","ast-hfb-below-header-display":"","ast-hfb-mobile-header-display":"","site-post-title":"","ast-breadcrumbs-content":"","ast-featured-img":"","footer-sml-layout":"","ast-disable-related-posts":"","theme-transparent-header-meta":"default","adv-header-id-meta":"","stick-header-meta":"","header-above-stick-meta":"","header-main-stick-meta":"","header-below-stick-meta":"","astra-migrate-meta-layouts":"default","ast-page-background-enabled":"default","ast-page-background-meta":{"desktop":{"background-color":"","background-image":"","background-repeat":"repeat","background-position":"center center","background-size":"auto","background-attachment":"scroll","background-type":"","background-media":"","overlay-type":"","overlay-color":"","overlay-opacity":"","overlay-gradient":""},"tablet":{"background-color":"","background-image":"","background-repeat":"repeat","background-position":"center center","background-size":"auto","background-attachment":"scroll","background-type":"","background-media":"","overlay-type":"","overlay-color":"","overlay-opacity":"","overlay-gradient":""},"mobile":{"background-color":"","background-image":"","background-repeat":"repeat","background-position":"center center","background-size":"auto","background-attachment":"scroll","background-type":"","background-media":"","overlay-type":"","overlay-color":"","overlay-opacity":"","overlay-gradient":""}},"ast-content-background-meta":{"desktop":{"background-color":"var(--ast-global-color-5)","background-image":"","background-repeat":"repeat","background-position":"center center","background-size":"auto","background-attachment":"scroll","background-type":"","background-media":"","overlay-type":"","overlay-color":"","overlay-opacity":"","overlay-gradient":""},"tablet":{"background-color":"var(--ast-global-color-5)","background-image":"","background-repeat":"repeat","background-position":"center center","background-size":"auto","background-attachment":"scroll","background-type":"","background-media":"","overlay-type":"","overlay-color":"","overlay-opacity":"","overlay-gradient":""},"mobile":{"background-color":"var(--ast-global-color-5)","background-image":"","background-repeat":"repeat","background-position":"center center","background-size":"auto","background-attachment":"scroll","background-type":"","background-media":"","overlay-type":"","overlay-color":"","overlay-opacity":"","overlay-gradient":""}}},"product_brand":[],"product_cat":[41],"product_tag":[],"class_list":{"0":"post-6562","1":"product","2":"type-product","3":"status-publish","4":"has-post-thumbnail","6":"product_cat-produkty-pre-zdravie","7":"desktop-align-left","8":"tablet-align-left","9":"mobile-align-left","11":"first","12":"instock","13":"sale","14":"taxable","15":"shipping-taxable","16":"purchasable","17":"product-type-simple"},"_links":{"self":[{"href":"https:\/\/wellness4you.cz\/sk\/wp-json\/wp\/v2\/product\/6562","targetHints":{"allow":["GET"]}}],"collection":[{"href":"https:\/\/wellness4you.cz\/sk\/wp-json\/wp\/v2\/product"}],"about":[{"href":"https:\/\/wellness4you.cz\/sk\/wp-json\/wp\/v2\/types\/product"}],"replies":[{"embeddable":true,"href":"https:\/\/wellness4you.cz\/sk\/wp-json\/wp\/v2\/comments?post=6562"}],"wp:featuredmedia":[{"embeddable":true,"href":"https:\/\/wellness4you.cz\/sk\/wp-json\/wp\/v2\/media\/6699"}],"wp:attachment":[{"href":"https:\/\/wellness4you.cz\/sk\/wp-json\/wp\/v2\/media?parent=6562"}],"wp:term":[{"taxonomy":"product_brand","embeddable":true,"href":"https:\/\/wellness4you.cz\/sk\/wp-json\/wp\/v2\/product_brand?post=6562"},{"taxonomy":"product_cat","embeddable":true,"href":"https:\/\/wellness4you.cz\/sk\/wp-json\/wp\/v2\/product_cat?post=6562"},{"taxonomy":"product_tag","embeddable":true,"href":"https:\/\/wellness4you.cz\/sk\/wp-json\/wp\/v2\/product_tag?post=6562"}],"curies":[{"name":"wp","href":"https:\/\/api.w.org\/{rel}","templated":true}]}}