{"id":6560,"date":"2023-01-15T04:11:33","date_gmt":"2023-01-15T03:11:33","guid":{"rendered":"https:\/\/wellness4you.cz\/sk\/?post_type=product&#038;p=6560"},"modified":"2026-01-08T22:52:33","modified_gmt":"2026-01-08T21:52:33","slug":"energy-beauty-bar","status":"publish","type":"product","link":"https:\/\/wellness4you.cz\/sk\/energy-beauty-bar\/","title":{"rendered":"Energy Beauty Bar"},"content":{"rendered":"<p>Nem\u00f4\u017eete z\u00edska\u0165 dokonal\u00fa, \u017eiariv\u00fa ple\u0165, po ktorej ste v\u017edy t\u00fa\u017eili? Energy Beauty Bar je tu, aby v\u00e1m pomohol! Tento revolu\u010dn\u00fd v\u00fdrobok je pozl\u00e1ten\u00fd pr\u00edstroj, ktor\u00fd posunie va\u0161u rutinn\u00fa starostlivos\u0165 o ple\u0165 na vy\u0161\u0161iu \u00farove\u0148. Pomocou pokro\u010dilej technol\u00f3gie dod\u00e1vania mikropr\u00fadu pom\u00e1ha redukova\u0165 vr\u00e1sky a ve\u013ek\u00e9 p\u00f3ry, ako aj zmier\u0148ova\u0165 z\u00e1paly a vyr\u00e1\u017eky. Vychutnajte si mladistv\u00fd, zdrav\u00fd lesk bez drah\u00fdch o\u0161etren\u00ed alebo \u0161kodliv\u00fdch zlo\u017eiek. Vr\u00e1\u0165te \u010das sp\u00e4\u0165 s t\u00fdmto neuverite\u013en\u00fdm kozmetick\u00fdm n\u00e1strojom od Energy Beauty Kitchen &#8211; va\u0161a cesta k dosiahnutiu mlado vyzeraj\u00facej pleti sa za\u010d\u00edna teraz!<\/p>\n<p>Ak h\u013ead\u00e1te r\u00fdchly a jednoduch\u00fd sp\u00f4sob, ako z\u00edska\u0165 svie\u017eu a omladen\u00fa ple\u0165 &#8211; u\u017e neh\u013eadajte. Energy Beauty Bar je tu, aby v\u00e1m odhalil tajomstvo mladistvej pleti! Na\u0161a ty\u010dinka kr\u00e1sy obsahuje \u00fa\u010dinn\u00e9 pr\u00edrodn\u00e9 zlo\u017eky, ktor\u00e9 pom\u00e1haj\u00fa bojova\u0165 proti vr\u00e1skam a \u010fal\u0161\u00edm zn\u00e1mkam starnutia v priebehu \u010dasu. Vyu\u017e\u00edva najmodernej\u0161iu technol\u00f3giu a jemn\u00e9 mas\u00e1\u017ene techniky na zlep\u0161enie krvn\u00e9ho obehu a vyplnenie existuj\u00facich vr\u00e1sok. To v\u0161etko bez drah\u00fdch o\u0161etren\u00ed alebo komplikovan\u00fdch proced\u00far. Vieme, ak\u00e9 n\u00e1kladn\u00e9 m\u00f4\u017eu by\u0165 kozmetick\u00e9 re\u017eimy, a preto v\u00e1m na\u0161a kozmetick\u00e1 ty\u010dinka pon\u00faka dlhotrvaj\u00face v\u00fdsledky za \u00fa\u017easn\u00fa cenu! U\u017e \u017eiadne rozb\u00edjanie banky, ke\u010f ide o dosiahnutie va\u0161ej najlep\u0161ej pleti. Tak ne\u010dakajte &#8211; vysk\u00fa\u0161ajte to e\u0161te dnes a pripravte sa na to, \u017ee sa za vami bud\u00fa ot\u00e1\u010da\u0165 hlavy, ke\u010f budete prech\u00e1dza\u0165 okolo so svojou \u017eiarivou, nestarn\u00facou ple\u0165ou!<\/p>\n<p>T\u00fa\u017eite po mladistvej\u0161ej a \u017eiarivej\u0161ej pleti bez vr\u00e1sok a ve\u013ek\u00fdch p\u00f3rov? Neh\u013eadajte ni\u010d in\u00e9, ako Energy Beauty Bar! Tento revolu\u010dn\u00fd pozl\u00e1ten\u00fd pr\u00edstroj vyu\u017e\u00edva pokro\u010dil\u00fa technol\u00f3giu dod\u00e1vania mikropr\u00fadu, ktor\u00e1 prin\u00e1\u0161a dlhotrvaj\u00face v\u00fdsledky zni\u017euj\u00face vek. Pri pravidelnom pou\u017e\u00edvan\u00ed m\u00f4\u017eete za\u017ei\u0165 jemnej\u0161iu a hlad\u0161iu ple\u0165 bez toho, aby ste sa museli uch\u00fdli\u0165 k drah\u00fdm injekci\u00e1m alebo o\u0161etreniam. Tento \u013eahko pou\u017eite\u013en\u00fd n\u00e1stroj navy\u0161e nevy\u017eaduje \u017eiadne \u0161pecializovan\u00e9 \u0161kolenie. V priebehu nieko\u013ek\u00fdch min\u00fat budete na ceste k sebavedomej\u0161iemu a mlad\u0161iemu vzh\u013eadu. Pripravte sa na prevzatie kontroly nad svojou kr\u00e1sou s jedine\u010dnou ty\u010dinkou Energy Beauty Bar!<\/p>\n","protected":false},"excerpt":{"rendered":"<p>Energy Beauty Bar je tu, aby v\u00e1m odhalil tajomstvo mladistvej pleti! K\u00fapi\u0165 Energy Beauty Bar v Slovenskej Republike za v\u00fdhodn\u00fa cenu. Cena. Hodnotenie. Kde k\u00fapi\u0165. Doru\u010denie na celom Slovensku: Trnava, Bansk\u00e1 Bystrica, Nitra, \u017dilina, Pre\u0161ov, Ko\u0161ice, Bratislava, Zvolen, Prievidza, Poprad, Martin, Tren\u010d\u00edn, Humenn\u00e9, Levice a Kom\u00e1rno. Indik\u00e1cie pre pou\u017eitie, Kontraindik\u00e1cie, Ako si tovar vzia\u0165. K\u00fapte si Energy Beauty Bar online.<\/p>\n","protected":false},"featured_media":6694,"comment_status":"open","ping_status":"closed","template":"","meta":{"site-sidebar-layout":"default","site-content-layout":"default","ast-site-content-layout":"default","site-content-style":"default","site-sidebar-style":"default","ast-global-header-display":"","ast-banner-title-visibility":"","ast-main-header-display":"","ast-hfb-above-header-display":"","ast-hfb-below-header-display":"","ast-hfb-mobile-header-display":"","site-post-title":"","ast-breadcrumbs-content":"","ast-featured-img":"","footer-sml-layout":"","ast-disable-related-posts":"","theme-transparent-header-meta":"default","adv-header-id-meta":"","stick-header-meta":"","header-above-stick-meta":"","header-main-stick-meta":"","header-below-stick-meta":"","astra-migrate-meta-layouts":"set","ast-page-background-enabled":"default","ast-page-background-meta":{"desktop":{"background-color":"","background-image":"","background-repeat":"repeat","background-position":"center center","background-size":"auto","background-attachment":"scroll","background-type":"","background-media":"","overlay-type":"","overlay-color":"","overlay-opacity":"","overlay-gradient":""},"tablet":{"background-color":"","background-image":"","background-repeat":"repeat","background-position":"center center","background-size":"auto","background-attachment":"scroll","background-type":"","background-media":"","overlay-type":"","overlay-color":"","overlay-opacity":"","overlay-gradient":""},"mobile":{"background-color":"","background-image":"","background-repeat":"repeat","background-position":"center center","background-size":"auto","background-attachment":"scroll","background-type":"","background-media":"","overlay-type":"","overlay-color":"","overlay-opacity":"","overlay-gradient":""}},"ast-content-background-meta":{"desktop":{"background-color":"var(--ast-global-color-5)","background-image":"","background-repeat":"repeat","background-position":"center center","background-size":"auto","background-attachment":"scroll","background-type":"","background-media":"","overlay-type":"","overlay-color":"","overlay-opacity":"","overlay-gradient":""},"tablet":{"background-color":"var(--ast-global-color-5)","background-image":"","background-repeat":"repeat","background-position":"center center","background-size":"auto","background-attachment":"scroll","background-type":"","background-media":"","overlay-type":"","overlay-color":"","overlay-opacity":"","overlay-gradient":""},"mobile":{"background-color":"var(--ast-global-color-5)","background-image":"","background-repeat":"repeat","background-position":"center center","background-size":"auto","background-attachment":"scroll","background-type":"","background-media":"","overlay-type":"","overlay-color":"","overlay-opacity":"","overlay-gradient":""}}},"product_brand":[],"product_cat":[42],"product_tag":[],"class_list":{"0":"post-6560","1":"product","2":"type-product","3":"status-publish","4":"has-post-thumbnail","6":"product_cat-produkty-proti-starnutiu","7":"desktop-align-left","8":"tablet-align-left","9":"mobile-align-left","11":"first","12":"instock","13":"sale","14":"taxable","15":"shipping-taxable","16":"purchasable","17":"product-type-simple"},"_links":{"self":[{"href":"https:\/\/wellness4you.cz\/sk\/wp-json\/wp\/v2\/product\/6560","targetHints":{"allow":["GET"]}}],"collection":[{"href":"https:\/\/wellness4you.cz\/sk\/wp-json\/wp\/v2\/product"}],"about":[{"href":"https:\/\/wellness4you.cz\/sk\/wp-json\/wp\/v2\/types\/product"}],"replies":[{"embeddable":true,"href":"https:\/\/wellness4you.cz\/sk\/wp-json\/wp\/v2\/comments?post=6560"}],"wp:featuredmedia":[{"embeddable":true,"href":"https:\/\/wellness4you.cz\/sk\/wp-json\/wp\/v2\/media\/6694"}],"wp:attachment":[{"href":"https:\/\/wellness4you.cz\/sk\/wp-json\/wp\/v2\/media?parent=6560"}],"wp:term":[{"taxonomy":"product_brand","embeddable":true,"href":"https:\/\/wellness4you.cz\/sk\/wp-json\/wp\/v2\/product_brand?post=6560"},{"taxonomy":"product_cat","embeddable":true,"href":"https:\/\/wellness4you.cz\/sk\/wp-json\/wp\/v2\/product_cat?post=6560"},{"taxonomy":"product_tag","embeddable":true,"href":"https:\/\/wellness4you.cz\/sk\/wp-json\/wp\/v2\/product_tag?post=6560"}],"curies":[{"name":"wp","href":"https:\/\/api.w.org\/{rel}","templated":true}]}}