{"id":6559,"date":"2023-01-15T04:11:33","date_gmt":"2023-01-15T03:11:33","guid":{"rendered":"https:\/\/wellness4you.cz\/sk\/?post_type=product&#038;p=6559"},"modified":"2026-01-08T22:52:33","modified_gmt":"2026-01-08T21:52:33","slug":"cyto-forte","status":"publish","type":"product","link":"https:\/\/wellness4you.cz\/sk\/cyto-forte\/","title":{"rendered":"Cyto Forte"},"content":{"rendered":"<p>Po\u010d\u00favajte pozorne &#8211; m\u00e1te probl\u00e9my so sympt\u00f3mami sp\u00f4soben\u00fdmi z\u00e1palom mo\u010dov\u00e9ho mech\u00fara? Kazia v\u00e1m p\u00e1lenie, svrbenie a bolestiv\u00e9 pocity de\u0148? Prevezmite zodpovednos\u0165 za svoju pohodu a za\u017eite \u00fa\u013eavu od Cyto Forte!<\/p>\n<p>Je \u010das rozl\u00fa\u010di\u0165 sa s vo\u013enopredajn\u00fdmi mo\u017enos\u0165ami, ktor\u00e9 s\u00fa pln\u00e9 chemik\u00e1li\u00ed a nepr\u00edjemn\u00fdch ved\u013eaj\u0161\u00edch \u00fa\u010dinkov. Cyto Forte je \u00faplne pr\u00edrodn\u00fd liek navrhnut\u00fd \u0161peci\u00e1lne na r\u00fdchlu a \u00fa\u010dinn\u00fa lie\u010dbu pr\u00edznakov z\u00e1palu mo\u010dov\u00e9ho mech\u00fara. Jeho \u013eahko pou\u017eite\u013en\u00e9 zlo\u017eenie bojuje proti z\u00e1palu pri zdroji, tak\u017ee sa m\u00f4\u017eete vr\u00e1ti\u0165 k \u017eivotu s d\u00f4verou.<\/p>\n<p>Prevezmite kontrolu nad svoj\u00edm zdrav\u00edm e\u0161te dnes s dlhodob\u00fdm rie\u0161en\u00edm, ktor\u00e9 mysl\u00ed na v\u00e1s. Pri pravidelnom pou\u017e\u00edvan\u00ed \u00fa\u010dinn\u00fdch zlo\u017eiek, ktor\u00e9 sa nach\u00e1dzaj\u00fa v pr\u00edpravku Cyto Forte, m\u00f4\u017eete aj vy poc\u00edti\u0165 trval\u00fa \u00fa\u013eavu bez toho, aby ste museli obetova\u0165 svoj ka\u017edodenn\u00fd re\u017eim. \u017dite bez bolesti, ale st\u00e1le sa c\u00ed\u0165te dostato\u010dne nabit\u00ed energiou, aby ste zvl\u00e1dli po\u017eiadavky ka\u017ed\u00e9ho d\u0148a!<\/p>\n<p>Kone\u010dne je tu pr\u00edrodn\u00e9 rie\u0161enie podr\u00e1\u017edenia mo\u010dov\u00e9ho mech\u00fara, ktor\u00e9 v\u00e1m umo\u017en\u00ed \u017ei\u0165 pohodlne napriek jeho be\u017en\u00fdm, ale vy\u010derp\u00e1vaj\u00facim pr\u00edznakom. Prijmite revolu\u010dn\u00fa technol\u00f3giu od Cyto Forte &#8211; vytvoren\u00fa \u0161peci\u00e1lne pre t\u00fdch, ktor\u00ed sa pot\u00fdkaj\u00fa so z\u00e1palom mo\u010dov\u00e9ho mech\u00fara, aby ste mohli objavi\u0165, ako dobre sa v skuto\u010dnosti c\u00edtite zdravo!<\/p>\n<h2>Trp\u00edte z\u00e1palom mo\u010dov\u00e9ho mech\u00fara a v\u0161etk\u00fdmi jeho nepr\u00edjemn\u00fdmi \u0165a\u017ekos\u0165ami? Doteraz ste mohli robi\u0165 len to, \u017ee ste absolvovali nespo\u010detn\u00e9 mno\u017estvo n\u00e1v\u0161tev u lek\u00e1ra a drah\u00fdch proced\u00far. Teraz je tu Cyto Forte &#8211; \u00faplne pr\u00edrodn\u00e9 rie\u0161enie va\u0161ich \u0165a\u017ekost\u00ed s nepohodl\u00edm mo\u010dov\u00e9ho mech\u00fara!<\/h2>\n<p>V\u010faka Cyto Forte sa u\u017e nemus\u00edte ob\u00e1va\u0165 otravn\u00e9ho z\u00e1palu mo\u010dov\u00e9ho mech\u00fara! Sta\u010dia 2 kapsuly denne tohto praktick\u00e9ho doplnku stravy a vy budete m\u00f4c\u0165 op\u00e4\u0165 pokra\u010dova\u0165 v \u017eivote bez starost\u00ed a probl\u00e9mov. U\u017e sa nemus\u00edte sna\u017ei\u0165 n\u00e1js\u0165 si \u010das medzi svoj\u00edm nabit\u00fdm programom na viacn\u00e1sobn\u00e9 n\u00e1v\u0161tevy lek\u00e1ra &#8211; Cyto Forte v\u00e1m umo\u017en\u00ed stara\u0165 sa o seba doma a zaru\u010d\u00ed v\u00e1m trval\u00fa \u00fa\u013eavu.<\/p>\n<p>Tento produkt nielen\u017ee pom\u00e1ha zmierni\u0165 z\u00e1pal mo\u010dov\u00e9ho mech\u00fara, ale tie\u017e pom\u00e1ha posilni\u0165 va\u0161e celkov\u00e9 zdravie a pohodu. Jedna d\u00e1vka je pln\u00e1 d\u00f4le\u017eit\u00fdch miner\u00e1lov, vitam\u00ednov, antioxidantov a mnoh\u00fdch \u010fal\u0161\u00edch l\u00e1tok, ktor\u00e9 pom\u00e1haj\u00fa podporova\u0165 lep\u0161ie zdravie buniek, aby ste mohli ka\u017ed\u00fd de\u0148 \u017ei\u0165 pln\u00ed energie. Je to ide\u00e1lny doplnok ka\u017edodennej rutiny ka\u017ed\u00e9ho z n\u00e1s!<\/p>\n<p>Je \u010das zbavi\u0165 sa v\u0161etk\u00fdch nepr\u00edjemn\u00fdch pocitov v mo\u010dovom mech\u00fare sp\u00f4soben\u00fdch z\u00e1palom len s jedn\u00fdm vhodn\u00fdm doplnkom. Pripravte sa na bud\u00facnos\u0165 bez stresu v\u010faka Cyto Forte &#8211; je to naozaj revol\u00facia v odstra\u0148ovan\u00ed nepr\u00edjemn\u00fdch pocitov v mo\u010dovom mech\u00fare!<\/p>\n","protected":false},"excerpt":{"rendered":"<p>Cyto Forte je \u00faplne pr\u00edrodn\u00fd liek navrhnut\u00fd \u0161peci\u00e1lne na r\u00fdchlu a \u00fa\u010dinn\u00fa lie\u010dbu pr\u00edznakov z\u00e1palu mo\u010dov\u00e9ho mech\u00fara. K\u00fapi\u0165 Cyto Forte v Slovenskej Republike za v\u00fdhodn\u00fa cenu. Hodnotenie. Kde k\u00fapi\u0165. Cena. Doru\u010denie na celom Slovensku: Bansk\u00e1 Bystrica, Nitra, \u017dilina, Pre\u0161ov, Ko\u0161ice, Bratislava, Zvolen, Prievidza, Poprad, Martin, Tren\u010d\u00edn, Trnava, Levice, Kom\u00e1rno a Spi\u0161sk\u00e1 Nov\u00e1 Ves. Kontraindik\u00e1cie, Ako si tovar vzia\u0165, Indik\u00e1cie pre pou\u017eitie. K\u00fapte si Cyto Forte online.<\/p>\n","protected":false},"featured_media":6692,"comment_status":"open","ping_status":"closed","template":"","meta":{"site-sidebar-layout":"default","site-content-layout":"default","ast-site-content-layout":"default","site-content-style":"default","site-sidebar-style":"default","ast-global-header-display":"","ast-banner-title-visibility":"","ast-main-header-display":"","ast-hfb-above-header-display":"","ast-hfb-below-header-display":"","ast-hfb-mobile-header-display":"","site-post-title":"","ast-breadcrumbs-content":"","ast-featured-img":"","footer-sml-layout":"","ast-disable-related-posts":"","theme-transparent-header-meta":"default","adv-header-id-meta":"","stick-header-meta":"","header-above-stick-meta":"","header-main-stick-meta":"","header-below-stick-meta":"","astra-migrate-meta-layouts":"default","ast-page-background-enabled":"default","ast-page-background-meta":{"desktop":{"background-color":"","background-image":"","background-repeat":"repeat","background-position":"center center","background-size":"auto","background-attachment":"scroll","background-type":"","background-media":"","overlay-type":"","overlay-color":"","overlay-opacity":"","overlay-gradient":""},"tablet":{"background-color":"","background-image":"","background-repeat":"repeat","background-position":"center center","background-size":"auto","background-attachment":"scroll","background-type":"","background-media":"","overlay-type":"","overlay-color":"","overlay-opacity":"","overlay-gradient":""},"mobile":{"background-color":"","background-image":"","background-repeat":"repeat","background-position":"center center","background-size":"auto","background-attachment":"scroll","background-type":"","background-media":"","overlay-type":"","overlay-color":"","overlay-opacity":"","overlay-gradient":""}},"ast-content-background-meta":{"desktop":{"background-color":"var(--ast-global-color-5)","background-image":"","background-repeat":"repeat","background-position":"center center","background-size":"auto","background-attachment":"scroll","background-type":"","background-media":"","overlay-type":"","overlay-color":"","overlay-opacity":"","overlay-gradient":""},"tablet":{"background-color":"var(--ast-global-color-5)","background-image":"","background-repeat":"repeat","background-position":"center center","background-size":"auto","background-attachment":"scroll","background-type":"","background-media":"","overlay-type":"","overlay-color":"","overlay-opacity":"","overlay-gradient":""},"mobile":{"background-color":"var(--ast-global-color-5)","background-image":"","background-repeat":"repeat","background-position":"center center","background-size":"auto","background-attachment":"scroll","background-type":"","background-media":"","overlay-type":"","overlay-color":"","overlay-opacity":"","overlay-gradient":""}}},"product_brand":[],"product_cat":[41],"product_tag":[],"class_list":{"0":"post-6559","1":"product","2":"type-product","3":"status-publish","4":"has-post-thumbnail","6":"product_cat-produkty-pre-zdravie","7":"desktop-align-left","8":"tablet-align-left","9":"mobile-align-left","11":"first","12":"instock","13":"sale","14":"taxable","15":"shipping-taxable","16":"purchasable","17":"product-type-simple"},"_links":{"self":[{"href":"https:\/\/wellness4you.cz\/sk\/wp-json\/wp\/v2\/product\/6559","targetHints":{"allow":["GET"]}}],"collection":[{"href":"https:\/\/wellness4you.cz\/sk\/wp-json\/wp\/v2\/product"}],"about":[{"href":"https:\/\/wellness4you.cz\/sk\/wp-json\/wp\/v2\/types\/product"}],"replies":[{"embeddable":true,"href":"https:\/\/wellness4you.cz\/sk\/wp-json\/wp\/v2\/comments?post=6559"}],"wp:featuredmedia":[{"embeddable":true,"href":"https:\/\/wellness4you.cz\/sk\/wp-json\/wp\/v2\/media\/6692"}],"wp:attachment":[{"href":"https:\/\/wellness4you.cz\/sk\/wp-json\/wp\/v2\/media?parent=6559"}],"wp:term":[{"taxonomy":"product_brand","embeddable":true,"href":"https:\/\/wellness4you.cz\/sk\/wp-json\/wp\/v2\/product_brand?post=6559"},{"taxonomy":"product_cat","embeddable":true,"href":"https:\/\/wellness4you.cz\/sk\/wp-json\/wp\/v2\/product_cat?post=6559"},{"taxonomy":"product_tag","embeddable":true,"href":"https:\/\/wellness4you.cz\/sk\/wp-json\/wp\/v2\/product_tag?post=6559"}],"curies":[{"name":"wp","href":"https:\/\/api.w.org\/{rel}","templated":true}]}}