{"id":6558,"date":"2023-01-15T04:11:32","date_gmt":"2023-01-15T03:11:32","guid":{"rendered":"https:\/\/wellness4you.cz\/sk\/?post_type=product&#038;p=6558"},"modified":"2026-01-08T22:52:33","modified_gmt":"2026-01-08T21:52:33","slug":"chocolate-slim","status":"publish","type":"product","link":"https:\/\/wellness4you.cz\/sk\/chocolate-slim\/","title":{"rendered":"Chocolate Slim"},"content":{"rendered":"<h2>Obsah<\/h2>\n<ul>\n<li><a href=\"#benefity\">Benefity Chocolate Slim<\/a><\/li>\n<li><a href=\"#chutna-a-vyzivna-pochutka\">Chutn\u00e1 a v\u00fd\u017eivn\u00e1 poch\u00fa\u0165ka<\/a><\/li>\n<li><a href=\"#zlozenie-a-zdrave-zlozky\">Zlo\u017eenie a zdrav\u00e9 zlo\u017eky<\/a><\/li>\n<li><a href=\"#kontrola-zdravia\">Prevezmite kontrolu nad svoj\u00edm zdrav\u00edm<\/a><\/li>\n<li><a href=\"#jednoduche-pouzitie\">Jednoduch\u00e9 pou\u017eitie<\/a><\/li>\n<\/ul>\n<h2 id=\"benefity\">Benefity Chocolate Slim<\/h2>\n<p>Ste unaven\u00ed z di\u00e9t a opakovan\u00fdch pokusov dosiahnu\u0165 po\u017eadovan\u00fa hmotnos\u0165? M\u00e1me pre v\u00e1s ide\u00e1lne rie\u0161enie: Chocolate Slim! N\u00e1\u0161 lahodn\u00fd v\u00fd\u017eivov\u00fd doplnok pon\u00faka jednoduch\u00fd sp\u00f4sob, ako podpori\u0165 va\u0161u di\u00e9tu a dosiahnu\u0165 va\u0161e ciele v oblasti hmotnosti.<\/p>\n<h2 id=\"chutna-a-vyzivna-pochutka\">Chutn\u00e1 a v\u00fd\u017eivn\u00e1 poch\u00fa\u0165ka<\/h2>\n<p>Chcete za\u010da\u0165 svoju cestu k zdrav\u0161ej hmotnosti a zdrav\u0161iemu \u017eivotn\u00e9mu \u0161t\u00fdlu? Neh\u013eadajte ni\u010d in\u00e9 ako Chocolate Slim! Tento chutn\u00fd a v\u00fd\u017eivn\u00fd doplnok je dokonal\u00fdm sp\u00f4sobom, ako podpori\u0165 va\u0161e \u00fasilie o chudnutie &#8211; bez toho, aby ste museli robi\u0165 kompromisy v chuti. \u010ci u\u017e si n\u00edm posypete misky smoothie, zamie\u0161ate ho do k\u00e1vy alebo ho zjete priamo zo \u0161ejkra, je to lahodn\u00e1 poch\u00fa\u0165ka, ktor\u00e1 v\u00e1m pom\u00f4\u017ee dosiahnu\u0165 va\u0161e zdravotn\u00e9 ciele.<\/p>\n<p>Tento produkt je pln\u00fd superpotrav\u00edn, ako je kakao, extrakt zo zelen\u00e9ho \u010daju a vitam\u00edny B1, B6 a B12, a podporuje tr\u00e1venie, zni\u017euje nad\u00favanie a z\u00e1rove\u0148 poskytuje dlhotrvaj\u00facu energiu. Okrem toho v\u00e1m jeho prirodzen\u00e1 zmes v\u00fd\u017eivn\u00fdch zlo\u017eiek pom\u00f4\u017ee udr\u017ea\u0165 pocit s\u00fdtosti po dlh\u0161iu dobu. Pripravte sa teda na za\u010diatok svojho \u00faspe\u0161n\u00e9ho pr\u00edbehu s tento produkt &#8211; preto\u017ee ke\u010f sa chu\u0165 stretne s v\u00fd\u017eivou, nasleduj\u00fa lahodn\u00e9 v\u00fdsledky!<\/p>\n<h2 id=\"zlozenie-a-zdrave-zlozky\">Zlo\u017eenie a zdrav\u00e9 zlo\u017eky<\/h2>\n<p>Uspokojte svoje chute bez pocitu viny! Chocolate Slim obsahuje lahodn\u00e9 a v\u00fd\u017eivn\u00e9 zlo\u017eky a vyr\u00e1ba sa zo zmesi pr\u00edrodn\u00fdch zlo\u017eiek, medzi ktor\u00e9 patria sprejovo su\u0161en\u00e1 srv\u00e1tka, srv\u00e1tkov\u00fd prote\u00edn, L-karnit\u00edn, s\u00f3jov\u00fd lecit\u00edn, ovsen\u00e1 vl\u00e1knina, miner\u00e1ly a vitam\u00edny. Tieto zlo\u017eky dodaj\u00fa v\u00e1\u0161mu telu v\u0161etky d\u00f4le\u017eit\u00e9 \u017eiviny, ktor\u00e9 potrebuje na chudnutie. S tento produkt u\u017e nemus\u00edte ma\u0165 v\u00fd\u010ditky svedomia, ke\u010f si chcete dopria\u0165 \u010dokol\u00e1dov\u00e9 poch\u00fa\u0165ky!<\/p>\n<p>Chocolate Slim kombinuje v\u00fd\u017eivu a chu\u0165 bez nadbyto\u010dn\u00e9ho cukru, poskytuj\u00fac lahodn\u00fa a bezvinn\u00fa alternat\u00edvu k nezdrav\u00fdm pochutin\u00e1m. T\u00e1to poch\u00fa\u0165ka obsahuje srv\u00e1tkov\u00fd prote\u00edn, L-karnit\u00edn, vl\u00e1kninu a vitam\u00edny. Podporuje ciele zdrav\u00fdm a pohodln\u00fdm sp\u00f4sobom.<\/p>\n<h2 id=\"kontrola-zdravia\">Prevezmite kontrolu nad svoj\u00edm zdrav\u00edm<\/h2>\n<p>Prevezmite kontrolu nad svoj\u00edm zdrav\u00edm s tento produkt &#8211; lahodn\u00fdm sp\u00f4sobom, ako vy\u017eivi\u0165 svoje telo a uspokoji\u0165 chute bez pocitu viny a ob\u00e1v. Vysk\u00fa\u0161ajte ju e\u0161te dnes!<\/p>\n<h2 id=\"jednoduche-pouzitie\">Jednoduch\u00e9 pou\u017eitie<\/h2>\n<p>Len dve \u010dajov\u00e9 ly\u017ei\u010dky tohto \u013eahko vstrebate\u013en\u00e9ho pr\u00e1\u0161ku zmie\u0161an\u00e9 a\u017e so 150 ml vody vytvoria hust\u00fa ka\u0161u alebo energizuj\u00faci n\u00e1poj, ktor\u00fd uspokoj\u00ed chu\u0165ov\u00e9 poh\u00e1riky aj p\u00e1s &#8211; tak\u017ee m\u00f4\u017eete ma\u0165 svoj kol\u00e1\u010d (alebo sk\u00f4r \u010dokol\u00e1du!) a zjes\u0165 ho tie\u017e. A ak sa Chocolate Slim pou\u017e\u00edva ako s\u00fa\u010das\u0165 vyv\u00e1\u017een\u00e9ho fitnes pl\u00e1nu, m\u00f4\u017ee ma\u0165 neuverite\u013en\u00fd vplyv na va\u0161e celkov\u00e9 zdravie a pohodu.<\/p>\n<p>Vyberte si Chocolate Slim e\u0161te dnes a doprajte si p\u00f4\u017eitok bez kal\u00f3ri\u00ed navy\u0161e! Pripravte sa za\u017ei\u0165 silu, ktor\u00fa tento lahodn\u00fd a z\u00e1rove\u0148 v\u00fd\u017eivn\u00fd doplnok stravy pon\u00faka.<\/p>\n","protected":false},"excerpt":{"rendered":"<p>Chocolate Slim! N\u00e1\u0161 lahodn\u00fd v\u00fd\u017eivov\u00fd doplnok pon\u00faka jednoduch\u00fd sp\u00f4sob, ako podpori\u0165 va\u0161u di\u00e9tu a dosiahnu\u0165 va\u0161e ciele v oblasti hmotnosti. K\u00fapi\u0165 Chocolate slim v Slovenskej Republike za v\u00fdhodn\u00fa cenu. Kde k\u00fapi\u0165. Cena. Hodnotenie. Doru\u010denie na celom Slovensku: Nitra, \u017dilina, Pre\u0161ov, Ko\u0161ice, Bratislava, Zvolen, Prievidza, Poprad, Martin, Tren\u010d\u00edn, Trnava, Bansk\u00e1 Bystrica, Kom\u00e1rno, Spi\u0161sk\u00e1 Nov\u00e1 Ves a Michalovce. Ako si tovar vzia\u0165, Indik\u00e1cie pre pou\u017eitie, Kontraindik\u00e1cie. K\u00fapte si Chocolate slim online.<\/p>\n","protected":false},"featured_media":6690,"comment_status":"open","ping_status":"closed","template":"","meta":{"site-sidebar-layout":"default","site-content-layout":"default","ast-site-content-layout":"default","site-content-style":"default","site-sidebar-style":"default","ast-global-header-display":"","ast-banner-title-visibility":"","ast-main-header-display":"","ast-hfb-above-header-display":"","ast-hfb-below-header-display":"","ast-hfb-mobile-header-display":"","site-post-title":"","ast-breadcrumbs-content":"","ast-featured-img":"","footer-sml-layout":"","ast-disable-related-posts":"","theme-transparent-header-meta":"default","adv-header-id-meta":"","stick-header-meta":"","header-above-stick-meta":"","header-main-stick-meta":"","header-below-stick-meta":"","astra-migrate-meta-layouts":"set","ast-page-background-enabled":"default","ast-page-background-meta":{"desktop":{"background-color":"","background-image":"","background-repeat":"repeat","background-position":"center center","background-size":"auto","background-attachment":"scroll","background-type":"","background-media":"","overlay-type":"","overlay-color":"","overlay-opacity":"","overlay-gradient":""},"tablet":{"background-color":"","background-image":"","background-repeat":"repeat","background-position":"center center","background-size":"auto","background-attachment":"scroll","background-type":"","background-media":"","overlay-type":"","overlay-color":"","overlay-opacity":"","overlay-gradient":""},"mobile":{"background-color":"","background-image":"","background-repeat":"repeat","background-position":"center center","background-size":"auto","background-attachment":"scroll","background-type":"","background-media":"","overlay-type":"","overlay-color":"","overlay-opacity":"","overlay-gradient":""}},"ast-content-background-meta":{"desktop":{"background-color":"var(--ast-global-color-5)","background-image":"","background-repeat":"repeat","background-position":"center center","background-size":"auto","background-attachment":"scroll","background-type":"","background-media":"","overlay-type":"","overlay-color":"","overlay-opacity":"","overlay-gradient":""},"tablet":{"background-color":"var(--ast-global-color-5)","background-image":"","background-repeat":"repeat","background-position":"center center","background-size":"auto","background-attachment":"scroll","background-type":"","background-media":"","overlay-type":"","overlay-color":"","overlay-opacity":"","overlay-gradient":""},"mobile":{"background-color":"var(--ast-global-color-5)","background-image":"","background-repeat":"repeat","background-position":"center center","background-size":"auto","background-attachment":"scroll","background-type":"","background-media":"","overlay-type":"","overlay-color":"","overlay-opacity":"","overlay-gradient":""}}},"product_brand":[],"product_cat":[39],"product_tag":[],"class_list":{"0":"post-6558","1":"product","2":"type-product","3":"status-publish","4":"has-post-thumbnail","6":"product_cat-na-chudnutie","7":"desktop-align-left","8":"tablet-align-left","9":"mobile-align-left","11":"first","12":"instock","13":"sale","14":"taxable","15":"shipping-taxable","16":"purchasable","17":"product-type-simple"},"_links":{"self":[{"href":"https:\/\/wellness4you.cz\/sk\/wp-json\/wp\/v2\/product\/6558","targetHints":{"allow":["GET"]}}],"collection":[{"href":"https:\/\/wellness4you.cz\/sk\/wp-json\/wp\/v2\/product"}],"about":[{"href":"https:\/\/wellness4you.cz\/sk\/wp-json\/wp\/v2\/types\/product"}],"replies":[{"embeddable":true,"href":"https:\/\/wellness4you.cz\/sk\/wp-json\/wp\/v2\/comments?post=6558"}],"wp:featuredmedia":[{"embeddable":true,"href":"https:\/\/wellness4you.cz\/sk\/wp-json\/wp\/v2\/media\/6690"}],"wp:attachment":[{"href":"https:\/\/wellness4you.cz\/sk\/wp-json\/wp\/v2\/media?parent=6558"}],"wp:term":[{"taxonomy":"product_brand","embeddable":true,"href":"https:\/\/wellness4you.cz\/sk\/wp-json\/wp\/v2\/product_brand?post=6558"},{"taxonomy":"product_cat","embeddable":true,"href":"https:\/\/wellness4you.cz\/sk\/wp-json\/wp\/v2\/product_cat?post=6558"},{"taxonomy":"product_tag","embeddable":true,"href":"https:\/\/wellness4you.cz\/sk\/wp-json\/wp\/v2\/product_tag?post=6558"}],"curies":[{"name":"wp","href":"https:\/\/api.w.org\/{rel}","templated":true}]}}