{"id":6556,"date":"2023-01-15T04:11:32","date_gmt":"2023-01-15T03:11:32","guid":{"rendered":"https:\/\/wellness4you.cz\/sk\/?post_type=product&#038;p=6556"},"modified":"2026-01-08T22:52:33","modified_gmt":"2026-01-08T21:52:33","slug":"black-latte","status":"publish","type":"product","link":"https:\/\/wellness4you.cz\/sk\/black-latte\/","title":{"rendered":"Black Latte"},"content":{"rendered":"<p>H\u013ead\u00e1te sp\u00f4sob, ako dosta\u0165 svoje telo do formy bez toho, aby ste sa museli vzda\u0165 jed\u00e1l, ktor\u00e9 m\u00e1te radi? Neh\u013eadajte \u010falej, Black Latte je tu, aby v\u00e1m pomohol! V\u010faka pr\u00edrodn\u00fdm zlo\u017ek\u00e1m, ktor\u00e9 bojuj\u00fa proti tukom, ako je kokosov\u00e9 uhlie a kofe\u00edn, v\u00e1m Black Latte pom\u00f4\u017ee na\u0161tartova\u0165 metabolizmus. Aby ste mohli r\u00fdchlej\u0161ie spa\u013eova\u0165 tuky a dosiahnu\u0165 svoje fitness ciele. Okrem toho v\u010faka siln\u00fdm antioxidantom obsiahnut\u00fdm v tomto lahodnom n\u00e1poji bud\u00fa va\u0161a poko\u017eka, vlasy a nechty \u017eiari\u0165 zdrav\u00edm a vitalitou. Preto u\u017e ne\u010dakajte: je \u010das prevzia\u0165 kontrolu nad svoj\u00edm zdrav\u00edm a prejs\u0165 na Black Latte e\u0161te dnes!<\/p>\n<p>H\u013ead\u00e1te inteligentn\u00fd sp\u00f4sob, ako do svojej ka\u017edodennej rutiny prida\u0165 trochu viac energie a zlep\u0161i\u0165 zdravie? Neh\u013eadajte ni\u010d in\u00e9 ako BlackLatte! Tento \u00fa\u017easn\u00fd n\u00e1poj je pln\u00fd pr\u00edrodn\u00fdch zlo\u017eiek, ktor\u00e9 spolo\u010dne pom\u00e1haj\u00fa o\u010disti\u0165 va\u0161e telo, zn\u00ed\u017ei\u0165 mno\u017estvo tuku, kontrolova\u0165 chu\u0165 do jedla a doda\u0165 v\u00e1m dodato\u010dn\u00fa d\u00e1vku energie. Navy\u0161e je chutnej\u0161\u00ed ako v\u00e4\u010d\u0161ina in\u00fdch n\u00e1pojov podporuj\u00facich zdravie, so sladkos\u0165ou z kokosov\u00e9ho cukru a vanilky, plus v\u00f4\u0148ou a extra chu\u0165ou z\u00e1zvoru a \u0161korice.<\/p>\n<p>Po vypit\u00ed \u0161\u00e1lky Black Latte takmer okam\u017eite zaznamen\u00e1te jeho regenera\u010dn\u00e9 \u00fa\u010dinky &#8211; nielen viac energie na zvl\u00e1dnutie nasleduj\u00faceho d\u0148a. Ale aj zn\u00ed\u017eenie mno\u017estva tuku, zdrav\u0161ie tr\u00e1venie a pocit pohody, a to v\u0161etko v jednej praktickej \u0161\u00e1lke. Tak pre\u010do dr\u017ea\u0165 nefunguj\u00face di\u00e9ty alebo extr\u00e9mne cvi\u010denie, ke\u010f Latte m\u00e1 v\u0161etko, \u010do potrebujete, v jednom \u013eahko vypite\u013enom rie\u0161en\u00ed? Zaobstarajte si svoju denn\u00fa d\u00e1vku e\u0161te dnes a za\u017eite rozdiel, ktor\u00fd v\u00e1m zmen\u00ed \u017eivot!<\/p>\n<h2>Vitajte v Black Latte! Vieme, \u017ee ste h\u013eadali bezpe\u010dn\u00fd a prirodzen\u00fd sp\u00f4sob chudnutia. V\u010faka jedine\u010dnej kombin\u00e1cii pr\u00edrodn\u00fdch zlo\u017eiek je BlackLatte ide\u00e1lnym produktom pre ka\u017ed\u00e9ho, kto je pripraven\u00fd na zmenu vo svojom \u017eivote a dosiahnutie svojich cie\u013eov.<\/h2>\n<p>Black-Latte pon\u00faka ove\u013ea viac ne\u017e len chudnutie &#8211; podporuje zdrav\u00e9 tr\u00e1venie, zr\u00fdch\u013euje metabolizmus a \u010dasom sa buduje, aby v\u00e1m pomohol dosiahnu\u0165 va\u0161e najzdrav\u0161ie ja. Je vyroben\u00fd zo \u0161peci\u00e1lnej zmesi \u010diernych sezamov\u00fdch semienok, extraktu z bob\u00fa\u013e hlohu, z\u00e1zvorov\u00e9ho pr\u00e1\u0161ku, extraktu z \u010desk\u00e9ho \u017een\u0161enu, extraktu zo zelen\u00e9ho \u010daju a extraktu z kukuri\u010dn\u00e9ho hodv\u00e1bu. Tieto zlo\u017eky spolu vytv\u00e1raj\u00fa \u00fa\u010dinn\u00fa zmes, ktor\u00e1 v\u00e1m pom\u00f4\u017ee na\u0161tartova\u0165 va\u0161u cestu k chudnutiu.<\/p>\n<p>Navy\u0161e, Black Latte sa neuverite\u013ene \u013eahko pou\u017e\u00edva &#8211; sta\u010d\u00ed ka\u017ed\u00fd de\u0148 po ra\u0148ajk\u00e1ch alebo obede zamie\u0161a\u0165 jedno vrec\u00fa\u0161ko do hor\u00facej vody a vychutn\u00e1va\u0165! M\u00f4\u017eete sa c\u00edti\u0165 dobre, ke\u010f viete, \u017ee tento v\u00fdrobok neobsahuje \u017eiadne pridan\u00e9 cukry, konzerva\u010dn\u00e9 l\u00e1tky ani chemik\u00e1lie &#8211; len \u010dist\u00fa silu skuto\u010dn\u00fdch potrav\u00edn, ktor\u00e9 spolo\u010dne podporuj\u00fa va\u0161u pohodu.<\/p>\n<p>V\u0161etci chceme \u017ei\u0165 zdrav\u0161ie, ale pre\u010do to necha\u0165 len tak? S Black Latte z\u00edskate lahodn\u00fd a v\u00fd\u017eivn\u00fd n\u00e1poj, ktor\u00fd m\u00f4\u017ee v\u0161etko zmeni\u0165. Za\u010dnite s premenou svojho tela e\u0161te dnes s Black Latte!<\/p>\n","protected":false},"excerpt":{"rendered":"<p>Black Latte pon\u00faka ove\u013ea viac ne\u017e len chudnutie &#8211; podporuje zdrav\u00e9 tr\u00e1venie, zr\u00fdch\u013euje metabolizmus a \u010dasom sa buduje, aby v\u00e1m pomohol dosiahnu\u0165 va\u0161e najzdrav\u0161ie ja. K\u00fapi\u0165 Black Latte v Slovenskej Republike za v\u00fdhodn\u00fa cenu. Hodnotenie. Kde k\u00fapi\u0165. Cena. Doru\u010denie na celom Slovensku. K\u00fapte si Black Latte online.<\/p>\n","protected":false},"featured_media":6681,"comment_status":"open","ping_status":"closed","template":"","meta":{"site-sidebar-layout":"default","site-content-layout":"default","ast-site-content-layout":"default","site-content-style":"default","site-sidebar-style":"default","ast-global-header-display":"","ast-banner-title-visibility":"","ast-main-header-display":"","ast-hfb-above-header-display":"","ast-hfb-below-header-display":"","ast-hfb-mobile-header-display":"","site-post-title":"","ast-breadcrumbs-content":"","ast-featured-img":"","footer-sml-layout":"","ast-disable-related-posts":"","theme-transparent-header-meta":"default","adv-header-id-meta":"","stick-header-meta":"","header-above-stick-meta":"","header-main-stick-meta":"","header-below-stick-meta":"","astra-migrate-meta-layouts":"default","ast-page-background-enabled":"default","ast-page-background-meta":{"desktop":{"background-color":"","background-image":"","background-repeat":"repeat","background-position":"center center","background-size":"auto","background-attachment":"scroll","background-type":"","background-media":"","overlay-type":"","overlay-color":"","overlay-opacity":"","overlay-gradient":""},"tablet":{"background-color":"","background-image":"","background-repeat":"repeat","background-position":"center center","background-size":"auto","background-attachment":"scroll","background-type":"","background-media":"","overlay-type":"","overlay-color":"","overlay-opacity":"","overlay-gradient":""},"mobile":{"background-color":"","background-image":"","background-repeat":"repeat","background-position":"center center","background-size":"auto","background-attachment":"scroll","background-type":"","background-media":"","overlay-type":"","overlay-color":"","overlay-opacity":"","overlay-gradient":""}},"ast-content-background-meta":{"desktop":{"background-color":"var(--ast-global-color-5)","background-image":"","background-repeat":"repeat","background-position":"center center","background-size":"auto","background-attachment":"scroll","background-type":"","background-media":"","overlay-type":"","overlay-color":"","overlay-opacity":"","overlay-gradient":""},"tablet":{"background-color":"var(--ast-global-color-5)","background-image":"","background-repeat":"repeat","background-position":"center center","background-size":"auto","background-attachment":"scroll","background-type":"","background-media":"","overlay-type":"","overlay-color":"","overlay-opacity":"","overlay-gradient":""},"mobile":{"background-color":"var(--ast-global-color-5)","background-image":"","background-repeat":"repeat","background-position":"center center","background-size":"auto","background-attachment":"scroll","background-type":"","background-media":"","overlay-type":"","overlay-color":"","overlay-opacity":"","overlay-gradient":""}}},"product_brand":[],"product_cat":[39],"product_tag":[],"class_list":{"0":"post-6556","1":"product","2":"type-product","3":"status-publish","4":"has-post-thumbnail","6":"product_cat-na-chudnutie","7":"desktop-align-left","8":"tablet-align-left","9":"mobile-align-left","11":"first","12":"instock","13":"sale","14":"taxable","15":"shipping-taxable","16":"purchasable","17":"product-type-simple"},"_links":{"self":[{"href":"https:\/\/wellness4you.cz\/sk\/wp-json\/wp\/v2\/product\/6556","targetHints":{"allow":["GET"]}}],"collection":[{"href":"https:\/\/wellness4you.cz\/sk\/wp-json\/wp\/v2\/product"}],"about":[{"href":"https:\/\/wellness4you.cz\/sk\/wp-json\/wp\/v2\/types\/product"}],"replies":[{"embeddable":true,"href":"https:\/\/wellness4you.cz\/sk\/wp-json\/wp\/v2\/comments?post=6556"}],"wp:featuredmedia":[{"embeddable":true,"href":"https:\/\/wellness4you.cz\/sk\/wp-json\/wp\/v2\/media\/6681"}],"wp:attachment":[{"href":"https:\/\/wellness4you.cz\/sk\/wp-json\/wp\/v2\/media?parent=6556"}],"wp:term":[{"taxonomy":"product_brand","embeddable":true,"href":"https:\/\/wellness4you.cz\/sk\/wp-json\/wp\/v2\/product_brand?post=6556"},{"taxonomy":"product_cat","embeddable":true,"href":"https:\/\/wellness4you.cz\/sk\/wp-json\/wp\/v2\/product_cat?post=6556"},{"taxonomy":"product_tag","embeddable":true,"href":"https:\/\/wellness4you.cz\/sk\/wp-json\/wp\/v2\/product_tag?post=6556"}],"curies":[{"name":"wp","href":"https:\/\/api.w.org\/{rel}","templated":true}]}}