{"id":6555,"date":"2023-01-15T04:11:31","date_gmt":"2023-01-15T03:11:31","guid":{"rendered":"https:\/\/wellness4you.cz\/sk\/?post_type=product&#038;p=6555"},"modified":"2026-01-08T22:52:33","modified_gmt":"2026-01-08T21:52:33","slug":"bentolit","status":"publish","type":"product","link":"https:\/\/wellness4you.cz\/sk\/bentolit\/","title":{"rendered":"Bentolit"},"content":{"rendered":"<p><!-- Table of Contents --><\/p>\n<h2><a href=\"#uvod\">\u00davod<\/a><\/h2>\n<h2><a href=\"#jedinecne-zlozky\">Jedine\u010dn\u00e9 zlo\u017eky<\/a><\/h2>\n<h2><a href=\"#prevezmite-kontrolu\">Prevezmite kontrolu nad svoj\u00edm zdrav\u00edm<\/a><\/h2>\n<h2><a href=\"#viditelne-vysledky\">Vidite\u013en\u00e9 v\u00fdsledky<\/a><\/h2>\n<h2><a href=\"#zmena-zivota\">Zmena v\u00e1\u0161ho \u017eivota<\/a><\/h2>\n<h2><a href=\"#zaciname-dnes\">Za\u010d\u00edname e\u0161te dnes<\/a><\/h2>\n<p><!-- Description Starts --><\/p>\n<p><!-- \u00davod --><\/p>\n<h2 id=\"uvod\">Bentolit &#8211; Revolu\u010dn\u00fd doplnok na chudnutie<\/h2>\n<p>H\u013ead\u00e1te \u00faplne prirodzen\u00fd sp\u00f4sob, ako kone\u010dne z\u00edska\u0165 postavu a zdravie, po ktor\u00fdch ste t\u00fa\u017eili? Predstavujeme v\u00e1m Bentolit, revolu\u010dn\u00fd prielom v chudnut\u00ed, ktor\u00fd bol vyvinut\u00fd tak, aby pom\u00e1hal rozp\u00fa\u0161\u0165a\u0165 tuk a dodal v\u00e1m telo va\u0161ich snov!<\/p>\n<p><!-- Jedine\u010dn\u00e9 zlo\u017eky --><\/p>\n<h2 id=\"jedinecne-zlozky\">Jedine\u010dn\u00e9 zlo\u017eky pre \u00faspe\u0161n\u00e9 chudnutie<\/h2>\n<p>V\u010faka jedine\u010dnej kombin\u00e1cii pr\u00edrodn\u00fdch zlo\u017eiek, ako je bentonit zo sope\u010dn\u00e9ho \u00edlu, izol\u00e1t s\u00f3jov\u00fdch bielkov\u00edn, ovsen\u00e1 vl\u00e1knina, k\u00e1vov\u00fd pr\u00e1\u0161ok, extrakt z kore\u0148a p\u00fapavy, extrakt z kore\u0148a z\u00e1zvoru a extrakt z plodov\/semien feniklu, pom\u00e1ha Bentolit zamera\u0165 sa na prebyto\u010dn\u00fd tuk vo va\u0161om tele bez drsn\u00fdch n\u00e1razov\u00fdch di\u00e9t alebo vysoko intenz\u00edvneho cvi\u010denia.<\/p>\n<p>Tento doplnok je navrhnut\u00fd tak, aby fungoval tak, \u017ee absorbuje tox\u00edny z tela a z\u00e1rove\u0148 napu\u010diava \u017eal\u00fadok a zni\u017euje chu\u0165 do jedla a chute.<\/p>\n<p><!-- Prevezmite kontrolu nad svoj\u00edm zdrav\u00edm --><\/p>\n<h2 id=\"prevezmite-kontrolu\">Prevezmite kontrolu nad svoj\u00edm zdrav\u00edm<\/h2>\n<p>Rozl\u00fa\u010dte sa s nezdrav\u00fdm \u017eivotn\u00fdm \u0161t\u00fdlom pln\u00fdm neust\u00e1leho vy\u010derpania a ne\u00faspechov, pokia\u013e ide o chudnutie &#8211; so zmesou v\u00fd\u017eivn\u00fdch zlo\u017eiek Bentolit teraz m\u00f4\u017eete prevzia\u0165 kontrolu nad svoj\u00edm zdrav\u00edm a zmeni\u0165 svoj \u017eivot na \u017eivot pln\u00fd energie a vitality.<\/p>\n<p>Na \u010do e\u0161te \u010dak\u00e1te? Nevysk\u00fa\u0161ajte len tak hocijak\u00fd be\u017en\u00fd doplnok &#8211; vysk\u00fa\u0161ajte Bentolit!<\/p>\n<p><!-- Vidite\u013en\u00e9 v\u00fdsledky --><\/p>\n<h2 id=\"viditelne-vysledky\">Vidite\u013en\u00e9 v\u00fdsledky v kr\u00e1tkom \u010dase<\/h2>\n<p>H\u013ead\u00e1te prirodzen\u00fd, zdrav\u00fd sp\u00f4sob, ako udr\u017ea\u0165 svoju hmotnos\u0165 a dosiahnu\u0165 po\u017eadovan\u00e9 v\u00fdsledky v kr\u00e1tkom \u010dase? Bentolit by mohol by\u0165 pre v\u00e1s ide\u00e1lnym rie\u0161en\u00edm!<\/p>\n<p>Bentolit je revolu\u010dn\u00fd doplnok, ktor\u00fd pom\u00e1ha absorbova\u0165 tox\u00edny z tela, prirodzene rozp\u00fa\u0161\u0165a tukov\u00e9 z\u00e1soby a zni\u017euje chu\u0165 do jedla. U\u017e\u00edvajte si maxim\u00e1lne pohodlie, preto\u017ee u\u017e nie je potrebn\u00e9 vysoko intenz\u00edvne cvi\u010denie ani n\u00e1razov\u00e9 di\u00e9ty.<\/p>\n<p>Vidite\u013en\u00e9 v\u00fdsledky pr\u00eddu za p\u00e1r dn\u00ed: tuky zmizn\u00fa, c\u00edtite sa \u013eah\u0161ie a zlep\u0161\u00edte zdravie \u013eahko a bez n\u00e1mahy.<\/p>\n<p><!-- Zmena v\u00e1\u0161ho \u017eivota --><\/p>\n<h2 id=\"zmena-zivota\">Zmena v\u00e1\u0161ho \u017eivota s Bentolitom<\/h2>\n<p>Presta\u0148te sn\u00edva\u0165 o tom, \u017ee zdravotn\u00e9 probl\u00e9my sa stan\u00fa vzdialenou spomienkou s \u00fa\u010dinn\u00fdm zlo\u017een\u00edm Bentolitu, ktor\u00e9 je navrhnut\u00e9 tak, aby v\u00e1m pomohlo z\u00edska\u0165 sp\u00e4\u0165 kontrolu nad svoj\u00edm telom.<\/p>\n<p>Autentick\u00fd doplnok prin\u00e1\u0161a zlep\u0161en\u00fa energiu, men\u0161iu \u00fanavu a zn\u00ed\u017een\u00e9 chute na jedlo pre lep\u0161\u00ed \u017eivotn\u00fd \u0161t\u00fdl. Tento pozoruhodn\u00fd produkt v\u00e1m m\u00f4\u017ee pom\u00f4c\u0165 premeni\u0165 tieto sny na skuto\u010dnos\u0165!<\/p>\n<p><!-- Za\u010d\u00edname e\u0161te dnes --><\/p>\n<h2 id=\"zaciname-dnes\">Za\u010d\u00edname e\u0161te dnes<\/h2>\n<p>Ke\u010f ide o z\u00edskanie lep\u0161ieho zdravia, pre\u010do \u010daka\u0165? Zvo\u013ete si cestu s Bentolitom e\u0161te dnes a pripravte sa na to, \u017ee v\u00e1s \u010dakaj\u00fa ohromuj\u00face dramatick\u00e9 v\u00fdsledky v priebehu nieko\u013ek\u00fdch dn\u00ed od jeho u\u017e\u00edvania.<\/p>\n<p>Vyu\u017eite v\u00fdhody u\u017e teraz a zabudnite na dni str\u00e1ven\u00e9 staros\u0165ami o to, ako zosta\u0165 fit &#8211; preto\u017ee Bentolit v\u00e1m d\u00e1va silu zdrav\u0161ieho \u017eivotn\u00e9ho \u0161t\u00fdlu!<\/p>\n<p><!-- Call to Action --><\/p>\n<p><strong>Nechajte sa ohromi\u0165 v\u00fdsledkami<\/strong><\/p>\n","protected":false},"excerpt":{"rendered":"<p>Predstavujeme v\u00e1m Bentolit, revolu\u010dn\u00fd prielom v chudnut\u00ed, ktor\u00fd bol vyvinut\u00fd tak, aby pom\u00e1hal rozp\u00fa\u0161\u0165a\u0165 tuk a dodal v\u00e1m telo va\u0161ich snov! K\u00fapi\u0165 Bentolit v Slovenskej Republike za v\u00fdhodn\u00fa cenu. Kde k\u00fapi\u0165. Cena. Hodnotenie. Doru\u010denie na celom Slovensku: Ko\u0161ice, Bratislava, Zvolen, Prievidza, Poprad, Martin, Tren\u010d\u00edn, Trnava, Bansk\u00e1 Bystrica, Nitra, \u017dilina, Pre\u0161ov, Nov\u00e9 Z\u00e1mky, Pova\u017esk\u00e1 Bystrica a Malacky. Indik\u00e1cie pre pou\u017eitie, Kontraindik\u00e1cie, Ako si tovar vzia\u0165. K\u00fapte si Bentolit online.<\/p>\n","protected":false},"featured_media":6679,"comment_status":"open","ping_status":"closed","template":"","meta":{"site-sidebar-layout":"default","site-content-layout":"default","ast-site-content-layout":"default","site-content-style":"default","site-sidebar-style":"default","ast-global-header-display":"","ast-banner-title-visibility":"","ast-main-header-display":"","ast-hfb-above-header-display":"","ast-hfb-below-header-display":"","ast-hfb-mobile-header-display":"","site-post-title":"","ast-breadcrumbs-content":"","ast-featured-img":"","footer-sml-layout":"","ast-disable-related-posts":"","theme-transparent-header-meta":"default","adv-header-id-meta":"","stick-header-meta":"","header-above-stick-meta":"","header-main-stick-meta":"","header-below-stick-meta":"","astra-migrate-meta-layouts":"set","ast-page-background-enabled":"default","ast-page-background-meta":{"desktop":{"background-color":"","background-image":"","background-repeat":"repeat","background-position":"center center","background-size":"auto","background-attachment":"scroll","background-type":"","background-media":"","overlay-type":"","overlay-color":"","overlay-opacity":"","overlay-gradient":""},"tablet":{"background-color":"","background-image":"","background-repeat":"repeat","background-position":"center center","background-size":"auto","background-attachment":"scroll","background-type":"","background-media":"","overlay-type":"","overlay-color":"","overlay-opacity":"","overlay-gradient":""},"mobile":{"background-color":"","background-image":"","background-repeat":"repeat","background-position":"center center","background-size":"auto","background-attachment":"scroll","background-type":"","background-media":"","overlay-type":"","overlay-color":"","overlay-opacity":"","overlay-gradient":""}},"ast-content-background-meta":{"desktop":{"background-color":"var(--ast-global-color-5)","background-image":"","background-repeat":"repeat","background-position":"center center","background-size":"auto","background-attachment":"scroll","background-type":"","background-media":"","overlay-type":"","overlay-color":"","overlay-opacity":"","overlay-gradient":""},"tablet":{"background-color":"var(--ast-global-color-5)","background-image":"","background-repeat":"repeat","background-position":"center center","background-size":"auto","background-attachment":"scroll","background-type":"","background-media":"","overlay-type":"","overlay-color":"","overlay-opacity":"","overlay-gradient":""},"mobile":{"background-color":"var(--ast-global-color-5)","background-image":"","background-repeat":"repeat","background-position":"center center","background-size":"auto","background-attachment":"scroll","background-type":"","background-media":"","overlay-type":"","overlay-color":"","overlay-opacity":"","overlay-gradient":""}}},"product_brand":[],"product_cat":[39],"product_tag":[],"class_list":{"0":"post-6555","1":"product","2":"type-product","3":"status-publish","4":"has-post-thumbnail","6":"product_cat-na-chudnutie","7":"desktop-align-left","8":"tablet-align-left","9":"mobile-align-left","11":"first","12":"instock","13":"taxable","14":"shipping-taxable","15":"purchasable","16":"product-type-simple"},"_links":{"self":[{"href":"https:\/\/wellness4you.cz\/sk\/wp-json\/wp\/v2\/product\/6555","targetHints":{"allow":["GET"]}}],"collection":[{"href":"https:\/\/wellness4you.cz\/sk\/wp-json\/wp\/v2\/product"}],"about":[{"href":"https:\/\/wellness4you.cz\/sk\/wp-json\/wp\/v2\/types\/product"}],"replies":[{"embeddable":true,"href":"https:\/\/wellness4you.cz\/sk\/wp-json\/wp\/v2\/comments?post=6555"}],"wp:featuredmedia":[{"embeddable":true,"href":"https:\/\/wellness4you.cz\/sk\/wp-json\/wp\/v2\/media\/6679"}],"wp:attachment":[{"href":"https:\/\/wellness4you.cz\/sk\/wp-json\/wp\/v2\/media?parent=6555"}],"wp:term":[{"taxonomy":"product_brand","embeddable":true,"href":"https:\/\/wellness4you.cz\/sk\/wp-json\/wp\/v2\/product_brand?post=6555"},{"taxonomy":"product_cat","embeddable":true,"href":"https:\/\/wellness4you.cz\/sk\/wp-json\/wp\/v2\/product_cat?post=6555"},{"taxonomy":"product_tag","embeddable":true,"href":"https:\/\/wellness4you.cz\/sk\/wp-json\/wp\/v2\/product_tag?post=6555"}],"curies":[{"name":"wp","href":"https:\/\/api.w.org\/{rel}","templated":true}]}}