{"id":6554,"date":"2023-01-15T04:11:31","date_gmt":"2023-01-15T03:11:31","guid":{"rendered":"https:\/\/wellness4you.cz\/sk\/?post_type=product&#038;p=6554"},"modified":"2026-01-08T22:52:33","modified_gmt":"2026-01-08T21:52:33","slug":"aerflow","status":"publish","type":"product","link":"https:\/\/wellness4you.cz\/sk\/aerflow\/","title":{"rendered":"Aerflow"},"content":{"rendered":"<p>Ak vy alebo v\u00e1\u0161 partner trp\u00edte nepr\u00edjemn\u00fdm chr\u00e1pan\u00edm, Aerflow je pre v\u00e1s odpove\u010fou na skuto\u010dne pokojn\u00fd sp\u00e1nok. Toto \u00faplne pr\u00edrodn\u00e9 rie\u0161enie bolo navrhnut\u00e9 s oh\u013eadom na jednoduchos\u0165 a pohodlie, tak\u017ee ho m\u00f4\u017eete pou\u017e\u00edva\u0165 ka\u017ed\u00fa noc, aby chr\u00e1panie zostalo minulos\u0165ou. \u017diadny neporiadok, \u017eiadny rozruch &#8211; jednoducho si pred span\u00edm nastriekajte olej Aerflow na vank\u00fa\u0161 a za\u010dnite poci\u0165ova\u0165 \u00fa\u013eavu.<\/p>\n<p>Na rozdiel od in\u00fdch v\u00fdrobkov si Aerflow nevy\u017eaduje \u017eiadnu zlo\u017eit\u00fa in\u0161tal\u00e1ciu ani zariadenia. Namiesto toho tento jedine\u010dn\u00fd pr\u00edstup vyu\u017e\u00edva jednoduch\u00e9 ventily na usmernenie pr\u00fadenia vzduchu v nosn\u00fdch dierkach s cie\u013eom zn\u00ed\u017ei\u0165 alebo odstr\u00e1ni\u0165 zvuk a vibr\u00e1cie chr\u00e1pania a z\u00e1rove\u0148 zachova\u0165 pohodlie po\u010das celej noci.<\/p>\n<h2>Aby ste boli maxim\u00e1lne pokojn\u00ed, \u00faplne pr\u00edrodn\u00fd olej Aerflow nesp\u00f4sobuje \u017eiadne podr\u00e1\u017edenie a je \u00faplne bezpe\u010dn\u00fd pre ka\u017ed\u00e9ho, kto ho pou\u017e\u00edva &#8211; tak\u017ee m\u00f4\u017eete op\u00e4\u0165 pokojne spa\u0165!<\/h2>\n<p>Zbavte sa chr\u00e1pania nadobro a vysk\u00fa\u0161ajte Aerflow e\u0161te dnes!<\/p>\n<p>M\u00e1te vy alebo v\u00e1\u0161 partner probl\u00e9my s chr\u00e1pan\u00edm? Tento produkt m\u00e1 pre v\u00e1s dokonal\u00e9 rie\u0161enie na noc! Aerflow s \u010disto pr\u00edrodn\u00fdmi zlo\u017ekami je navrhnut\u00fd tak, aby pom\u00e1hal redukova\u0165 a eliminova\u0165 ne\u017eiaduce zvuky a vibr\u00e1cie po\u010das sp\u00e1nku. Tento nevtierav\u00fd sprej, ktor\u00fd je ide\u00e1lny pri r\u00f4znych pr\u00ed\u010din\u00e1ch, udr\u017eiava tkaninu v\u00e1\u0161ho vank\u00fa\u0161a \u010dist\u00fa a bez neporiadku a z\u00e1rove\u0148 upokojuje ak\u00e9ko\u013evek podr\u00e1\u017edenie!<\/p>\n<p>Tento produkt sa nielen jednoducho pou\u017e\u00edva, ale je \u00fa\u010dinn\u00fd bez potreby zlo\u017eitej in\u0161tal\u00e1cie. Jeho jedine\u010dn\u00e9 ventily nasmeruj\u00fa vzduch do va\u0161ich nosn\u00fdch dierok pre mimoriadne pohodln\u00e9 spanie. V\u010faka jeho jedine\u010dn\u00e9mu zlo\u017eeniu ur\u010dite z\u00edskate \u00fa\u013eavu, ktor\u00fa potrebujete na pokojn\u00fd sp\u00e1nok. Zbavte sa chr\u00e1pania raz a nav\u017edy &#8211; vyberte si Aerflow!<\/p>\n<p>M\u00e1te vy alebo v\u00e1\u0161 partner probl\u00e9m s hlasn\u00fdm, ru\u0161iv\u00fdm chr\u00e1pan\u00edm? Rie\u0161enie Aerflow poskytuje jednoduch\u00fd a \u00fa\u010dinn\u00fd sp\u00f4sob, ako dosiahnu\u0165 pokoj a ticho pre pokojnej\u0161\u00ed sp\u00e1nok. Tento \u00faplne pr\u00edrodn\u00fd v\u00fdrobok je vysoko \u00fa\u010dinn\u00fd pri v\u0161etk\u00fdch druhoch probl\u00e9mov s chr\u00e1pan\u00edm a nevy\u017eaduje si \u017eiadnu \u0161peci\u00e1lnu in\u0161tal\u00e1ciu. Jednoducho nastriekajte olej na oblie\u010dku vank\u00fa\u0161a pred span\u00edm a u\u017eite si okam\u017eit\u00fa \u00fa\u013eavu od chr\u00e1pania.<\/p>\n<p>Tento produkt navy\u0161e po sebe nezanech\u00e1va \u017eiadny neporiadok ani nesp\u00f4sobuje \u017eiadne podr\u00e1\u017edenie &#8211; len r\u00fdchlu a dlhodob\u00fa \u00fa\u013eavu! A to aj \u00faplne jedine\u010dn\u00fdm sp\u00f4sobom: pomocou ventilov na usmernenie pr\u00fadenia vzduchu v nosn\u00fdch dierkach v\u00e1m Aerflow umo\u017e\u0148uje pohodlne d\u00fdcha\u0165 po\u010das celej noci bez toho, aby ste museli trpie\u0165 nepr\u00edjemn\u00fdm a hrub\u00fdm chr\u00e1pan\u00edm.<\/p>\n<p>Spite pokojnej\u0161ie a u\u017e\u00edvajte si vy\u0161\u0161iu kvalitu \u017eivota s t\u00fdmto \u00faplne pr\u00edrodn\u00fdm, revolu\u010dn\u00fdm v\u00fdrobkom na \u00fa\u013eavu od chr\u00e1pania! Vysk\u00fa\u0161ajte Aerflow e\u0161te dnes a presved\u010dte sa, ak\u00fd rozdiel m\u00f4\u017ee prinies\u0165!<\/p>\n","protected":false},"excerpt":{"rendered":"<p>K\u00fapi\u0165 Aerflow v Slovenskej Republike za v\u00fdhodn\u00fa cenu. Cena. Hodnotenie. Kde k\u00fapi\u0165. Doru\u010denie na celom Slovensku: Bratislava, Zvolen, Prievidza, Poprad, Martin, Tren\u010d\u00edn, Trnava, Bansk\u00e1 Bystrica, Nitra, \u017dilina, Pre\u0161ov, Ko\u0161ice, Pova\u017esk\u00e1 Bystrica, Malacky a Nov\u00e9 Mesto nad V\u00e1hom. Kontraindik\u00e1cie, Ako si tovar vzia\u0165, Indik\u00e1cie pre pou\u017eitie. K\u00fapte si Aerflow online.<\/p>\n","protected":false},"featured_media":6676,"comment_status":"open","ping_status":"closed","template":"","meta":{"site-sidebar-layout":"default","site-content-layout":"default","ast-site-content-layout":"default","site-content-style":"default","site-sidebar-style":"default","ast-global-header-display":"","ast-banner-title-visibility":"","ast-main-header-display":"","ast-hfb-above-header-display":"","ast-hfb-below-header-display":"","ast-hfb-mobile-header-display":"","site-post-title":"","ast-breadcrumbs-content":"","ast-featured-img":"","footer-sml-layout":"","ast-disable-related-posts":"","theme-transparent-header-meta":"default","adv-header-id-meta":"","stick-header-meta":"","header-above-stick-meta":"","header-main-stick-meta":"","header-below-stick-meta":"","astra-migrate-meta-layouts":"set","ast-page-background-enabled":"default","ast-page-background-meta":{"desktop":{"background-color":"","background-image":"","background-repeat":"repeat","background-position":"center center","background-size":"auto","background-attachment":"scroll","background-type":"","background-media":"","overlay-type":"","overlay-color":"","overlay-opacity":"","overlay-gradient":""},"tablet":{"background-color":"","background-image":"","background-repeat":"repeat","background-position":"center center","background-size":"auto","background-attachment":"scroll","background-type":"","background-media":"","overlay-type":"","overlay-color":"","overlay-opacity":"","overlay-gradient":""},"mobile":{"background-color":"","background-image":"","background-repeat":"repeat","background-position":"center center","background-size":"auto","background-attachment":"scroll","background-type":"","background-media":"","overlay-type":"","overlay-color":"","overlay-opacity":"","overlay-gradient":""}},"ast-content-background-meta":{"desktop":{"background-color":"var(--ast-global-color-5)","background-image":"","background-repeat":"repeat","background-position":"center center","background-size":"auto","background-attachment":"scroll","background-type":"","background-media":"","overlay-type":"","overlay-color":"","overlay-opacity":"","overlay-gradient":""},"tablet":{"background-color":"var(--ast-global-color-5)","background-image":"","background-repeat":"repeat","background-position":"center center","background-size":"auto","background-attachment":"scroll","background-type":"","background-media":"","overlay-type":"","overlay-color":"","overlay-opacity":"","overlay-gradient":""},"mobile":{"background-color":"var(--ast-global-color-5)","background-image":"","background-repeat":"repeat","background-position":"center center","background-size":"auto","background-attachment":"scroll","background-type":"","background-media":"","overlay-type":"","overlay-color":"","overlay-opacity":"","overlay-gradient":""}}},"product_brand":[],"product_cat":[41],"product_tag":[],"class_list":{"0":"post-6554","1":"product","2":"type-product","3":"status-publish","4":"has-post-thumbnail","6":"product_cat-produkty-pre-zdravie","7":"desktop-align-left","8":"tablet-align-left","9":"mobile-align-left","11":"first","12":"instock","13":"sale","14":"taxable","15":"shipping-taxable","16":"purchasable","17":"product-type-simple"},"_links":{"self":[{"href":"https:\/\/wellness4you.cz\/sk\/wp-json\/wp\/v2\/product\/6554","targetHints":{"allow":["GET"]}}],"collection":[{"href":"https:\/\/wellness4you.cz\/sk\/wp-json\/wp\/v2\/product"}],"about":[{"href":"https:\/\/wellness4you.cz\/sk\/wp-json\/wp\/v2\/types\/product"}],"replies":[{"embeddable":true,"href":"https:\/\/wellness4you.cz\/sk\/wp-json\/wp\/v2\/comments?post=6554"}],"wp:featuredmedia":[{"embeddable":true,"href":"https:\/\/wellness4you.cz\/sk\/wp-json\/wp\/v2\/media\/6676"}],"wp:attachment":[{"href":"https:\/\/wellness4you.cz\/sk\/wp-json\/wp\/v2\/media?parent=6554"}],"wp:term":[{"taxonomy":"product_brand","embeddable":true,"href":"https:\/\/wellness4you.cz\/sk\/wp-json\/wp\/v2\/product_brand?post=6554"},{"taxonomy":"product_cat","embeddable":true,"href":"https:\/\/wellness4you.cz\/sk\/wp-json\/wp\/v2\/product_cat?post=6554"},{"taxonomy":"product_tag","embeddable":true,"href":"https:\/\/wellness4you.cz\/sk\/wp-json\/wp\/v2\/product_tag?post=6554"}],"curies":[{"name":"wp","href":"https:\/\/api.w.org\/{rel}","templated":true}]}}