{"id":10300,"date":"2025-06-09T23:22:41","date_gmt":"2025-06-09T21:22:41","guid":{"rendered":"https:\/\/wellness4you.cz\/sk\/?post_type=product&#038;p=10300"},"modified":"2026-01-08T22:52:35","modified_gmt":"2026-01-08T21:52:35","slug":"cystolax","status":"publish","type":"product","link":"https:\/\/wellness4you.cz\/sk\/cystolax\/","title":{"rendered":"Cystolax"},"content":{"rendered":"<p><strong>Cystolax \u2013 10 kaps\u00fal<\/strong> je v\u00fd\u017eivov\u00fd doplnok vo forme kaps\u00fal, vyvinut\u00fd z d\u00f4kladne vybran\u00fdch rastlinn\u00fdch zlo\u017eiek. M\u00f4\u017ee by\u0165 s\u00fa\u010das\u0165ou pestrej a vyv\u00e1\u017eenej stravy pri ka\u017edodennom u\u017e\u00edvan\u00ed.<\/p>\n<h2>Zlo\u017eenie: hlavn\u00e9 zlo\u017eky<\/h2>\n<ul>\n<li>Extrakt z brusnice<\/li>\n<li>Extrakt z p\u0155h\u013eavy<\/li>\n<li>Extrakt z brezy<\/li>\n<li>Rastlinn\u00e1 vl\u00e1knina<\/li>\n<li>Pomocn\u00e9 l\u00e1tky pre kapsulu<\/li>\n<\/ul>\n<h2>Forma<\/h2>\n<p>Kapsuly<\/p>\n<h2>Sp\u00f4sob pou\u017eitia<\/h2>\n<p>U\u017e\u00edvajte pod\u013ea pokynov uveden\u00fdch na obale. Neprekra\u010dujte odpor\u00fa\u010dan\u00fa denn\u00fa d\u00e1vku.<\/p>\n<h2>Podmienky skladovania<\/h2>\n<p>Skladujte na chladnom a suchom mieste, mimo dosahu priameho slne\u010dn\u00e9ho \u017eiarenia a zdrojov tepla.<\/p>\n<h2>D\u00e1tum spotreby<\/h2>\n<p>Pozrite si d\u00e1tum uveden\u00fd na obale.<\/p>\n<p><strong>Upozornenie:<\/strong> Tento produkt je v\u00fd\u017eivov\u00fd doplnok a nemal by sa pou\u017e\u00edva\u0165 ako n\u00e1hrada pestrej a vyv\u00e1\u017eenej stravy a zdrav\u00e9ho \u017eivotn\u00e9ho \u0161t\u00fdlu. Uchov\u00e1vajte mimo dosahu det\u00ed. Pred pou\u017eit\u00edm sa odpor\u00fa\u010da konzult\u00e1cia s lek\u00e1rom.<\/p>\n","protected":false},"excerpt":{"rendered":"<p>Cystolax \u2013 10 kaps\u00fal. V\u00fd\u017eivov\u00fd doplnok s extraktmi z brusnice, p\u0155h\u013eavy a brezy. Obsahuje rastlinn\u00fa vl\u00e1kninu. Forma: kapsuly.<\/p>\n","protected":false},"featured_media":10301,"comment_status":"open","ping_status":"closed","template":"","meta":{"site-sidebar-layout":"default","site-content-layout":"","ast-site-content-layout":"default","site-content-style":"default","site-sidebar-style":"default","ast-global-header-display":"","ast-banner-title-visibility":"","ast-main-header-display":"","ast-hfb-above-header-display":"","ast-hfb-below-header-display":"","ast-hfb-mobile-header-display":"","site-post-title":"","ast-breadcrumbs-content":"","ast-featured-img":"","footer-sml-layout":"","ast-disable-related-posts":"","theme-transparent-header-meta":"default","adv-header-id-meta":"","stick-header-meta":"","header-above-stick-meta":"","header-main-stick-meta":"","header-below-stick-meta":"","astra-migrate-meta-layouts":"set","ast-page-background-enabled":"default","ast-page-background-meta":{"desktop":{"background-color":"","background-image":"","background-repeat":"repeat","background-position":"center center","background-size":"auto","background-attachment":"scroll","background-type":"","background-media":"","overlay-type":"","overlay-color":"","overlay-opacity":"","overlay-gradient":""},"tablet":{"background-color":"","background-image":"","background-repeat":"repeat","background-position":"center center","background-size":"auto","background-attachment":"scroll","background-type":"","background-media":"","overlay-type":"","overlay-color":"","overlay-opacity":"","overlay-gradient":""},"mobile":{"background-color":"","background-image":"","background-repeat":"repeat","background-position":"center center","background-size":"auto","background-attachment":"scroll","background-type":"","background-media":"","overlay-type":"","overlay-color":"","overlay-opacity":"","overlay-gradient":""}},"ast-content-background-meta":{"desktop":{"background-color":"var(--ast-global-color-5)","background-image":"","background-repeat":"repeat","background-position":"center center","background-size":"auto","background-attachment":"scroll","background-type":"","background-media":"","overlay-type":"","overlay-color":"","overlay-opacity":"","overlay-gradient":""},"tablet":{"background-color":"var(--ast-global-color-5)","background-image":"","background-repeat":"repeat","background-position":"center center","background-size":"auto","background-attachment":"scroll","background-type":"","background-media":"","overlay-type":"","overlay-color":"","overlay-opacity":"","overlay-gradient":""},"mobile":{"background-color":"var(--ast-global-color-5)","background-image":"","background-repeat":"repeat","background-position":"center center","background-size":"auto","background-attachment":"scroll","background-type":"","background-media":"","overlay-type":"","overlay-color":"","overlay-opacity":"","overlay-gradient":""}}},"product_brand":[],"product_cat":[41],"product_tag":[],"class_list":{"0":"post-10300","1":"product","2":"type-product","3":"status-publish","4":"has-post-thumbnail","6":"product_cat-produkty-pre-zdravie","7":"desktop-align-left","8":"tablet-align-left","9":"mobile-align-left","11":"first","12":"instock","13":"taxable","14":"shipping-taxable","15":"purchasable","16":"product-type-simple"},"_links":{"self":[{"href":"https:\/\/wellness4you.cz\/sk\/wp-json\/wp\/v2\/product\/10300","targetHints":{"allow":["GET"]}}],"collection":[{"href":"https:\/\/wellness4you.cz\/sk\/wp-json\/wp\/v2\/product"}],"about":[{"href":"https:\/\/wellness4you.cz\/sk\/wp-json\/wp\/v2\/types\/product"}],"replies":[{"embeddable":true,"href":"https:\/\/wellness4you.cz\/sk\/wp-json\/wp\/v2\/comments?post=10300"}],"wp:featuredmedia":[{"embeddable":true,"href":"https:\/\/wellness4you.cz\/sk\/wp-json\/wp\/v2\/media\/10301"}],"wp:attachment":[{"href":"https:\/\/wellness4you.cz\/sk\/wp-json\/wp\/v2\/media?parent=10300"}],"wp:term":[{"taxonomy":"product_brand","embeddable":true,"href":"https:\/\/wellness4you.cz\/sk\/wp-json\/wp\/v2\/product_brand?post=10300"},{"taxonomy":"product_cat","embeddable":true,"href":"https:\/\/wellness4you.cz\/sk\/wp-json\/wp\/v2\/product_cat?post=10300"},{"taxonomy":"product_tag","embeddable":true,"href":"https:\/\/wellness4you.cz\/sk\/wp-json\/wp\/v2\/product_tag?post=10300"}],"curies":[{"name":"wp","href":"https:\/\/api.w.org\/{rel}","templated":true}]}}