{"id":96,"date":"2018-06-18T06:57:57","date_gmt":"2018-06-18T06:57:57","guid":{"rendered":"https:\/\/wellness4you.cz\/sk\/about\/"},"modified":"2025-09-17T03:28:28","modified_gmt":"2025-09-17T01:28:28","slug":"o-nas","status":"publish","type":"page","link":"https:\/\/wellness4you.cz\/sk\/o-nas\/","title":{"rendered":"O N\u00e1s"},"content":{"rendered":"<p>Vitajte v spolo\u010dnosti Wellness4you. Sme hrd\u00ed na \u0161irok\u00fd sortiment vysokokvalitn\u00fdch a organick\u00fdch produktov, ktor\u00e9 pom\u00e1haj\u00fa na\u0161im z\u00e1kazn\u00edkom dosiahnu\u0165 ich ciele v oblasti zdravia.<\/p>\n<p>Spolo\u010dnos\u0165 Wellness4you bola zalo\u017een\u00e1 s cie\u013eom poskytova\u0165 prvotriedne organick\u00e9 produkty v\u0161etk\u00fdm, ktor\u00ed h\u013eadaj\u00fa sp\u00f4sob, ako podpori\u0165 svoje pohodlie. Ver\u00edme, \u017ee zdrav\u00fd \u017eivotn\u00fd \u0161t\u00fdl za\u010d\u00edna vn\u00fatri tela a \u017ee spr\u00e1vna strava m\u00f4\u017ee by\u0165 k\u013e\u00fa\u010dom k dosiahnutiu va\u0161ich zdravotn\u00fdch cie\u013eov.<\/p>\n<p>Pon\u00fakame \u0161irok\u00fd v\u00fdber v\u00fdrobkov vyroben\u00fdch z kvalitn\u00fdch a \u010dist\u00fdch surov\u00edn. V\u0161etky na\u0161e produkty s\u00fa certifikovan\u00e9 a sp\u013a\u0148aj\u00fa najpr\u00edsnej\u0161ie \u0161tandardy kvality.<\/p>\n<p>Na\u0161im cie\u013eom je poskytova\u0165 na\u0161im z\u00e1kazn\u00edkom skuto\u010dne u\u017eito\u010dn\u00e9 produkty. Preto pozorne vyber\u00e1me dod\u00e1vate\u013eov a db\u00e1me na to, aby v\u0161etky na\u0161e v\u00fdrobky boli vyr\u00e1ban\u00e9 s oh\u013eadom na po\u017eiadavky kvality a \u010distoty. Na\u0161i odborn\u00edci s\u00fa v\u017edy pripraven\u00ed odpoveda\u0165 na va\u0161e ot\u00e1zky a odporu\u010di\u0165 v\u00e1m produkty, ktor\u00e9 v\u00e1m bud\u00fa vyhovova\u0165.<\/p>\n<p>Spolo\u010dnos\u0165 Wellness4you je hrd\u00e1 na to, \u017ee podporuje zdrav\u00fd \u017eivotn\u00fd \u0161t\u00fdl a pom\u00e1ha svojim z\u00e1kazn\u00edkom dosiahnu\u0165 ich ciele. Nav\u0161t\u00edvte na\u0161e webov\u00e9 str\u00e1nky a objavte \u0161irok\u00fd sortiment produktov, ktor\u00e9 v\u00e1m pom\u00f4\u017eu c\u00edti\u0165 sa lep\u0161ie a \u017ei\u0165 plnohodnotn\u00fdm \u017eivotom.<\/p>\n<p>N\u00e1\u0161 t\u00edm sa sklad\u00e1 z odborn\u00edkov. V\u010faka na\u0161im sk\u00fasenostiam a znalostiam v tomto odvetv\u00ed sme schopn\u00ed poskytova\u0165 na\u0161im z\u00e1kazn\u00edkom tie najlep\u0161ie slu\u017eby a produkty.<\/p>\n<p>Vo spolo\u010dnosti Wellness4you ver\u00edme, \u017ee ka\u017ed\u00fd \u010dlovek m\u00e1 pr\u00e1vo na zdrav\u00fd \u017eivotn\u00fd \u0161t\u00fdl. Preto sa sna\u017e\u00edme poskytova\u0165 na\u0161im z\u00e1kazn\u00edkom tie najlep\u0161ie produkty a slu\u017eby, aby mohli dosiahnu\u0165 svoje ciele a c\u00edti\u0165 sa lep\u0161ie.<\/p>\n<p>Spolo\u010dnos\u0165 Wellness4you p\u00f4sob\u00ed na trhoch v \u010ceskej republike a na Slovensku. Sna\u017e\u00edme sa by\u0165 pr\u00edtomn\u00ed tam, kde na\u0161i z\u00e1kazn\u00edci potrebuj\u00fa na\u0161u pomoc a podporu pri dosahovan\u00ed ich cie\u013eov.<\/p>\n<p>Ak m\u00e1te ot\u00e1zky alebo potrebujete pomoc pri v\u00fdbere vhodn\u00fdch produktov, nev\u00e1hajte n\u00e1s kontaktova\u0165. Radi v\u00e1m pom\u00f4\u017eeme.<\/p>\n<p>Ak m\u00e1te ak\u00e9ko\u013evek nejasnosti, nev\u00e1hajte n\u00e1s kontaktova\u0165 na: info@wellness4you.cz<\/p>\n<p>Na\u0161a adresa: Pod Vilami 802\/7, 140 00 Praha 4, \u010cesk\u00e1 republika<\/p>\n","protected":false},"excerpt":{"rendered":"<p>Vitajte v spolo\u010dnosti Wellness4you. Sme hrd\u00ed na \u0161irok\u00fd sortiment vysokokvalitn\u00fdch a organick\u00fdch produktov, ktor\u00e9 pom\u00e1haj\u00fa na\u0161im z\u00e1kazn\u00edkom dosiahnu\u0165 ich ciele v oblasti zdravia. Spolo\u010dnos\u0165 Wellness4you bola zalo\u017een\u00e1 s cie\u013eom poskytova\u0165 prvotriedne organick\u00e9 produkty v\u0161etk\u00fdm, ktor\u00ed h\u013eadaj\u00fa sp\u00f4sob, ako podpori\u0165 svoje pohodlie. Ver\u00edme, \u017ee zdrav\u00fd \u017eivotn\u00fd \u0161t\u00fdl za\u010d\u00edna vn\u00fatri tela a \u017ee spr\u00e1vna strava m\u00f4\u017ee by\u0165 [&hellip;]<\/p>\n","protected":false},"author":6,"featured_media":6395,"parent":0,"menu_order":0,"comment_status":"closed","ping_status":"closed","template":"","meta":{"site-sidebar-layout":"default","site-content-layout":"page-builder","ast-site-content-layout":"default","site-content-style":"default","site-sidebar-style":"default","ast-global-header-display":"","ast-banner-title-visibility":"","ast-main-header-display":"","ast-hfb-above-header-display":"","ast-hfb-below-header-display":"","ast-hfb-mobile-header-display":"","site-post-title":"","ast-breadcrumbs-content":"","ast-featured-img":"disabled","footer-sml-layout":"","ast-disable-related-posts":"","theme-transparent-header-meta":"default","adv-header-id-meta":"","stick-header-meta":"","header-above-stick-meta":"","header-main-stick-meta":"","header-below-stick-meta":"","astra-migrate-meta-layouts":"set","ast-page-background-enabled":"default","ast-page-background-meta":{"desktop":{"background-color":"","background-image":"","background-repeat":"repeat","background-position":"center center","background-size":"auto","background-attachment":"scroll","background-type":"","background-media":"","overlay-type":"","overlay-color":"","overlay-opacity":"","overlay-gradient":""},"tablet":{"background-color":"","background-image":"","background-repeat":"repeat","background-position":"center center","background-size":"auto","background-attachment":"scroll","background-type":"","background-media":"","overlay-type":"","overlay-color":"","overlay-opacity":"","overlay-gradient":""},"mobile":{"background-color":"","background-image":"","background-repeat":"repeat","background-position":"center center","background-size":"auto","background-attachment":"scroll","background-type":"","background-media":"","overlay-type":"","overlay-color":"","overlay-opacity":"","overlay-gradient":""}},"ast-content-background-meta":{"desktop":{"background-color":"var(--ast-global-color-5)","background-image":"","background-repeat":"repeat","background-position":"center center","background-size":"auto","background-attachment":"scroll","background-type":"","background-media":"","overlay-type":"","overlay-color":"","overlay-opacity":"","overlay-gradient":""},"tablet":{"background-color":"var(--ast-global-color-5)","background-image":"","background-repeat":"repeat","background-position":"center center","background-size":"auto","background-attachment":"scroll","background-type":"","background-media":"","overlay-type":"","overlay-color":"","overlay-opacity":"","overlay-gradient":""},"mobile":{"background-color":"var(--ast-global-color-5)","background-image":"","background-repeat":"repeat","background-position":"center center","background-size":"auto","background-attachment":"scroll","background-type":"","background-media":"","overlay-type":"","overlay-color":"","overlay-opacity":"","overlay-gradient":""}},"footnotes":""},"class_list":["post-96","page","type-page","status-publish","has-post-thumbnail","hentry"],"_links":{"self":[{"href":"https:\/\/wellness4you.cz\/sk\/wp-json\/wp\/v2\/pages\/96","targetHints":{"allow":["GET"]}}],"collection":[{"href":"https:\/\/wellness4you.cz\/sk\/wp-json\/wp\/v2\/pages"}],"about":[{"href":"https:\/\/wellness4you.cz\/sk\/wp-json\/wp\/v2\/types\/page"}],"author":[{"embeddable":true,"href":"https:\/\/wellness4you.cz\/sk\/wp-json\/wp\/v2\/users\/6"}],"replies":[{"embeddable":true,"href":"https:\/\/wellness4you.cz\/sk\/wp-json\/wp\/v2\/comments?post=96"}],"version-history":[{"count":10,"href":"https:\/\/wellness4you.cz\/sk\/wp-json\/wp\/v2\/pages\/96\/revisions"}],"predecessor-version":[{"id":11284,"href":"https:\/\/wellness4you.cz\/sk\/wp-json\/wp\/v2\/pages\/96\/revisions\/11284"}],"wp:featuredmedia":[{"embeddable":true,"href":"https:\/\/wellness4you.cz\/sk\/wp-json\/wp\/v2\/media\/6395"}],"wp:attachment":[{"href":"https:\/\/wellness4you.cz\/sk\/wp-json\/wp\/v2\/media?parent=96"}],"curies":[{"name":"wp","href":"https:\/\/api.w.org\/{rel}","templated":true}]}}