{"id":8052,"date":"2023-11-06T19:37:50","date_gmt":"2023-11-06T18:37:50","guid":{"rendered":"https:\/\/wellness4you.cz\/sk\/?page_id=8052"},"modified":"2023-11-06T22:29:33","modified_gmt":"2023-11-06T21:29:33","slug":"platba","status":"publish","type":"page","link":"https:\/\/wellness4you.cz\/sk\/platba\/","title":{"rendered":"Ako m\u00f4\u017eem plati\u0165?"},"content":{"rendered":"<h3 dir=\"ltr\">Podporujeme v\u0161etky be\u017en\u00e9 met\u00f3dy platenia<\/h3>\n<p><strong>Dobierka<\/strong> (Sp\u00f4sob Platby: Platba \u2013 Dobierkou) \u2013 najpou\u017e\u00edvanej\u0161\u00ed sp\u00f4sob platby. Peniaze za tovar zaplat\u00edte a\u017e pri prevzat\u00ed tovaru po\u0161tov\u00e9mu doru\u010dovate\u013eovi (kuri\u00e9rovi) alebo na po\u0161te.<\/p>\n","protected":false},"excerpt":{"rendered":"<p>Podporujeme v\u0161etky be\u017en\u00e9 met\u00f3dy platenia Dobierka (Sp\u00f4sob Platby: Platba \u2013 Dobierkou) \u2013 najpou\u017e\u00edvanej\u0161\u00ed sp\u00f4sob platby. Peniaze za tovar zaplat\u00edte a\u017e pri prevzat\u00ed tovaru po\u0161tov\u00e9mu doru\u010dovate\u013eovi (kuri\u00e9rovi) alebo na po\u0161te.<\/p>\n","protected":false},"author":6,"featured_media":6418,"parent":0,"menu_order":0,"comment_status":"closed","ping_status":"closed","template":"","meta":{"site-sidebar-layout":"default","site-content-layout":"","ast-site-content-layout":"default","site-content-style":"default","site-sidebar-style":"default","ast-global-header-display":"","ast-banner-title-visibility":"","ast-main-header-display":"","ast-hfb-above-header-display":"","ast-hfb-below-header-display":"","ast-hfb-mobile-header-display":"","site-post-title":"","ast-breadcrumbs-content":"","ast-featured-img":"disabled","footer-sml-layout":"","ast-disable-related-posts":"","theme-transparent-header-meta":"default","adv-header-id-meta":"","stick-header-meta":"","header-above-stick-meta":"","header-main-stick-meta":"","header-below-stick-meta":"","astra-migrate-meta-layouts":"set","ast-page-background-enabled":"default","ast-page-background-meta":{"desktop":{"background-color":"","background-image":"","background-repeat":"repeat","background-position":"center center","background-size":"auto","background-attachment":"scroll","background-type":"","background-media":"","overlay-type":"","overlay-color":"","overlay-opacity":"","overlay-gradient":""},"tablet":{"background-color":"","background-image":"","background-repeat":"repeat","background-position":"center center","background-size":"auto","background-attachment":"scroll","background-type":"","background-media":"","overlay-type":"","overlay-color":"","overlay-opacity":"","overlay-gradient":""},"mobile":{"background-color":"","background-image":"","background-repeat":"repeat","background-position":"center center","background-size":"auto","background-attachment":"scroll","background-type":"","background-media":"","overlay-type":"","overlay-color":"","overlay-opacity":"","overlay-gradient":""}},"ast-content-background-meta":{"desktop":{"background-color":"var(--ast-global-color-5)","background-image":"","background-repeat":"repeat","background-position":"center center","background-size":"auto","background-attachment":"scroll","background-type":"","background-media":"","overlay-type":"","overlay-color":"","overlay-opacity":"","overlay-gradient":""},"tablet":{"background-color":"var(--ast-global-color-5)","background-image":"","background-repeat":"repeat","background-position":"center center","background-size":"auto","background-attachment":"scroll","background-type":"","background-media":"","overlay-type":"","overlay-color":"","overlay-opacity":"","overlay-gradient":""},"mobile":{"background-color":"var(--ast-global-color-5)","background-image":"","background-repeat":"repeat","background-position":"center center","background-size":"auto","background-attachment":"scroll","background-type":"","background-media":"","overlay-type":"","overlay-color":"","overlay-opacity":"","overlay-gradient":""}},"footnotes":""},"class_list":["post-8052","page","type-page","status-publish","has-post-thumbnail","hentry"],"_links":{"self":[{"href":"https:\/\/wellness4you.cz\/sk\/wp-json\/wp\/v2\/pages\/8052","targetHints":{"allow":["GET"]}}],"collection":[{"href":"https:\/\/wellness4you.cz\/sk\/wp-json\/wp\/v2\/pages"}],"about":[{"href":"https:\/\/wellness4you.cz\/sk\/wp-json\/wp\/v2\/types\/page"}],"author":[{"embeddable":true,"href":"https:\/\/wellness4you.cz\/sk\/wp-json\/wp\/v2\/users\/6"}],"replies":[{"embeddable":true,"href":"https:\/\/wellness4you.cz\/sk\/wp-json\/wp\/v2\/comments?post=8052"}],"version-history":[{"count":0,"href":"https:\/\/wellness4you.cz\/sk\/wp-json\/wp\/v2\/pages\/8052\/revisions"}],"wp:featuredmedia":[{"embeddable":true,"href":"https:\/\/wellness4you.cz\/sk\/wp-json\/wp\/v2\/media\/6418"}],"wp:attachment":[{"href":"https:\/\/wellness4you.cz\/sk\/wp-json\/wp\/v2\/media?parent=8052"}],"curies":[{"name":"wp","href":"https:\/\/api.w.org\/{rel}","templated":true}]}}