{"id":5366,"date":"2022-08-18T15:41:23","date_gmt":"2022-08-18T13:41:23","guid":{"rendered":"https:\/\/wellness4you.cz\/sk\/?page_id=5366"},"modified":"2023-11-06T19:36:46","modified_gmt":"2023-11-06T18:36:46","slug":"doprava","status":"publish","type":"page","link":"https:\/\/wellness4you.cz\/sk\/doprava\/","title":{"rendered":"Doprava"},"content":{"rendered":"<h3 dir=\"ltr\">Sp\u00f4soby doru\u010denia<\/h3>\n<h4 dir=\"ltr\">Bal\u00edk do ruky (doru\u010denie na adresu)<\/h4>\n<ul>\n<li dir=\"ltr\">\n<p dir=\"ltr\">Objednan\u00fd tovar je doru\u010den\u00fd kuri\u00e9rom a\u017e k dver\u00e1m kupuj\u00faceho<\/p>\n<\/li>\n<li dir=\"ltr\">\n<p dir=\"ltr\">\u0160tandardn\u00e9 dodanie 1-2 pracovn\u00fdch dn\u00ed<\/p>\n<\/li>\n<li dir=\"ltr\">\n<p dir=\"ltr\">V okamihu exped\u00edcie z\u00e1sielky s\u00fa v\u00e1m na SMS doru\u010den\u00e9 inform\u00e1cie vr\u00e1tane podacieho \u010d\u00edsla bal\u00edka<\/p>\n<\/li>\n<li dir=\"ltr\">\n<p dir=\"ltr\">V pr\u00edpade, \u017ee v\u00e1s doru\u010dovate\u013e nezastihne na uvedenej adrese, bude z\u00e1sielka ulo\u017een\u00e1 na pr\u00edslu\u0161nej po\u0161te, pri\u010dom do schr\u00e1nky v\u00e1m bude vlo\u017een\u00e1 inform\u00e1cia o ulo\u017een\u00ed z\u00e1sielky. Z\u00e1rove\u0148 v\u00e1m bude doru\u010den\u00e1 SMS s inform\u00e1ciou o nezastihnut\u00ed na uvedenej adrese<\/p>\n<\/li>\n<li dir=\"ltr\">\n<p dir=\"ltr\">Na po\u0161te bude bal\u00ed\u010dek uchovan\u00fd k prevzatiu maxim\u00e1lne 6 dn\u00ed<\/p>\n<\/li>\n<li dir=\"ltr\">\n<p dir=\"ltr\">Objedn\u00e1vku zaslan\u00fa Slovenskou po\u0161tou je mo\u017en\u00e9 uhradi\u0165 pri prevzat\u00ed z\u00e1sielky tzv. na dobierku<\/p>\n<\/li>\n<li dir=\"ltr\">\n<p dir=\"ltr\">Pros\u00edme, skontrolujte pri preberan\u00ed z\u00e1sielky stav obalu z\u00e1sielky, najm\u00e4 potom, \u010di nie je ak\u00fdmko\u013evek sp\u00f4sobom poru\u0161en\u00e1 na\u0161a p\u00e1ska a nie je opravovan\u00e1 p\u00e1skou s in\u00fdm potla\u010dom, p\u00e1skou bielou, alebo p\u00e1skou prieh\u013eadnou. Ak z\u00e1sielka vykazuje vady, rozbalte ju len v pr\u00edtomnosti dopravcu. V pr\u00edpade ak\u00fdchko\u013evek pochybnost\u00ed odmietnite z\u00e1sielku prevzia\u0165 a ihne\u010f n\u00e1s informujte, aby sme sa dohodli oh\u013eadom \u010fal\u0161ieho postupu. Ak z\u00e1sielku prevzmete a zist\u00edte po\u0161kodenie, \u010di stratu obsahu nesk\u00f4r, nem\u00f4\u017eeme u\u017e vst\u00fapi\u0165 do pr\u00edpadn\u00e9ho reklama\u010dn\u00e9ho konania medzi Vami a doru\u010dovacou spolo\u010dnos\u0165ou. Na neskor\u0161ie reklam\u00e1cie nem\u00f4\u017eeme bra\u0165 do \u00favahy. Ak z\u00e1sielka \u017eiadne vady nevykazuje, nie je dopravca povinn\u00fd vy\u010dka\u0165 otvorenie z\u00e1sielky.<\/p>\n<\/li>\n<li dir=\"ltr\">\n<p dir=\"ltr\">Doru\u010dujeme iba na \u00fazem\u00ed \u010ceskej republiky a Slovenska.<\/p>\n<\/li>\n<\/ul>\n","protected":false},"excerpt":{"rendered":"<p>Sp\u00f4soby doru\u010denia Bal\u00edk do ruky (doru\u010denie na adresu) Objednan\u00fd tovar je doru\u010den\u00fd kuri\u00e9rom a\u017e k dver\u00e1m kupuj\u00faceho \u0160tandardn\u00e9 dodanie 1-2 pracovn\u00fdch dn\u00ed V okamihu exped\u00edcie z\u00e1sielky s\u00fa v\u00e1m na SMS doru\u010den\u00e9 inform\u00e1cie vr\u00e1tane podacieho \u010d\u00edsla bal\u00edka V pr\u00edpade, \u017ee v\u00e1s doru\u010dovate\u013e nezastihne na uvedenej adrese, bude z\u00e1sielka ulo\u017een\u00e1 na pr\u00edslu\u0161nej po\u0161te, pri\u010dom do schr\u00e1nky v\u00e1m [&hellip;]<\/p>\n","protected":false},"author":6,"featured_media":6409,"parent":0,"menu_order":0,"comment_status":"closed","ping_status":"closed","template":"","meta":{"site-sidebar-layout":"default","site-content-layout":"default","ast-site-content-layout":"default","site-content-style":"default","site-sidebar-style":"default","ast-global-header-display":"","ast-banner-title-visibility":"","ast-main-header-display":"","ast-hfb-above-header-display":"","ast-hfb-below-header-display":"","ast-hfb-mobile-header-display":"","site-post-title":"","ast-breadcrumbs-content":"","ast-featured-img":"disabled","footer-sml-layout":"","ast-disable-related-posts":"","theme-transparent-header-meta":"default","adv-header-id-meta":"","stick-header-meta":"","header-above-stick-meta":"","header-main-stick-meta":"","header-below-stick-meta":"","astra-migrate-meta-layouts":"set","ast-page-background-enabled":"default","ast-page-background-meta":{"desktop":{"background-color":"","background-image":"","background-repeat":"repeat","background-position":"center center","background-size":"auto","background-attachment":"scroll","background-type":"","background-media":"","overlay-type":"","overlay-color":"","overlay-opacity":"","overlay-gradient":""},"tablet":{"background-color":"","background-image":"","background-repeat":"repeat","background-position":"center center","background-size":"auto","background-attachment":"scroll","background-type":"","background-media":"","overlay-type":"","overlay-color":"","overlay-opacity":"","overlay-gradient":""},"mobile":{"background-color":"","background-image":"","background-repeat":"repeat","background-position":"center center","background-size":"auto","background-attachment":"scroll","background-type":"","background-media":"","overlay-type":"","overlay-color":"","overlay-opacity":"","overlay-gradient":""}},"ast-content-background-meta":{"desktop":{"background-color":"var(--ast-global-color-5)","background-image":"","background-repeat":"repeat","background-position":"center center","background-size":"auto","background-attachment":"scroll","background-type":"","background-media":"","overlay-type":"","overlay-color":"","overlay-opacity":"","overlay-gradient":""},"tablet":{"background-color":"var(--ast-global-color-5)","background-image":"","background-repeat":"repeat","background-position":"center center","background-size":"auto","background-attachment":"scroll","background-type":"","background-media":"","overlay-type":"","overlay-color":"","overlay-opacity":"","overlay-gradient":""},"mobile":{"background-color":"var(--ast-global-color-5)","background-image":"","background-repeat":"repeat","background-position":"center center","background-size":"auto","background-attachment":"scroll","background-type":"","background-media":"","overlay-type":"","overlay-color":"","overlay-opacity":"","overlay-gradient":""}},"footnotes":""},"class_list":["post-5366","page","type-page","status-publish","has-post-thumbnail","hentry"],"_links":{"self":[{"href":"https:\/\/wellness4you.cz\/sk\/wp-json\/wp\/v2\/pages\/5366","targetHints":{"allow":["GET"]}}],"collection":[{"href":"https:\/\/wellness4you.cz\/sk\/wp-json\/wp\/v2\/pages"}],"about":[{"href":"https:\/\/wellness4you.cz\/sk\/wp-json\/wp\/v2\/types\/page"}],"author":[{"embeddable":true,"href":"https:\/\/wellness4you.cz\/sk\/wp-json\/wp\/v2\/users\/6"}],"replies":[{"embeddable":true,"href":"https:\/\/wellness4you.cz\/sk\/wp-json\/wp\/v2\/comments?post=5366"}],"version-history":[{"count":0,"href":"https:\/\/wellness4you.cz\/sk\/wp-json\/wp\/v2\/pages\/5366\/revisions"}],"wp:featuredmedia":[{"embeddable":true,"href":"https:\/\/wellness4you.cz\/sk\/wp-json\/wp\/v2\/media\/6409"}],"wp:attachment":[{"href":"https:\/\/wellness4you.cz\/sk\/wp-json\/wp\/v2\/media?parent=5366"}],"curies":[{"name":"wp","href":"https:\/\/api.w.org\/{rel}","templated":true}]}}