{"id":5357,"date":"2023-01-19T14:01:20","date_gmt":"2023-01-19T13:01:20","guid":{"rendered":"https:\/\/wellness4you.cz\/sk\/?page_id=5357"},"modified":"2023-11-06T19:20:43","modified_gmt":"2023-11-06T18:20:43","slug":"cookies","status":"publish","type":"page","link":"https:\/\/wellness4you.cz\/sk\/cookies\/","title":{"rendered":"Cookies"},"content":{"rendered":"<h2>| Z\u00e1sady pou\u017e\u00edvania s\u00faborov cookie<\/h2>\n<p>Prev\u00e1dzkovate\u013e e-shopu <a href=\"https:\/\/wellness4you.cz\/sk\/\">wellness4you.cz<\/a> (\u010falej len &#8220;prev\u00e1dzkovate\u013e&#8221;) jasne a otvorene informuje o tom, ako sprac\u00fava va\u0161e osobn\u00e9 \u00fadaje v s\u00falade s NARIADEN\u00cdM EUR\u00d3PSKEHO PARLAMENTU A RADY (E\u00da) 2016\/679 o ochrane fyzick\u00fdch os\u00f4b pri sprac\u00favan\u00ed osobn\u00fdch \u00fadajov a o vo\u013enom pohybe tak\u00fdchto \u00fadajov, ktor\u00fdm sa zru\u0161uje smernica 95\/46\/ES, v\u0161eobecn\u00e9 nariadenie o ochrane \u00fadajov (\u010falej len &#8220;GDPR&#8221;). Pre\u010d\u00edtajte si tie\u017e na\u0161e <a class=\"menu-link\" href=\"https:\/\/wellness4you.cz\/sk\/politika-ochrany-osobnych-udajov\/\">Politika ochrany osobn\u00fdch \u00fadajov<\/a>\u00a0a <a class=\"menu-link\" href=\"https:\/\/wellness4you.cz\/sk\/podmienky-a-ustanovenia\/\">Podmienky a ustanovenia<\/a>.<\/p>\n<p>V z\u00e1ujme transparentnosti tieto z\u00e1sady poskytuj\u00fa podrobn\u00e9 inform\u00e1cie o tom, ako a kedy pou\u017e\u00edvame s\u00fabory cookie. Na na\u0161ej webovej str\u00e1nke wellness4you.com pou\u017e\u00edvame s\u00fabory cookie, ktor\u00e9 s\u00fa potrebn\u00e9 na spr\u00e1vne fungovanie webovej str\u00e1nky, na optimaliz\u00e1ciu v\u00fdkonu a analytick\u00e9 \u00fa\u010dely, a ak s t\u00fdm s\u00fahlas\u00edte, na marketingov\u00e9 \u00fa\u010dely a personaliz\u00e1ciu rekl\u00e1m.<\/p>\n<h2>| \u010co s\u00fa to s\u00fabory cookie?<\/h2>\n<p>S\u00fabory cookie s\u00fa mal\u00e9 textov\u00e9 s\u00fabory, ktor\u00e9 sa automaticky vytv\u00e1raj\u00fa pri n\u00e1v\u0161teve akejko\u013evek webovej lokality. Ukladaj\u00fa sa v prehliada\u010di, ktor\u00fd pou\u017e\u00edvate na svojom po\u010d\u00edta\u010di alebo mobilnom zariaden\u00ed, a sl\u00fa\u017eia na zaznamen\u00e1vanie inform\u00e1ci\u00ed o va\u0161ej n\u00e1v\u0161teve webovej lokality. Na z\u00e1klade t\u00fdchto inform\u00e1ci\u00ed v\u0161ak nie je mo\u017en\u00e9 identifikova\u0165 konkr\u00e9tneho n\u00e1v\u0161tevn\u00edka; s\u00fabory cookie zaznamen\u00e1vaj\u00fa n\u00e1v\u0161tevn\u00edkov na z\u00e1klade automaticky generovan\u00fdch ID. V\u010faka s\u00faborom cookie si nav\u0161t\u00edven\u00e9 webov\u00e9 str\u00e1nky pam\u00e4taj\u00fa nastavenia webovej str\u00e1nky, ktor\u00e9 ste vykonali pri predch\u00e1dzaj\u00facej n\u00e1v\u0161teve (napr\u00edklad na pou\u017eitie filtrovania, triedenie produktov alebo zapam\u00e4tanie obsahu ko\u0161\u00edka), tak\u017ee tieto inform\u00e1cie nemus\u00edte zaka\u017ed\u00fdm zad\u00e1va\u0165 znova. S\u00fabory cookie preto zlep\u0161uj\u00fa a zjednodu\u0161uj\u00fa va\u0161u n\u00e1v\u0161tevu na\u0161ej webovej str\u00e1nky.<\/p>\n<h2>| Ak\u00e9 s\u00fabory cookie pou\u017e\u00edvame?<\/h2>\n<p>S\u00fabory cookie, ktor\u00e9 pou\u017e\u00edvame na na\u0161ich webov\u00fdch str\u00e1nkach, mo\u017eno rozdeli\u0165 na 2 z\u00e1kladn\u00e9 typy:<\/p>\n<ul>\n<li><strong>Kr\u00e1tkodob\u00e9<\/strong> s\u00fabory cookie (s\u00fabory cookie rel\u00e1cie), ktor\u00e9 sa ukladaj\u00fa do\u010dasne a vyma\u017e\u00fa sa hne\u010f po zatvoren\u00ed prehliada\u010da. Pou\u017e\u00edvame ich napr\u00edklad pri pou\u017e\u00edvan\u00ed funkcie filtrovania produktov a tie\u017e na kontrolu, \u010di ste prihl\u00e1sen\u00ed alebo \u010di ste pridali polo\u017eky do n\u00e1kupn\u00e9ho ko\u0161\u00edka.<\/li>\n<li><strong>Dlhodob\u00e9<\/strong> s\u00fabory cookie (tzv. trval\u00e9 s\u00fabory cookie), ktor\u00e9 zost\u00e1vaj\u00fa vo va\u0161om prehliada\u010di alebo zariaden\u00ed ur\u010dit\u00fd \u010das, maxim\u00e1lne 12 mesiacov. Ak sa prihl\u00e1site do svojho registrovan\u00e9ho \u00fa\u010dtu, pou\u017eijeme tieto s\u00fabory cookie napr\u00edklad na ulo\u017eenie vami vybran\u00fdch polo\u017eiek do n\u00e1kupn\u00e9ho ko\u0161\u00edka alebo na zapam\u00e4tanie va\u0161ich ob\u013e\u00faben\u00fdch produktov.<\/li>\n<\/ul>\n<p>S\u00fabory cookie m\u00f4\u017eeme rozli\u0161ova\u0165 aj pod\u013ea ich funk\u010dnosti na:<\/p>\n<ul>\n<li><strong>Technick\u00e9<\/strong> s\u00fabory cookie, ktor\u00e9 s\u00fa nevyhnutn\u00e9 pre z\u00e1kladn\u00fa funk\u010dnos\u0165 webovej str\u00e1nky a zabezpe\u010duj\u00fa jej spr\u00e1vne fungovanie. Bez t\u00fdchto s\u00faborov cookie by ste napr\u00edklad nemohli prid\u00e1va\u0165 polo\u017eky do ko\u0161\u00edka, zad\u00e1va\u0165 objedn\u00e1vky alebo sa prihl\u00e1si\u0165 do svojho z\u00e1kazn\u00edckeho \u00fa\u010dtu.<\/li>\n<li><strong>\u0160tatistick\u00e9<\/strong> s\u00fabory cookie n\u00e1m pom\u00e1haj\u00fa pochopi\u0165, ako sa pou\u017e\u00edvatelia spr\u00e1vaj\u00fa na na\u0161ich str\u00e1nkach, a to prostredn\u00edctvom anonymn\u00e9ho zhroma\u017e\u010fovania a vykazovania \u00fadajov.<\/li>\n<li><strong>Marketingov\u00e9<\/strong> s\u00fabory cookie sa pou\u017e\u00edvaj\u00fa na sledovanie spr\u00e1vania z\u00e1kazn\u00edkov na str\u00e1nke a na prisp\u00f4sobenie obsahu rekl\u00e1m. Ich z\u00e1merom je zobrazova\u0165 relevantn\u00fa reklamu, ktor\u00e1 je pre konkr\u00e9tneho n\u00e1v\u0161tevn\u00edka zauj\u00edmav\u00e1.<\/li>\n<\/ul>\n<p>Niektor\u00e9 s\u00fabory cookie, vr\u00e1tane ich obsahu, m\u00f4\u017eu zhroma\u017e\u010fova\u0165 inform\u00e1cie, ktor\u00e9 m\u00f4\u017eu by\u0165 n\u00e1sledne pou\u017eit\u00e9 tret\u00edmi stranami a ktor\u00e9 napr\u00edklad priamo podporuj\u00fa na\u0161e reklamn\u00e9 aktivity (&#8220;s\u00fabory cookie tret\u00edch str\u00e1n&#8221;). Napr\u00edklad inform\u00e1cie o produktoch zak\u00fapen\u00fdch na na\u0161ich webov\u00fdch str\u00e1nkach m\u00f4\u017ee zobrazova\u0165 reklamn\u00e1 agent\u00fara v r\u00e1mci zobrazovania a prisp\u00f4sobovania reklamn\u00fdch bannerov na webov\u00fdch str\u00e1nkach, ktor\u00e9 si prezer\u00e1te. Tieto s\u00fabory cookie s\u00fa v\u0161ak pre tretie strany v anonymizovanej podobe a na z\u00e1klade t\u00fdchto \u00fadajov v\u00e1s nemo\u017eno identifikova\u0165.<\/p>\n<h2>| Ak\u00e9 osobn\u00e9 \u00fadaje sprac\u00favame?<\/h2>\n<p>S\u00fabory cookie zhroma\u017e\u010fuj\u00fa inform\u00e1cie o pou\u017e\u00edvan\u00ed na\u0161ej webovej str\u00e1nky. Tieto inform\u00e1cie zah\u0155\u0148aj\u00fa typ internetov\u00e9ho prehliada\u010da a opera\u010dn\u00e9ho syst\u00e9mu, ktor\u00fd pou\u017e\u00edvate, n\u00e1zov dom\u00e9ny str\u00e1nky, z ktorej sa prip\u00e1jate (IP adresa), d\u00e1tum, \u010das a trvanie va\u0161ej n\u00e1v\u0161tevy, po\u010det n\u00e1v\u0161tev, priemern\u00fd \u010das str\u00e1ven\u00fd na na\u0161ej webovej lokalite a zobrazen\u00e9 str\u00e1nky. S\u00fabor cookie obsahuje aj jedine\u010dn\u00e9 identifika\u010dn\u00e9 \u010d\u00edslo, ktor\u00e9 identifikuje v\u00e1\u0161 prehliada\u010d. To n\u00e1m pom\u00e1ha rozpozna\u0165 v\u00e1\u0161 prehliada\u010d pri op\u00e4tovnej n\u00e1v\u0161teve na\u0161ej webovej str\u00e1nky. Sledujeme aj to, ako vyh\u013ead\u00e1vate na na\u0161ej webovej lokalite a ak\u00e9 polo\u017eky si prezer\u00e1te.<\/p>\n<h2>| Ako sa s\u00fabory cookie pou\u017e\u00edvaj\u00fa na cielenie reklamy?<\/h2>\n<p>Na identifik\u00e1ciu produktov, ktor\u00e9 by v\u00e1s mohli zauj\u00edma\u0165, m\u00f4\u017eeme zhroma\u017e\u010fova\u0165 inform\u00e1cie o str\u00e1nkach, ktor\u00e9 ste nav\u0161t\u00edvili, alebo o produktoch, ktor\u00e9 ste si zak\u00fapili, aby sme v\u00e1m mohli produkty priamo pon\u00faka\u0165. Spolupracujeme so str\u00e1nkami elektronick\u00e9ho obchodu a pon\u00fakame z\u00e1kazn\u00edkom cielen\u00fa reklamu. Na na\u0161ich webov\u00fdch str\u00e1nkach a webov\u00fdch str\u00e1nkach tret\u00edch str\u00e1n sp\u00fa\u0161\u0165ame reklamu prostredn\u00edctvom vlastn\u00fdch bannerov.<\/p>\n<p>Ke\u010f nav\u0161t\u00edvite na\u0161u webov\u00fa str\u00e1nku, webov\u00fa str\u00e1nku tretej strany (napr\u00edklad webov\u00fa str\u00e1nku n\u00e1\u0161ho obchodn\u00e9ho partnera) alebo kliknete na reklamu v na\u0161om e-shope, va\u0161e webov\u00e9 aktivity sa m\u00f4\u017eu sledova\u0165 prostredn\u00edctvom s\u00faborov cookie. S\u00fabory cookie tret\u00edch str\u00e1n vytv\u00e1raj\u00fa na\u0161i obchodn\u00ed partneri, ktor\u00ed propaguj\u00fa na\u0161e slu\u017eby na in\u00fdch webov\u00fdch str\u00e1nkach. Na\u0161i marketingov\u00ed partneri m\u00f4\u017eu poskytova\u0165 svoje vlastn\u00e9 s\u00fabory cookie na zobrazovanie personalizovan\u00fdch rekl\u00e1m s\u00favisiacich s na\u0161\u00edm e-shopom.<\/p>\n<p>Nikdy nezdie\u013eame, nepred\u00e1vame ani nevymie\u0148ame va\u0161e inform\u00e1cie s tret\u00edmi stranami na obchodn\u00e9 \u00fa\u010dely.<\/p>\n<h2>| S\u00fahlas s ukladan\u00edm s\u00faborov cookie v pr\u00edpade personalizovan\u00fdch rekl\u00e1m<\/h2>\n<p>Akt\u00edvnym za\u0161krtnut\u00edm mo\u017enosti &#8220;S\u00fahlas\u00edm&#8221; po upozornen\u00ed v spodnej \u010dasti str\u00e1nky, ktor\u00e9 znie: &#8220;Aby sme v\u00e1m \u010do najviac u\u013eah\u010dili nakupovanie, na\u0161a webov\u00e1 str\u00e1nka pou\u017e\u00edva s\u00fabory cookie. Niektor\u00e9 s\u00fa nevyhnutn\u00e9 na prev\u00e1dzku webovej str\u00e1nky, in\u00e9 sa pou\u017e\u00edvaj\u00fa na anal\u00fdzu n\u00e1v\u0161tevnosti webovej str\u00e1nky, optimaliz\u00e1ciu jej v\u00fdkonu a zlep\u0161enie jej funkci\u00ed alebo na marketingov\u00e9 \u00fa\u010dely a zobrazovanie relevantnej reklamy. Ni\u017e\u0161ie v nastaveniach si m\u00f4\u017eete vybra\u0165 preferovan\u00fa mo\u017enos\u0165, na ktor\u00e9 \u00fa\u010dely s\u00fahlas\u00edte s pou\u017e\u00edvan\u00edm s\u00faborov cookie. \u010eal\u0161ie inform\u00e1cie o s\u00faboroch cookie: S\u00fahlas\u00edte s t\u00fdm, aby spr\u00e1vca sprac\u00faval va\u0161e osobn\u00e9 \u00fadaje na \u00fa\u010dely zhroma\u017e\u010fovania \u00fadajov o spr\u00e1van\u00ed n\u00e1v\u0161tevn\u00edkov na na\u0161ej webovej str\u00e1nke po\u010das obdobia uveden\u00e9ho ni\u017e\u0161ie pre ka\u017ed\u00fd s\u00fabor cookie. Tento s\u00fahlas m\u00f4\u017eete kedyko\u013evek odvola\u0165 zmenou nastaven\u00ed pr\u00edslu\u0161n\u00e9ho internetov\u00e9ho prehliada\u010da. M\u00e1te pr\u00e1vo kedyko\u013evek odvola\u0165 svoj s\u00fahlas so spracovan\u00edm va\u0161ich osobn\u00fdch \u00fadajov (\u010dl. 7 ods. 3 GDPR), pr\u00e1vo po\u017eadova\u0165 pr\u00edstup k va\u0161im osobn\u00fdm \u00fadajom (\u010dl. 15 GDPR), pr\u00e1vo na opravu (\u010dl. 16 GDPR) alebo vymazanie (\u010dl. 17 GDPR), pr\u00e1vo na obmedzenie spracovania (\u010dl. 18 GDPR) a pr\u00e1vo namieta\u0165 proti spracovaniu (\u010dl. 21 GDPR), pr\u00e1vo na prenosnos\u0165 t\u00fdchto \u00fadajov k in\u00e9mu prev\u00e1dzkovate\u013eovi (\u010dl. 20 GDPR), ako aj pr\u00e1vo poda\u0165 s\u0165a\u017enos\u0165 na \u00darad na ochranu osobn\u00fdch \u00fadajov, ak sa domnievate, \u017ee na\u0161a spolo\u010dnos\u0165 sprac\u00fava osobn\u00e9 \u00fadaje v rozpore s GDPR (\u010dl. 77 GDPR). V pr\u00edpade uplatnenia vy\u0161\u0161ie uveden\u00fdch pr\u00e1v sa m\u00f4\u017eete obr\u00e1ti\u0165 na poveren\u00fa kontaktn\u00fa osobu &#8211; Martin Proch\u00e1zka, e-mail: info@wellness4you.cz.<\/p>\n<h2>| Ako m\u00f4\u017eete obmedzi\u0165 s\u00fabory cookie?<\/h2>\n<p>Pou\u017e\u00edvanie s\u00faborov cookie m\u00f4\u017eete jednoducho zak\u00e1za\u0165 v\u00fdberom nastaven\u00ed vo svojom internetovom prehliada\u010di. Pokyny na spracovanie a vymazanie s\u00faborov cookie n\u00e1jdete v &#8220;Pomocn\u00edkovi&#8221; prehliada\u010da, ktor\u00fd pou\u017e\u00edvate. Svoj prehliada\u010d m\u00f4\u017eete nastavi\u0165 tak, aby blokoval s\u00fabory cookie, alebo aby v\u00e1s upozornil zaka\u017ed\u00fdm, ke\u010f sa do v\u00e1\u0161ho po\u010d\u00edta\u010da alebo mobiln\u00e9ho zariadenia odo\u0161le nov\u00fd s\u00fabor cookie. M\u00f4\u017eete tie\u017e nastavi\u0165 anonymn\u00fd re\u017eim, ktor\u00fd neumo\u017e\u0148uje zhroma\u017e\u010fovanie \u00fadajov o spr\u00e1van\u00ed n\u00e1v\u0161tevn\u00edkov str\u00e1nky. Upozor\u0148ujeme, \u017ee ak sa rozhodnete zablokova\u0165 s\u00fabory cookie, nebudete m\u00f4c\u0165 vyu\u017e\u00edva\u0165 v\u0161etky funkcie.<\/p>\n<p>Ak nevyma\u017eete s\u00fabory cookie zo svojho prehliada\u010da, m\u00f4\u017eeme tieto \u00fadaje pou\u017ei\u0165 na nasleduj\u00face \u00fa\u010dely:<\/p>\n<ul>\n<li>poskytova\u0165 relevantnej\u0161ie reklamy na z\u00e1klade v\u00e1\u0161ho z\u00e1ujmu<\/li>\n<li>poskytovanie s\u00fahrnn\u00fdch spr\u00e1v o reklamnej aktivite inzerentom a webov\u00fdm str\u00e1nkam poskytuj\u00facim hosting reklamy<\/li>\n<li>poskytovanie \u00fadajov o tom, ako n\u00e1v\u0161tevn\u00edci pou\u017e\u00edvaj\u00fa tieto webov\u00e9 str\u00e1nky alebo aplik\u00e1cie, vlastn\u00edkom webov\u00fdch str\u00e1nok a aplik\u00e1ci\u00ed<\/li>\n<li>odha\u013eovanie podvodov a in\u00fdch riz\u00edk a obrana proti nim, ochrana pou\u017e\u00edvate\u013eov a partnerov<\/li>\n<li>zlep\u0161ovanie na\u0161ich produktov<\/li>\n<\/ul>\n","protected":false},"excerpt":{"rendered":"<p>| Z\u00e1sady pou\u017e\u00edvania s\u00faborov cookie Prev\u00e1dzkovate\u013e e-shopu wellness4you.cz (\u010falej len &#8220;prev\u00e1dzkovate\u013e&#8221;) jasne a otvorene informuje o tom, ako sprac\u00fava va\u0161e osobn\u00e9 \u00fadaje v s\u00falade s NARIADEN\u00cdM EUR\u00d3PSKEHO PARLAMENTU A RADY (E\u00da) 2016\/679 o ochrane fyzick\u00fdch os\u00f4b pri sprac\u00favan\u00ed osobn\u00fdch \u00fadajov a o vo\u013enom pohybe tak\u00fdchto \u00fadajov, ktor\u00fdm sa zru\u0161uje smernica 95\/46\/ES, v\u0161eobecn\u00e9 nariadenie o ochrane [&hellip;]<\/p>\n","protected":false},"author":6,"featured_media":6407,"parent":0,"menu_order":0,"comment_status":"closed","ping_status":"closed","template":"","meta":{"site-sidebar-layout":"default","site-content-layout":"default","ast-site-content-layout":"default","site-content-style":"default","site-sidebar-style":"default","ast-global-header-display":"","ast-banner-title-visibility":"","ast-main-header-display":"","ast-hfb-above-header-display":"","ast-hfb-below-header-display":"","ast-hfb-mobile-header-display":"","site-post-title":"","ast-breadcrumbs-content":"","ast-featured-img":"disabled","footer-sml-layout":"","ast-disable-related-posts":"","theme-transparent-header-meta":"default","adv-header-id-meta":"","stick-header-meta":"","header-above-stick-meta":"","header-main-stick-meta":"","header-below-stick-meta":"","astra-migrate-meta-layouts":"set","ast-page-background-enabled":"default","ast-page-background-meta":{"desktop":{"background-color":"","background-image":"","background-repeat":"repeat","background-position":"center center","background-size":"auto","background-attachment":"scroll","background-type":"","background-media":"","overlay-type":"","overlay-color":"","overlay-opacity":"","overlay-gradient":""},"tablet":{"background-color":"","background-image":"","background-repeat":"repeat","background-position":"center center","background-size":"auto","background-attachment":"scroll","background-type":"","background-media":"","overlay-type":"","overlay-color":"","overlay-opacity":"","overlay-gradient":""},"mobile":{"background-color":"","background-image":"","background-repeat":"repeat","background-position":"center center","background-size":"auto","background-attachment":"scroll","background-type":"","background-media":"","overlay-type":"","overlay-color":"","overlay-opacity":"","overlay-gradient":""}},"ast-content-background-meta":{"desktop":{"background-color":"var(--ast-global-color-5)","background-image":"","background-repeat":"repeat","background-position":"center center","background-size":"auto","background-attachment":"scroll","background-type":"","background-media":"","overlay-type":"","overlay-color":"","overlay-opacity":"","overlay-gradient":""},"tablet":{"background-color":"var(--ast-global-color-5)","background-image":"","background-repeat":"repeat","background-position":"center center","background-size":"auto","background-attachment":"scroll","background-type":"","background-media":"","overlay-type":"","overlay-color":"","overlay-opacity":"","overlay-gradient":""},"mobile":{"background-color":"var(--ast-global-color-5)","background-image":"","background-repeat":"repeat","background-position":"center center","background-size":"auto","background-attachment":"scroll","background-type":"","background-media":"","overlay-type":"","overlay-color":"","overlay-opacity":"","overlay-gradient":""}},"footnotes":""},"class_list":["post-5357","page","type-page","status-publish","has-post-thumbnail","hentry"],"_links":{"self":[{"href":"https:\/\/wellness4you.cz\/sk\/wp-json\/wp\/v2\/pages\/5357","targetHints":{"allow":["GET"]}}],"collection":[{"href":"https:\/\/wellness4you.cz\/sk\/wp-json\/wp\/v2\/pages"}],"about":[{"href":"https:\/\/wellness4you.cz\/sk\/wp-json\/wp\/v2\/types\/page"}],"author":[{"embeddable":true,"href":"https:\/\/wellness4you.cz\/sk\/wp-json\/wp\/v2\/users\/6"}],"replies":[{"embeddable":true,"href":"https:\/\/wellness4you.cz\/sk\/wp-json\/wp\/v2\/comments?post=5357"}],"version-history":[{"count":0,"href":"https:\/\/wellness4you.cz\/sk\/wp-json\/wp\/v2\/pages\/5357\/revisions"}],"wp:featuredmedia":[{"embeddable":true,"href":"https:\/\/wellness4you.cz\/sk\/wp-json\/wp\/v2\/media\/6407"}],"wp:attachment":[{"href":"https:\/\/wellness4you.cz\/sk\/wp-json\/wp\/v2\/media?parent=5357"}],"curies":[{"name":"wp","href":"https:\/\/api.w.org\/{rel}","templated":true}]}}