{"id":3,"date":"2022-08-17T20:53:48","date_gmt":"2022-08-17T18:53:48","guid":{"rendered":"https:\/\/wellness4you.cz\/sk\/?page_id=3"},"modified":"2023-11-06T20:12:30","modified_gmt":"2023-11-06T19:12:30","slug":"politika-ochrany-osobnych-udajov","status":"publish","type":"page","link":"https:\/\/wellness4you.cz\/sk\/politika-ochrany-osobnych-udajov\/","title":{"rendered":"Politika ochrany osobn\u00fdch \u00fadajov"},"content":{"rendered":"<p>Bezpe\u010dnos\u0165 Va\u0161ich osobn\u00fdch \u00fadajov je pre n\u00e1s prioritou. Osobn\u00fdm \u00fadajom a ich ochrane preto venujeme n\u00e1le\u017eit\u00fa pozornos\u0165. V t\u00fdchto Z\u00e1sad\u00e1ch spracovania osobn\u00fdch \u00fadajov (\u010falej len \u201eZ\u00e1sady\u201c) n\u00e1jdete inform\u00e1cie o tom, ak\u00e9 osobn\u00e9 \u00fadaje o v\u00e1s zhroma\u017e\u010fujeme, z ak\u00e9ho pr\u00e1vneho titulu ich sprac\u00favame, k ak\u00fdm \u00fa\u010delom ich pou\u017e\u00edvame, ako dlho ich uchov\u00e1vame, komu ich m\u00f4\u017eeme pred\u00e1va\u0165. V Z\u00e1sad\u00e1ch v\u00e1s tie\u017e informujeme o tom, ak\u00e9 pr\u00e1va m\u00e1te v s\u00favislosti so spracovan\u00edm Va\u0161ich osobn\u00fdch \u00fadajov.<\/p>\n<h2>1. Ak\u00e9 osobn\u00e9 \u00fadaje sprac\u00favame?<\/h2>\n<p>Vyu\u017e\u00edvate-li slu\u017eby n\u00e1\u0161ho e-shopu alebo prev\u00e1dzok (tj. predajn\u00ed a v\u00fddajn\u00fdch miest), sprac\u00favame o v\u00e1s r\u00f4zne druhy \u00fadajov.<\/p>\n<h3>1.1. Ak nak\u00fapite<\/h3>\n<p>Naj\u010dastej\u0161ie \u00fadaje, ktor\u00e9 n\u00e1m poskytujete, s\u00fa \u00fadaje z\u00edskan\u00e9 prostredn\u00edctvom formul\u00e1ra pre objednanie tovaru \u010di in\u00fdch slu\u017eieb na na\u0161ich webov\u00fdch str\u00e1nkach. Jedn\u00e1 sa preva\u017ene o \u00fadaje, ktor\u00e9 s\u00fa potrebn\u00e9 pre uzavretie a plnenie k\u00fapnej zmluvy.<br \/>\nTieto \u00fadaje s\u00fa potrebn\u00e9 pre vybavenie va\u0161ej objedn\u00e1vky a mo\u017eno ich rozdeli\u0165 na:<br \/>\nIdentifika\u010dn\u00e9 \u00fadaje, ktor\u00fdmi s\u00fa meno a priezvisko, a v pr\u00edpade n\u00e1kupu na firmu I\u010cO a DI\u010c;<br \/>\nKontaktn\u00e9 \u00fadaje, ktor\u00fdmi s\u00fa e-mailov\u00e1 adresa, po\u0161tov\u00e1 adresa, faktura\u010dn\u00e1 adresa, telef\u00f3nne \u010d\u00edslo, bankov\u00e9 spojenie, platobn\u00e9 \u00fadaje.<br \/>\n\u00dadaje vzniknut\u00e9 na z\u00e1klade trvania zmluvy, konkr\u00e9tne zak\u00fapen\u00e9 produkty, objem poskytnut\u00fdch slu\u017eieb a z\u00e1kazn\u00edcky segment.<br \/>\nV pr\u00edpade n\u00e1kupu produktov, ktor\u00e9 sa vz\u0165ahuj\u00fa k zdraviu, nedoch\u00e1dza k spracovaniu \u00fadajov o zdravotnom stave (ako\u017eto \u0161peci\u00e1lnej kateg\u00f3rie osobn\u00fdch \u00fadajov). Samotn\u00fd n\u00e1kup tak\u00e9hoto produktu nevypoved\u00e1 o zdravotnom stave a nami nie je zis\u0165ovan\u00e9, pre koho je produkt ur\u010den\u00fd.<\/p>\n<h3>1.2. Ak sa zaregistrujete<\/h3>\n<p>Prajete-li si vyu\u017e\u00edva\u0165 v\u00fdhody z\u00e1kazn\u00edckeho konta, je nutn\u00e9 sa najprv zaregistrova\u0165 na na\u0161ej webovej str\u00e1nke. Z\u00e1kazn\u00edcke konto je zabezpe\u010den\u00e9 vami zvolen\u00fdm heslom, k nemu nem\u00e1m pr\u00edstup a v pr\u00edpade jeho straty v\u00e1m ho nedok\u00e1\u017eeme na vy\u017eiadanie zasla\u0165 \u010di vygenerova\u0165 heslo nov\u00e9.<br \/>\nV r\u00e1mci konta m\u00e1te neobmedzen\u00fd pr\u00edstup k va\u0161im osobn\u00fdm \u00fadajom, ako aj k ich pr\u00edpadnej \u00faprave. V konte m\u00f4\u017eete nahliada\u0165 do hist\u00f3rie va\u0161ich realizovan\u00fdch objedn\u00e1vok, zak\u00fapen\u00fdch produktov, aj do nedokon\u010den\u00fdch objedn\u00e1vok. Prostredn\u00edctvom z\u00e1kazn\u00edckeho konta m\u00e1te tie\u017e mo\u017enos\u0165 ulo\u017ei\u0165 si \u00fadaje z platobnej karty, spravova\u0165 zasielanie newsletteru a tzv. zoznam wishlist, do ktor\u00e9ho si m\u00f4\u017eete uklada\u0165 va\u0161e ob\u013e\u00faben\u00e9 produkty.<\/p>\n<h3>1.3. Ak ste odberate\u013eom obchodn\u00fdch ozn\u00e1men\u00ed<\/h3>\n<p>M\u00f4\u017eete od n\u00e1s odobera\u0165 obchodn\u00e9 ozn\u00e1menia oh\u013eadom obdobn\u00fdch produktov, ako ste si u n\u00e1s zak\u00fapili. Odber t\u00fdchto ozn\u00e1men\u00ed m\u00f4\u017eete v\u017edy odmietnu\u0165 prostredn\u00edctvom odkazu pre odhl\u00e1senie, ktor\u00fd n\u00e1jdete v p\u00e4ti\u010dke ka\u017ed\u00e9ho emailu obsahuj\u00faceho tieto ozn\u00e1menia. M\u00e1te-li z\u00e1kazn\u00edcke konto, je odhl\u00e1senie z odberu mo\u017en\u00e9 taktie\u017e prostredn\u00edctvom v\u00e1\u0161ho \u00fa\u010dtu. Odhl\u00e1senie z odberu obchodn\u00fdch ozn\u00e1men\u00ed je zdarma.<br \/>\nV pr\u00edpade, \u017ee ste registrovan\u00fdm z\u00e1kazn\u00edkom, m\u00f4\u017eete obchodn\u00e9 ozn\u00e1menia odobera\u0165 aj prostredn\u00edctvom SMS spr\u00e1v \u010di push notifik\u00e1ci\u00ed. Push notifik\u00e1cie obsahuj\u00face obchodn\u00e9 ozn\u00e1menia m\u00f4\u017eete obdr\u017ea\u0165 aj na Facebooku, respekt\u00edve cez Messenger. Toto spracovanie sa riadi Z\u00e1sadami spracovania osobn\u00fdch \u00fadajov danej soci\u00e1lnej siete. Odber ozn\u00e1men\u00ed prostredn\u00edctvom t\u00fdchto kan\u00e1lov m\u00f4\u017eete tie\u017e v\u017edy odmietnu\u0165.<br \/>\nAk ste odberate\u013eom t\u00fdchto ozn\u00e1men\u00ed, sprac\u00favame nasleduj\u00face \u00fadaje:<br \/>\nIdentifika\u010dn\u00e9 \u00fadaje, konkr\u00e9tne krstn\u00e9 meno;<br \/>\nKontaktn\u00e9 \u00fadaje, s ktor\u00fdmi V\u00e1s m\u00f4\u017eeme kontaktova\u0165, najm\u00e4 e-mailov\u00e1 adresa, telef\u00f3nne \u010d\u00edslo;<\/p>\n<p>Demografick\u00e9 \u00fadaje odvoden\u00e9 z v\u00e1\u0161ho nastavenia a spr\u00e1vania na webe, ktor\u00fdmi sa rozumie \u00fadaj o pohlav\u00ed a preferovan\u00fd jazyk.<\/p>\n<h3>1.4. Ak nav\u0161t\u00edvite na\u0161e webov\u00e9 str\u00e1nky \u010di na nich vytv\u00e1rate obsah<\/h3>\n<p>Nav\u0161t\u00edvite-li na\u0161e webov\u00e9 str\u00e1nky, tak o v\u00e1s po\u010das va\u0161ej n\u00e1v\u0161tevy zhroma\u017e\u010fujeme r\u00f4zne inform\u00e1cie, ako napr. va\u0161u IP adresu, nastavenia prehliada\u010da a preferovan\u00e9ho jazyka, nav\u0161t\u00edven\u00e9 webov\u00e9 str\u00e1nky vr\u00e1tane \u010dasu n\u00e1v\u0161tevy. \u010ealej tie\u017e monitorujeme v\u00e1\u0161 pohyb na webov\u00fdch str\u00e1nkach, respekt\u00edve na ak\u00e9 odkazy klik\u00e1te, aby sme v\u00e1m mohli \u010do najviac prisp\u00f4sobi\u0165 zobrazovan\u00fd obsah a pon\u00fakali v\u00e1m tak\u00e9 produkty i obsah, ktor\u00fd ocen\u00edte.<br \/>\nPri n\u00e1v\u0161teve na\u0161ich webov\u00fdch str\u00e1nok do v\u00e1mi pou\u017e\u00edvan\u00e9ho internetov\u00e9ho prehliada\u010da a zariadenia uklad\u00e1me a n\u00e1sledne i \u010d\u00edtame s\u00fabory cookies.<br \/>\nOkrem cookies v\u0161ak sprac\u00favame i \u00fadaje o va\u0161om spr\u00e1van\u00ed na webe, va\u0161u IP adresu, \u00fadaje poskytnut\u00e9 va\u0161\u00edm prehliada\u010dom, konkr\u00e9tne rozl\u00ed\u0161enie, opera\u010dn\u00fd syst\u00e9m v\u00e1\u0161ho zariadenia vr\u00e1tane jeho verzie a jazykov\u00e9ho nastavenia.<br \/>\nDok\u00e1\u017eeme v\u00e1s tie\u017e prepoji\u0165 so soci\u00e1lnymi sie\u0165ami, a to vr\u00e1tane automatick\u00e9ho prihl\u00e1senia do v\u00e1\u0161ho \u00fa\u010dtu na danej soci\u00e1lnej sieti. Pre toto pripojenie vyu\u017e\u00edvame na na\u0161ich webov\u00fdch str\u00e1nkach, konkr\u00e9tne v s\u00favislosti s blogov\u00fdmi pr\u00edspevkami, tzv. soci\u00e1lne pluginy, konkr\u00e9tne tla\u010didl\u00e1 pre zdie\u013eanie, v\u010faka ktor\u00fdm m\u00f4\u017eete na svojom profile pr\u00edslu\u0161n\u00fd obsah zdie\u013ea\u0165. Po prepojen\u00ed sa v\u00e1m na soci\u00e1lnych sie\u0165ach i in\u00fdch webov\u00fdch str\u00e1nkach m\u00f4\u017eu zobrazova\u0165 personalizovan\u00e9 ponuky a cielen\u00e9 reklamy odkazuj\u00face na na\u0161e webov\u00e9 str\u00e1nky.<br \/>\nNa\u0161e webov\u00e9 str\u00e1nky m\u00f4\u017eu obsahova\u0165 odkazy na in\u00e9 webov\u00e9 str\u00e1nky, o ktor\u00fdch sa domnievame, \u017ee s\u00fa praktick\u00e9 a mohli by obsahova\u0165 u\u017eito\u010dn\u00e9 inform\u00e1cie. Radi by sme v\u00e1s preto upozornili, \u017ee tieto str\u00e1nky m\u00f4\u017eu by\u0165 vlastnen\u00e9 a prev\u00e1dzkovan\u00e9 \u010fal\u0161\u00edmi spolo\u010dnos\u0165ami a organiz\u00e1ciami, ktor\u00e9 \u00fadaje sprac\u00favaj\u00fa pod\u013ea svojich Z\u00e1sad zabezpe\u010denia a ochrany osobn\u00fdch \u00fadajov. Na\u0161a spolo\u010dnos\u0165 nem\u00e1 nad t\u00fdmto spracovan\u00edm \u017eiadnu kontrolu a nenesie \u017eiadnu zodpovednos\u0165 za ak\u00e9ko\u013evek inform\u00e1cie, materi\u00e1l, produkty \u010di slu\u017eby obsiahnut\u00e9 alebo pr\u00edstupn\u00e9 prostredn\u00edctvom t\u00fdchto webov\u00fdch str\u00e1nok.<\/p>\n<h3>1.5. Ak n\u00e1s kontaktujete na z\u00e1kazn\u00edckej linke \u010di soci\u00e1lnych sie\u0165ach<\/h3>\n<p>Ak sa rozhodnete kontaktova\u0165 na\u0161u z\u00e1kazn\u00edcku podporu prostredn\u00edctvom telef\u00f3nneho \u010di e-mailov\u00e9ho kontaktu, sprac\u00favame predov\u0161etk\u00fdm z\u00e1znamy telef\u00f3nnych hovorov, ktor\u00e9 s\u00fa monitorovan\u00e9, a tie\u017e z\u00e1znamy e-mailovej komunik\u00e1cie.<br \/>\nV pr\u00edpade, \u017ee po\u010das komunik\u00e1cie s na\u0161ou z\u00e1kazn\u00edckou podporou ozn\u00e1mite \u00fadaj o svojom zdravotnom stave, je tento \u00fadaj uchovan\u00fd v\u00fdhradne v r\u00e1mci z\u00e1znamu danej e-mailovej \u010di telefonickej komunik\u00e1cie. K jeho systematick\u00e9mu spracovaniu v\u0161ak nedoch\u00e1dza.<br \/>\nKontaktujete-li n\u00e1s oh\u013eadom v\u00e1\u0161ho po\u017eiadavku prostredn\u00edctvom na\u0161ej str\u00e1nky \u010di profilu na vybran\u00fdch soci\u00e1lnych sie\u0165ach, riadi sa spracovanie va\u0161ich osobn\u00fdch \u00fadajov v\u00fdhradne Z\u00e1sadami spracovania osobn\u00fdch \u00fadajov spolo\u010dnosti, ktor\u00e1 je prev\u00e1dzkovate\u013eom danej soci\u00e1lnej siete.<\/p>\n<h3>1.6. Ak si nastav\u00edte upozornenie na hliadanie dostupnosti<\/h3>\n<p>V pr\u00edpade nedostupn\u00e9ho tovaru, o ktor\u00fd prejav\u00edte z\u00e1ujem, v\u00e1m pon\u00fakame mo\u017enos\u0165 si u neho nastavi\u0165 hliadanie dostupnosti. V okamihu op\u00e4tovn\u00e9ho naskladnenia dan\u00e9ho produktu v\u00e1s budeme informova\u0165 spr\u00e1vou zaslanou na v\u00e1mi uveden\u00fa e-mailov\u00fa adresu, ktor\u00fa z tohto d\u00f4vodu budeme sprac\u00fava\u0165.<\/p>\n<h3>1.7. Ak n\u00e1m udel\u00edte hodnotenie na hodnotiacich port\u00e1loch<\/h3>\n<p>Po doru\u010den\u00ed tovaru m\u00f4\u017eete obdr\u017ea\u0165 \u017eiados\u0165 o jeho hodnotenie a o ohodnotenie va\u0161ej spokojnosti prostredn\u00edctvom vybran\u00e9ho hodnotiaceho port\u00e1lu. Ka\u017edej sp\u00e4tnej v\u00e4zby si nesmierne v\u00e1\u017eime, av\u0161ak je len na v\u00e1s, \u010di sa rozhodnete n\u00e1m hodnotenie udeli\u0165. V pr\u00edpade tohto hodnotenia sprac\u00favame a pr\u00edslu\u0161n\u00fdm partnerom pred\u00e1vame nasleduj\u00face \u00fadaje:<br \/>\nKontaktn\u00e9 \u00fadaje, konkr\u00e9tne e-mailov\u00e1 adresa, ktor\u00e1 sl\u00fa\u017ei na zaslanie v\u00fdzvy k ohodnoteniu;<br \/>\n\u00dadaje vzniknut\u00e9 na z\u00e1klade trvania zmluvy, konkr\u00e9tne zak\u00fapen\u00e9 produkty.<\/p>\n<h2 style=\"text-align: center;\">2. Za ak\u00fdm \u00fa\u010delom osobn\u00e9 \u00fadaje sprac\u00favame?<\/h2>\n<h3>2.1. N\u00e1kup tovaru a slu\u017eieb<\/h3>\n<p>Va\u0161e osobn\u00e9 \u00fadaje naj\u010dastej\u0161ie sprac\u00favame za \u00fa\u010delom plnenia k\u00fapnej zmluvy, aby sme va\u0161u objedn\u00e1vku odoslan\u00fa prostredn\u00edctvom na\u0161ich webov\u00fdch str\u00e1nok, mobilnej aplik\u00e1cie \u010di z\u00e1kazn\u00edckej linky, \u00faspe\u0161ne spracovali a tovar v\u00e1m doru\u010dili. E-mailov\u00e1 adresa a telef\u00f3nne \u010d\u00edslo sl\u00fa\u017eia na zaslanie potvrdenia objedn\u00e1vky, doru\u010denia potvrdenia o prijat\u00ed platby, zaslanie elektronickej fakt\u00fary, \u010falej tie\u017e k priebe\u017en\u00e9mu informovaniu o stave va\u0161ej objedn\u00e1vky a pr\u00edpadnej \u010fal\u0161ej individu\u00e1lnej komunik\u00e1cii t\u00fdkaj\u00facej sa danej objedn\u00e1vky.<\/p>\n<h3>2.2. Z\u00e1kazn\u00edcke konto<\/h3>\n<p>Ste-li registrovan\u00fdm z\u00e1kazn\u00edkom, sprac\u00favame va\u0161e osobn\u00e9 \u00fadaje za \u00fa\u010delom plnenia zmluvy, teda vedenia v\u00e1\u0161ho z\u00e1kazn\u00edckeho konta, v r\u00e1mci ktor\u00e9ho v\u00e1m pon\u00fakame rad v\u00fdhod.<\/p>\n<h3>2.3. Marketingov\u00e9 ponuky<\/h3>\n<p>Zasielame v\u00e1m obchodn\u00e9 ozn\u00e1menia t\u00fdkaj\u00face sa obdobn\u00fdch produktov, ako ste si u n\u00e1s zak\u00fapili. Odber t\u00fdchto ozn\u00e1men\u00ed m\u00f4\u017eete v\u017edy odmietnu\u0165 prostredn\u00edctvom odkazu na odhl\u00e1senie, ktor\u00fd n\u00e1jdete v p\u00e4ti\u010dke ka\u017ed\u00e9ho emailu obsahuj\u00faceho tieto ozn\u00e1menia. V pr\u00edpade, \u017ee ste registrovan\u00fdm z\u00e1kazn\u00edkom, zasielame v\u00e1m obchodn\u00e9 ozn\u00e1menia aj prostredn\u00edctvom SMS spr\u00e1v \u010di push notifik\u00e1ci\u00ed v na\u0161ej mobilnej aplik\u00e1cii. Push notifik\u00e1cie obsahuj\u00face obchodn\u00e9 ozn\u00e1menia m\u00f4\u017eete obdr\u017ea\u0165 aj na Facebooku, respekt\u00edve cez Messenger. Toto spracovanie sa riadi Z\u00e1sadami spracovania osobn\u00fdch \u00fadajov danej soci\u00e1lnej siete. V pr\u00edpade, \u017ee odber obchodn\u00fdch ozn\u00e1men\u00ed odhl\u00e1site, nebudeme \u010falej va\u0161e elektronick\u00e9 kontakty pre tieto \u00fa\u010dely vyu\u017e\u00edva\u0165. Odhl\u00e1senie z odberu obchodn\u00fdch ozn\u00e1men\u00ed je zdarma.<\/p>\n<h3>2.4. Prisp\u00f4sobenie a vytv\u00e1ranie obsahu, zabezpe\u010denie lep\u0161ieho prev\u00e1dzky webov\u00fdch str\u00e1nok<\/h3>\n<p>Chceme v\u00e1m prisp\u00f4sobi\u0165 obsah a odpor\u00fa\u010da\u0165 tovar, o ktor\u00fd budete ma\u0165 z\u00e1ujem. Z toho d\u00f4vodu vyu\u017e\u00edvame zhroma\u017eden\u00fdch osobn\u00fdch \u00fadajov k personaliz\u00e1cii obsahu a ponuky na na\u0161ich webov\u00fdch str\u00e1nkach. Marketingov\u00e9 ponuky, ktor\u00e9 sa v\u00e1m zobrazuj\u00fa, m\u00f4\u017eu by\u0165 vybran\u00e9 na z\u00e1klade \u010fal\u0161\u00edch inform\u00e1ci\u00ed, ktor\u00e9 sme o v\u00e1s po\u010das \u010dasu z\u00edskali pod\u013ea kontaktn\u00fdch a demografick\u00fdch \u00fadajov, ob\u013e\u00faben\u00fdch polo\u017eiek, ako aj \u010fal\u0161\u00edch \u00fadajov s\u00favisiacich s pou\u017e\u00edvan\u00edm na\u0161ich webov\u00fdch str\u00e1nok. Neprov\u00e1dzame v\u0161ak plne automatizovan\u00e9 spracovanie, ktor\u00e9 by pre v\u00e1s malo pr\u00e1vne \u00fa\u010dinky.<br \/>\nSprac\u00favame \u00fadaje o va\u0161om spr\u00e1van\u00ed na na\u0161ich webov\u00fdch str\u00e1nkach, \u010do n\u00e1m umo\u017e\u0148uje z\u00edska\u0165 inform\u00e1cie, na ich z\u00e1klade pre v\u00e1s m\u00f4\u017eeme na\u0161e webov\u00e9 str\u00e1nky neust\u00e1le vylep\u0161ova\u0165, aby pre v\u00e1s boli po u\u017e\u00edvate\u013eskej str\u00e1nke \u010do najpr\u00edjemnej\u0161ie. Va\u0161e osobn\u00e9 \u00fadaje m\u00f4\u017eeme sprac\u00fava\u0165 aj pre vytv\u00e1ranie r\u00f4znych \u0161tatist\u00edk, ako je napr\u00edklad sledovanie n\u00e1v\u0161tevnosti \u010di meranie \u00fa\u010dinnosti reklamy, taktie\u017e pre testovanie nov\u00fdch funkcional\u00edt na\u0161ich webov\u00fdch str\u00e1nok \u010di mobilnej aplik\u00e1cie. \u00dadaje o va\u0161om spr\u00e1van\u00ed na webe s\u00fa mimochodom d\u00f4le\u017eit\u00e9 aj pre ak\u00fako\u013evek prevenciu \u00fatokov na na\u0161e webov\u00e9 str\u00e1nky.<\/p>\n<h3>2.5. Z\u00e1kazn\u00edcka podpora a komunik\u00e1cia<\/h3>\n<p>Neust\u00e1le sa sna\u017e\u00edme vylep\u0161ova\u0165 slu\u017eby, ktor\u00e9 n\u00e1\u0161 z\u00e1kazn\u00edcky servis poskytuje, a aby sme mohli \u010do najr\u00fdchlej\u0161ie reagova\u0165 na va\u0161e po\u017eiadavky, a tento servis zabezpe\u010di\u0165, potrebujeme va\u0161e osobn\u00e9 \u00fadaje k zdarn\u00e9mu spracovaniu va\u0161ich \u017eiadost\u00ed \u010di odstr\u00e1neniu potenci\u00e1lnych probl\u00e9mov pri plnen\u00ed k\u00fapnej zmluvy. Pokia\u013e sa s nami spoj\u00edte telefonicky, budeme si v\u00e1\u0161 hovor s nami po predch\u00e1dzaj\u00facom upozornen\u00ed nahr\u00e1va\u0165, aby sme mohli na\u0161e slu\u017eby \u010falej zlep\u0161ova\u0165.<br \/>\nZhroma\u017eden\u00e9 osobn\u00e9 \u00fadaje vyu\u017e\u00edvame taktie\u017e za \u00fa\u010delom komunik\u00e1cie s vami a jej individu\u00e1lnemu prisp\u00f4sobovaniu. M\u00f4\u017eeme v\u00e1s napr\u00edklad kontaktova\u0165 telefonicky, e-mailom, v mobilnej aplik\u00e1cii \u010di inou formou, aby sme v\u00e1m pripomenuli, \u017ee m\u00e1te tovar v n\u00e1kupnom ko\u0161\u00edku \u010di v\u00e1m pomohli s dokon\u010den\u00edm va\u0161ej objedn\u00e1vky. \u010ealej, aby sme v\u00e1m ozn\u00e1mili aktu\u00e1lny stav va\u0161ej \u017eiadosti, objedn\u00e1vky alebo reklam\u00e1cie, pr\u00edpadne k nej od v\u00e1s z\u00edskali dopl\u0148uj\u00face inform\u00e1cie. Taktie\u017e v\u00e1s m\u00f4\u017eeme upozorni\u0165, \u017ee je potrebn\u00e9 vykona\u0165 akciu nevyhnutn\u00fa k zachovaniu aktu\u00e1lneho stavu v\u00e1\u0161ho z\u00e1kazn\u00edckeho konta.<\/p>\n<h3>2.6. Upozornenie na dostupnos\u0165 tovaru<\/h3>\n<p>Ak si u nedostupn\u00e9ho tovaru nastav\u00edte funkciu sledovania dostupnosti, budeme v\u00e1s v okamihu op\u00e4tovn\u00e9ho naskladnenia dan\u00e9ho produktu informova\u0165 spr\u00e1vou zaslanou na va\u0161u uveden\u00fa e-mailov\u00fa adresu.<\/p>\n<h3>2.7. Zlep\u0161ovanie slu\u017eieb<\/h3>\n<p>Va\u0161e osobn\u00e9 \u00fadaje vyu\u017e\u00edvame k neust\u00e1lemu zlep\u0161ovaniu na\u0161ich slu\u017eieb i syst\u00e9mov, vr\u00e1tane prid\u00e1vania nov\u00fdch funkcional\u00edt. Osobn\u00e9 \u00fadaje sprac\u00favame taktie\u017e za \u00fa\u010delom \u010dini\u0165 informovan\u00e9 rozhodnutia za pou\u017eitia s\u00fahrnn\u00fdch anal\u00fdz a business intelligence, a to na z\u00e1klade n\u00e1\u0161ho opr\u00e1vnen\u00e9ho z\u00e1ujmu, ktor\u00fd sa odv\u00edja od slobody podnikania a spo\u010d\u00edva v nevyhnutnosti zlep\u0161ovania poskytovan\u00fdch slu\u017eieb kv\u00f4li \u00faspechu v hospod\u00e1rskej s\u00fa\u0165a\u017ei. Aby sme v\u0161ak va\u0161im pr\u00e1vam a z\u00e1ujmom zabezpe\u010dili dostato\u010dn\u00fa ochranu, pou\u017e\u00edvame pre tieto \u00fa\u010dely osobn\u00e9 \u00fadaje, ktor\u00e9 s\u00fa v \u010do najv\u00e4\u010d\u0161ej miere anonymizovan\u00e9.<\/p>\n<h3>2.8. Ochrana, bezpe\u010dnos\u0165 a rie\u0161enie sporov<\/h3>\n<p>Va\u0161e osobn\u00e9 \u00fadaje m\u00f4\u017eeme sprac\u00fava\u0165 taktie\u017e z d\u00f4vodu zabezpe\u010denia ochrany a bezpe\u010dnosti na\u0161ich z\u00e1kazn\u00edkov a syst\u00e9mov, k uplatneniu na\u0161ich pr\u00e1v a pr\u00e1vnych n\u00e1rokov, zis\u0165ovaniu a prevencii podvodov, rie\u0161eniu sporov \u010di presadzovaniu na\u0161ich doh\u00f4d. \u010ealej m\u00f4\u017eeme osobn\u00e9 \u00fadaje sprac\u00fava\u0165 aj pre \u00fa\u010dely pr\u00edpadn\u00fdch kontrol vykon\u00e1van\u00fdch verejn\u00fdmi org\u00e1nmi.<\/p>\n<h2 style=\"text-align: center;\">3. Na ak\u00fdch pr\u00e1vnych z\u00e1kladoch osobn\u00e9 \u00fadaje sprac\u00favame?<\/h2>\n<p style=\"text-align: left;\">Osobn\u00e9 \u00fadaje sprac\u00favame v r\u00f4znom rozsahu a pre r\u00f4zne \u00fa\u010dely, ako detailne uv\u00e1dzame v \u010dl. 1 a 2 vy\u0161\u0161ie, a to bu\u010f:<\/p>\n<ul>\n<li>Bez v\u00e1\u0161ho s\u00fahlasu na z\u00e1klade plnenia zmluvy, plnenia pr\u00e1vnej povinnosti \u010di na\u0161ich opr\u00e1vnen\u00fdch z\u00e1ujmov;<\/li>\n<li>Na z\u00e1klade v\u00e1\u0161ho s\u00fahlasu<\/li>\n<\/ul>\n<p>Druhy spracovania, ktor\u00e9 m\u00f4\u017eeme vykon\u00e1va\u0165 bez v\u00e1\u0161ho s\u00fahlasu, sa odv\u00edjaj\u00fa od stanoven\u00e9ho \u00fa\u010delu dan\u00e9ho spracovania a tie\u017e poz\u00edcie, v nej vystupujete vo\u010di n\u00e1m \u2013 \u010di ste len n\u00e1v\u0161tevn\u00edkom na\u0161ich webov\u00fdch str\u00e1nok, \u010di u n\u00e1s nak\u00fapite alebo sa zaregistrujete. K spracovaniu va\u0161ich osobn\u00fdch \u00fadajov v\u0161ak m\u00f4\u017ee taktie\u017e d\u00f4js\u0165, ste-li adres\u00e1tom objednan\u00e9ho tovaru \u010di slu\u017eby, ak s nami komunikujete alebo ak nav\u0161t\u00edvite na\u0161u predaj\u0148u.<\/p>\n<h2 style=\"text-align: center;\">4. Komu osobn\u00e9 \u00fadaje pred\u00e1vame?<\/h2>\n<p style=\"text-align: left;\">Va\u0161e osobn\u00e9 \u00fadaje sprac\u00favame vo v\u00e4\u010d\u0161ine pr\u00edpadov pre vlastn\u00e9 \u00fa\u010dely ako ich spr\u00e1vca, \u010do znamen\u00e1, \u017ee my stanovujeme vy\u0161\u0161ie uveden\u00e9 \u00fa\u010dely pre zhroma\u017edenie va\u0161ich osobn\u00fdch \u00fadajov, ur\u010denie prostriedkov pre spracovanie a ich riadne vykonanie.<br \/>\nVa\u0161e osobn\u00e9 \u00fadaje sprostredkov\u00e1vame na\u0161im partnerom len vtedy, je-li to nevyhnutn\u00e9 v r\u00e1mci plnenia k\u00fapnej zmluvy, napr\u00edklad pre zabezpe\u010denie platby alebo prepravy.<br \/>\nVa\u0161e osobn\u00e9 \u00fadaje taktie\u017e pred\u00e1vame na\u0161im spracovate\u013eom, ktor\u00ed samozrejme dodr\u017eiavaj\u00fa z\u00e1konn\u00e9 podmienky ochrany osobn\u00fdch \u00fadajov. T\u00edto spracovatelia osobn\u00e9 \u00fadaje sprac\u00favaj\u00fa pod\u013ea na\u0161ich pokynov a va\u0161e pr\u00e1va t\u00fdmto spracovan\u00edm nie s\u00fa nijako dotknut\u00e9. S va\u0161\u00edm s\u00fahlasom m\u00f4\u017eeme va\u0161e osobn\u00e9 \u00fadaje pred\u00e1va\u0165 taktie\u017e soci\u00e1lnym sie\u0165am \u010di prev\u00e1dzkovate\u013eom marketingov\u00fdch n\u00e1strojov pre zobrazenie cielenej reklamy na \u010fal\u0161\u00edch webov\u00fdch str\u00e1nkach.<\/p>\n","protected":false},"excerpt":{"rendered":"<p>Bezpe\u010dnos\u0165 Va\u0161ich osobn\u00fdch \u00fadajov je pre n\u00e1s prioritou. Osobn\u00fdm \u00fadajom a ich ochrane preto venujeme n\u00e1le\u017eit\u00fa pozornos\u0165. V t\u00fdchto Z\u00e1sad\u00e1ch spracovania osobn\u00fdch \u00fadajov (\u010falej len \u201eZ\u00e1sady\u201c) n\u00e1jdete inform\u00e1cie o tom, ak\u00e9 osobn\u00e9 \u00fadaje o v\u00e1s zhroma\u017e\u010fujeme, z ak\u00e9ho pr\u00e1vneho titulu ich sprac\u00favame, k ak\u00fdm \u00fa\u010delom ich pou\u017e\u00edvame, ako dlho ich uchov\u00e1vame, komu ich m\u00f4\u017eeme pred\u00e1va\u0165. [&hellip;]<\/p>\n","protected":false},"author":6,"featured_media":6418,"parent":0,"menu_order":0,"comment_status":"closed","ping_status":"open","template":"","meta":{"site-sidebar-layout":"default","site-content-layout":"default","ast-site-content-layout":"default","site-content-style":"default","site-sidebar-style":"default","ast-global-header-display":"","ast-banner-title-visibility":"","ast-main-header-display":"","ast-hfb-above-header-display":"","ast-hfb-below-header-display":"","ast-hfb-mobile-header-display":"","site-post-title":"","ast-breadcrumbs-content":"","ast-featured-img":"disabled","footer-sml-layout":"","ast-disable-related-posts":"","theme-transparent-header-meta":"default","adv-header-id-meta":"","stick-header-meta":"","header-above-stick-meta":"","header-main-stick-meta":"","header-below-stick-meta":"","astra-migrate-meta-layouts":"set","ast-page-background-enabled":"default","ast-page-background-meta":{"desktop":{"background-color":"","background-image":"","background-repeat":"repeat","background-position":"center center","background-size":"auto","background-attachment":"scroll","background-type":"","background-media":"","overlay-type":"","overlay-color":"","overlay-opacity":"","overlay-gradient":""},"tablet":{"background-color":"","background-image":"","background-repeat":"repeat","background-position":"center center","background-size":"auto","background-attachment":"scroll","background-type":"","background-media":"","overlay-type":"","overlay-color":"","overlay-opacity":"","overlay-gradient":""},"mobile":{"background-color":"","background-image":"","background-repeat":"repeat","background-position":"center center","background-size":"auto","background-attachment":"scroll","background-type":"","background-media":"","overlay-type":"","overlay-color":"","overlay-opacity":"","overlay-gradient":""}},"ast-content-background-meta":{"desktop":{"background-color":"var(--ast-global-color-5)","background-image":"","background-repeat":"repeat","background-position":"center center","background-size":"auto","background-attachment":"scroll","background-type":"","background-media":"","overlay-type":"","overlay-color":"","overlay-opacity":"","overlay-gradient":""},"tablet":{"background-color":"var(--ast-global-color-5)","background-image":"","background-repeat":"repeat","background-position":"center center","background-size":"auto","background-attachment":"scroll","background-type":"","background-media":"","overlay-type":"","overlay-color":"","overlay-opacity":"","overlay-gradient":""},"mobile":{"background-color":"var(--ast-global-color-5)","background-image":"","background-repeat":"repeat","background-position":"center center","background-size":"auto","background-attachment":"scroll","background-type":"","background-media":"","overlay-type":"","overlay-color":"","overlay-opacity":"","overlay-gradient":""}},"footnotes":""},"class_list":["post-3","page","type-page","status-publish","has-post-thumbnail","hentry"],"_links":{"self":[{"href":"https:\/\/wellness4you.cz\/sk\/wp-json\/wp\/v2\/pages\/3","targetHints":{"allow":["GET"]}}],"collection":[{"href":"https:\/\/wellness4you.cz\/sk\/wp-json\/wp\/v2\/pages"}],"about":[{"href":"https:\/\/wellness4you.cz\/sk\/wp-json\/wp\/v2\/types\/page"}],"author":[{"embeddable":true,"href":"https:\/\/wellness4you.cz\/sk\/wp-json\/wp\/v2\/users\/6"}],"replies":[{"embeddable":true,"href":"https:\/\/wellness4you.cz\/sk\/wp-json\/wp\/v2\/comments?post=3"}],"version-history":[{"count":0,"href":"https:\/\/wellness4you.cz\/sk\/wp-json\/wp\/v2\/pages\/3\/revisions"}],"wp:featuredmedia":[{"embeddable":true,"href":"https:\/\/wellness4you.cz\/sk\/wp-json\/wp\/v2\/media\/6418"}],"wp:attachment":[{"href":"https:\/\/wellness4you.cz\/sk\/wp-json\/wp\/v2\/media?parent=3"}],"curies":[{"name":"wp","href":"https:\/\/api.w.org\/{rel}","templated":true}]}}