{"id":19,"date":"2022-08-18T15:48:13","date_gmt":"2022-08-18T13:48:13","guid":{"rendered":"https:\/\/wellness4you.cz\/sk\/?page_id=19"},"modified":"2023-11-06T20:18:39","modified_gmt":"2023-11-06T19:18:39","slug":"garancia-vratenia-penazi","status":"publish","type":"page","link":"https:\/\/wellness4you.cz\/sk\/garancia-vratenia-penazi\/","title":{"rendered":"Garancia vr\u00e1tenia pe\u0148az\u00ed"},"content":{"rendered":"<p>Neviete, \u010di objedn\u00e1vate to spr\u00e1vne tovar?<\/p>\n<p>U n\u00e1s neriskujete. Ak sa netraf\u00edte a budete chcie\u0165 nepou\u017eit\u00fd tovar vr\u00e1ti\u0165, za\u0161lite n\u00e1m ho sp\u00e4\u0165 a my v\u00e1m vr\u00e1time jeho pln\u00fa cenu.<br \/>\nSna\u017e\u00edme sa zabezpe\u010di\u0165, aby na\u0161i z\u00e1kazn\u00edci boli spokojn\u00ed so slu\u017ebou Wellness4you (wellness4you.cz), preto pon\u00fakame pohodln\u00fd syst\u00e9m vr\u00e1tenia tovaru. K tomu je potrebn\u00e9 vykona\u0165 nieko\u013eko jednoduch\u00fdch krokov.<\/p>\n<p>Najlep\u0161\u00ed sp\u00f4sob, ako to urobi\u0165, je prejs\u0165 na str\u00e1nku produktu, po\u017eiada\u0165 o bezplatn\u00fa konzult\u00e1ciu, po\u010dka\u0165 na zavolanie a vyhl\u00e1si\u0165 odmietnutie produktu. Predajcu m\u00f4\u017eete kontaktova\u0165 tie\u017e na e-maile info@wellness4you.cz a vyhl\u00e1si\u0165 odmietnutie produktu. V pr\u00edpade, \u017ee nebude poru\u0161en\u00e1 celistvos\u0165 bal\u00edka, tovar nie je otvoren\u00fd, pou\u017eit\u00fd, nosen\u00fd a po\u0161koden\u00fd m\u00f4\u017eete do 14 kalend\u00e1rnych dn\u00ed od d\u00e1tumu doru\u010denia tovaru odst\u00fapi\u0165 od zmluvy. Upozor\u0148ujeme, \u017ee ak chcete vr\u00e1ti\u0165 cel\u00fd bal\u00ed\u010dek, vr\u00e1time cel\u00fa \u010diastku, vr\u00e1tane n\u00e1kladov na dopravu. V pr\u00edpade, \u017ee ste si objednali viac tovaru a chcete vr\u00e1ti\u0165 len \u010das\u0165 z nich, vr\u00e1time v\u00e1m sumu iba za vr\u00e1ten\u00e9 produkty.<\/p>\n<p>Do 14 dn\u00ed po obdr\u017ean\u00ed z\u00e1sielky presk\u00famame vr\u00e1ten\u00fd tovar a rozhodneme o vr\u00e1ten\u00ed pe\u0148a\u017en\u00fdch prostriedkov na uveden\u00fd \u00fa\u010det. Podrobnosti o vr\u00e1ten\u00ed v\u00e1m ozn\u00e1mime e-mailom alebo telefonicky.<\/p>\n<p>Pri platbe bankovou kartou bude suma vr\u00e1ten\u00e1 na rovnak\u00fa kartu, ktorou bola p\u00f4vodn\u00e1 platba hrazen\u00e1 (pokia\u013e nevypr\u0161ala jej platnos\u0165, nie je zablokovan\u00e1 at\u010f.).<\/p>\n<p>Ak zvol\u00edte sp\u00f4sob platby na dobierku bude V\u00e1s \u010falej kontaktova\u0165 n\u00e1\u0161 z\u00e1kazn\u00edcky servis. Pre zjednodu\u0161enie procesu si pripravte nasleduj\u00face inform\u00e1cie, ktor\u00e9 poskytnete n\u00e1\u0161mu z\u00e1stupcovi z\u00e1kazn\u00edckeho servisu:<\/p>\n<ul>\n<li>IBAN<\/li>\n<li>\u010c\u00edslo \u00fa\u010dtu<\/li>\n<li>Meno majite\u013ea \u00fa\u010dtu<\/li>\n<li>SWIFT k\u00f3d<\/li>\n<\/ul>\n<h4>Kupuj\u00faci nem\u00f4\u017ee vr\u00e1ti\u0165:<\/h4>\n<ul>\n<li>otvoren\u00e9 a pou\u017eit\u00e9 kozmetick\u00e9 a in\u00e9 produkty, ktor\u00e9 prich\u00e1dzaj\u00fa do priameho styku s poko\u017ekou (napr\u00edklad pou\u017eit\u00fd zubn\u00fd kefka, deodorant at\u010f.);<\/li>\n<li>doplnky stravy, ak ste ich otvorili a\/nebo za\u010dali u\u017e\u00edva\u0165.<\/li>\n<\/ul>\n<h4>Kontakty<\/h4>\n<p>V pr\u00edpade ak\u00fdchko\u013evek ot\u00e1zok oh\u013eadom odst\u00fapenia bez udania d\u00f4vodov n\u00e1s kontaktujte na e-mailovej adrese info@wellness4you.cz<\/p>\n<address>Pod Vilami 802\/7, 140 00 Praha 4, \u010cesk\u00e1 republika<\/address>\n","protected":false},"excerpt":{"rendered":"<p>Neviete, \u010di objedn\u00e1vate to spr\u00e1vne tovar? U n\u00e1s neriskujete. Ak sa netraf\u00edte a budete chcie\u0165 nepou\u017eit\u00fd tovar vr\u00e1ti\u0165, za\u0161lite n\u00e1m ho sp\u00e4\u0165 a my v\u00e1m vr\u00e1time jeho pln\u00fa cenu. Sna\u017e\u00edme sa zabezpe\u010di\u0165, aby na\u0161i z\u00e1kazn\u00edci boli spokojn\u00ed so slu\u017ebou Wellness4you (wellness4you.cz), preto pon\u00fakame pohodln\u00fd syst\u00e9m vr\u00e1tenia tovaru. K tomu je potrebn\u00e9 vykona\u0165 nieko\u013eko jednoduch\u00fdch krokov. [&hellip;]<\/p>\n","protected":false},"author":6,"featured_media":6414,"parent":0,"menu_order":0,"comment_status":"closed","ping_status":"closed","template":"","meta":{"site-sidebar-layout":"default","site-content-layout":"default","ast-site-content-layout":"default","site-content-style":"default","site-sidebar-style":"default","ast-global-header-display":"","ast-banner-title-visibility":"","ast-main-header-display":"","ast-hfb-above-header-display":"","ast-hfb-below-header-display":"","ast-hfb-mobile-header-display":"","site-post-title":"","ast-breadcrumbs-content":"","ast-featured-img":"disabled","footer-sml-layout":"","ast-disable-related-posts":"","theme-transparent-header-meta":"default","adv-header-id-meta":"","stick-header-meta":"","header-above-stick-meta":"","header-main-stick-meta":"","header-below-stick-meta":"","astra-migrate-meta-layouts":"set","ast-page-background-enabled":"default","ast-page-background-meta":{"desktop":{"background-color":"","background-image":"","background-repeat":"repeat","background-position":"center center","background-size":"auto","background-attachment":"scroll","background-type":"","background-media":"","overlay-type":"","overlay-color":"","overlay-opacity":"","overlay-gradient":""},"tablet":{"background-color":"","background-image":"","background-repeat":"repeat","background-position":"center center","background-size":"auto","background-attachment":"scroll","background-type":"","background-media":"","overlay-type":"","overlay-color":"","overlay-opacity":"","overlay-gradient":""},"mobile":{"background-color":"","background-image":"","background-repeat":"repeat","background-position":"center center","background-size":"auto","background-attachment":"scroll","background-type":"","background-media":"","overlay-type":"","overlay-color":"","overlay-opacity":"","overlay-gradient":""}},"ast-content-background-meta":{"desktop":{"background-color":"var(--ast-global-color-5)","background-image":"","background-repeat":"repeat","background-position":"center center","background-size":"auto","background-attachment":"scroll","background-type":"","background-media":"","overlay-type":"","overlay-color":"","overlay-opacity":"","overlay-gradient":""},"tablet":{"background-color":"var(--ast-global-color-5)","background-image":"","background-repeat":"repeat","background-position":"center center","background-size":"auto","background-attachment":"scroll","background-type":"","background-media":"","overlay-type":"","overlay-color":"","overlay-opacity":"","overlay-gradient":""},"mobile":{"background-color":"var(--ast-global-color-5)","background-image":"","background-repeat":"repeat","background-position":"center center","background-size":"auto","background-attachment":"scroll","background-type":"","background-media":"","overlay-type":"","overlay-color":"","overlay-opacity":"","overlay-gradient":""}},"footnotes":""},"class_list":["post-19","page","type-page","status-publish","has-post-thumbnail","hentry"],"_links":{"self":[{"href":"https:\/\/wellness4you.cz\/sk\/wp-json\/wp\/v2\/pages\/19","targetHints":{"allow":["GET"]}}],"collection":[{"href":"https:\/\/wellness4you.cz\/sk\/wp-json\/wp\/v2\/pages"}],"about":[{"href":"https:\/\/wellness4you.cz\/sk\/wp-json\/wp\/v2\/types\/page"}],"author":[{"embeddable":true,"href":"https:\/\/wellness4you.cz\/sk\/wp-json\/wp\/v2\/users\/6"}],"replies":[{"embeddable":true,"href":"https:\/\/wellness4you.cz\/sk\/wp-json\/wp\/v2\/comments?post=19"}],"version-history":[{"count":0,"href":"https:\/\/wellness4you.cz\/sk\/wp-json\/wp\/v2\/pages\/19\/revisions"}],"wp:featuredmedia":[{"embeddable":true,"href":"https:\/\/wellness4you.cz\/sk\/wp-json\/wp\/v2\/media\/6414"}],"wp:attachment":[{"href":"https:\/\/wellness4you.cz\/sk\/wp-json\/wp\/v2\/media?parent=19"}],"curies":[{"name":"wp","href":"https:\/\/api.w.org\/{rel}","templated":true}]}}